{"id":6009,"date":"2025-01-14T08:15:29","date_gmt":"2025-01-14T08:15:29","guid":{"rendered":"https:\/\/www.ceramicbasin.com\/?post_type=product&#038;p=6009"},"modified":"2025-01-17T07:43:42","modified_gmt":"2025-01-17T07:43:42","slug":"custom-basin","status":"publish","type":"product","link":"https:\/\/www.ceramicbasin.com\/es\/producto\/custom-basin\/","title":{"rendered":"Lavabo de Cer\u00e1mica Estilo Europeo, Lavabo de M\u00e1rmol al por mayor"},"content":{"rendered":"<div class=\"wp-block-columns is-layout-flex wp-container-core-columns-is-layout-9d6595d7 wp-block-columns-is-layout-flex\">\n<div class=\"wp-block-column is-layout-flow wp-block-column-is-layout-flow\">\n<h2 class=\"wp-block-heading\">Lavabo a medida de estilo europeo de primera calidad Caracter\u00edsticas:<\/h2>\n\n\n\n<ul class=\"wp-block-list\">\n<li><strong>Estilo cl\u00e1sico europeo: <\/strong>Este lavabo cer\u00e1mico a medida presenta un elegante dise\u00f1o europeo que combina estilo y clasicismo, por lo que resulta adecuado para una gran variedad de hogares y espacios comerciales modernos o tradicionales.<\/li>\n\n\n\n<li><strong>M\u00e1rmol Textura Aspecto: <\/strong>Este fregadero al por mayor presenta un sofisticado patr\u00f3n de m\u00e1rmol y un aspecto de alta gama, a\u00f1adiendo una sensaci\u00f3n de lujo a cualquier cuarto de ba\u00f1o o cocina a la vez que realza f\u00e1cilmente el estilo del espacio.<\/li>\n\n\n\n<li><strong>Material cer\u00e1mico de alta calidad: <\/strong>Nuestros lavabos cer\u00e1micos a medida est\u00e1n fabricados con cer\u00e1mica de alta densidad, lo que hace que su superficie sea lisa y resistente a las manchas, muy f\u00e1cil de limpiar, por lo que prometen una larga vida \u00fatil y el mantenimiento de un aspecto como nuevo.<\/li>\n\n\n\n<li><strong>Opciones de personalizaci\u00f3n: <\/strong>Ofrecemos una amplia gama de servicios personalizados para lavabos de ba\u00f1o al por mayor, los clientes pueden elegir el tama\u00f1o adecuado, el color y el patr\u00f3n para adaptarse perfectamente a diferentes estilos de decoraci\u00f3n y requisitos de espacio.<\/li>\n<\/ul>\n<\/div>\n\n\n\n<div class=\"wp-block-column is-layout-flow wp-block-column-is-layout-flow\">\n<figure class=\"wp-block-image size-full\"><img fetchpriority=\"high\" decoding=\"async\" width=\"800\" height=\"800\" src=\"https:\/\/www.ceramicbasin.com\/wp-content\/uploads\/2025\/01\/marble-sink-countertopbathroom-marble-sinkbathroom-marble-sink5.png\" alt=\"Lavabo a Medida Estilo Europeo, Fregadero de M\u00e1rmol al por Mayor-1\" class=\"wp-image-6014\" srcset=\"https:\/\/www.ceramicbasin.com\/wp-content\/uploads\/2025\/01\/marble-sink-countertopbathroom-marble-sinkbathroom-marble-sink5.png 800w, https:\/\/www.ceramicbasin.com\/wp-content\/uploads\/2025\/01\/marble-sink-countertopbathroom-marble-sinkbathroom-marble-sink5-300x300.png 300w, https:\/\/www.ceramicbasin.com\/wp-content\/uploads\/2025\/01\/marble-sink-countertopbathroom-marble-sinkbathroom-marble-sink5-150x150.png 150w, https:\/\/www.ceramicbasin.com\/wp-content\/uploads\/2025\/01\/marble-sink-countertopbathroom-marble-sinkbathroom-marble-sink5-768x768.png 768w, https:\/\/www.ceramicbasin.com\/wp-content\/uploads\/2025\/01\/marble-sink-countertopbathroom-marble-sinkbathroom-marble-sink5-12x12.png 12w, https:\/\/www.ceramicbasin.com\/wp-content\/uploads\/2025\/01\/marble-sink-countertopbathroom-marble-sinkbathroom-marble-sink5-285x285.png 285w, https:\/\/www.ceramicbasin.com\/wp-content\/uploads\/2025\/01\/marble-sink-countertopbathroom-marble-sinkbathroom-marble-sink5-270x270.png 270w, https:\/\/www.ceramicbasin.com\/wp-content\/uploads\/2025\/01\/marble-sink-countertopbathroom-marble-sinkbathroom-marble-sink5-540x540.png 540w, https:\/\/www.ceramicbasin.com\/wp-content\/uploads\/2025\/01\/marble-sink-countertopbathroom-marble-sinkbathroom-marble-sink5-660x660.png 660w\" sizes=\"(max-width: 800px) 100vw, 800px\" \/><\/figure>\n<\/div>\n<\/div>\n\n\n\n<p><\/p>","protected":false},"excerpt":{"rendered":"<p>Bienvenido a comprar al por mayor lavabos para cuartos de ba\u00f1o. Este lavabo personalizado de cer\u00e1mica con textura de m\u00e1rmol de estilo europeo combina el dise\u00f1o cl\u00e1sico con la artesan\u00eda moderna, est\u00e1 hecho de materiales cer\u00e1micos de alta calidad, y ofrece una variedad de opciones de personalizaci\u00f3n, adecuado para mejorar el lujo y la funcionalidad de cualquier cuarto de ba\u00f1o o cocina.<\/p>\n<table style=\"border-collapse: collapse; width: 311.02pt;\" border=\"0\" width=\"311\" cellspacing=\"0\" cellpadding=\"0\">\n<tbody>\n<tr style=\"height: 17.60pt;\">\n<td class=\"et3\" style=\"height: 17.60pt; width: 108.35pt;\" width=\"108\" height=\"17\">Fabricante<\/td>\n<td class=\"et3\" style=\"width: 202.95pt;\" width=\"202\">HanYu<\/td>\n<\/tr>\n<tr style=\"height: 17.60pt;\">\n<td class=\"et3\" style=\"height: 17.60pt;\" height=\"17\">N\u00ba de modelo<\/td>\n<td class=\"et4\">HY-5038D65<\/td>\n<\/tr>\n<tr style=\"height: 36.00pt;\">\n<td class=\"et3\" style=\"height: 36.00pt;\" height=\"36\">Tipo<\/td>\n<td class=\"et5\" style=\"width: 202.95pt;\" width=\"202\">Lavabo Color M\u00e1rmol, Lavabo Encimera<\/td>\n<\/tr>\n<tr style=\"height: 17.60pt;\">\n<td class=\"et3\" style=\"height: 17.60pt;\" height=\"17\">Forma<\/td>\n<td class=\"et3\">Forma ovalada<\/td>\n<\/tr>\n<tr style=\"height: 18.00pt;\">\n<td class=\"et4\" style=\"height: 18.00pt;\" height=\"18\">Color<\/td>\n<td class=\"et5\" style=\"width: 202.95pt;\" width=\"202\">Blanco y negro<\/td>\n<\/tr>\n<tr style=\"height: 18.00pt;\">\n<td class=\"et3\" style=\"height: 18.00pt;\" height=\"18\">Dimensi\u00f3n<\/td>\n<td class=\"et5\" style=\"width: 202.95pt;\" width=\"202\">60*41.5*16<\/td>\n<\/tr>\n<tr style=\"height: 17.60pt;\">\n<td class=\"et3\" style=\"height: 17.60pt;\" height=\"17\">N.W \/SET<\/td>\n<td class=\"et3\">15 KGS\/PCS<\/td>\n<\/tr>\n<tr style=\"height: 17.60pt;\">\n<td class=\"et3\" style=\"height: 17.60pt;\" height=\"17\">MOQ<\/td>\n<td class=\"et3\">20 piezas<\/td>\n<\/tr>\n<tr style=\"height: 17.60pt;\">\n<td class=\"et3\" style=\"height: 17.60pt;\" height=\"17\">Opci\u00f3n personalizada<\/td>\n<td class=\"et3\">Color\/Patr\u00f3n\/Tama\u00f1o\/Logotipo\/Embalaje<\/td>\n<\/tr>\n<\/tbody>\n<\/table>","protected":false},"featured_media":6011,"comment_status":"closed","ping_status":"closed","template":"","meta":{"_acf_changed":false},"product_brand":[],"product_cat":[54,50],"product_tag":[],"class_list":{"0":"post-6009","1":"product","2":"type-product","3":"status-publish","4":"has-post-thumbnail","6":"product_cat-wholesale-marble-sinks","7":"product_cat-wholesale-countertop-sinks","9":"first","10":"instock","11":"shipping-taxable","12":"product-type-simple"},"acf":[],"_links":{"self":[{"href":"https:\/\/www.ceramicbasin.com\/es\/wp-json\/wp\/v2\/product\/6009","targetHints":{"allow":["GET"]}}],"collection":[{"href":"https:\/\/www.ceramicbasin.com\/es\/wp-json\/wp\/v2\/product"}],"about":[{"href":"https:\/\/www.ceramicbasin.com\/es\/wp-json\/wp\/v2\/types\/product"}],"replies":[{"embeddable":true,"href":"https:\/\/www.ceramicbasin.com\/es\/wp-json\/wp\/v2\/comments?post=6009"}],"wp:featuredmedia":[{"embeddable":true,"href":"https:\/\/www.ceramicbasin.com\/es\/wp-json\/wp\/v2\/media\/6011"}],"wp:attachment":[{"href":"https:\/\/www.ceramicbasin.com\/es\/wp-json\/wp\/v2\/media?parent=6009"}],"wp:term":[{"taxonomy":"product_brand","embeddable":true,"href":"https:\/\/www.ceramicbasin.com\/es\/wp-json\/wp\/v2\/product_brand?post=6009"},{"taxonomy":"product_cat","embeddable":true,"href":"https:\/\/www.ceramicbasin.com\/es\/wp-json\/wp\/v2\/product_cat?post=6009"},{"taxonomy":"product_tag","embeddable":true,"href":"https:\/\/www.ceramicbasin.com\/es\/wp-json\/wp\/v2\/product_tag?post=6009"}],"curies":[{"name":"wp","href":"https:\/\/api.w.org\/{rel}","templated":true}]}}