{"id":6051,"date":"2025-01-21T08:12:37","date_gmt":"2025-01-21T08:12:37","guid":{"rendered":"https:\/\/www.ceramicbasin.com\/?post_type=product&#038;p=6051"},"modified":"2025-01-21T08:12:39","modified_gmt":"2025-01-21T08:12:39","slug":"custom-corner-sink","status":"publish","type":"product","link":"https:\/\/www.ceramicbasin.com\/es\/producto\/custom-corner-sink\/","title":{"rendered":"Fregadero de esquina de ba\u00f1o a medida, lavabos colgados de la pared de suministro de f\u00e1brica"},"content":{"rendered":"<div class=\"wp-block-columns is-layout-flex wp-container-core-columns-is-layout-9d6595d7 wp-block-columns-is-layout-flex\">\n<div class=\"wp-block-column is-layout-flow wp-block-column-is-layout-flow\">\n<h2 class=\"wp-block-heading\">Premium Custom Fregadero de esquina Caracter\u00edsticas:<\/h2>\n\n\n\n<ul class=\"wp-block-list\">\n<li><strong>Dise\u00f1o cl\u00e1sico:\u00a0<\/strong>Nuestro fregadero de esquina a medida suministrado de f\u00e1brica presenta un dise\u00f1o cl\u00e1sico atemporal con limpio, con una peque\u00f1a instalaci\u00f3n montada en la pared para maximizar el uso del espacio limitado.<\/li>\n\n\n\n<li><strong>Instalaci\u00f3n mural:<\/strong>\u00a0El dise\u00f1o mural de nuestros lavabos al por mayor ahorra espacio y es f\u00e1cil de limpiar. Estos lavabos de cer\u00e1mica a medida suspendidos de la pared son especialmente adecuados para ba\u00f1os modernos y compactos, ya que realzan la pulcritud y modernidad del espacio general.<\/li>\n\n\n\n<li><strong>Tratamiento de esmalte f\u00e1cil de limpiar:<\/strong>\u00a0La superficie de este fregadero de esquina personalizado al por mayor adopta una tecnolog\u00eda especial de esmalte f\u00e1cil de limpiar, que es suave y delicada, las manchas no son f\u00e1ciles de adherir y son f\u00e1ciles de limpiar.<\/li>\n\n\n\n<li><strong>Gran capacidad de producci\u00f3n: <\/strong>Nuestro gran almac\u00e9n contiene varios tipos de lavabos de porcelana para encimeras de ba\u00f1o al por mayor. Elija los art\u00edculos que est\u00e1n en producci\u00f3n, tenemos suficientes lavabos blancos para hacer lavabos de color m\u00e1rmol, por lo que el tiempo de env\u00edo ser\u00eda m\u00e1s corto mucho.<\/li>\n<\/ul>\n<\/div>\n\n\n\n<div class=\"wp-block-column is-layout-flow wp-block-column-is-layout-flow\">\n<figure class=\"wp-block-image size-full\"><img fetchpriority=\"high\" decoding=\"async\" width=\"1000\" height=\"1000\" src=\"https:\/\/www.ceramicbasin.com\/wp-content\/uploads\/2025\/01\/Factory-Supply-Ceramic-Vanity-Sinks-For-BathroomWall-Hung-Basin-6.webp\" alt=\"Fregadero de esquina a medida para ba\u00f1o, suministro de f\u00e1brica de lavabos de pared-1\" class=\"wp-image-6057\" srcset=\"https:\/\/www.ceramicbasin.com\/wp-content\/uploads\/2025\/01\/Factory-Supply-Ceramic-Vanity-Sinks-For-BathroomWall-Hung-Basin-6.webp 1000w, https:\/\/www.ceramicbasin.com\/wp-content\/uploads\/2025\/01\/Factory-Supply-Ceramic-Vanity-Sinks-For-BathroomWall-Hung-Basin-6-300x300.webp 300w, https:\/\/www.ceramicbasin.com\/wp-content\/uploads\/2025\/01\/Factory-Supply-Ceramic-Vanity-Sinks-For-BathroomWall-Hung-Basin-6-150x150.webp 150w, https:\/\/www.ceramicbasin.com\/wp-content\/uploads\/2025\/01\/Factory-Supply-Ceramic-Vanity-Sinks-For-BathroomWall-Hung-Basin-6-768x768.webp 768w, https:\/\/www.ceramicbasin.com\/wp-content\/uploads\/2025\/01\/Factory-Supply-Ceramic-Vanity-Sinks-For-BathroomWall-Hung-Basin-6-12x12.webp 12w, https:\/\/www.ceramicbasin.com\/wp-content\/uploads\/2025\/01\/Factory-Supply-Ceramic-Vanity-Sinks-For-BathroomWall-Hung-Basin-6-285x285.webp 285w, https:\/\/www.ceramicbasin.com\/wp-content\/uploads\/2025\/01\/Factory-Supply-Ceramic-Vanity-Sinks-For-BathroomWall-Hung-Basin-6-270x270.webp 270w, https:\/\/www.ceramicbasin.com\/wp-content\/uploads\/2025\/01\/Factory-Supply-Ceramic-Vanity-Sinks-For-BathroomWall-Hung-Basin-6-540x540.webp 540w, https:\/\/www.ceramicbasin.com\/wp-content\/uploads\/2025\/01\/Factory-Supply-Ceramic-Vanity-Sinks-For-BathroomWall-Hung-Basin-6-660x660.webp 660w\" sizes=\"(max-width: 1000px) 100vw, 1000px\" \/><\/figure>\n<\/div>\n<\/div>\n\n\n\n<p><\/p>","protected":false},"excerpt":{"rendered":"<p>Bienvenido al pedido al por mayor de lavabos de esquina personalizados. Nuestros lavabos de pared al por mayor son cuidadosamente elaborados para garantizar su belleza y durabilidad. Hay una gran cantidad de preparaci\u00f3n de inventario lavabo del ba\u00f1o, y el servicio de entrega r\u00e1pida, para satisfacer las necesidades urgentes del proyecto. Tambi\u00e9n ofrecemos servicios personalizados para que pueda ajustar los detalles del producto de acuerdo a las necesidades del proyecto para lograr una combinaci\u00f3n perfecta en el dise\u00f1o.<\/p>\n<table style=\"border-collapse: collapse; width: 311.02pt;\" border=\"0\" width=\"311\" cellspacing=\"0\" cellpadding=\"0\">\n<tbody>\n<tr style=\"height: 17.60pt;\">\n<td class=\"et3\" style=\"height: 17.60pt; width: 108.35pt;\" width=\"108\" height=\"17\">Fabricante<\/td>\n<td class=\"et3\" style=\"width: 202.95pt;\" width=\"202\">HanYu<\/td>\n<\/tr>\n<tr style=\"height: 17.60pt;\">\n<td class=\"et3\" style=\"height: 17.60pt;\" height=\"17\">N\u00ba de modelo<\/td>\n<td class=\"et4\">HY3052L<\/td>\n<\/tr>\n<tr style=\"height: 17.60pt;\">\n<td class=\"et3\" style=\"height: 17.60pt;\" height=\"17\">Tipo<\/td>\n<td class=\"et3\">Lavabo mural<\/td>\n<\/tr>\n<tr style=\"height: 17.60pt;\">\n<td class=\"et3\" style=\"height: 17.60pt;\" height=\"17\">Forma<\/td>\n<td class=\"et2\">Forma ovalada<\/td>\n<\/tr>\n<tr style=\"height: 17.60pt;\">\n<td class=\"et4\" style=\"height: 17.60pt;\" height=\"17\">Color<\/td>\n<td class=\"et3\">Blanco<\/td>\n<\/tr>\n<tr style=\"height: 18.00pt;\">\n<td class=\"et3\" style=\"height: 18.00pt;\" height=\"18\">Dimensi\u00f3n<\/td>\n<td class=\"et5\" style=\"width: 202.95pt;\" width=\"202\">42*28*15<\/td>\n<\/tr>\n<tr style=\"height: 17.60pt;\">\n<td class=\"et3\" style=\"height: 17.60pt;\" height=\"17\">N.W \/SET<\/td>\n<td class=\"et3\">8KGS\/PCS<\/td>\n<\/tr>\n<tr style=\"height: 17.60pt;\">\n<td class=\"et3\" style=\"height: 17.60pt;\" height=\"17\">MOQ<\/td>\n<td class=\"et3\">20 piezas<\/td>\n<\/tr>\n<tr style=\"height: 17.60pt;\">\n<td class=\"et3\" style=\"height: 17.60pt;\" height=\"17\">Opci\u00f3n personalizada<\/td>\n<td class=\"et3\">Color\/Patr\u00f3n\/Tama\u00f1o\/Logotipo\/Embalaje<\/td>\n<\/tr>\n<\/tbody>\n<\/table>","protected":false},"featured_media":6054,"comment_status":"closed","ping_status":"closed","template":"","meta":{"_acf_changed":false},"product_brand":[],"product_cat":[57],"product_tag":[],"class_list":{"0":"post-6051","1":"product","2":"type-product","3":"status-publish","4":"has-post-thumbnail","6":"product_cat-wholesale-wall-mounted-sinks","8":"first","9":"instock","10":"shipping-taxable","11":"product-type-simple"},"acf":[],"_links":{"self":[{"href":"https:\/\/www.ceramicbasin.com\/es\/wp-json\/wp\/v2\/product\/6051","targetHints":{"allow":["GET"]}}],"collection":[{"href":"https:\/\/www.ceramicbasin.com\/es\/wp-json\/wp\/v2\/product"}],"about":[{"href":"https:\/\/www.ceramicbasin.com\/es\/wp-json\/wp\/v2\/types\/product"}],"replies":[{"embeddable":true,"href":"https:\/\/www.ceramicbasin.com\/es\/wp-json\/wp\/v2\/comments?post=6051"}],"wp:featuredmedia":[{"embeddable":true,"href":"https:\/\/www.ceramicbasin.com\/es\/wp-json\/wp\/v2\/media\/6054"}],"wp:attachment":[{"href":"https:\/\/www.ceramicbasin.com\/es\/wp-json\/wp\/v2\/media?parent=6051"}],"wp:term":[{"taxonomy":"product_brand","embeddable":true,"href":"https:\/\/www.ceramicbasin.com\/es\/wp-json\/wp\/v2\/product_brand?post=6051"},{"taxonomy":"product_cat","embeddable":true,"href":"https:\/\/www.ceramicbasin.com\/es\/wp-json\/wp\/v2\/product_cat?post=6051"},{"taxonomy":"product_tag","embeddable":true,"href":"https:\/\/www.ceramicbasin.com\/es\/wp-json\/wp\/v2\/product_tag?post=6051"}],"curies":[{"name":"wp","href":"https:\/\/api.w.org\/{rel}","templated":true}]}}