{"id":6068,"date":"2025-01-21T08:22:50","date_gmt":"2025-01-21T08:22:50","guid":{"rendered":"https:\/\/www.ceramicbasin.com\/?post_type=product&#038;p=6068"},"modified":"2025-01-21T08:22:53","modified_gmt":"2025-01-21T08:22:53","slug":"small-bathroom-sink-wholesale","status":"publish","type":"product","link":"https:\/\/www.ceramicbasin.com\/es\/producto\/small-bathroom-sink-wholesale\/","title":{"rendered":"Lavabos de Ba\u00f1o Peque\u00f1os al por Mayor, Lavabos de Pared a Medida"},"content":{"rendered":"<div class=\"wp-block-columns is-layout-flex wp-container-core-columns-is-layout-9d6595d7 wp-block-columns-is-layout-flex\">\n<div class=\"wp-block-column is-layout-flow wp-block-column-is-layout-flow\">\n<h2 class=\"wp-block-heading\">Fregadero de Ba\u00f1o Peque\u00f1o Premium al por mayor Caracter\u00edsticas:<\/h2>\n\n\n\n<ul class=\"wp-block-list\">\n<li><strong>Dise\u00f1o optimizado para el espacio:<\/strong> Este lavabo peque\u00f1o al por mayor est\u00e1 dise\u00f1ado para cuartos de ba\u00f1o peque\u00f1os. El lavabo de tama\u00f1o mini montado en la pared ahorra espacio con eficacia y es una opci\u00f3n ideal para peque\u00f1os apartamentos o habitaciones de hotel.<\/li>\n\n\n\n<li><strong>Fabricado en porcelana de alta calidad: <\/strong>Nuestros lavabos murales a medida seleccionan arcilla porcel\u00e1nica de alta calidad y se cuecen a altas temperaturas para garantizar que los lavabos tengan una textura s\u00f3lida, una superficie lisa, sean f\u00e1ciles de limpiar y tengan un brillo duradero.<\/li>\n\n\n\n<li><strong>Instalaci\u00f3n mural:<\/strong> Este peque\u00f1o lavabo de ba\u00f1o al por mayor se fija a la pared, lo que no s\u00f3lo ahorra espacio, sino que tambi\u00e9n facilita la limpieza del suelo, mejorando la pulcritud y modernidad generales del cuarto de ba\u00f1o.<\/li>\n\n\n\n<li><strong>Ventaja a granel:<\/strong> Como fabricante profesional de lavabos de cer\u00e1mica, HanYu le ofrece precios muy competitivos para lavabos murales a medida, adecuados para las necesidades de decoraci\u00f3n a gran escala de hoteles, apartamentos y proyectos residenciales.<\/li>\n<\/ul>\n<\/div>\n\n\n\n<div class=\"wp-block-column is-layout-flow wp-block-column-is-layout-flow\">\n<figure class=\"wp-block-image size-full\"><img fetchpriority=\"high\" decoding=\"async\" width=\"1000\" height=\"1000\" src=\"https:\/\/www.ceramicbasin.com\/wp-content\/uploads\/2025\/01\/Small-Wholesale-Wall-Mount-Bathroom-Sink-Customize-OEM-ODM-Basin-8.webp\" alt=\"Lavabo Peque\u00f1o al por Mayor, Lavabos de Pared a Medida-1\" class=\"wp-image-6076\" srcset=\"https:\/\/www.ceramicbasin.com\/wp-content\/uploads\/2025\/01\/Small-Wholesale-Wall-Mount-Bathroom-Sink-Customize-OEM-ODM-Basin-8.webp 1000w, https:\/\/www.ceramicbasin.com\/wp-content\/uploads\/2025\/01\/Small-Wholesale-Wall-Mount-Bathroom-Sink-Customize-OEM-ODM-Basin-8-300x300.webp 300w, https:\/\/www.ceramicbasin.com\/wp-content\/uploads\/2025\/01\/Small-Wholesale-Wall-Mount-Bathroom-Sink-Customize-OEM-ODM-Basin-8-150x150.webp 150w, https:\/\/www.ceramicbasin.com\/wp-content\/uploads\/2025\/01\/Small-Wholesale-Wall-Mount-Bathroom-Sink-Customize-OEM-ODM-Basin-8-768x768.webp 768w, https:\/\/www.ceramicbasin.com\/wp-content\/uploads\/2025\/01\/Small-Wholesale-Wall-Mount-Bathroom-Sink-Customize-OEM-ODM-Basin-8-12x12.webp 12w, https:\/\/www.ceramicbasin.com\/wp-content\/uploads\/2025\/01\/Small-Wholesale-Wall-Mount-Bathroom-Sink-Customize-OEM-ODM-Basin-8-285x285.webp 285w, https:\/\/www.ceramicbasin.com\/wp-content\/uploads\/2025\/01\/Small-Wholesale-Wall-Mount-Bathroom-Sink-Customize-OEM-ODM-Basin-8-270x270.webp 270w, https:\/\/www.ceramicbasin.com\/wp-content\/uploads\/2025\/01\/Small-Wholesale-Wall-Mount-Bathroom-Sink-Customize-OEM-ODM-Basin-8-540x540.webp 540w, https:\/\/www.ceramicbasin.com\/wp-content\/uploads\/2025\/01\/Small-Wholesale-Wall-Mount-Bathroom-Sink-Customize-OEM-ODM-Basin-8-660x660.webp 660w\" sizes=\"(max-width: 1000px) 100vw, 1000px\" \/><\/figure>\n<\/div>\n<\/div>\n\n\n\n<p><\/p>","protected":false},"excerpt":{"rendered":"<p>Bienvenido a la venta al por mayor de lavabos de ba\u00f1o peque\u00f1os. Nuestros lavabos de pared a medida est\u00e1n dise\u00f1ados para cuartos de ba\u00f1o de tama\u00f1o peque\u00f1o que persiguen la practicidad y la belleza. La selecci\u00f3n de materiales cer\u00e1micos superiores asegura que nuestra pared colgar lavabo tiene una excelente durabilidad y belleza.<\/p>\n<table style=\"border-collapse: collapse; width: 311.02pt;\" border=\"0\" width=\"311\" cellspacing=\"0\" cellpadding=\"0\">\n<tbody>\n<tr style=\"height: 17.60pt;\">\n<td class=\"et3\" style=\"height: 17.60pt; width: 108.35pt;\" width=\"108\" height=\"17\">Fabricante<\/td>\n<td class=\"et3\" style=\"width: 202.95pt;\" width=\"202\">HanYu<\/td>\n<\/tr>\n<tr style=\"height: 17.60pt;\">\n<td class=\"et3\" style=\"height: 17.60pt;\" height=\"17\">N\u00ba de modelo<\/td>\n<td class=\"et4\">HY3056<\/td>\n<\/tr>\n<tr style=\"height: 17.60pt;\">\n<td class=\"et3\" style=\"height: 17.60pt;\" height=\"17\">Tipo<\/td>\n<td class=\"et3\">Lavabo mural<\/td>\n<\/tr>\n<tr style=\"height: 17.60pt;\">\n<td class=\"et3\" style=\"height: 17.60pt;\" height=\"17\">Forma<\/td>\n<td class=\"et2\">Media ca\u00f1a<\/td>\n<\/tr>\n<tr style=\"height: 17.60pt;\">\n<td class=\"et4\" style=\"height: 17.60pt;\" height=\"17\">Color<\/td>\n<td class=\"et3\">Blanco<\/td>\n<\/tr>\n<tr style=\"height: 18.00pt;\">\n<td class=\"et3\" style=\"height: 18.00pt;\" height=\"18\">Dimensi\u00f3n<\/td>\n<td class=\"et5\" style=\"width: 202.95pt;\" width=\"202\">30*25*12<\/td>\n<\/tr>\n<tr style=\"height: 17.60pt;\">\n<td class=\"et3\" style=\"height: 17.60pt;\" height=\"17\">N.W \/SET<\/td>\n<td class=\"et3\">6KGS\/PCS<\/td>\n<\/tr>\n<tr style=\"height: 17.60pt;\">\n<td class=\"et3\" style=\"height: 17.60pt;\" height=\"17\">MOQ<\/td>\n<td class=\"et3\">20 piezas<\/td>\n<\/tr>\n<tr style=\"height: 17.60pt;\">\n<td class=\"et3\" style=\"height: 17.60pt;\" height=\"17\">Opci\u00f3n personalizada<\/td>\n<td class=\"et3\">Color\/Patr\u00f3n\/Tama\u00f1o\/Logotipo\/Embalaje<\/td>\n<\/tr>\n<\/tbody>\n<\/table>","protected":false},"featured_media":6073,"comment_status":"closed","ping_status":"closed","template":"","meta":{"_acf_changed":false},"product_brand":[],"product_cat":[57,56],"product_tag":[],"class_list":{"0":"post-6068","1":"product","2":"type-product","3":"status-publish","4":"has-post-thumbnail","6":"product_cat-wholesale-wall-mounted-sinks","7":"product_cat-wholesale-small-bathroom-sinks","9":"first","10":"instock","11":"shipping-taxable","12":"product-type-simple"},"acf":[],"_links":{"self":[{"href":"https:\/\/www.ceramicbasin.com\/es\/wp-json\/wp\/v2\/product\/6068","targetHints":{"allow":["GET"]}}],"collection":[{"href":"https:\/\/www.ceramicbasin.com\/es\/wp-json\/wp\/v2\/product"}],"about":[{"href":"https:\/\/www.ceramicbasin.com\/es\/wp-json\/wp\/v2\/types\/product"}],"replies":[{"embeddable":true,"href":"https:\/\/www.ceramicbasin.com\/es\/wp-json\/wp\/v2\/comments?post=6068"}],"wp:featuredmedia":[{"embeddable":true,"href":"https:\/\/www.ceramicbasin.com\/es\/wp-json\/wp\/v2\/media\/6073"}],"wp:attachment":[{"href":"https:\/\/www.ceramicbasin.com\/es\/wp-json\/wp\/v2\/media?parent=6068"}],"wp:term":[{"taxonomy":"product_brand","embeddable":true,"href":"https:\/\/www.ceramicbasin.com\/es\/wp-json\/wp\/v2\/product_brand?post=6068"},{"taxonomy":"product_cat","embeddable":true,"href":"https:\/\/www.ceramicbasin.com\/es\/wp-json\/wp\/v2\/product_cat?post=6068"},{"taxonomy":"product_tag","embeddable":true,"href":"https:\/\/www.ceramicbasin.com\/es\/wp-json\/wp\/v2\/product_tag?post=6068"}],"curies":[{"name":"wp","href":"https:\/\/api.w.org\/{rel}","templated":true}]}}