{"id":6077,"date":"2025-02-07T06:54:58","date_gmt":"2025-02-07T06:54:58","guid":{"rendered":"https:\/\/www.ceramicbasin.com\/?post_type=product&#038;p=6077"},"modified":"2025-02-07T06:55:01","modified_gmt":"2025-02-07T06:55:01","slug":"wholesale-wall-mount-sinks","status":"publish","type":"product","link":"https:\/\/www.ceramicbasin.com\/es\/producto\/wholesale-wall-mount-sinks\/","title":{"rendered":"Fregaderos murales ovalados, lavabos murales modernos al por mayor"},"content":{"rendered":"<div class=\"wp-block-columns is-layout-flex wp-container-core-columns-is-layout-9d6595d7 wp-block-columns-is-layout-flex\">\n<div class=\"wp-block-column is-layout-flow wp-block-column-is-layout-flow\">\n<h2 class=\"wp-block-heading\">Fregaderos de pared al por mayor de primera calidad Caracter\u00edsticas:<\/h2>\n\n\n\n<ul class=\"wp-block-list\">\n<li><strong>Dise\u00f1o ovalado, elegante y sencillo: <\/strong>Nuestros lavabos murales de cer\u00e1mica al por mayor adoptan una suave forma ovalada, con un dise\u00f1o sencillo pero elegante, adecuado para varios estilos de ba\u00f1os modernos, a\u00f1adiendo una exquisita belleza al espacio.<\/li>\n\n\n\n<li><strong>Instalaci\u00f3n mural, ahorrando espacio: <\/strong>Nuestros lavabos suspendidos al por mayor ahorran espacio de forma eficaz, especialmente adecuados para ba\u00f1os peque\u00f1os, hoteles, apartamentos o dise\u00f1os de ba\u00f1os minimalistas modernos, haciendo que el espacio sea m\u00e1s abierto y ordenado.<\/li>\n\n\n\n<li><strong>Cer\u00e1mica de alta calidad, resistente a las manchas y f\u00e1cil de limpiar: <\/strong>Estos fregaderos de pared al por mayor est\u00e1n hechos de materiales cer\u00e1micos de alta calidad, con tratamiento de esmalte de alta temperatura en la superficie, que tiene una excelente resistencia a las manchas y el rendimiento a prueba de agua, resistencia a los ara\u00f1azos, no es f\u00e1cil cambiar de color, f\u00e1cil y conveniente de limpieza y mantenimiento.<\/li>\n\n\n\n<li><strong>Estilo minimalista moderno, adecuado para diversos entornos: <\/strong>Estos lavabos murales al por mayor adoptan un moderno dise\u00f1o minimalista. La l\u00ednea suave es lisa para asegurar el dise\u00f1o exquisito tanto de los ba\u00f1os de la casa y lugares de uso p\u00fablico como un hotel, caf\u00e9s, y lugares de comercio para presentar un sabor de lujo en el interior.<\/li>\n<\/ul>\n<\/div>\n\n\n\n<div class=\"wp-block-column is-layout-flow wp-block-column-is-layout-flow\">\n<figure class=\"wp-block-image size-full\"><img fetchpriority=\"high\" decoding=\"async\" width=\"1000\" height=\"1000\" src=\"https:\/\/www.ceramicbasin.com\/wp-content\/uploads\/2025\/01\/Wholesale-Modern-Wall-Mount-Sinks-Oval-Shape-Basin-6.webp\" alt=\"Fregaderos murales ovalados al por mayor, lavabos murales modernos-1\" class=\"wp-image-6083\" srcset=\"https:\/\/www.ceramicbasin.com\/wp-content\/uploads\/2025\/01\/Wholesale-Modern-Wall-Mount-Sinks-Oval-Shape-Basin-6.webp 1000w, https:\/\/www.ceramicbasin.com\/wp-content\/uploads\/2025\/01\/Wholesale-Modern-Wall-Mount-Sinks-Oval-Shape-Basin-6-300x300.webp 300w, https:\/\/www.ceramicbasin.com\/wp-content\/uploads\/2025\/01\/Wholesale-Modern-Wall-Mount-Sinks-Oval-Shape-Basin-6-150x150.webp 150w, https:\/\/www.ceramicbasin.com\/wp-content\/uploads\/2025\/01\/Wholesale-Modern-Wall-Mount-Sinks-Oval-Shape-Basin-6-768x768.webp 768w, https:\/\/www.ceramicbasin.com\/wp-content\/uploads\/2025\/01\/Wholesale-Modern-Wall-Mount-Sinks-Oval-Shape-Basin-6-12x12.webp 12w, https:\/\/www.ceramicbasin.com\/wp-content\/uploads\/2025\/01\/Wholesale-Modern-Wall-Mount-Sinks-Oval-Shape-Basin-6-285x285.webp 285w, https:\/\/www.ceramicbasin.com\/wp-content\/uploads\/2025\/01\/Wholesale-Modern-Wall-Mount-Sinks-Oval-Shape-Basin-6-270x270.webp 270w, https:\/\/www.ceramicbasin.com\/wp-content\/uploads\/2025\/01\/Wholesale-Modern-Wall-Mount-Sinks-Oval-Shape-Basin-6-540x540.webp 540w, https:\/\/www.ceramicbasin.com\/wp-content\/uploads\/2025\/01\/Wholesale-Modern-Wall-Mount-Sinks-Oval-Shape-Basin-6-660x660.webp 660w\" sizes=\"(max-width: 1000px) 100vw, 1000px\" \/><\/figure>\n<\/div>\n<\/div>\n\n\n\n<p><\/p>","protected":false},"excerpt":{"rendered":"<p>Bienvenido a comprar lavabos murales al por mayor. Nuestros lavabos murales de cer\u00e1mica al por mayor adoptan un elegante dise\u00f1o ovalado montado en la pared, sencillo y moderno, perfecto para una gran variedad de estilos de ba\u00f1o. La instalaci\u00f3n en la pared ahorra espacio, y el material cer\u00e1mico de alta calidad se combina con un tratamiento de esmaltado a alta temperatura para garantizar la resistencia a las manchas y una f\u00e1cil limpieza.<\/p>\n<table style=\"border-collapse: collapse; width: 311.02pt;\" border=\"0\" width=\"311\" cellspacing=\"0\" cellpadding=\"0\">\n<tbody>\n<tr style=\"height: 17.60pt;\">\n<td class=\"et3\" style=\"height: 17.60pt; width: 108.35pt;\" width=\"108\" height=\"17\">Fabricante<\/td>\n<td class=\"et3\" style=\"width: 202.95pt;\" width=\"202\">HanYu<\/td>\n<\/tr>\n<tr style=\"height: 17.60pt;\">\n<td class=\"et3\" style=\"height: 17.60pt;\" height=\"17\">N\u00ba de modelo<\/td>\n<td class=\"et4\">HY3063<\/td>\n<\/tr>\n<tr style=\"height: 17.60pt;\">\n<td class=\"et3\" style=\"height: 17.60pt;\" height=\"17\">Tipo<\/td>\n<td class=\"et3\">Lavabo mural<\/td>\n<\/tr>\n<tr style=\"height: 17.60pt;\">\n<td class=\"et3\" style=\"height: 17.60pt;\" height=\"17\">Forma<\/td>\n<td class=\"et2\">Forma ovalada<\/td>\n<\/tr>\n<tr style=\"height: 17.60pt;\">\n<td class=\"et4\" style=\"height: 17.60pt;\" height=\"17\">Color<\/td>\n<td class=\"et3\">Blanco<\/td>\n<\/tr>\n<tr style=\"height: 18.00pt;\">\n<td class=\"et3\" style=\"height: 18.00pt;\" height=\"18\">Dimensi\u00f3n<\/td>\n<td class=\"et5\" style=\"width: 202.95pt;\" width=\"202\">56*39*13.5<\/td>\n<\/tr>\n<tr style=\"height: 17.60pt;\">\n<td class=\"et3\" style=\"height: 17.60pt;\" height=\"17\">N.W \/SET<\/td>\n<td class=\"et3\">11KGS\/PCS<\/td>\n<\/tr>\n<tr style=\"height: 17.60pt;\">\n<td class=\"et3\" style=\"height: 17.60pt;\" height=\"17\">MOQ<\/td>\n<td class=\"et3\">20 piezas<\/td>\n<\/tr>\n<tr style=\"height: 17.60pt;\">\n<td class=\"et3\" style=\"height: 17.60pt;\" height=\"17\">Opci\u00f3n personalizada<\/td>\n<td class=\"et3\">Color\/Patr\u00f3n\/Tama\u00f1o\/Logotipo\/Embalaje<\/td>\n<\/tr>\n<\/tbody>\n<\/table>","protected":false},"featured_media":6081,"comment_status":"closed","ping_status":"closed","template":"","meta":{"_acf_changed":false},"product_brand":[],"product_cat":[57],"product_tag":[],"class_list":{"0":"post-6077","1":"product","2":"type-product","3":"status-publish","4":"has-post-thumbnail","6":"product_cat-wholesale-wall-mounted-sinks","8":"first","9":"instock","10":"shipping-taxable","11":"product-type-simple"},"acf":[],"_links":{"self":[{"href":"https:\/\/www.ceramicbasin.com\/es\/wp-json\/wp\/v2\/product\/6077","targetHints":{"allow":["GET"]}}],"collection":[{"href":"https:\/\/www.ceramicbasin.com\/es\/wp-json\/wp\/v2\/product"}],"about":[{"href":"https:\/\/www.ceramicbasin.com\/es\/wp-json\/wp\/v2\/types\/product"}],"replies":[{"embeddable":true,"href":"https:\/\/www.ceramicbasin.com\/es\/wp-json\/wp\/v2\/comments?post=6077"}],"wp:featuredmedia":[{"embeddable":true,"href":"https:\/\/www.ceramicbasin.com\/es\/wp-json\/wp\/v2\/media\/6081"}],"wp:attachment":[{"href":"https:\/\/www.ceramicbasin.com\/es\/wp-json\/wp\/v2\/media?parent=6077"}],"wp:term":[{"taxonomy":"product_brand","embeddable":true,"href":"https:\/\/www.ceramicbasin.com\/es\/wp-json\/wp\/v2\/product_brand?post=6077"},{"taxonomy":"product_cat","embeddable":true,"href":"https:\/\/www.ceramicbasin.com\/es\/wp-json\/wp\/v2\/product_cat?post=6077"},{"taxonomy":"product_tag","embeddable":true,"href":"https:\/\/www.ceramicbasin.com\/es\/wp-json\/wp\/v2\/product_tag?post=6077"}],"curies":[{"name":"wp","href":"https:\/\/api.w.org\/{rel}","templated":true}]}}