{"id":6095,"date":"2025-01-21T08:51:26","date_gmt":"2025-01-21T08:51:26","guid":{"rendered":"https:\/\/www.ceramicbasin.com\/?post_type=product&#038;p=6095"},"modified":"2025-01-21T08:51:27","modified_gmt":"2025-01-21T08:51:27","slug":"corner-sinks-wholesale","status":"publish","type":"product","link":"https:\/\/www.ceramicbasin.com\/es\/producto\/corner-sinks-wholesale\/","title":{"rendered":"Fregaderos de esquina triangulares de nuevo dise\u00f1o al por mayor, Lavabos de pared"},"content":{"rendered":"<div class=\"wp-block-columns is-layout-flex wp-container-core-columns-is-layout-9d6595d7 wp-block-columns-is-layout-flex\">\n<div class=\"wp-block-column is-layout-flow wp-block-column-is-layout-flow\">\n<h2 class=\"wp-block-heading\">Premium Fregaderos de esquina al por mayor Caracter\u00edsticas:<\/h2>\n\n\n\n<ul class=\"wp-block-list\">\n<li><strong>Ahorra espacio: <\/strong>Nuestros lavabos esquineros de cer\u00e1mica al por mayor tienen un dise\u00f1o triangular \u00fanico que aprovecha al m\u00e1ximo la zona esquinera del cuarto de ba\u00f1o, proporcionando una soluci\u00f3n de distribuci\u00f3n eficaz para cuartos de ba\u00f1o peque\u00f1os, cuartos de ba\u00f1o de hotel o espacios compactos sin afectar a la experiencia del usuario.<\/li>\n\n\n\n<li><strong>A la moda y moderna: <\/strong>Nuestros lavabos murales al por mayor son sencillos, de estructura ordenada con una superficie lisa de cer\u00e1mica, aptos para varios estilos de decoraci\u00f3n en el interior de la casa, y son capaces de a\u00f1adir m\u00e1s belleza al cuarto de ba\u00f1o con su aspecto elegante que muestra un sentido de dise\u00f1o moderno.<\/li>\n\n\n\n<li><strong>Alta calidad y durabilidad: <\/strong>Nuestros fregaderos esquineros de cer\u00e1mica al por mayor est\u00e1n hechos de material cer\u00e1mico de alta calidad, y la superficie es resistente a los ara\u00f1azos y a las manchas. No acumula agua o manchas residuales f\u00e1cilmente, es f\u00e1cil de limpiar, por lo que puede permanecer como nuevo despu\u00e9s de un uso prolongado.<\/li>\n\n\n\n<li><strong>F\u00e1cil de instalar: <\/strong>Estos lavabos colgados de la pared al por mayor dise\u00f1os de instalaci\u00f3n en la pared se completan con accesorios y pasos de instalaci\u00f3n simplificados. Son adecuados para espacios residenciales, hoteleros y comerciales, y satisfacen diversas necesidades de distribuci\u00f3n y decoraci\u00f3n de cuartos de ba\u00f1o.<\/li>\n<\/ul>\n<\/div>\n\n\n\n<div class=\"wp-block-column is-layout-flow wp-block-column-is-layout-flow\">\n<figure class=\"wp-block-image size-full\"><img fetchpriority=\"high\" decoding=\"async\" width=\"1000\" height=\"1000\" src=\"https:\/\/www.ceramicbasin.com\/wp-content\/uploads\/2025\/01\/New-Design-Sanitary-Corner-Wall-Hung-Basin-Triangle-Shape-Basin-5.webp\" alt=\"Fregaderos De Esquina Triangulares De Nuevo Dise\u00f1o Al Por Mayor, Lavabos Colgados De La Pared-1\" class=\"wp-image-6100\" srcset=\"https:\/\/www.ceramicbasin.com\/wp-content\/uploads\/2025\/01\/New-Design-Sanitary-Corner-Wall-Hung-Basin-Triangle-Shape-Basin-5.webp 1000w, https:\/\/www.ceramicbasin.com\/wp-content\/uploads\/2025\/01\/New-Design-Sanitary-Corner-Wall-Hung-Basin-Triangle-Shape-Basin-5-300x300.webp 300w, https:\/\/www.ceramicbasin.com\/wp-content\/uploads\/2025\/01\/New-Design-Sanitary-Corner-Wall-Hung-Basin-Triangle-Shape-Basin-5-150x150.webp 150w, https:\/\/www.ceramicbasin.com\/wp-content\/uploads\/2025\/01\/New-Design-Sanitary-Corner-Wall-Hung-Basin-Triangle-Shape-Basin-5-768x768.webp 768w, https:\/\/www.ceramicbasin.com\/wp-content\/uploads\/2025\/01\/New-Design-Sanitary-Corner-Wall-Hung-Basin-Triangle-Shape-Basin-5-12x12.webp 12w, https:\/\/www.ceramicbasin.com\/wp-content\/uploads\/2025\/01\/New-Design-Sanitary-Corner-Wall-Hung-Basin-Triangle-Shape-Basin-5-285x285.webp 285w, https:\/\/www.ceramicbasin.com\/wp-content\/uploads\/2025\/01\/New-Design-Sanitary-Corner-Wall-Hung-Basin-Triangle-Shape-Basin-5-270x270.webp 270w, https:\/\/www.ceramicbasin.com\/wp-content\/uploads\/2025\/01\/New-Design-Sanitary-Corner-Wall-Hung-Basin-Triangle-Shape-Basin-5-540x540.webp 540w, https:\/\/www.ceramicbasin.com\/wp-content\/uploads\/2025\/01\/New-Design-Sanitary-Corner-Wall-Hung-Basin-Triangle-Shape-Basin-5-660x660.webp 660w\" sizes=\"(max-width: 1000px) 100vw, 1000px\" \/><\/figure>\n<\/div>\n<\/div>\n\n\n\n<p><\/p>","protected":false},"excerpt":{"rendered":"<p>Bienvenido a comprar lavabos de esquina de cer\u00e1mica al por mayor. Nuestros lavabos murales al por mayor optimizan la distribuci\u00f3n del cuarto de ba\u00f1o con una estructura triangular montada en la pared que ahorra espacio. El estilo de dise\u00f1o moderno y simple es adecuado para una variedad de estilos decorativos y es una opci\u00f3n ideal para espacios compactos.<\/p>\n<table style=\"border-collapse: collapse; width: 311.02pt;\" border=\"0\" width=\"311\" cellspacing=\"0\" cellpadding=\"0\">\n<tbody>\n<tr style=\"height: 17.60pt;\">\n<td class=\"et3\" style=\"height: 17.60pt; width: 108.35pt;\" width=\"108\" height=\"17\">Fabricante<\/td>\n<td class=\"et3\" style=\"width: 202.95pt;\" width=\"202\">HanYu<\/td>\n<\/tr>\n<tr style=\"height: 17.60pt;\">\n<td class=\"et3\" style=\"height: 17.60pt;\" height=\"17\">N\u00ba de modelo<\/td>\n<td class=\"et4\">HY3098<\/td>\n<\/tr>\n<tr style=\"height: 17.60pt;\">\n<td class=\"et3\" style=\"height: 17.60pt;\" height=\"17\">Tipo<\/td>\n<td class=\"et3\">Lavabo mural<\/td>\n<\/tr>\n<tr style=\"height: 17.60pt;\">\n<td class=\"et3\" style=\"height: 17.60pt;\" height=\"17\">Forma<\/td>\n<td class=\"et2\">Forma triangular<\/td>\n<\/tr>\n<tr style=\"height: 17.60pt;\">\n<td class=\"et4\" style=\"height: 17.60pt;\" height=\"17\">Color<\/td>\n<td class=\"et3\">Blanco<\/td>\n<\/tr>\n<tr style=\"height: 18.00pt;\">\n<td class=\"et3\" style=\"height: 18.00pt;\" height=\"18\">Dimensi\u00f3n<\/td>\n<td class=\"et5\" style=\"width: 202.95pt;\" width=\"202\">42.5*42.5*13<\/td>\n<\/tr>\n<tr style=\"height: 17.60pt;\">\n<td class=\"et3\" style=\"height: 17.60pt;\" height=\"17\">N.W \/SET<\/td>\n<td class=\"et3\">10KGS\/PCS<\/td>\n<\/tr>\n<tr style=\"height: 17.60pt;\">\n<td class=\"et3\" style=\"height: 17.60pt;\" height=\"17\">MOQ<\/td>\n<td class=\"et3\">20 piezas<\/td>\n<\/tr>\n<tr style=\"height: 17.60pt;\">\n<td class=\"et3\" style=\"height: 17.60pt;\" height=\"17\">Opci\u00f3n personalizada<\/td>\n<td class=\"et3\">Color\/Patr\u00f3n\/Tama\u00f1o\/Logotipo\/Embalaje<\/td>\n<\/tr>\n<\/tbody>\n<\/table>","protected":false},"featured_media":6099,"comment_status":"closed","ping_status":"closed","template":"","meta":{"_acf_changed":false},"product_brand":[],"product_cat":[57],"product_tag":[],"class_list":{"0":"post-6095","1":"product","2":"type-product","3":"status-publish","4":"has-post-thumbnail","6":"product_cat-wholesale-wall-mounted-sinks","8":"first","9":"instock","10":"shipping-taxable","11":"product-type-simple"},"acf":[],"_links":{"self":[{"href":"https:\/\/www.ceramicbasin.com\/es\/wp-json\/wp\/v2\/product\/6095","targetHints":{"allow":["GET"]}}],"collection":[{"href":"https:\/\/www.ceramicbasin.com\/es\/wp-json\/wp\/v2\/product"}],"about":[{"href":"https:\/\/www.ceramicbasin.com\/es\/wp-json\/wp\/v2\/types\/product"}],"replies":[{"embeddable":true,"href":"https:\/\/www.ceramicbasin.com\/es\/wp-json\/wp\/v2\/comments?post=6095"}],"wp:featuredmedia":[{"embeddable":true,"href":"https:\/\/www.ceramicbasin.com\/es\/wp-json\/wp\/v2\/media\/6099"}],"wp:attachment":[{"href":"https:\/\/www.ceramicbasin.com\/es\/wp-json\/wp\/v2\/media?parent=6095"}],"wp:term":[{"taxonomy":"product_brand","embeddable":true,"href":"https:\/\/www.ceramicbasin.com\/es\/wp-json\/wp\/v2\/product_brand?post=6095"},{"taxonomy":"product_cat","embeddable":true,"href":"https:\/\/www.ceramicbasin.com\/es\/wp-json\/wp\/v2\/product_cat?post=6095"},{"taxonomy":"product_tag","embeddable":true,"href":"https:\/\/www.ceramicbasin.com\/es\/wp-json\/wp\/v2\/product_tag?post=6095"}],"curies":[{"name":"wp","href":"https:\/\/api.w.org\/{rel}","templated":true}]}}