{"id":6110,"date":"2025-02-07T03:50:36","date_gmt":"2025-02-07T03:50:36","guid":{"rendered":"https:\/\/www.ceramicbasin.com\/?post_type=product&#038;p=6110"},"modified":"2025-02-07T03:50:39","modified_gmt":"2025-02-07T03:50:39","slug":"wholesale-glass-vessel-sinks","status":"publish","type":"product","link":"https:\/\/www.ceramicbasin.com\/es\/producto\/wholesale-glass-vessel-sinks\/","title":{"rendered":"Mayorista Fregaderos De Vidrio Con Varios Colores, Lavabo De Vidrio De Forma Redonda"},"content":{"rendered":"<div class=\"wp-block-columns is-layout-flex wp-container-core-columns-is-layout-9d6595d7 wp-block-columns-is-layout-flex\">\n<div class=\"wp-block-column is-layout-flow wp-block-column-is-layout-flow\">\n<h2 class=\"wp-block-heading\">Premium al por mayor de vidrio Vessel Fregaderos Caracter\u00edsticas:<\/h2>\n\n\n\n<ul class=\"wp-block-list\">\n<li><strong>Exquisito dise\u00f1o de textura, realza el sentido art\u00edstico del cuarto de ba\u00f1o: <\/strong>Nuestros lavabos de vidrio al por mayor adoptan una exquisita tecnolog\u00eda de textura, presentando un efecto \u00fanico de luz y sombra, haciendo que el espacio del ba\u00f1o sea m\u00e1s art\u00edstico, encajando perfectamente con el estilo de decoraci\u00f3n de ba\u00f1o moderno, de gama alta o personalizado.<\/li>\n\n\n\n<li><strong>Una variedad de opciones de color, adecuado para diferentes necesidades de decoraci\u00f3n:<\/strong> Estos lavabos de vidrio al por mayor est\u00e1n disponibles en una variedad de colores, incluyendo transparente, degradado, colorido y otros estilos, para satisfacer las preferencias est\u00e9ticas de los diferentes usuarios, y combinar f\u00e1cilmente con varios dise\u00f1os de ba\u00f1o.<\/li>\n\n\n\n<li><strong>Cristal templado de alta calidad, duradero y seguro: <\/strong>El material de vidrio de estos lavabos de vidrio al por mayor ha sido estrictamente probado para garantizar la resistencia al calor y al fr\u00edo, no es f\u00e1cil de reventar, es seguro y duradero, y proporciona una protecci\u00f3n fiable para el hogar o el espacio de ba\u00f1o comercial.<\/li>\n\n\n\n<li><strong>Forma redonda y lisa, a la moda y f\u00e1cil de limpiar: <\/strong>Estos fregaderos de cristal de dise\u00f1o redondo cl\u00e1sico al por mayor, de l\u00edneas suaves y naturales, no s\u00f3lo crean una belleza suave, sino que tambi\u00e9n reducen eficazmente la acumulaci\u00f3n de agua y suciedad, f\u00e1ciles de limpiar y mantener a diario.<\/li>\n<\/ul>\n<\/div>\n\n\n\n<div class=\"wp-block-column is-layout-flow wp-block-column-is-layout-flow\">\n<figure class=\"wp-block-image size-full is-resized\"><img fetchpriority=\"high\" decoding=\"async\" width=\"497\" height=\"677\" src=\"https:\/\/www.ceramicbasin.com\/wp-content\/uploads\/2025\/01\/Glass-wash-basin-supplierround-shape-basin-sinks-with-various-colors-9.webp\" alt=\"Mayorista Fregaderos De Vidrio Con Varios Colores, Lavabo De Vidrio De Forma Redonda-1\" class=\"wp-image-6109\" style=\"width:341px;height:auto\" srcset=\"https:\/\/www.ceramicbasin.com\/wp-content\/uploads\/2025\/01\/Glass-wash-basin-supplierround-shape-basin-sinks-with-various-colors-9.webp 497w, https:\/\/www.ceramicbasin.com\/wp-content\/uploads\/2025\/01\/Glass-wash-basin-supplierround-shape-basin-sinks-with-various-colors-9-220x300.webp 220w, https:\/\/www.ceramicbasin.com\/wp-content\/uploads\/2025\/01\/Glass-wash-basin-supplierround-shape-basin-sinks-with-various-colors-9-9x12.webp 9w, https:\/\/www.ceramicbasin.com\/wp-content\/uploads\/2025\/01\/Glass-wash-basin-supplierround-shape-basin-sinks-with-various-colors-9-285x388.webp 285w, https:\/\/www.ceramicbasin.com\/wp-content\/uploads\/2025\/01\/Glass-wash-basin-supplierround-shape-basin-sinks-with-various-colors-9-485x660.webp 485w, https:\/\/www.ceramicbasin.com\/wp-content\/uploads\/2025\/01\/Glass-wash-basin-supplierround-shape-basin-sinks-with-various-colors-9-110x150.webp 110w\" sizes=\"(max-width: 497px) 100vw, 497px\" \/><\/figure>\n<\/div>\n<\/div>\n\n\n\n<p><\/p>","protected":false},"excerpt":{"rendered":"<p>Bienvenido a comprar lavabos de vidrio al por mayor. Nuestros lavabos de vidrio al por mayor est\u00e1n hechos de vidrio templado de alta calidad, \u00fanico en dise\u00f1o de textura, y rica en opciones de color, que puede satisfacer diversos estilos para la decoraci\u00f3n del ba\u00f1o. Es pr\u00e1ctico no s\u00f3lo en la funci\u00f3n, sino tambi\u00e9n en forma elegante, que debe ser la elecci\u00f3n perfecta para el espacio de ba\u00f1o avanzado.<\/p>\n<table style=\"border-collapse: collapse; width: 358.52pt;\" border=\"0\" width=\"478\" cellspacing=\"0\" cellpadding=\"0\">\n<tbody>\n<tr style=\"height: 17.25pt;\">\n<td class=\"et3\" style=\"height: 17.25pt; width: 125.00pt;\" width=\"166\" height=\"23\">Fabricante<\/td>\n<td class=\"et3\" style=\"width: 234.15pt;\" width=\"312\">HanYu<\/td>\n<\/tr>\n<tr style=\"height: 17.25pt;\">\n<td class=\"et3\" style=\"height: 17.25pt;\" height=\"23\">N\u00ba de modelo<\/td>\n<td class=\"et4\">HY-TY310B<\/td>\n<\/tr>\n<tr style=\"height: 17.25pt;\">\n<td class=\"et3\" style=\"height: 17.25pt;\" height=\"23\">Tipo<\/td>\n<td class=\"et5\" style=\"width: 234.15pt;\" width=\"312\">Lavabo de cristal<\/td>\n<\/tr>\n<tr style=\"height: 18.00pt;\">\n<td class=\"et3\" style=\"height: 18.00pt;\" height=\"24\">Forma<\/td>\n<td class=\"et3\">Forma redonda<\/td>\n<\/tr>\n<tr style=\"height: 34.50pt;\">\n<td class=\"et4\" style=\"height: 34.50pt;\" height=\"46\">Color<\/td>\n<td class=\"et5\" style=\"width: 234.15pt;\" width=\"312\">negro\/blanco\/azul\/gris\/rosa\/verde\/marr\u00f3n\/caqui<\/td>\n<\/tr>\n<tr style=\"height: 18.00pt;\">\n<td class=\"et3\" style=\"height: 18.00pt;\" height=\"24\">Dimensi\u00f3n<\/td>\n<td class=\"et5\" style=\"width: 234.15pt;\" width=\"312\">39.5*39.5*16<\/td>\n<\/tr>\n<tr style=\"height: 17.25pt;\">\n<td class=\"et3\" style=\"height: 17.25pt;\" height=\"23\">N.W \/SET<\/td>\n<td class=\"et3\">5KGS\/PCS<\/td>\n<\/tr>\n<tr style=\"height: 17.25pt;\">\n<td class=\"et3\" style=\"height: 17.25pt;\" height=\"23\">MOQ<\/td>\n<td class=\"et3\">20 piezas<\/td>\n<\/tr>\n<tr style=\"height: 17.25pt;\">\n<td class=\"et3\" style=\"height: 17.25pt;\" height=\"23\">Opci\u00f3n personalizada<\/td>\n<td class=\"et3\">Color\/Patr\u00f3n\/Tama\u00f1o\/Logotipo\/Embalaje<\/td>\n<\/tr>\n<\/tbody>\n<\/table>","protected":false},"featured_media":6106,"comment_status":"closed","ping_status":"closed","template":"","meta":{"_acf_changed":false},"product_brand":[],"product_cat":[52],"product_tag":[],"class_list":{"0":"post-6110","1":"product","2":"type-product","3":"status-publish","4":"has-post-thumbnail","6":"product_cat-wholesale-glass-vessel-sinks","8":"first","9":"instock","10":"shipping-taxable","11":"product-type-simple"},"acf":[],"_links":{"self":[{"href":"https:\/\/www.ceramicbasin.com\/es\/wp-json\/wp\/v2\/product\/6110","targetHints":{"allow":["GET"]}}],"collection":[{"href":"https:\/\/www.ceramicbasin.com\/es\/wp-json\/wp\/v2\/product"}],"about":[{"href":"https:\/\/www.ceramicbasin.com\/es\/wp-json\/wp\/v2\/types\/product"}],"replies":[{"embeddable":true,"href":"https:\/\/www.ceramicbasin.com\/es\/wp-json\/wp\/v2\/comments?post=6110"}],"wp:featuredmedia":[{"embeddable":true,"href":"https:\/\/www.ceramicbasin.com\/es\/wp-json\/wp\/v2\/media\/6106"}],"wp:attachment":[{"href":"https:\/\/www.ceramicbasin.com\/es\/wp-json\/wp\/v2\/media?parent=6110"}],"wp:term":[{"taxonomy":"product_brand","embeddable":true,"href":"https:\/\/www.ceramicbasin.com\/es\/wp-json\/wp\/v2\/product_brand?post=6110"},{"taxonomy":"product_cat","embeddable":true,"href":"https:\/\/www.ceramicbasin.com\/es\/wp-json\/wp\/v2\/product_cat?post=6110"},{"taxonomy":"product_tag","embeddable":true,"href":"https:\/\/www.ceramicbasin.com\/es\/wp-json\/wp\/v2\/product_tag?post=6110"}],"curies":[{"name":"wp","href":"https:\/\/api.w.org\/{rel}","templated":true}]}}