{"id":6111,"date":"2025-02-07T04:02:35","date_gmt":"2025-02-07T04:02:35","guid":{"rendered":"https:\/\/www.ceramicbasin.com\/?post_type=product&#038;p=6111"},"modified":"2025-02-07T04:02:37","modified_gmt":"2025-02-07T04:02:37","slug":"glass-bowl-sinks-wholesale","status":"publish","type":"product","link":"https:\/\/www.ceramicbasin.com\/es\/producto\/glass-bowl-sinks-wholesale\/","title":{"rendered":"Lavabos de lujo con corte de diamante al por mayor con m\u00faltiples colores"},"content":{"rendered":"<div class=\"wp-block-columns is-layout-flex wp-container-core-columns-is-layout-9d6595d7 wp-block-columns-is-layout-flex\">\n<div class=\"wp-block-column is-layout-flow wp-block-column-is-layout-flow\">\n<h2 class=\"wp-block-heading\">Premium Glass Bowl Fregaderos al por mayor Caracter\u00edsticas:<\/h2>\n\n\n\n<ul class=\"wp-block-list\">\n<li><strong>Textura en forma de diamante, luces y sombras deslumbrantes:<\/strong> Nuestros lavabos de cristal al por mayor adoptan un exquisito dise\u00f1o de textura de corte de diamante, que refleja un lustre brillante bajo la iluminaci\u00f3n de la luz, que es muy impactante visualmente y a\u00f1ade un ambiente noble y elegante al cuarto de ba\u00f1o.<\/li>\n\n\n\n<li><strong>Rica selecci\u00f3n de colores, adecuada para una gran variedad de estilos decorativos:<\/strong> Ofrecemos varias opciones de colores de moda para los lavabos de cristal al por mayor para que el lavabo no s\u00f3lo sea un producto pr\u00e1ctico para el cuarto de ba\u00f1o, sino tambi\u00e9n un punto culminante para realzar el gusto de la decoraci\u00f3n del cuarto de ba\u00f1o.<\/li>\n\n\n\n<li><strong>Cristal templado de alta resistencia, duradero y seguro: <\/strong>Esta serie de fregaderos de cristal al por mayor est\u00e1n hechos de cristal templado de alta calidad. Su excelente capacidad anti-impacto y resistencia a los ara\u00f1azos puede asegurar que no se rompa despu\u00e9s de usarlo durante bastante tiempo. Al mismo tiempo, reforzado con altas temperaturas, el material de vidrio goza de buena resistencia al calor.<\/li>\n\n\n\n<li><strong>Dise\u00f1o de cuenco liso y redondeado, pr\u00e1ctico y f\u00e1cil de limpiar: <\/strong>La cl\u00e1sica forma de cubeta de estos fregaderos de cristal al por mayor es tan suave en l\u00ednea como visualmente m\u00e1s elegante y generosa. Los bordes del fregadero se han esmerilado cuidadosamente, y el tacto es suave y delicado, lo que no solo mejora la comodidad durante el uso, sino que tambi\u00e9n aumenta la seguridad.<\/li>\n<\/ul>\n<\/div>\n\n\n\n<div class=\"wp-block-column is-layout-flow wp-block-column-is-layout-flow\">\n<figure class=\"wp-block-image size-full is-resized\"><img fetchpriority=\"high\" decoding=\"async\" width=\"484\" height=\"664\" src=\"https:\/\/www.ceramicbasin.com\/wp-content\/uploads\/2025\/01\/Wholesale-glass-wash-basincountertop-basin-with-various-colors-1.webp\" alt=\"Exquisito Fregaderos De Vidrio Al Por Mayor Con Varios Colores-1\" class=\"wp-image-6112\" style=\"width:358px;height:auto\" srcset=\"https:\/\/www.ceramicbasin.com\/wp-content\/uploads\/2025\/01\/Wholesale-glass-wash-basincountertop-basin-with-various-colors-1.webp 484w, https:\/\/www.ceramicbasin.com\/wp-content\/uploads\/2025\/01\/Wholesale-glass-wash-basincountertop-basin-with-various-colors-1-219x300.webp 219w, https:\/\/www.ceramicbasin.com\/wp-content\/uploads\/2025\/01\/Wholesale-glass-wash-basincountertop-basin-with-various-colors-1-9x12.webp 9w, https:\/\/www.ceramicbasin.com\/wp-content\/uploads\/2025\/01\/Wholesale-glass-wash-basincountertop-basin-with-various-colors-1-285x391.webp 285w, https:\/\/www.ceramicbasin.com\/wp-content\/uploads\/2025\/01\/Wholesale-glass-wash-basincountertop-basin-with-various-colors-1-481x660.webp 481w, https:\/\/www.ceramicbasin.com\/wp-content\/uploads\/2025\/01\/Wholesale-glass-wash-basincountertop-basin-with-various-colors-1-109x150.webp 109w\" sizes=\"(max-width: 484px) 100vw, 484px\" \/><\/figure>\n<\/div>\n<\/div>\n\n\n\n<p><\/p>","protected":false},"excerpt":{"rendered":"<p>Bienvenido a comprar lavabos de ba\u00f1o al por mayor. La textura \u00fanica de corte de diamante de nuestros lavabos de cristal al por mayor refleja la luz deslumbrante y la sombra bajo la luz, mostrando un lujo de gama alta. Una variedad de opciones de color est\u00e1n disponibles para adaptarse a diferentes estilos de decoraci\u00f3n de ba\u00f1o.<\/p>\n<table style=\"border-collapse: collapse; width: 358.52pt;\" border=\"0\" width=\"478\" cellspacing=\"0\" cellpadding=\"0\">\n<tbody>\n<tr style=\"height: 17.25pt;\">\n<td class=\"et3\" style=\"height: 17.25pt; width: 125.00pt;\" width=\"166\" height=\"23\">Fabricante<\/td>\n<td class=\"et3\" style=\"width: 234.15pt;\" width=\"312\">HanYu<\/td>\n<\/tr>\n<tr style=\"height: 17.25pt;\">\n<td class=\"et3\" style=\"height: 17.25pt;\" height=\"23\">N\u00ba de modelo<\/td>\n<td class=\"et4\">HY-TY310A<\/td>\n<\/tr>\n<tr style=\"height: 17.25pt;\">\n<td class=\"et3\" style=\"height: 17.25pt;\" height=\"23\">Tipo<\/td>\n<td class=\"et5\" style=\"width: 234.15pt;\" width=\"312\">Lavabo de cristal<\/td>\n<\/tr>\n<tr style=\"height: 18.00pt;\">\n<td class=\"et3\" style=\"height: 18.00pt;\" height=\"24\">Forma<\/td>\n<td class=\"et3\">Forma redonda<\/td>\n<\/tr>\n<tr style=\"height: 34.50pt;\">\n<td class=\"et4\" style=\"height: 34.50pt;\" height=\"46\">Color<\/td>\n<td class=\"et5\" style=\"width: 234.15pt;\" width=\"312\">negro\/blanco\/azul\/gris\/rosa\/verde\/marr\u00f3n\/caqui<\/td>\n<\/tr>\n<tr style=\"height: 18.00pt;\">\n<td class=\"et3\" style=\"height: 18.00pt;\" height=\"24\">Dimensi\u00f3n<\/td>\n<td class=\"et5\" style=\"width: 234.15pt;\" width=\"312\">34*34*17.5<\/td>\n<\/tr>\n<tr style=\"height: 17.25pt;\">\n<td class=\"et3\" style=\"height: 17.25pt;\" height=\"23\">N.W \/SET<\/td>\n<td class=\"et3\">4KGS\/PCS<\/td>\n<\/tr>\n<tr style=\"height: 17.25pt;\">\n<td class=\"et3\" style=\"height: 17.25pt;\" height=\"23\">MOQ<\/td>\n<td class=\"et3\">20 piezas<\/td>\n<\/tr>\n<tr style=\"height: 17.25pt;\">\n<td class=\"et3\" style=\"height: 17.25pt;\" height=\"23\">Opci\u00f3n personalizada<\/td>\n<td class=\"et3\">Color\/Patr\u00f3n\/Tama\u00f1o\/Logotipo\/Embalaje<\/td>\n<\/tr>\n<\/tbody>\n<\/table>","protected":false},"featured_media":6116,"comment_status":"closed","ping_status":"closed","template":"","meta":{"_acf_changed":false},"product_brand":[],"product_cat":[52],"product_tag":[],"class_list":{"0":"post-6111","1":"product","2":"type-product","3":"status-publish","4":"has-post-thumbnail","6":"product_cat-wholesale-glass-vessel-sinks","8":"first","9":"instock","10":"shipping-taxable","11":"product-type-simple"},"acf":[],"_links":{"self":[{"href":"https:\/\/www.ceramicbasin.com\/es\/wp-json\/wp\/v2\/product\/6111","targetHints":{"allow":["GET"]}}],"collection":[{"href":"https:\/\/www.ceramicbasin.com\/es\/wp-json\/wp\/v2\/product"}],"about":[{"href":"https:\/\/www.ceramicbasin.com\/es\/wp-json\/wp\/v2\/types\/product"}],"replies":[{"embeddable":true,"href":"https:\/\/www.ceramicbasin.com\/es\/wp-json\/wp\/v2\/comments?post=6111"}],"wp:featuredmedia":[{"embeddable":true,"href":"https:\/\/www.ceramicbasin.com\/es\/wp-json\/wp\/v2\/media\/6116"}],"wp:attachment":[{"href":"https:\/\/www.ceramicbasin.com\/es\/wp-json\/wp\/v2\/media?parent=6111"}],"wp:term":[{"taxonomy":"product_brand","embeddable":true,"href":"https:\/\/www.ceramicbasin.com\/es\/wp-json\/wp\/v2\/product_brand?post=6111"},{"taxonomy":"product_cat","embeddable":true,"href":"https:\/\/www.ceramicbasin.com\/es\/wp-json\/wp\/v2\/product_cat?post=6111"},{"taxonomy":"product_tag","embeddable":true,"href":"https:\/\/www.ceramicbasin.com\/es\/wp-json\/wp\/v2\/product_tag?post=6111"}],"curies":[{"name":"wp","href":"https:\/\/api.w.org\/{rel}","templated":true}]}}