{"id":6141,"date":"2025-01-21T08:44:28","date_gmt":"2025-01-21T08:44:28","guid":{"rendered":"https:\/\/www.ceramicbasin.com\/?post_type=product&#038;p=6141"},"modified":"2025-01-21T08:44:29","modified_gmt":"2025-01-21T08:44:29","slug":"wholesale-glass-sink","status":"publish","type":"product","link":"https:\/\/www.ceramicbasin.com\/es\/producto\/wholesale-glass-sink\/","title":{"rendered":"Fregadero de Vidrio de Dise\u00f1o Moderno al por Mayor, Vasija Redonda de Vidrio"},"content":{"rendered":"<div class=\"wp-block-columns is-layout-flex wp-container-core-columns-is-layout-9d6595d7 wp-block-columns-is-layout-flex\">\n<div class=\"wp-block-column is-layout-flow wp-block-column-is-layout-flow\">\n<h2 class=\"wp-block-heading\">Fregadero de cristal al por mayor de primera calidad Caracter\u00edsticas:<\/h2>\n\n\n\n<ul class=\"wp-block-list\">\n<li><strong>Dise\u00f1o de moda:\u00a0<\/strong>Nuestra f\u00e1brica suministra al por mayor lavabo de cristal con dise\u00f1o moderno y de moda, l\u00edneas suaves, adecuado para varios dise\u00f1os de ba\u00f1o, y mejora la belleza general y el grado del espacio.<\/li>\n\n\n\n<li><strong>Material de vidrio de alta calidad:\u00a0<\/strong>Este recipiente de vidrio al por mayor est\u00e1 hecho de vidrio de alta calidad con alta transparencia y textura delicada, tiene un excelente efecto visual y sentido moderno, garantizando la durabilidad y la belleza del producto.<\/li>\n\n\n\n<li><strong>F\u00e1cil de limpiar:\u00a0<\/strong>Este fregadero de cristal al por mayor viene con una superficie lisa contra la cual las manchas y el moho tienen poca adherencia, por lo tanto haciendo el trabajo de limpieza bastante simple y manteniendo la higiene y la pulcritud en el uso diario.<\/li>\n\n\n\n<li><strong>M\u00faltiples opciones de color:\u00a0<\/strong>Nuestro recipiente de vidrio al por mayor ofrece una amplia gama de opciones de color, desde el cl\u00e1sico transparente a los colores de moda, cumple con diferentes estilos de decoraci\u00f3n y preferencias personales con su color \u00fanico y el car\u00e1cter en la adici\u00f3n de color al cuarto de ba\u00f1o.<\/li>\n<\/ul>\n<\/div>\n\n\n\n<div class=\"wp-block-column is-layout-flow wp-block-column-is-layout-flow\">\n<figure class=\"wp-block-image size-full\"><img fetchpriority=\"high\" decoding=\"async\" width=\"750\" height=\"793\" src=\"https:\/\/www.ceramicbasin.com\/wp-content\/uploads\/2025\/01\/Modern-design-round-shape-glass-basin-sinks-supplier-3.webp\" alt=\"Fregadero de Vidrio de Dise\u00f1o Moderno al por Mayor, Vaso de Vidrio Redondo-1\" class=\"wp-image-6132\" srcset=\"https:\/\/www.ceramicbasin.com\/wp-content\/uploads\/2025\/01\/Modern-design-round-shape-glass-basin-sinks-supplier-3.webp 750w, https:\/\/www.ceramicbasin.com\/wp-content\/uploads\/2025\/01\/Modern-design-round-shape-glass-basin-sinks-supplier-3-284x300.webp 284w, https:\/\/www.ceramicbasin.com\/wp-content\/uploads\/2025\/01\/Modern-design-round-shape-glass-basin-sinks-supplier-3-11x12.webp 11w, https:\/\/www.ceramicbasin.com\/wp-content\/uploads\/2025\/01\/Modern-design-round-shape-glass-basin-sinks-supplier-3-285x301.webp 285w, https:\/\/www.ceramicbasin.com\/wp-content\/uploads\/2025\/01\/Modern-design-round-shape-glass-basin-sinks-supplier-3-624x660.webp 624w, https:\/\/www.ceramicbasin.com\/wp-content\/uploads\/2025\/01\/Modern-design-round-shape-glass-basin-sinks-supplier-3-142x150.webp 142w\" sizes=\"(max-width: 750px) 100vw, 750px\" \/><\/figure>\n<\/div>\n<\/div>","protected":false},"excerpt":{"rendered":"<p>Bienvenido a comprar lavabos de cristal al por mayor. Nuestro recipiente de vidrio al por mayor ofrece una amplia gama de opciones de color, desde el cl\u00e1sico transparente a los colores de moda, para satisfacer diferentes estilos de decoraci\u00f3n y preferencias personales, a\u00f1adiendo colores \u00fanicos y personalidad al cuarto de ba\u00f1o. Bienvenido a la compra y fregadero de cristal personalizado.<\/p>\n<table style=\"border-collapse: collapse; width: 358.52pt;\" border=\"0\" width=\"478\" cellspacing=\"0\" cellpadding=\"0\">\n<tbody>\n<tr style=\"height: 17.25pt;\">\n<td class=\"et3\" style=\"height: 17.25pt; width: 125.00pt;\" width=\"166\" height=\"23\">Fabricante<\/td>\n<td class=\"et3\" style=\"width: 234.15pt;\" width=\"312\">HanYu<\/td>\n<\/tr>\n<tr style=\"height: 17.25pt;\">\n<td class=\"et3\" style=\"height: 17.25pt;\" height=\"23\">N\u00ba de modelo<\/td>\n<td class=\"et4\">HY-7016<\/td>\n<\/tr>\n<tr style=\"height: 17.25pt;\">\n<td class=\"et3\" style=\"height: 17.25pt;\" height=\"23\">Tipo<\/td>\n<td class=\"et5\" style=\"width: 234.15pt;\" width=\"312\">Lavabo de cristal<\/td>\n<\/tr>\n<tr style=\"height: 18.00pt;\">\n<td class=\"et3\" style=\"height: 18.00pt;\" height=\"24\">Forma<\/td>\n<td class=\"et3\">Forma redonda<\/td>\n<\/tr>\n<tr style=\"height: 34.50pt;\">\n<td class=\"et4\" style=\"height: 34.50pt;\" height=\"46\">Color<\/td>\n<td class=\"et5\" style=\"width: 234.15pt;\" width=\"312\">negro\/blanco\/azul\/gris\/rosa\/verde\/marr\u00f3n\/caqui<\/td>\n<\/tr>\n<tr style=\"height: 18.00pt;\">\n<td class=\"et3\" style=\"height: 18.00pt;\" height=\"24\">Dimensi\u00f3n<\/td>\n<td class=\"et5\" style=\"width: 234.15pt;\" width=\"312\">36*36*11.2\/40*40*12<\/td>\n<\/tr>\n<tr style=\"height: 17.25pt;\">\n<td class=\"et3\" style=\"height: 17.25pt;\" height=\"23\">N.W \/SET<\/td>\n<td class=\"et3\">8KGS\/PCS<\/td>\n<\/tr>\n<tr style=\"height: 17.25pt;\">\n<td class=\"et3\" style=\"height: 17.25pt;\" height=\"23\">MOQ<\/td>\n<td class=\"et3\">20 piezas<\/td>\n<\/tr>\n<tr style=\"height: 17.25pt;\">\n<td class=\"et3\" style=\"height: 17.25pt;\" height=\"23\">Opci\u00f3n personalizada<\/td>\n<td class=\"et3\">Color\/Patr\u00f3n\/Tama\u00f1o\/Logotipo\/Embalaje<\/td>\n<\/tr>\n<\/tbody>\n<\/table>","protected":false},"featured_media":6137,"comment_status":"closed","ping_status":"closed","template":"","meta":{"_acf_changed":false},"product_brand":[],"product_cat":[52],"product_tag":[],"class_list":{"0":"post-6141","1":"product","2":"type-product","3":"status-publish","4":"has-post-thumbnail","6":"product_cat-wholesale-glass-vessel-sinks","8":"first","9":"instock","10":"shipping-taxable","11":"product-type-simple"},"acf":[],"_links":{"self":[{"href":"https:\/\/www.ceramicbasin.com\/es\/wp-json\/wp\/v2\/product\/6141","targetHints":{"allow":["GET"]}}],"collection":[{"href":"https:\/\/www.ceramicbasin.com\/es\/wp-json\/wp\/v2\/product"}],"about":[{"href":"https:\/\/www.ceramicbasin.com\/es\/wp-json\/wp\/v2\/types\/product"}],"replies":[{"embeddable":true,"href":"https:\/\/www.ceramicbasin.com\/es\/wp-json\/wp\/v2\/comments?post=6141"}],"wp:featuredmedia":[{"embeddable":true,"href":"https:\/\/www.ceramicbasin.com\/es\/wp-json\/wp\/v2\/media\/6137"}],"wp:attachment":[{"href":"https:\/\/www.ceramicbasin.com\/es\/wp-json\/wp\/v2\/media?parent=6141"}],"wp:term":[{"taxonomy":"product_brand","embeddable":true,"href":"https:\/\/www.ceramicbasin.com\/es\/wp-json\/wp\/v2\/product_brand?post=6141"},{"taxonomy":"product_cat","embeddable":true,"href":"https:\/\/www.ceramicbasin.com\/es\/wp-json\/wp\/v2\/product_cat?post=6141"},{"taxonomy":"product_tag","embeddable":true,"href":"https:\/\/www.ceramicbasin.com\/es\/wp-json\/wp\/v2\/product_tag?post=6141"}],"curies":[{"name":"wp","href":"https:\/\/api.w.org\/{rel}","templated":true}]}}