{"id":6142,"date":"2025-01-21T08:34:04","date_gmt":"2025-01-21T08:34:04","guid":{"rendered":"https:\/\/www.ceramicbasin.com\/?post_type=product&#038;p=6142"},"modified":"2025-01-21T08:34:15","modified_gmt":"2025-01-21T08:34:15","slug":"wholesale-glass-bowl-sink","status":"publish","type":"product","link":"https:\/\/www.ceramicbasin.com\/es\/producto\/wholesale-glass-bowl-sink\/","title":{"rendered":"Moda al por mayor de vidrio cuenco fregadero, color personalizado Vessel Fregaderos"},"content":{"rendered":"<div class=\"wp-block-columns is-layout-flex wp-container-core-columns-is-layout-9d6595d7 wp-block-columns-is-layout-flex\">\n<div class=\"wp-block-column is-layout-flow wp-block-column-is-layout-flow\">\n<h2 class=\"wp-block-heading\">Premium al por mayor de vidrio cuenco fregadero Caracter\u00edsticas:<\/h2>\n\n\n\n<ul class=\"wp-block-list\">\n<li><strong>Material exquisito:\u00a0<\/strong>Este fregadero de cristal al por mayor est\u00e1 hecho de material de vidrio de alta calidad tiene alta transparencia, brillo brillante, y da el efecto visual \u00fanico y sensaci\u00f3n moderna.<\/li>\n\n\n\n<li><strong>M\u00faltiples opciones de color:\u00a0<\/strong>Nuestros lavabos de cristal al por mayor ofrecen una gran variedad de colores que pueden complementar y combinar con la mayor\u00eda de la decoraci\u00f3n y el estilo de interiores, junto con las preferencias de gusto personal, aportando vitalidad e identidad a un cuarto de ba\u00f1o.<\/li>\n\n\n\n<li><strong>Servicio personalizado:\u00a0<\/strong>Apoye los fregaderos de recipiente personalizados, satisfaga con flexibilidad las necesidades especiales de los clientes. Ya se trate de tama\u00f1o, forma o color, la personalizaci\u00f3n se puede hacer de acuerdo a sus necesidades.<\/li>\n\n\n\n<li><strong>F\u00e1cil de limpiar:\u00a0<\/strong>La suave superficie de cristal de nuestros fregaderos de cristal a medida es resistente a las manchas y al moho, y es f\u00e1cil de limpiar y mantener, garantizando la higiene y el orden en el uso diario. Bienvenido a comprar y fregadero de cristal personalizado.<\/li>\n<\/ul>\n<\/div>\n\n\n\n<div class=\"wp-block-column is-layout-flow wp-block-column-is-layout-flow\">\n<figure class=\"wp-block-image size-full\"><img fetchpriority=\"high\" decoding=\"async\" width=\"562\" height=\"677\" src=\"https:\/\/www.ceramicbasin.com\/wp-content\/uploads\/2025\/01\/Fashion-design-glass-wash-basin-wholesale-price-with-colors-9.webp\" alt=\"Moda al por mayor de vidrio cuenco fregadero, color personalizado Vessel Fregaderos-1\" class=\"wp-image-6129\" srcset=\"https:\/\/www.ceramicbasin.com\/wp-content\/uploads\/2025\/01\/Fashion-design-glass-wash-basin-wholesale-price-with-colors-9.webp 562w, https:\/\/www.ceramicbasin.com\/wp-content\/uploads\/2025\/01\/Fashion-design-glass-wash-basin-wholesale-price-with-colors-9-249x300.webp 249w, https:\/\/www.ceramicbasin.com\/wp-content\/uploads\/2025\/01\/Fashion-design-glass-wash-basin-wholesale-price-with-colors-9-10x12.webp 10w, https:\/\/www.ceramicbasin.com\/wp-content\/uploads\/2025\/01\/Fashion-design-glass-wash-basin-wholesale-price-with-colors-9-285x343.webp 285w, https:\/\/www.ceramicbasin.com\/wp-content\/uploads\/2025\/01\/Fashion-design-glass-wash-basin-wholesale-price-with-colors-9-548x660.webp 548w, https:\/\/www.ceramicbasin.com\/wp-content\/uploads\/2025\/01\/Fashion-design-glass-wash-basin-wholesale-price-with-colors-9-125x150.webp 125w\" sizes=\"(max-width: 562px) 100vw, 562px\" \/><\/figure>\n<\/div>\n<\/div>\n\n\n\n<p><\/p>","protected":false},"excerpt":{"rendered":"<p>Bienvenido a los fregaderos de cristal al por mayor. Este fregadero de cristal de dise\u00f1o de moda al por mayor est\u00e1 hecho de material de vidrio de alta calidad, con alta transparencia y brillo brillante, mostrando un efecto visual \u00fanico y sentido moderno. La suave superficie de cristal es resistente a las manchas y al moho, y es f\u00e1cil de limpiar y mantener, garantizando la higiene y el orden en el uso diario. Bienvenido a la compra y fregadero de cristal personalizado.<\/p>\n<table style=\"border-collapse: collapse; width: 358.52pt;\" border=\"0\" width=\"478\" cellspacing=\"0\" cellpadding=\"0\">\n<tbody>\n<tr style=\"height: 17.25pt;\">\n<td class=\"et3\" style=\"height: 17.25pt; width: 125.00pt;\" width=\"166\" height=\"23\">Fabricante<\/td>\n<td class=\"et3\" style=\"width: 234.15pt;\" width=\"312\">HanYu<\/td>\n<\/tr>\n<tr style=\"height: 17.25pt;\">\n<td class=\"et3\" style=\"height: 17.25pt;\" height=\"23\">N\u00ba de modelo<\/td>\n<td class=\"et4\">HY-GL35<\/td>\n<\/tr>\n<tr style=\"height: 17.25pt;\">\n<td class=\"et3\" style=\"height: 17.25pt;\" height=\"23\">Tipo<\/td>\n<td class=\"et5\" style=\"width: 234.15pt;\" width=\"312\">Lavabo de cristal<\/td>\n<\/tr>\n<tr style=\"height: 18.00pt;\">\n<td class=\"et3\" style=\"height: 18.00pt;\" height=\"24\">Forma<\/td>\n<td class=\"et3\">Forma ovalada<\/td>\n<\/tr>\n<tr style=\"height: 34.50pt;\">\n<td class=\"et4\" style=\"height: 34.50pt;\" height=\"46\">Color<\/td>\n<td class=\"et5\" style=\"width: 234.15pt;\" width=\"312\">negro\/blanco\/azul\/gris\/rosa\/verde\/marr\u00f3n\/caqui<\/td>\n<\/tr>\n<tr style=\"height: 18.00pt;\">\n<td class=\"et3\" style=\"height: 18.00pt;\" height=\"24\">Dimensi\u00f3n<\/td>\n<td class=\"et5\" style=\"width: 234.15pt;\" width=\"312\">50*37.5*14<\/td>\n<\/tr>\n<tr style=\"height: 17.25pt;\">\n<td class=\"et3\" style=\"height: 17.25pt;\" height=\"23\">N.W \/SET<\/td>\n<td class=\"et3\">9KGS\/PCS<\/td>\n<\/tr>\n<tr style=\"height: 17.25pt;\">\n<td class=\"et3\" style=\"height: 17.25pt;\" height=\"23\">MOQ<\/td>\n<td class=\"et3\">20 piezas<\/td>\n<\/tr>\n<tr style=\"height: 17.25pt;\">\n<td class=\"et3\" style=\"height: 17.25pt;\" height=\"23\">Opci\u00f3n personalizada<\/td>\n<td class=\"et3\">Color\/Patr\u00f3n\/Tama\u00f1o\/Logotipo\/Embalaje<\/td>\n<\/tr>\n<\/tbody>\n<\/table>","protected":false},"featured_media":6122,"comment_status":"closed","ping_status":"closed","template":"","meta":{"_acf_changed":false},"product_brand":[],"product_cat":[52],"product_tag":[],"class_list":{"0":"post-6142","1":"product","2":"type-product","3":"status-publish","4":"has-post-thumbnail","6":"product_cat-wholesale-glass-vessel-sinks","8":"first","9":"instock","10":"shipping-taxable","11":"product-type-simple"},"acf":[],"_links":{"self":[{"href":"https:\/\/www.ceramicbasin.com\/es\/wp-json\/wp\/v2\/product\/6142","targetHints":{"allow":["GET"]}}],"collection":[{"href":"https:\/\/www.ceramicbasin.com\/es\/wp-json\/wp\/v2\/product"}],"about":[{"href":"https:\/\/www.ceramicbasin.com\/es\/wp-json\/wp\/v2\/types\/product"}],"replies":[{"embeddable":true,"href":"https:\/\/www.ceramicbasin.com\/es\/wp-json\/wp\/v2\/comments?post=6142"}],"wp:featuredmedia":[{"embeddable":true,"href":"https:\/\/www.ceramicbasin.com\/es\/wp-json\/wp\/v2\/media\/6122"}],"wp:attachment":[{"href":"https:\/\/www.ceramicbasin.com\/es\/wp-json\/wp\/v2\/media?parent=6142"}],"wp:term":[{"taxonomy":"product_brand","embeddable":true,"href":"https:\/\/www.ceramicbasin.com\/es\/wp-json\/wp\/v2\/product_brand?post=6142"},{"taxonomy":"product_cat","embeddable":true,"href":"https:\/\/www.ceramicbasin.com\/es\/wp-json\/wp\/v2\/product_cat?post=6142"},{"taxonomy":"product_tag","embeddable":true,"href":"https:\/\/www.ceramicbasin.com\/es\/wp-json\/wp\/v2\/product_tag?post=6142"}],"curies":[{"name":"wp","href":"https:\/\/api.w.org\/{rel}","templated":true}]}}