{"id":6157,"date":"2025-01-22T05:31:54","date_gmt":"2025-01-22T05:31:54","guid":{"rendered":"https:\/\/www.ceramicbasin.com\/?post_type=product&#038;p=6157"},"modified":"2025-02-05T09:50:50","modified_gmt":"2025-02-05T09:50:50","slug":"custom-small-vanity-sink","status":"publish","type":"product","link":"https:\/\/www.ceramicbasin.com\/es\/producto\/custom-small-vanity-sink\/","title":{"rendered":"Fregadero de tocador peque\u00f1o a medida, lavabo de pared para ba\u00f1o al por mayor"},"content":{"rendered":"<div class=\"wp-block-columns is-layout-flex wp-container-core-columns-is-layout-9d6595d7 wp-block-columns-is-layout-flex\">\n<div class=\"wp-block-column is-layout-flow wp-block-column-is-layout-flow\">\n<h2 class=\"wp-block-heading\">Caracter\u00edsticas de los lavabos peque\u00f1os a medida Premium<\/h2>\n\n\n\n<ul class=\"wp-block-list\">\n<li><strong>Dise\u00f1o que ahorra espacio:<\/strong> Las dimensiones compactas y el dise\u00f1o de montaje en pared hacen que el lavabo mural de ba\u00f1o al por mayor sea ideal para cuartos de ba\u00f1o peque\u00f1os o tocadores en zonas donde es dif\u00edcil disponer de mucho espacio libre.<\/li>\n\n\n\n<li><strong>Material cer\u00e1mico de alta calidad: <\/strong>Nuestro fregadero de lavabo peque\u00f1o a medida est\u00e1 fabricado en cer\u00e1mica cocida a alta temperatura. El resultado es una superficie lisa y f\u00e1cil de limpiar, resistente a las manchas y duradera para mantener su belleza incluso tras un uso prolongado.<\/li>\n\n\n\n<li><strong>Est\u00e9tica moderna y sencilla: <\/strong>El dise\u00f1o aerodin\u00e1mico y el aspecto elegante de este lavabo colgado de la pared del ba\u00f1o al por mayor se pueden integrar f\u00e1cilmente en una variedad de estilos de ba\u00f1o para mejorar el estilo general del espacio.<\/li>\n\n\n\n<li><strong>Servicios de venta al por mayor y personalizaci\u00f3n:<\/strong> Ofrecemos suministro a granel y opciones de personalizaci\u00f3n para lavabos de tocador peque\u00f1os personalizados, que admiten la impresi\u00f3n del logotipo de la marca, la selecci\u00f3n de tama\u00f1os y colores para satisfacer proyectos comerciales y necesidades minoristas.<\/li>\n<\/ul>\n<\/div>\n\n\n\n<div class=\"wp-block-column is-layout-flow wp-block-column-is-layout-flow\">\n<figure class=\"wp-block-image size-full\"><img fetchpriority=\"high\" decoding=\"async\" width=\"800\" height=\"800\" src=\"https:\/\/www.ceramicbasin.com\/wp-content\/uploads\/2025\/01\/small-bathroom-sinkswall-mount-bathroom-sinkmounted-bathroom-sink6.webp\" alt=\"Fregadero Personalizado Peque\u00f1o, Lavabo Colgado de la Pared del Ba\u00f1o al por Mayor-1\" class=\"wp-image-6163\" srcset=\"https:\/\/www.ceramicbasin.com\/wp-content\/uploads\/2025\/01\/small-bathroom-sinkswall-mount-bathroom-sinkmounted-bathroom-sink6.webp 800w, https:\/\/www.ceramicbasin.com\/wp-content\/uploads\/2025\/01\/small-bathroom-sinkswall-mount-bathroom-sinkmounted-bathroom-sink6-300x300.webp 300w, https:\/\/www.ceramicbasin.com\/wp-content\/uploads\/2025\/01\/small-bathroom-sinkswall-mount-bathroom-sinkmounted-bathroom-sink6-150x150.webp 150w, https:\/\/www.ceramicbasin.com\/wp-content\/uploads\/2025\/01\/small-bathroom-sinkswall-mount-bathroom-sinkmounted-bathroom-sink6-768x768.webp 768w, https:\/\/www.ceramicbasin.com\/wp-content\/uploads\/2025\/01\/small-bathroom-sinkswall-mount-bathroom-sinkmounted-bathroom-sink6-12x12.webp 12w, https:\/\/www.ceramicbasin.com\/wp-content\/uploads\/2025\/01\/small-bathroom-sinkswall-mount-bathroom-sinkmounted-bathroom-sink6-285x285.webp 285w, https:\/\/www.ceramicbasin.com\/wp-content\/uploads\/2025\/01\/small-bathroom-sinkswall-mount-bathroom-sinkmounted-bathroom-sink6-270x270.webp 270w, https:\/\/www.ceramicbasin.com\/wp-content\/uploads\/2025\/01\/small-bathroom-sinkswall-mount-bathroom-sinkmounted-bathroom-sink6-540x540.webp 540w, https:\/\/www.ceramicbasin.com\/wp-content\/uploads\/2025\/01\/small-bathroom-sinkswall-mount-bathroom-sinkmounted-bathroom-sink6-660x660.webp 660w\" sizes=\"(max-width: 800px) 100vw, 800px\" \/><\/figure>\n<\/div>\n<\/div>\n\n\n\n<p><\/p>","protected":false},"excerpt":{"rendered":"<p>Bienvenido a pedir lavabo de tocador peque\u00f1o personalizado. Nuestro lavabo de ba\u00f1o colgado de la pared al por mayor est\u00e1 dise\u00f1ado con el ahorro de espacio como n\u00facleo, hecho de cer\u00e1mica de alta calidad, y tiene una est\u00e9tica moderna y sencilla. Su m\u00e9todo de instalaci\u00f3n montado en la pared no s\u00f3lo es adecuado para ba\u00f1os peque\u00f1os, sino que tambi\u00e9n puede satisfacer las necesidades comerciales y personalizadas a trav\u00e9s de la venta al por mayor y servicios de personalizaci\u00f3n.<\/p>\n<table style=\"border-collapse: collapse; width: 358.52pt;\" border=\"0\" width=\"478\" cellspacing=\"0\" cellpadding=\"0\">\n<tbody>\n<tr style=\"height: 17.25pt;\">\n<td class=\"et3\" style=\"height: 17.25pt; width: 125.00pt;\" width=\"166\" height=\"23\">Fabricante<\/td>\n<td class=\"et3\" style=\"width: 234.15pt;\" width=\"312\">HanYu<\/td>\n<\/tr>\n<tr style=\"height: 17.25pt;\">\n<td class=\"et3\" style=\"height: 17.25pt;\" height=\"23\">N\u00ba de modelo<\/td>\n<td class=\"et4\">HY-3128R<\/td>\n<\/tr>\n<tr style=\"height: 17.25pt;\">\n<td class=\"et3\" style=\"height: 17.25pt;\" height=\"23\">Tipo<\/td>\n<td class=\"et5\" style=\"width: 234.15pt;\" width=\"312\">Lavabos de pared\uff0cPeque\u00f1os lavabos de ba\u00f1o<\/td>\n<\/tr>\n<tr style=\"height: 18.00pt;\">\n<td class=\"et3\" style=\"height: 18.00pt;\" height=\"24\">Forma<\/td>\n<td class=\"et3\">Forma cuadrada<\/td>\n<\/tr>\n<tr style=\"height: 34.50pt;\">\n<td class=\"et4\" style=\"height: 34.50pt;\" height=\"46\">Color<\/td>\n<td class=\"et5\" style=\"width: 234.15pt;\" width=\"312\">negro\/blanco\/azul\/gris\/rosa\/verde\/marr\u00f3n\/caqui<\/td>\n<\/tr>\n<tr style=\"height: 18.00pt;\">\n<td class=\"et3\" style=\"height: 18.00pt;\" height=\"24\">Dimensi\u00f3n<\/td>\n<td class=\"et5\" style=\"width: 234.15pt;\" width=\"312\">40*22*12<\/td>\n<\/tr>\n<tr style=\"height: 17.25pt;\">\n<td class=\"et3\" style=\"height: 17.25pt;\" height=\"23\">N.W \/SET<\/td>\n<td class=\"et3\">8KGS\/PCS<\/td>\n<\/tr>\n<tr style=\"height: 17.25pt;\">\n<td class=\"et3\" style=\"height: 17.25pt;\" height=\"23\">MOQ<\/td>\n<td class=\"et3\">20 piezas<\/td>\n<\/tr>\n<tr style=\"height: 17.25pt;\">\n<td class=\"et3\" style=\"height: 17.25pt;\" height=\"23\">Opci\u00f3n personalizada<\/td>\n<td class=\"et3\">Color\/Patr\u00f3n\/Tama\u00f1o\/Logotipo\/Embalaje<\/td>\n<\/tr>\n<\/tbody>\n<\/table>","protected":false},"featured_media":6161,"comment_status":"closed","ping_status":"closed","template":"","meta":{"_acf_changed":false},"product_brand":[],"product_cat":[57,56],"product_tag":[],"class_list":{"0":"post-6157","1":"product","2":"type-product","3":"status-publish","4":"has-post-thumbnail","6":"product_cat-wholesale-wall-mounted-sinks","7":"product_cat-wholesale-small-bathroom-sinks","9":"first","10":"instock","11":"shipping-taxable","12":"product-type-simple"},"acf":[],"_links":{"self":[{"href":"https:\/\/www.ceramicbasin.com\/es\/wp-json\/wp\/v2\/product\/6157","targetHints":{"allow":["GET"]}}],"collection":[{"href":"https:\/\/www.ceramicbasin.com\/es\/wp-json\/wp\/v2\/product"}],"about":[{"href":"https:\/\/www.ceramicbasin.com\/es\/wp-json\/wp\/v2\/types\/product"}],"replies":[{"embeddable":true,"href":"https:\/\/www.ceramicbasin.com\/es\/wp-json\/wp\/v2\/comments?post=6157"}],"wp:featuredmedia":[{"embeddable":true,"href":"https:\/\/www.ceramicbasin.com\/es\/wp-json\/wp\/v2\/media\/6161"}],"wp:attachment":[{"href":"https:\/\/www.ceramicbasin.com\/es\/wp-json\/wp\/v2\/media?parent=6157"}],"wp:term":[{"taxonomy":"product_brand","embeddable":true,"href":"https:\/\/www.ceramicbasin.com\/es\/wp-json\/wp\/v2\/product_brand?post=6157"},{"taxonomy":"product_cat","embeddable":true,"href":"https:\/\/www.ceramicbasin.com\/es\/wp-json\/wp\/v2\/product_cat?post=6157"},{"taxonomy":"product_tag","embeddable":true,"href":"https:\/\/www.ceramicbasin.com\/es\/wp-json\/wp\/v2\/product_tag?post=6157"}],"curies":[{"name":"wp","href":"https:\/\/api.w.org\/{rel}","templated":true}]}}