{"id":6171,"date":"2025-01-22T05:46:41","date_gmt":"2025-01-22T05:46:41","guid":{"rendered":"https:\/\/www.ceramicbasin.com\/?post_type=product&#038;p=6171"},"modified":"2025-02-07T07:20:34","modified_gmt":"2025-02-07T07:20:34","slug":"above-counter-vessel-sinks-wholesale","status":"publish","type":"product","link":"https:\/\/www.ceramicbasin.com\/es\/producto\/above-counter-vessel-sinks-wholesale\/","title":{"rendered":"Fregaderos De Cer\u00e1mica Marr\u00f3n Mate Sobre Encimera Al Por Mayor Para Cuarto De Ba\u00f1o"},"content":{"rendered":"<div class=\"wp-block-columns is-layout-flex wp-container-core-columns-is-layout-9d6595d7 wp-block-columns-is-layout-flex\">\n<div class=\"wp-block-column is-layout-flow wp-block-column-is-layout-flow\">\n<h2 class=\"wp-block-heading\">Premium Sobre el Mostrador Fregaderos Vessel Caracter\u00edsticas al por mayor:<\/h2>\n\n\n\n<ul class=\"wp-block-list\">\n<li><strong>Textura marr\u00f3n mate, lujo discreto: <\/strong>Nuestros lavabos sobre encimera al por mayor adoptan un exclusivo esmalte marr\u00f3n mate de textura delicada y no reflectante, que presenta un efecto visual discreto y lujoso, perfectamente adecuado para el dise\u00f1o de cuartos de ba\u00f1o de estilo moderno, industrial o retro.<\/li>\n\n\n\n<li><strong>Dise\u00f1o de instalaci\u00f3n sobre encimera, sencillo y elegante:<\/strong> Nuestros lavabos de ba\u00f1o de cer\u00e1mica al por mayor est\u00e1n fabricados con materiales cer\u00e1micos de alta calidad que se queman a altas temperaturas y tienen una excelente resistencia a las manchas y los ara\u00f1azos. Las manchas de agua y las manchas apenas aparecen. La limpieza diaria es f\u00e1cil y sencilla. Despu\u00e9s de un largo tiempo de uso, puede permanecer brillante y limpio.<\/li>\n\n\n\n<li><strong>Material cer\u00e1mico de alta calidad, resistente a manchas y ara\u00f1azos: <\/strong>Estos fregaderos sobre encimera al por mayor est\u00e1n fabricados con cer\u00e1mica de alta calidad, resistente a las manchas y los ara\u00f1azos, cocida a alta temperatura. Las manchas o ara\u00f1azos son bastante resistentes, y apenas pueden quedar manchas de agua o de otro tipo. La limpieza en la vida diaria es simple y f\u00e1cil, y puede permanecer brillante y limpio despu\u00e9s de un largo tiempo de servicio.<\/li>\n\n\n\n<li><strong>Lavabo de gran capacidad, pr\u00e1ctico y c\u00f3modo: <\/strong>Estos lavabos de cer\u00e1mica al por mayor para cuartos de ba\u00f1o est\u00e1n dise\u00f1ados con una profundidad moderada en la cubeta para disponer de suficiente espacio de lavado sin provocar salpicaduras y garantizar la comodidad durante el uso diario.<\/li>\n<\/ul>\n<\/div>\n\n\n\n<div class=\"wp-block-column is-layout-flow wp-block-column-is-layout-flow\">\n<figure class=\"wp-block-image size-full\"><img fetchpriority=\"high\" decoding=\"async\" width=\"827\" height=\"1225\" src=\"https:\/\/www.ceramicbasin.com\/wp-content\/uploads\/2025\/01\/Matte-Vanity-basin-6.jpg\" alt=\"Fregaderos De Cer\u00e1mica Marr\u00f3n Mate Sobre Encimera Al Por Mayor Para Cuarto De Ba\u00f1o-1\" class=\"wp-image-6179\" srcset=\"https:\/\/www.ceramicbasin.com\/wp-content\/uploads\/2025\/01\/Matte-Vanity-basin-6.jpg 827w, https:\/\/www.ceramicbasin.com\/wp-content\/uploads\/2025\/01\/Matte-Vanity-basin-6-203x300.jpg 203w, https:\/\/www.ceramicbasin.com\/wp-content\/uploads\/2025\/01\/Matte-Vanity-basin-6-768x1138.jpg 768w, https:\/\/www.ceramicbasin.com\/wp-content\/uploads\/2025\/01\/Matte-Vanity-basin-6-8x12.jpg 8w, https:\/\/www.ceramicbasin.com\/wp-content\/uploads\/2025\/01\/Matte-Vanity-basin-6-285x422.jpg 285w, https:\/\/www.ceramicbasin.com\/wp-content\/uploads\/2025\/01\/Matte-Vanity-basin-6-446x660.jpg 446w, https:\/\/www.ceramicbasin.com\/wp-content\/uploads\/2025\/01\/Matte-Vanity-basin-6-101x150.jpg 101w\" sizes=\"(max-width: 827px) 100vw, 827px\" \/><\/figure>\n<\/div>\n<\/div>","protected":false},"excerpt":{"rendered":"<p>Bienvenido a comprar peque\u00f1os lavabos al por mayor. Nuestros lavabos sobre encimera al por mayor est\u00e1n dise\u00f1ados para resolver los problemas de los cuartos de ba\u00f1o peque\u00f1os. Los materiales cer\u00e1micos de alta calidad seleccionados garantizan la durabilidad y la f\u00e1cil limpieza del producto. El precio preferente de compra al por mayor le ayuda a controlar los costes.<\/p>\n<table style=\"border-collapse: collapse; width: 311.02pt;\" border=\"0\" width=\"311\" cellspacing=\"0\" cellpadding=\"0\">\n<tbody>\n<tr style=\"height: 17.60pt;\">\n<td class=\"et3\" style=\"height: 17.60pt; width: 108.35pt;\" width=\"108\" height=\"17\">Fabricante<\/td>\n<td class=\"et3\" style=\"width: 202.95pt;\" width=\"202\">HanYu<\/td>\n<\/tr>\n<tr style=\"height: 17.60pt;\">\n<td class=\"et3\" style=\"height: 17.60pt;\" height=\"17\">N\u00ba de modelo<\/td>\n<td class=\"et4\">HY-8069PK<\/td>\n<\/tr>\n<tr style=\"height: 17.60pt;\">\n<td class=\"et3\" style=\"height: 17.60pt;\" height=\"17\">Tipo<\/td>\n<td class=\"et3\">Fregaderos Matt<\/td>\n<\/tr>\n<tr style=\"height: 17.60pt;\">\n<td class=\"et3\" style=\"height: 17.60pt;\" height=\"17\">Forma<\/td>\n<td class=\"et3\">Forma redonda<\/td>\n<\/tr>\n<tr style=\"height: 17.60pt;\">\n<td class=\"et4\" style=\"height: 17.60pt;\" height=\"17\">Color<\/td>\n<td class=\"et3\">Caqui<\/td>\n<\/tr>\n<tr style=\"height: 18.00pt;\">\n<td class=\"et3\" style=\"height: 18.00pt;\" height=\"18\">Dimensi\u00f3n<\/td>\n<td class=\"et6\" style=\"width: 202.95pt;\" width=\"202\">41.5*41.5*13.5<\/td>\n<\/tr>\n<tr style=\"height: 17.60pt;\">\n<td class=\"et3\" style=\"height: 17.60pt;\" height=\"17\">N.W \/SET<\/td>\n<td class=\"et3\">8KGS\/PCS<\/td>\n<\/tr>\n<tr style=\"height: 17.60pt;\">\n<td class=\"et3\" style=\"height: 17.60pt;\" height=\"17\">MOQ<\/td>\n<td class=\"et3\">10 unidades<\/td>\n<\/tr>\n<tr style=\"height: 17.60pt;\">\n<td class=\"et3\" style=\"height: 17.60pt;\" height=\"17\">Opci\u00f3n personalizada<\/td>\n<td class=\"et3\">Color\/Patr\u00f3n\/Tama\u00f1o\/Logotipo\/Embalaje<\/td>\n<\/tr>\n<\/tbody>\n<\/table>","protected":false},"featured_media":6180,"comment_status":"closed","ping_status":"closed","template":"","meta":{"_acf_changed":false},"product_brand":[],"product_cat":[55,50],"product_tag":[],"class_list":{"0":"post-6171","1":"product","2":"type-product","3":"status-publish","4":"has-post-thumbnail","6":"product_cat-wholesale-matte-sinks","7":"product_cat-wholesale-countertop-sinks","9":"first","10":"instock","11":"shipping-taxable","12":"product-type-simple"},"acf":[],"_links":{"self":[{"href":"https:\/\/www.ceramicbasin.com\/es\/wp-json\/wp\/v2\/product\/6171","targetHints":{"allow":["GET"]}}],"collection":[{"href":"https:\/\/www.ceramicbasin.com\/es\/wp-json\/wp\/v2\/product"}],"about":[{"href":"https:\/\/www.ceramicbasin.com\/es\/wp-json\/wp\/v2\/types\/product"}],"replies":[{"embeddable":true,"href":"https:\/\/www.ceramicbasin.com\/es\/wp-json\/wp\/v2\/comments?post=6171"}],"wp:featuredmedia":[{"embeddable":true,"href":"https:\/\/www.ceramicbasin.com\/es\/wp-json\/wp\/v2\/media\/6180"}],"wp:attachment":[{"href":"https:\/\/www.ceramicbasin.com\/es\/wp-json\/wp\/v2\/media?parent=6171"}],"wp:term":[{"taxonomy":"product_brand","embeddable":true,"href":"https:\/\/www.ceramicbasin.com\/es\/wp-json\/wp\/v2\/product_brand?post=6171"},{"taxonomy":"product_cat","embeddable":true,"href":"https:\/\/www.ceramicbasin.com\/es\/wp-json\/wp\/v2\/product_cat?post=6171"},{"taxonomy":"product_tag","embeddable":true,"href":"https:\/\/www.ceramicbasin.com\/es\/wp-json\/wp\/v2\/product_tag?post=6171"}],"curies":[{"name":"wp","href":"https:\/\/api.w.org\/{rel}","templated":true}]}}