{"id":6172,"date":"2025-01-22T05:47:54","date_gmt":"2025-01-22T05:47:54","guid":{"rendered":"https:\/\/www.ceramicbasin.com\/?post_type=product&#038;p=6172"},"modified":"2025-02-05T09:53:26","modified_gmt":"2025-02-05T09:53:26","slug":"ceramic-tiny-basin-wholesale","status":"publish","type":"product","link":"https:\/\/www.ceramicbasin.com\/es\/producto\/ceramic-tiny-basin-wholesale\/","title":{"rendered":"Lavabo De Cer\u00e1mica Peque\u00f1o Al Por Mayor, Peque\u00f1o Lavabo De Ba\u00f1o Soluciones"},"content":{"rendered":"<div class=\"wp-block-columns is-layout-flex wp-container-core-columns-is-layout-9d6595d7 wp-block-columns-is-layout-flex\">\n<div class=\"wp-block-column is-layout-flow wp-block-column-is-layout-flow\">\n<h2 class=\"wp-block-heading\">Premium Tiny Lavabo al por mayor Caracter\u00edsticas:<\/h2>\n\n\n\n<ul class=\"wp-block-list\">\n<li><strong>Amplio campo de aplicaci\u00f3n:<\/strong> La gente anhela una calidad de vida cada vez mayor, as\u00ed como un servicio cada vez mejor cuando se encuentra en un lugar p\u00fablico. Los lavabos de ba\u00f1o peque\u00f1os al por mayor ya no son s\u00f3lo adecuados para los cuartos de ba\u00f1o de los clientes. Los lavabos de m\u00e1rmol al por mayor son aptos para estaciones de tren de alta velocidad, metro, centros comerciales, aseos de restaurantes y hospitales.<\/li>\n\n\n\n<li><strong>Instalaci\u00f3n mural:\u00a0<\/strong>El dise\u00f1o montado en la pared de este peque\u00f1o lavabo al por mayor ahorra espacio y es f\u00e1cil de limpiar. Este mini lavabo de ba\u00f1o al por mayor es especialmente adecuado para ba\u00f1os modernos y compactos, ya que realza la pulcritud y modernidad del espacio general.<\/li>\n\n\n\n<li><strong>Tratamiento de esmalte f\u00e1cil de limpiar:\u00a0<\/strong>La superficie de este lavabo de ba\u00f1o peque\u00f1o colgado de la pared al por mayor utiliza una tecnolog\u00eda especial de esmalte f\u00e1cil de limpiar, que es suave y delicada, no se mancha f\u00e1cilmente y es f\u00e1cil de limpiar.<\/li>\n\n\n\n<li><strong>Opciones personalizables: <\/strong>Disponible en varios colores, acabados superficiales y envases personalizables, lo que le permite adaptar este peque\u00f1o lavabo al por mayor para satisfacer las necesidades espec\u00edficas de su marca y de su mercado.<\/li>\n<\/ul>\n<\/div>\n\n\n\n<div class=\"wp-block-column is-layout-flow wp-block-column-is-layout-flow\">\n<figure class=\"wp-block-image size-full\"><img fetchpriority=\"high\" decoding=\"async\" width=\"800\" height=\"800\" src=\"https:\/\/www.ceramicbasin.com\/wp-content\/uploads\/2025\/01\/bathroom-porcelain-sinkwall-hung-bathroom-vanitysquare-wall-mounted-basin3.webp\" alt=\"Lavabo De Cer\u00e1mica Peque\u00f1o Al Por Mayor, Peque\u00f1o Lavabo De Ba\u00f1o Solutions-1\" class=\"wp-image-6175\" srcset=\"https:\/\/www.ceramicbasin.com\/wp-content\/uploads\/2025\/01\/bathroom-porcelain-sinkwall-hung-bathroom-vanitysquare-wall-mounted-basin3.webp 800w, https:\/\/www.ceramicbasin.com\/wp-content\/uploads\/2025\/01\/bathroom-porcelain-sinkwall-hung-bathroom-vanitysquare-wall-mounted-basin3-300x300.webp 300w, https:\/\/www.ceramicbasin.com\/wp-content\/uploads\/2025\/01\/bathroom-porcelain-sinkwall-hung-bathroom-vanitysquare-wall-mounted-basin3-150x150.webp 150w, https:\/\/www.ceramicbasin.com\/wp-content\/uploads\/2025\/01\/bathroom-porcelain-sinkwall-hung-bathroom-vanitysquare-wall-mounted-basin3-768x768.webp 768w, https:\/\/www.ceramicbasin.com\/wp-content\/uploads\/2025\/01\/bathroom-porcelain-sinkwall-hung-bathroom-vanitysquare-wall-mounted-basin3-12x12.webp 12w, https:\/\/www.ceramicbasin.com\/wp-content\/uploads\/2025\/01\/bathroom-porcelain-sinkwall-hung-bathroom-vanitysquare-wall-mounted-basin3-285x285.webp 285w, https:\/\/www.ceramicbasin.com\/wp-content\/uploads\/2025\/01\/bathroom-porcelain-sinkwall-hung-bathroom-vanitysquare-wall-mounted-basin3-270x270.webp 270w, https:\/\/www.ceramicbasin.com\/wp-content\/uploads\/2025\/01\/bathroom-porcelain-sinkwall-hung-bathroom-vanitysquare-wall-mounted-basin3-540x540.webp 540w, https:\/\/www.ceramicbasin.com\/wp-content\/uploads\/2025\/01\/bathroom-porcelain-sinkwall-hung-bathroom-vanitysquare-wall-mounted-basin3-660x660.webp 660w\" sizes=\"(max-width: 800px) 100vw, 800px\" \/><\/figure>\n<\/div>\n<\/div>\n\n\n\n<p><\/p>","protected":false},"excerpt":{"rendered":"<p>Bienvenido a comprar lavabo peque\u00f1o al por mayor. Nuestro peque\u00f1o lavabo de ba\u00f1o al por mayor cuenta con un dise\u00f1o compacto y cer\u00e1mica de alta calidad. Adecuado para m\u00faltiples escenarios, el apoyo a la venta al por mayor y la personalizaci\u00f3n, es una opci\u00f3n ideal para ahorrar espacio y mejorar el sabor.<\/p>\n<table style=\"border-collapse: collapse; width: 311.02pt;\" border=\"0\" width=\"311\" cellspacing=\"0\" cellpadding=\"0\">\n<tbody>\n<tr style=\"height: 17.60pt;\">\n<td class=\"et3\" style=\"height: 17.60pt; width: 108.35pt;\" width=\"108\" height=\"17\">Fabricante<\/td>\n<td class=\"et3\" style=\"width: 202.95pt;\" width=\"202\">HanYu<\/td>\n<\/tr>\n<tr style=\"height: 17.60pt;\">\n<td class=\"et3\" style=\"height: 17.60pt;\" height=\"17\">N\u00ba de modelo<\/td>\n<td class=\"et4\">HY-3130<\/td>\n<\/tr>\n<tr style=\"height: 17.60pt;\">\n<td class=\"et3\" style=\"height: 17.60pt;\" height=\"17\">Tipo<\/td>\n<td class=\"et3\">fregaderos murales<\/td>\n<\/tr>\n<tr style=\"height: 17.60pt;\">\n<td class=\"et3\" style=\"height: 17.60pt;\" height=\"17\">Forma<\/td>\n<td class=\"et3\">\u00a0Forma cuadrada<\/td>\n<\/tr>\n<tr style=\"height: 17.60pt;\">\n<td class=\"et4\" style=\"height: 17.60pt;\" height=\"17\">Color<\/td>\n<td class=\"et3\">Blanco<\/td>\n<\/tr>\n<tr style=\"height: 18.00pt;\">\n<td class=\"et3\" style=\"height: 18.00pt;\" height=\"18\">Dimensi\u00f3n<\/td>\n<td class=\"et6\" style=\"width: 202.95pt;\" width=\"202\">50*30*13<\/td>\n<\/tr>\n<tr style=\"height: 17.60pt;\">\n<td class=\"et3\" style=\"height: 17.60pt;\" height=\"17\">N.W \/SET<\/td>\n<td class=\"et3\">12KGS\/PCS<\/td>\n<\/tr>\n<tr style=\"height: 17.60pt;\">\n<td class=\"et3\" style=\"height: 17.60pt;\" height=\"17\">MOQ<\/td>\n<td class=\"et3\">20 piezas<\/td>\n<\/tr>\n<tr style=\"height: 17.60pt;\">\n<td class=\"et3\" style=\"height: 17.60pt;\" height=\"17\">Opci\u00f3n personalizada<\/td>\n<td class=\"et3\">Color\/Patr\u00f3n\/Tama\u00f1o\/Logotipo\/Embalaje<\/td>\n<\/tr>\n<\/tbody>\n<\/table>\n<p>&nbsp;<\/p>","protected":false},"featured_media":6177,"comment_status":"closed","ping_status":"closed","template":"","meta":{"_acf_changed":false},"product_brand":[],"product_cat":[57],"product_tag":[],"class_list":{"0":"post-6172","1":"product","2":"type-product","3":"status-publish","4":"has-post-thumbnail","6":"product_cat-wholesale-wall-mounted-sinks","8":"first","9":"instock","10":"shipping-taxable","11":"product-type-simple"},"acf":[],"_links":{"self":[{"href":"https:\/\/www.ceramicbasin.com\/es\/wp-json\/wp\/v2\/product\/6172","targetHints":{"allow":["GET"]}}],"collection":[{"href":"https:\/\/www.ceramicbasin.com\/es\/wp-json\/wp\/v2\/product"}],"about":[{"href":"https:\/\/www.ceramicbasin.com\/es\/wp-json\/wp\/v2\/types\/product"}],"replies":[{"embeddable":true,"href":"https:\/\/www.ceramicbasin.com\/es\/wp-json\/wp\/v2\/comments?post=6172"}],"wp:featuredmedia":[{"embeddable":true,"href":"https:\/\/www.ceramicbasin.com\/es\/wp-json\/wp\/v2\/media\/6177"}],"wp:attachment":[{"href":"https:\/\/www.ceramicbasin.com\/es\/wp-json\/wp\/v2\/media?parent=6172"}],"wp:term":[{"taxonomy":"product_brand","embeddable":true,"href":"https:\/\/www.ceramicbasin.com\/es\/wp-json\/wp\/v2\/product_brand?post=6172"},{"taxonomy":"product_cat","embeddable":true,"href":"https:\/\/www.ceramicbasin.com\/es\/wp-json\/wp\/v2\/product_cat?post=6172"},{"taxonomy":"product_tag","embeddable":true,"href":"https:\/\/www.ceramicbasin.com\/es\/wp-json\/wp\/v2\/product_tag?post=6172"}],"curies":[{"name":"wp","href":"https:\/\/api.w.org\/{rel}","templated":true}]}}