{"id":6186,"date":"2025-01-22T06:10:46","date_gmt":"2025-01-22T06:10:46","guid":{"rendered":"https:\/\/www.ceramicbasin.com\/?post_type=product&#038;p=6186"},"modified":"2025-02-07T08:03:41","modified_gmt":"2025-02-07T08:03:41","slug":"bespoke-basin","status":"publish","type":"product","link":"https:\/\/www.ceramicbasin.com\/es\/producto\/bespoke-basin\/","title":{"rendered":"Lavabo de Superficie S\u00f3lida a Medida, Fregadero de Vaso Rosa Mate al por Mayor"},"content":{"rendered":"<div class=\"wp-block-columns is-layout-flex wp-container-core-columns-is-layout-9d6595d7 wp-block-columns-is-layout-flex\">\n<div class=\"wp-block-column is-layout-flow wp-block-column-is-layout-flow\">\n<h2 class=\"wp-block-heading\">Lavabo Premium Bespoke Caracter\u00edsticas:<\/h2>\n\n\n\n<ul class=\"wp-block-list\">\n<li><strong>Dise\u00f1o rosa mate, suave y elegante: <\/strong>Este lavabo a medida adopta un c\u00e1lido y suave rosa mate, mostrando moda y sofisticaci\u00f3n, adecuado para estilos de ba\u00f1o modernos, n\u00f3rdicos, minimalistas y personalizados, haciendo que el espacio de ba\u00f1o sea m\u00e1s c\u00e1lido y \u00fanico.<\/li>\n\n\n\n<li><strong>Material s\u00f3lido de alta gama, resistente y duradero:<\/strong> Nuestro fregadero rosa mate al por mayor utiliza material de superficie s\u00f3lida de alta calidad con estructura no porosa, que tiene una excelente resistencia a las manchas, impermeabilidad y resistencia a los ara\u00f1azos, asegurando que puede mantener la belleza y durabilidad despu\u00e9s de un uso a largo plazo.<\/li>\n\n\n\n<li><strong>Dise\u00f1o de la encimera, sencillo y elegante: <\/strong>Este lavabo rosa mate a medida adopta el dise\u00f1o de lavabo de encimera, con l\u00edneas suaves y f\u00e1cil instalaci\u00f3n. Puede combinar perfectamente con varias encimeras de ba\u00f1o, no solo realzando la belleza del espacio, sino tambi\u00e9n proporcionando una experiencia de lavado espaciosa.<\/li>\n\n\n\n<li><strong>Soporta la personalizaci\u00f3n, se adapta a una gran variedad de necesidades comerciales y dom\u00e9sticas: <\/strong>Nuestro fregadero de recipiente rosa mate al por mayor ofrece opciones personalizadas de tama\u00f1o, color y forma, que pueden satisfacer las diversas necesidades de hoteles de alta gama, residencias boutique, espacios comerciales y proyectos de ba\u00f1o personalizados, creando una experiencia de ba\u00f1o \u00fanica y avanzada.<\/li>\n<\/ul>\n<\/div>\n\n\n\n<div class=\"wp-block-column is-layout-flow wp-block-column-is-layout-flow\">\n<figure class=\"wp-block-image size-full\"><img fetchpriority=\"high\" decoding=\"async\" width=\"827\" height=\"1197\" src=\"https:\/\/www.ceramicbasin.com\/wp-content\/uploads\/2025\/01\/Matt-Pink-Color-Bathroom-Sink-6.jpg\" alt=\"Lavabo de Superficie S\u00f3lida a Medida, Fregadero de Vaso Rosa Mate al por Mayor-1\" class=\"wp-image-6188\" srcset=\"https:\/\/www.ceramicbasin.com\/wp-content\/uploads\/2025\/01\/Matt-Pink-Color-Bathroom-Sink-6.jpg 827w, https:\/\/www.ceramicbasin.com\/wp-content\/uploads\/2025\/01\/Matt-Pink-Color-Bathroom-Sink-6-207x300.jpg 207w, https:\/\/www.ceramicbasin.com\/wp-content\/uploads\/2025\/01\/Matt-Pink-Color-Bathroom-Sink-6-768x1112.jpg 768w, https:\/\/www.ceramicbasin.com\/wp-content\/uploads\/2025\/01\/Matt-Pink-Color-Bathroom-Sink-6-8x12.jpg 8w, https:\/\/www.ceramicbasin.com\/wp-content\/uploads\/2025\/01\/Matt-Pink-Color-Bathroom-Sink-6-285x413.jpg 285w, https:\/\/www.ceramicbasin.com\/wp-content\/uploads\/2025\/01\/Matt-Pink-Color-Bathroom-Sink-6-456x660.jpg 456w, https:\/\/www.ceramicbasin.com\/wp-content\/uploads\/2025\/01\/Matt-Pink-Color-Bathroom-Sink-6-104x150.jpg 104w\" sizes=\"(max-width: 827px) 100vw, 827px\" \/><figcaption class=\"wp-element-caption\">Lavabo de Superficie S\u00f3lida a Medida, Fregadero de Vaso Rosa Mate al por Mayor-1<\/figcaption><\/figure>\n<\/div>\n<\/div>","protected":false},"excerpt":{"rendered":"<p>Bienvenido a comprar lavabo a medida al por mayor. Nuestro lavabo rosa mate al por mayor es elegante y con estilo. El material de superficie s\u00f3lida de alta calidad es robusto y duradero, resistente a las manchas y a los ara\u00f1azos. La instalaci\u00f3n de la encimera es sencilla y elegante, y admite la personalizaci\u00f3n, adapt\u00e1ndose perfectamente a espacios de ba\u00f1o comerciales de alta gama y dom\u00e9sticos personalizados.<\/p>\n<table style=\"border-collapse: collapse; width: 311.02pt;\" border=\"0\" width=\"311\" cellspacing=\"0\" cellpadding=\"0\">\n<tbody>\n<tr style=\"height: 17.60pt;\">\n<td class=\"et3\" style=\"height: 17.60pt; width: 108.35pt;\" width=\"108\" height=\"17\">Fabricante<\/td>\n<td class=\"et3\" style=\"width: 202.95pt;\" width=\"202\">HanYu<\/td>\n<\/tr>\n<tr style=\"height: 17.60pt;\">\n<td class=\"et3\" style=\"height: 17.60pt;\" height=\"17\">N\u00ba de modelo<\/td>\n<td class=\"et4\">HY-8069PF<\/td>\n<\/tr>\n<tr style=\"height: 17.60pt;\">\n<td class=\"et3\" style=\"height: 17.60pt;\" height=\"17\">Tipo<\/td>\n<td class=\"et3\">Lavabo de Encimera<\/td>\n<\/tr>\n<tr style=\"height: 17.60pt;\">\n<td class=\"et3\" style=\"height: 17.60pt;\" height=\"17\">Forma<\/td>\n<td class=\"et3\">Forma redonda<\/td>\n<\/tr>\n<tr style=\"height: 17.60pt;\">\n<td class=\"et4\" style=\"height: 17.60pt;\" height=\"17\">Color<\/td>\n<td class=\"et3\">Rosa<\/td>\n<\/tr>\n<tr style=\"height: 18.00pt;\">\n<td class=\"et3\" style=\"height: 18.00pt;\" height=\"18\">Dimensi\u00f3n<\/td>\n<td class=\"et5\" style=\"width: 202.95pt;\" width=\"202\">41.5*41.5*13.5<\/td>\n<\/tr>\n<tr style=\"height: 17.60pt;\">\n<td class=\"et3\" style=\"height: 17.60pt;\" height=\"17\">N.W \/SET<\/td>\n<td class=\"et3\">8KGS\/PCS<\/td>\n<\/tr>\n<tr style=\"height: 17.60pt;\">\n<td class=\"et3\" style=\"height: 17.60pt;\" height=\"17\">MOQ<\/td>\n<td class=\"et3\">20 piezas<\/td>\n<\/tr>\n<tr style=\"height: 17.60pt;\">\n<td class=\"et3\" style=\"height: 17.60pt;\" height=\"17\">Opci\u00f3n personalizada<\/td>\n<td class=\"et3\">Color\/Patr\u00f3n\/Tama\u00f1o\/Logotipo\/Embalaje<\/td>\n<\/tr>\n<\/tbody>\n<\/table>","protected":false},"featured_media":6189,"comment_status":"closed","ping_status":"closed","template":"","meta":{"_acf_changed":false},"product_brand":[],"product_cat":[55,50],"product_tag":[],"class_list":{"0":"post-6186","1":"product","2":"type-product","3":"status-publish","4":"has-post-thumbnail","6":"product_cat-wholesale-matte-sinks","7":"product_cat-wholesale-countertop-sinks","9":"first","10":"instock","11":"shipping-taxable","12":"product-type-simple"},"acf":[],"_links":{"self":[{"href":"https:\/\/www.ceramicbasin.com\/es\/wp-json\/wp\/v2\/product\/6186","targetHints":{"allow":["GET"]}}],"collection":[{"href":"https:\/\/www.ceramicbasin.com\/es\/wp-json\/wp\/v2\/product"}],"about":[{"href":"https:\/\/www.ceramicbasin.com\/es\/wp-json\/wp\/v2\/types\/product"}],"replies":[{"embeddable":true,"href":"https:\/\/www.ceramicbasin.com\/es\/wp-json\/wp\/v2\/comments?post=6186"}],"wp:featuredmedia":[{"embeddable":true,"href":"https:\/\/www.ceramicbasin.com\/es\/wp-json\/wp\/v2\/media\/6189"}],"wp:attachment":[{"href":"https:\/\/www.ceramicbasin.com\/es\/wp-json\/wp\/v2\/media?parent=6186"}],"wp:term":[{"taxonomy":"product_brand","embeddable":true,"href":"https:\/\/www.ceramicbasin.com\/es\/wp-json\/wp\/v2\/product_brand?post=6186"},{"taxonomy":"product_cat","embeddable":true,"href":"https:\/\/www.ceramicbasin.com\/es\/wp-json\/wp\/v2\/product_cat?post=6186"},{"taxonomy":"product_tag","embeddable":true,"href":"https:\/\/www.ceramicbasin.com\/es\/wp-json\/wp\/v2\/product_tag?post=6186"}],"curies":[{"name":"wp","href":"https:\/\/api.w.org\/{rel}","templated":true}]}}