{"id":6195,"date":"2025-01-22T06:14:05","date_gmt":"2025-01-22T06:14:05","guid":{"rendered":"https:\/\/www.ceramicbasin.com\/?post_type=product&#038;p=6195"},"modified":"2025-02-07T07:55:42","modified_gmt":"2025-02-07T07:55:42","slug":"bespoke-basins","status":"publish","type":"product","link":"https:\/\/www.ceramicbasin.com\/es\/producto\/bespoke-basins\/","title":{"rendered":"Lavabos a Medida Gris Mate, Peque\u00f1os Lavabos de Cer\u00e1mica para Ba\u00f1o al por Mayor"},"content":{"rendered":"<div class=\"wp-block-columns is-layout-flex wp-container-core-columns-is-layout-9d6595d7 wp-block-columns-is-layout-flex\">\n<div class=\"wp-block-column is-layout-flow wp-block-column-is-layout-flow\">\n<h2 class=\"wp-block-heading\">Lavabos Premium Bespoke Caracter\u00edsticas:<\/h2>\n\n\n\n<ul class=\"wp-block-list\">\n<li><strong>Textura gris mate, estilo minimalista moderno: <\/strong>Nuestros lavabos a medida adoptan un esmalte gris mate de alta calidad, discreto y texturizado, que combina a la perfecci\u00f3n con una gran variedad de estilos de dise\u00f1o de interiores, como el moderno, el minimalista, el industrial, etc., aportando elegancia y estilo al cuarto de ba\u00f1o.<\/li>\n\n\n\n<li><strong>Dise\u00f1o compacto, adecuado para espacios reducidos: <\/strong>Estos lavabos de cer\u00e1mica al por mayor est\u00e1n dise\u00f1ados para cuartos de ba\u00f1o compactos, aseos de hoteles, cafeter\u00edas y espacios comerciales. Son de peque\u00f1o tama\u00f1o pero totalmente funcionales, optimizando la distribuci\u00f3n del espacio, para que el espacio limitado pueda seguir siendo bello y pr\u00e1ctico.<\/li>\n\n\n\n<li><strong>Cer\u00e1mica de alta calidad, resistente a las manchas y f\u00e1cil de limpiar: <\/strong>Estos lavabos a medida de color gris mate est\u00e1n fabricados con materiales cer\u00e1micos de alta calidad, cocidos a alta temperatura, con esmalte denso y suave, excelente resistencia a las manchas y rendimiento impermeable, no es f\u00e1cil dejar manchas de agua o manchas, la limpieza diaria y el mantenimiento son f\u00e1ciles y convenientes.<\/li>\n\n\n\n<li><strong>Adaptaci\u00f3n personalizada para satisfacer diversas necesidades: <\/strong>Ofrecemos servicios personalizados para la venta al por mayor de lavabos de ba\u00f1o de cer\u00e1mica, y podemos ajustar el tama\u00f1o, la forma o el color seg\u00fan los requisitos del proyecto para garantizar que el producto se adapte perfectamente a diferentes espacios comerciales o residenciales, proporcionando a los clientes soluciones de ba\u00f1o m\u00e1s personalizadas.<\/li>\n<\/ul>\n<\/div>\n\n\n\n<div class=\"wp-block-column is-layout-flow wp-block-column-is-layout-flow\">\n<figure class=\"wp-block-image size-full\"><img fetchpriority=\"high\" decoding=\"async\" width=\"827\" height=\"1201\" src=\"https:\/\/www.ceramicbasin.com\/wp-content\/uploads\/2025\/01\/Round-Hand-Wash-Basin-6.jpg\" alt=\"Lavabos a Medida Gris Mate, Lavabos Ceramicos Pequenos al por Mayor-1\" class=\"wp-image-6196\" srcset=\"https:\/\/www.ceramicbasin.com\/wp-content\/uploads\/2025\/01\/Round-Hand-Wash-Basin-6.jpg 827w, https:\/\/www.ceramicbasin.com\/wp-content\/uploads\/2025\/01\/Round-Hand-Wash-Basin-6-207x300.jpg 207w, https:\/\/www.ceramicbasin.com\/wp-content\/uploads\/2025\/01\/Round-Hand-Wash-Basin-6-768x1115.jpg 768w, https:\/\/www.ceramicbasin.com\/wp-content\/uploads\/2025\/01\/Round-Hand-Wash-Basin-6-8x12.jpg 8w, https:\/\/www.ceramicbasin.com\/wp-content\/uploads\/2025\/01\/Round-Hand-Wash-Basin-6-285x414.jpg 285w, https:\/\/www.ceramicbasin.com\/wp-content\/uploads\/2025\/01\/Round-Hand-Wash-Basin-6-454x660.jpg 454w, https:\/\/www.ceramicbasin.com\/wp-content\/uploads\/2025\/01\/Round-Hand-Wash-Basin-6-103x150.jpg 103w\" sizes=\"(max-width: 827px) 100vw, 827px\" \/><figcaption class=\"wp-element-caption\">Lavabos a Medida Gris Mate, Lavabos Ceramicos Pequenos al por Mayor-1<\/figcaption><\/figure>\n<\/div>\n<\/div>","protected":false},"excerpt":{"rendered":"<p>Bienvenido a entrevistar lavabos a medida al por mayor. Nuestros lavabos de ba\u00f1o de cer\u00e1mica al por mayor adoptan un moderno dise\u00f1o gris mate, sencillo y avanzado. El tama\u00f1o compacto optimiza la distribuci\u00f3n del espacio y admite la personalizaci\u00f3n para satisfacer una variedad de necesidades comerciales y personalizadas.<\/p>\n<table style=\"border-collapse: collapse; width: 311.02pt;\" border=\"0\" width=\"311\" cellspacing=\"0\" cellpadding=\"0\">\n<tbody>\n<tr style=\"height: 17.60pt;\">\n<td class=\"et3\" style=\"height: 17.60pt; width: 108.35pt;\" width=\"108\" height=\"17\">Fabricante<\/td>\n<td class=\"et3\" style=\"width: 202.95pt;\" width=\"202\">HanYu<\/td>\n<\/tr>\n<tr style=\"height: 17.60pt;\">\n<td class=\"et3\" style=\"height: 17.60pt;\" height=\"17\">N\u00ba de modelo<\/td>\n<td class=\"et4\">HY-8069PH<\/td>\n<\/tr>\n<tr style=\"height: 17.60pt;\">\n<td class=\"et3\" style=\"height: 17.60pt;\" height=\"17\">Tipo<\/td>\n<td class=\"et3\">Lavabo de Encimera<\/td>\n<\/tr>\n<tr style=\"height: 17.60pt;\">\n<td class=\"et3\" style=\"height: 17.60pt;\" height=\"17\">Forma<\/td>\n<td class=\"et3\">Forma redonda<\/td>\n<\/tr>\n<tr style=\"height: 17.60pt;\">\n<td class=\"et4\" style=\"height: 17.60pt;\" height=\"17\">Color<\/td>\n<td class=\"et3\">Gris<\/td>\n<\/tr>\n<tr style=\"height: 18.00pt;\">\n<td class=\"et3\" style=\"height: 18.00pt;\" height=\"18\">Dimensi\u00f3n<\/td>\n<td class=\"et5\" style=\"width: 202.95pt;\" width=\"202\">41.5*41.5*13.5<\/td>\n<\/tr>\n<tr style=\"height: 17.60pt;\">\n<td class=\"et3\" style=\"height: 17.60pt;\" height=\"17\">N.W \/SET<\/td>\n<td class=\"et3\">8KGS\/PCS<\/td>\n<\/tr>\n<tr style=\"height: 17.60pt;\">\n<td class=\"et3\" style=\"height: 17.60pt;\" height=\"17\">MOQ<\/td>\n<td class=\"et3\">20 piezas<\/td>\n<\/tr>\n<tr style=\"height: 17.60pt;\">\n<td class=\"et3\" style=\"height: 17.60pt;\" height=\"17\">Opci\u00f3n personalizada<\/td>\n<td class=\"et3\">Color\/Patr\u00f3n\/Tama\u00f1o\/Logotipo\/Embalaje<\/td>\n<\/tr>\n<\/tbody>\n<\/table>","protected":false},"featured_media":6197,"comment_status":"closed","ping_status":"closed","template":"","meta":{"_acf_changed":false},"product_brand":[],"product_cat":[50,55],"product_tag":[],"class_list":{"0":"post-6195","1":"product","2":"type-product","3":"status-publish","4":"has-post-thumbnail","6":"product_cat-wholesale-countertop-sinks","7":"product_cat-wholesale-matte-sinks","9":"first","10":"instock","11":"shipping-taxable","12":"product-type-simple"},"acf":[],"_links":{"self":[{"href":"https:\/\/www.ceramicbasin.com\/es\/wp-json\/wp\/v2\/product\/6195","targetHints":{"allow":["GET"]}}],"collection":[{"href":"https:\/\/www.ceramicbasin.com\/es\/wp-json\/wp\/v2\/product"}],"about":[{"href":"https:\/\/www.ceramicbasin.com\/es\/wp-json\/wp\/v2\/types\/product"}],"replies":[{"embeddable":true,"href":"https:\/\/www.ceramicbasin.com\/es\/wp-json\/wp\/v2\/comments?post=6195"}],"wp:featuredmedia":[{"embeddable":true,"href":"https:\/\/www.ceramicbasin.com\/es\/wp-json\/wp\/v2\/media\/6197"}],"wp:attachment":[{"href":"https:\/\/www.ceramicbasin.com\/es\/wp-json\/wp\/v2\/media?parent=6195"}],"wp:term":[{"taxonomy":"product_brand","embeddable":true,"href":"https:\/\/www.ceramicbasin.com\/es\/wp-json\/wp\/v2\/product_brand?post=6195"},{"taxonomy":"product_cat","embeddable":true,"href":"https:\/\/www.ceramicbasin.com\/es\/wp-json\/wp\/v2\/product_cat?post=6195"},{"taxonomy":"product_tag","embeddable":true,"href":"https:\/\/www.ceramicbasin.com\/es\/wp-json\/wp\/v2\/product_tag?post=6195"}],"curies":[{"name":"wp","href":"https:\/\/api.w.org\/{rel}","templated":true}]}}