{"id":6203,"date":"2025-01-22T06:17:39","date_gmt":"2025-01-22T06:17:39","guid":{"rendered":"https:\/\/www.ceramicbasin.com\/?post_type=product&#038;p=6203"},"modified":"2025-02-07T07:45:58","modified_gmt":"2025-02-07T07:45:58","slug":"custom-commercial-restroom-sink","status":"publish","type":"product","link":"https:\/\/www.ceramicbasin.com\/es\/producto\/custom-commercial-restroom-sink\/","title":{"rendered":"Fregadero Comercial a Medida, Lavabo Verde Menta Mate al por Mayor"},"content":{"rendered":"<div class=\"wp-block-columns is-layout-flex wp-container-core-columns-is-layout-9d6595d7 wp-block-columns-is-layout-flex\">\n<div class=\"wp-block-column is-layout-flow wp-block-column-is-layout-flow\">\n<h2 class=\"wp-block-heading\">Premium Custom Comercial Restroom Sink Caracter\u00edsticas:<\/h2>\n\n\n\n<ul class=\"wp-block-list\">\n<li><strong>Verde menta fresco, que crea un ambiente confortable: <\/strong>Este lavabo a medida para ba\u00f1os comerciales utiliza un suave esmalte mate verde menta, que presenta un efecto visual fresco y natural, a\u00f1adiendo un toque de elegancia al espacio del ba\u00f1o comercial, creando un ambiente relajante y confortable, y es adecuado para dise\u00f1os de interiores modernos, n\u00f3rdicos y minimalistas.<\/li>\n\n\n\n<li><strong>Textura mate, discreta y de alta gama: <\/strong>Este lavabo verde menta mate al por mayor utiliza un tratamiento \u00fanico de esmalte mate, que se siente delicado y c\u00e1lido, no refleja la luz, puede reducir eficazmente las huellas dactilares y las manchas de agua, y mantiene la limpieza y la belleza durante mucho tiempo, mostrando una textura discreta y lujosa.<\/li>\n\n\n\n<li><strong>Cer\u00e1mica de alta resistencia, antimanchas y duradera: <\/strong>Este lavabo comercial a medida utiliza materiales cer\u00e1micos de alta calidad y se cuece a alta temperatura. Es muy resistente a las manchas y a los ara\u00f1azos. Es adecuado para lugares comerciales con alta frecuencia de uso, como hoteles, restaurantes, edificios de oficinas, centros comerciales y otros aseos p\u00fablicos, garantizando que pueda permanecer brillante y limpio tras un uso prolongado.<\/li>\n\n\n\n<li><strong>Dise\u00f1o personalizable, adaptable a diversas necesidades comerciales: <\/strong>Nuestro lavabo verde menta mate al por mayor admite soluciones personalizadas como tama\u00f1o, forma, color, etc., y puede crear soluciones de ba\u00f1o exclusivas seg\u00fan las necesidades de diferentes lugares comerciales, combinando personalizaci\u00f3n y funcionalidad para satisfacer las necesidades de personalizaci\u00f3n de gama alta.<\/li>\n<\/ul>\n<\/div>\n\n\n\n<div class=\"wp-block-column is-layout-flow wp-block-column-is-layout-flow\">\n<figure class=\"wp-block-image size-full\"><img fetchpriority=\"high\" decoding=\"async\" width=\"827\" height=\"1205\" src=\"https:\/\/www.ceramicbasin.com\/wp-content\/uploads\/2025\/01\/Matte-Sanitary-Ware-Bathroom-Sink-6.jpg\" alt=\"Fregadero Comercial A Medida, Lavabo Verde Menta Mate Mayorista-1\" class=\"wp-image-6204\" srcset=\"https:\/\/www.ceramicbasin.com\/wp-content\/uploads\/2025\/01\/Matte-Sanitary-Ware-Bathroom-Sink-6.jpg 827w, https:\/\/www.ceramicbasin.com\/wp-content\/uploads\/2025\/01\/Matte-Sanitary-Ware-Bathroom-Sink-6-206x300.jpg 206w, https:\/\/www.ceramicbasin.com\/wp-content\/uploads\/2025\/01\/Matte-Sanitary-Ware-Bathroom-Sink-6-768x1119.jpg 768w, https:\/\/www.ceramicbasin.com\/wp-content\/uploads\/2025\/01\/Matte-Sanitary-Ware-Bathroom-Sink-6-8x12.jpg 8w, https:\/\/www.ceramicbasin.com\/wp-content\/uploads\/2025\/01\/Matte-Sanitary-Ware-Bathroom-Sink-6-285x415.jpg 285w, https:\/\/www.ceramicbasin.com\/wp-content\/uploads\/2025\/01\/Matte-Sanitary-Ware-Bathroom-Sink-6-453x660.jpg 453w, https:\/\/www.ceramicbasin.com\/wp-content\/uploads\/2025\/01\/Matte-Sanitary-Ware-Bathroom-Sink-6-103x150.jpg 103w\" sizes=\"(max-width: 827px) 100vw, 827px\" \/><figcaption class=\"wp-element-caption\">Fregadero Comercial A Medida, Lavabo Verde Menta Mate Mayorista-1<\/figcaption><\/figure>\n<\/div>\n<\/div>","protected":false},"excerpt":{"rendered":"<p>Bienvenido a comprar lavabo de ba\u00f1o comercial personalizado. Nuestro lavabo verde menta mate al por mayor es fresco y elegante, adecuado para espacios comerciales modernos. Cer\u00e1mica de alta calidad son resistentes a las manchas y duradero, esmalte mate es discreto y avanzado, apoya el dise\u00f1o personalizado, y se adapta perfectamente a todo tipo de ba\u00f1os.<\/p>\n<table style=\"border-collapse: collapse; width: 311.02pt;\" border=\"0\" width=\"311\" cellspacing=\"0\" cellpadding=\"0\">\n<tbody>\n<tr style=\"height: 17.60pt;\">\n<td class=\"et3\" style=\"height: 17.60pt; width: 108.35pt;\" width=\"108\" height=\"17\">Fabricante<\/td>\n<td class=\"et3\" style=\"width: 202.95pt;\" width=\"202\">HanYu<\/td>\n<\/tr>\n<tr style=\"height: 17.60pt;\">\n<td class=\"et3\" style=\"height: 17.60pt;\" height=\"17\">N\u00ba de modelo<\/td>\n<td class=\"et4\">HY-8069PG<\/td>\n<\/tr>\n<tr style=\"height: 17.60pt;\">\n<td class=\"et3\" style=\"height: 17.60pt;\" height=\"17\">Tipo<\/td>\n<td class=\"et3\">Lavabo de Encimera<\/td>\n<\/tr>\n<tr style=\"height: 17.60pt;\">\n<td class=\"et3\" style=\"height: 17.60pt;\" height=\"17\">Forma<\/td>\n<td class=\"et3\">Forma redonda<\/td>\n<\/tr>\n<tr style=\"height: 17.60pt;\">\n<td class=\"et4\" style=\"height: 17.60pt;\" height=\"17\">Color<\/td>\n<td class=\"et3\">Verde<\/td>\n<\/tr>\n<tr style=\"height: 18.00pt;\">\n<td class=\"et3\" style=\"height: 18.00pt;\" height=\"18\">Dimensi\u00f3n\u00a0<\/td>\n<td class=\"et5\" style=\"width: 202.95pt;\" width=\"202\">41.5*41.5*13.5<\/td>\n<\/tr>\n<tr style=\"height: 17.60pt;\">\n<td class=\"et3\" style=\"height: 17.60pt;\" height=\"17\">N.W \/SET<\/td>\n<td class=\"et3\">8KGS\/PCS<\/td>\n<\/tr>\n<tr style=\"height: 17.60pt;\">\n<td class=\"et3\" style=\"height: 17.60pt;\" height=\"17\">MOQ<\/td>\n<td class=\"et3\">20 piezas<\/td>\n<\/tr>\n<tr style=\"height: 17.60pt;\">\n<td class=\"et3\" style=\"height: 17.60pt;\" height=\"17\">Opci\u00f3n personalizada<\/td>\n<td class=\"et3\">Color\/Patr\u00f3n\/Tama\u00f1o\/Logotipo\/Embalaje<\/td>\n<\/tr>\n<\/tbody>\n<\/table>","protected":false},"featured_media":6205,"comment_status":"closed","ping_status":"closed","template":"","meta":{"_acf_changed":false},"product_brand":[],"product_cat":[50,55],"product_tag":[],"class_list":{"0":"post-6203","1":"product","2":"type-product","3":"status-publish","4":"has-post-thumbnail","6":"product_cat-wholesale-countertop-sinks","7":"product_cat-wholesale-matte-sinks","9":"first","10":"instock","11":"shipping-taxable","12":"product-type-simple"},"acf":[],"_links":{"self":[{"href":"https:\/\/www.ceramicbasin.com\/es\/wp-json\/wp\/v2\/product\/6203","targetHints":{"allow":["GET"]}}],"collection":[{"href":"https:\/\/www.ceramicbasin.com\/es\/wp-json\/wp\/v2\/product"}],"about":[{"href":"https:\/\/www.ceramicbasin.com\/es\/wp-json\/wp\/v2\/types\/product"}],"replies":[{"embeddable":true,"href":"https:\/\/www.ceramicbasin.com\/es\/wp-json\/wp\/v2\/comments?post=6203"}],"wp:featuredmedia":[{"embeddable":true,"href":"https:\/\/www.ceramicbasin.com\/es\/wp-json\/wp\/v2\/media\/6205"}],"wp:attachment":[{"href":"https:\/\/www.ceramicbasin.com\/es\/wp-json\/wp\/v2\/media?parent=6203"}],"wp:term":[{"taxonomy":"product_brand","embeddable":true,"href":"https:\/\/www.ceramicbasin.com\/es\/wp-json\/wp\/v2\/product_brand?post=6203"},{"taxonomy":"product_cat","embeddable":true,"href":"https:\/\/www.ceramicbasin.com\/es\/wp-json\/wp\/v2\/product_cat?post=6203"},{"taxonomy":"product_tag","embeddable":true,"href":"https:\/\/www.ceramicbasin.com\/es\/wp-json\/wp\/v2\/product_tag?post=6203"}],"curies":[{"name":"wp","href":"https:\/\/api.w.org\/{rel}","templated":true}]}}