{"id":6230,"date":"2025-02-22T03:22:17","date_gmt":"2025-02-22T03:22:17","guid":{"rendered":"https:\/\/www.ceramicbasin.com\/?post_type=product&#038;p=6230"},"modified":"2025-02-22T03:22:18","modified_gmt":"2025-02-22T03:22:18","slug":"custom-made-ceramic-sinks","status":"publish","type":"product","link":"https:\/\/www.ceramicbasin.com\/es\/producto\/custom-made-ceramic-sinks\/","title":{"rendered":"Fregaderos de cer\u00e1mica ovalados a medida, lavabo con dibujo de m\u00e1rmol al por mayor"},"content":{"rendered":"<div class=\"wp-block-columns is-layout-flex wp-container-core-columns-is-layout-9d6595d7 wp-block-columns-is-layout-flex\">\n<div class=\"wp-block-column is-layout-flow wp-block-column-is-layout-flow\">\n<h2 class=\"wp-block-heading\">Premium fregaderos de cer\u00e1mica a medida Caracter\u00edsticas:<\/h2>\n\n\n\n<ul class=\"wp-block-list\">\n<li><strong>Tecnolog\u00eda de transferencia de agua para restaurar la textura natural del m\u00e1rmol: <\/strong>Nuestros fregaderos de cer\u00e1mica hechos a medida utilizan la tecnolog\u00eda de transferencia de agua m\u00e1s avanzada para restaurar con precisi\u00f3n la textura y la textura \u00fanicas del m\u00e1rmol natural, y cada fregadero de cer\u00e1mica tiene un patr\u00f3n \u00fanico.<\/li>\n\n\n\n<li><strong>Elegante dise\u00f1o ovalado para realzar el sentido art\u00edstico del espacio: <\/strong>Este lavabo de m\u00e1rmol al por mayor presenta una forma ovalada cl\u00e1sica con curvas limpias y suaves, y textura de m\u00e1rmol, por lo que el espacio del ba\u00f1o estar\u00e1 adornado con elegancia y sentimientos art\u00edsticos.<\/li>\n\n\n\n<li><strong>Material cer\u00e1mico de alta calidad, duradero y f\u00e1cil de limpiar: <\/strong>Estos fregaderos de cer\u00e1mica hechos a medida utilizan materias primas de alta calidad y cocci\u00f3n a alta temperatura. El cuerpo del lavabo es denso y fuerte, resistente a los ara\u00f1azos y a las manchas. La superficie es suave y lisa, y es dif\u00edcil dejar marcas de agua e impurezas.<\/li>\n\n\n\n<li><strong>Apoyar servicios a medida para satisfacer necesidades personalizadas:<\/strong> Nuestro lavabo de m\u00e1rmol al por mayor ofrece servicios personalizados en cuanto a tama\u00f1o, color y dise\u00f1o para satisfacer los requisitos exclusivos de villas, hoteles y casas de lujo.<\/li>\n<\/ul>\n<\/div>\n\n\n\n<div class=\"wp-block-column is-layout-flow wp-block-column-is-layout-flow\">\n<figure class=\"wp-block-image size-full\"><img fetchpriority=\"high\" decoding=\"async\" width=\"1000\" height=\"1000\" src=\"https:\/\/www.ceramicbasin.com\/wp-content\/uploads\/2025\/02\/Oval-Bathroom-Vanities-Cheap-Price-Ceramic-Solid-Surface-Marble-Pattern-Countertop-Sink-5.webp\" alt=\"Fregaderos de Cer\u00e1mica Ovalados a Medida, Lavabo con Dise\u00f1o de M\u00e1rmol al por Mayor-1\" class=\"wp-image-6235\" srcset=\"https:\/\/www.ceramicbasin.com\/wp-content\/uploads\/2025\/02\/Oval-Bathroom-Vanities-Cheap-Price-Ceramic-Solid-Surface-Marble-Pattern-Countertop-Sink-5.webp 1000w, https:\/\/www.ceramicbasin.com\/wp-content\/uploads\/2025\/02\/Oval-Bathroom-Vanities-Cheap-Price-Ceramic-Solid-Surface-Marble-Pattern-Countertop-Sink-5-300x300.webp 300w, https:\/\/www.ceramicbasin.com\/wp-content\/uploads\/2025\/02\/Oval-Bathroom-Vanities-Cheap-Price-Ceramic-Solid-Surface-Marble-Pattern-Countertop-Sink-5-150x150.webp 150w, https:\/\/www.ceramicbasin.com\/wp-content\/uploads\/2025\/02\/Oval-Bathroom-Vanities-Cheap-Price-Ceramic-Solid-Surface-Marble-Pattern-Countertop-Sink-5-768x768.webp 768w, https:\/\/www.ceramicbasin.com\/wp-content\/uploads\/2025\/02\/Oval-Bathroom-Vanities-Cheap-Price-Ceramic-Solid-Surface-Marble-Pattern-Countertop-Sink-5-12x12.webp 12w, https:\/\/www.ceramicbasin.com\/wp-content\/uploads\/2025\/02\/Oval-Bathroom-Vanities-Cheap-Price-Ceramic-Solid-Surface-Marble-Pattern-Countertop-Sink-5-285x285.webp 285w, https:\/\/www.ceramicbasin.com\/wp-content\/uploads\/2025\/02\/Oval-Bathroom-Vanities-Cheap-Price-Ceramic-Solid-Surface-Marble-Pattern-Countertop-Sink-5-270x270.webp 270w, https:\/\/www.ceramicbasin.com\/wp-content\/uploads\/2025\/02\/Oval-Bathroom-Vanities-Cheap-Price-Ceramic-Solid-Surface-Marble-Pattern-Countertop-Sink-5-540x540.webp 540w, https:\/\/www.ceramicbasin.com\/wp-content\/uploads\/2025\/02\/Oval-Bathroom-Vanities-Cheap-Price-Ceramic-Solid-Surface-Marble-Pattern-Countertop-Sink-5-660x660.webp 660w\" sizes=\"(max-width: 1000px) 100vw, 1000px\" \/><\/figure>\n<\/div>\n<\/div>\n\n\n\n<p><\/p>","protected":false},"excerpt":{"rendered":"<p>Bienvenido al pedido al por mayor de fregaderos de cer\u00e1mica hechos a medida. Este lavabo ovalado con patr\u00f3n de m\u00e1rmol al por mayor utiliza la tecnolog\u00eda de transferencia de agua para replicar con precisi\u00f3n la sensaci\u00f3n de lujo de m\u00e1rmol natural, con una elegante forma ovalada, que se puede utilizar en varios estilos de espacio. Los materiales cer\u00e1micos de alta calidad son duraderos y f\u00e1ciles de limpiar, y ofrecen servicios personalizados.<\/p>\n<table style=\"border-collapse: collapse; width: 311.02pt;\" border=\"0\" width=\"311\" cellspacing=\"0\" cellpadding=\"0\">\n<tbody>\n<tr style=\"height: 17.60pt;\">\n<td class=\"et3\" style=\"height: 17.60pt; width: 108.35pt;\" width=\"108\" height=\"17\">Fabricante<\/td>\n<td class=\"et3\" style=\"width: 202.95pt;\" width=\"202\">HanYu<\/td>\n<\/tr>\n<tr style=\"height: 17.60pt;\">\n<td class=\"et3\" style=\"height: 17.60pt;\" height=\"17\">N\u00ba de modelo<\/td>\n<td class=\"et4\">HY3020D67<\/td>\n<\/tr>\n<tr style=\"height: 17.60pt;\">\n<td class=\"et3\" style=\"height: 17.60pt;\" height=\"17\">Tipo<\/td>\n<td class=\"et3\">Lavabo sobre encimera<\/td>\n<\/tr>\n<tr style=\"height: 17.60pt;\">\n<td class=\"et3\" style=\"height: 17.60pt;\" height=\"17\">Forma<\/td>\n<td class=\"et2\">Forma ovalada<\/td>\n<\/tr>\n<tr style=\"height: 17.60pt;\">\n<td class=\"et4\" style=\"height: 17.60pt;\" height=\"17\">Color<\/td>\n<td class=\"et3\">Color m\u00e1rmol<\/td>\n<\/tr>\n<tr style=\"height: 18.00pt;\">\n<td class=\"et3\" style=\"height: 18.00pt;\" height=\"18\">Dimensi\u00f3n<\/td>\n<td class=\"et5\" style=\"width: 202.95pt;\" width=\"202\">40*33*14.5<\/td>\n<\/tr>\n<tr style=\"height: 17.60pt;\">\n<td class=\"et3\" style=\"height: 17.60pt;\" height=\"17\">N.W \/SET<\/td>\n<td class=\"et3\">6KGS\/PCS<\/td>\n<\/tr>\n<tr style=\"height: 17.60pt;\">\n<td class=\"et3\" style=\"height: 17.60pt;\" height=\"17\">MOQ<\/td>\n<td class=\"et3\">20 piezas<\/td>\n<\/tr>\n<tr style=\"height: 17.60pt;\">\n<td class=\"et3\" style=\"height: 17.60pt;\" height=\"17\">Opci\u00f3n personalizada<\/td>\n<td class=\"et3\">Color\/Patr\u00f3n\/Tama\u00f1o\/Logotipo\/Embalaje<\/td>\n<\/tr>\n<\/tbody>\n<\/table>","protected":false},"featured_media":6232,"comment_status":"closed","ping_status":"closed","template":"","meta":{"_acf_changed":false},"product_brand":[],"product_cat":[50,54],"product_tag":[],"class_list":{"0":"post-6230","1":"product","2":"type-product","3":"status-publish","4":"has-post-thumbnail","6":"product_cat-wholesale-countertop-sinks","7":"product_cat-wholesale-marble-sinks","9":"first","10":"instock","11":"shipping-taxable","12":"product-type-simple"},"acf":[],"_links":{"self":[{"href":"https:\/\/www.ceramicbasin.com\/es\/wp-json\/wp\/v2\/product\/6230","targetHints":{"allow":["GET"]}}],"collection":[{"href":"https:\/\/www.ceramicbasin.com\/es\/wp-json\/wp\/v2\/product"}],"about":[{"href":"https:\/\/www.ceramicbasin.com\/es\/wp-json\/wp\/v2\/types\/product"}],"replies":[{"embeddable":true,"href":"https:\/\/www.ceramicbasin.com\/es\/wp-json\/wp\/v2\/comments?post=6230"}],"wp:featuredmedia":[{"embeddable":true,"href":"https:\/\/www.ceramicbasin.com\/es\/wp-json\/wp\/v2\/media\/6232"}],"wp:attachment":[{"href":"https:\/\/www.ceramicbasin.com\/es\/wp-json\/wp\/v2\/media?parent=6230"}],"wp:term":[{"taxonomy":"product_brand","embeddable":true,"href":"https:\/\/www.ceramicbasin.com\/es\/wp-json\/wp\/v2\/product_brand?post=6230"},{"taxonomy":"product_cat","embeddable":true,"href":"https:\/\/www.ceramicbasin.com\/es\/wp-json\/wp\/v2\/product_cat?post=6230"},{"taxonomy":"product_tag","embeddable":true,"href":"https:\/\/www.ceramicbasin.com\/es\/wp-json\/wp\/v2\/product_tag?post=6230"}],"curies":[{"name":"wp","href":"https:\/\/api.w.org\/{rel}","templated":true}]}}