{"id":6236,"date":"2025-02-22T02:45:32","date_gmt":"2025-02-22T02:45:32","guid":{"rendered":"https:\/\/www.ceramicbasin.com\/?post_type=product&#038;p=6236"},"modified":"2025-02-22T02:45:35","modified_gmt":"2025-02-22T02:45:35","slug":"custom-made-porcelain-sinks","status":"publish","type":"product","link":"https:\/\/www.ceramicbasin.com\/es\/producto\/custom-made-porcelain-sinks\/","title":{"rendered":"Fregaderos de Porcelana a Medida, Lavabo de Arte Ovalado Negro al por Mayor"},"content":{"rendered":"<div class=\"wp-block-columns is-layout-flex wp-container-core-columns-is-layout-9d6595d7 wp-block-columns-is-layout-flex\">\n<div class=\"wp-block-column is-layout-flow wp-block-column-is-layout-flow\">\n<h2 class=\"wp-block-heading\">Premium fregaderos de porcelana a medida Caracter\u00edsticas:<\/h2>\n\n\n\n<ul class=\"wp-block-list\">\n<li><strong>Tecnolog\u00eda exclusiva de transferencia de agua para crear una textura negra de alta calidad: <\/strong>Nuestros lavabos de porcelana hechos a medida utilizan una t\u00e9cnica de transferencia de agua de \u00faltima generaci\u00f3n, y la superficie del lavabo de cer\u00e1mica presenta un brillo negro intenso y multicapa, una textura fina y uniforme, y una gran suavidad.<\/li>\n\n\n\n<li><strong>Elegante dise\u00f1o ovalado, adecuado para una variedad de estilos de espacio:<\/strong> Este lavabo art\u00edstico al por mayor presenta un dise\u00f1o cl\u00e1sico ovalado de l\u00edneas suaves y finas, moderno y art\u00edstico a la vez. Independientemente del estilo de simplicidad moderna, estilo industrial o estilo retro de lujo, este lavabo de cer\u00e1mica de arte se puede incorporar f\u00e1cilmente.<\/li>\n\n\n\n<li><strong>Material cer\u00e1mico de alta calidad, duradero y f\u00e1cil de limpiar: <\/strong>Para fabricar estos lavabos de porcelana a medida se utilizan materias primas cer\u00e1micas de alta calidad, que se cuecen a altas temperaturas. El cuerpo del lavabo es duro y resistente, con resistencia a las manchas y a los ara\u00f1azos. La superficie es suave y lisa, y es dif\u00edcil dejar manchas de agua y suciedad. Se puede limpiar f\u00e1cilmente a diario para devolverle el brillo.<\/li>\n\n\n\n<li><strong>Apoyar servicios a medida para satisfacer necesidades personalizadas: <\/strong>Ofrecemos una amplia gama de servicios personalizados para la venta al por mayor de lavabos art\u00edsticos. Los clientes pueden elegir el tama\u00f1o, el color y el patr\u00f3n de acuerdo a sus necesidades para crear un arte \u00fanico ba\u00f1o.<\/li>\n<\/ul>\n<\/div>\n\n\n\n<div class=\"wp-block-column is-layout-flow wp-block-column-is-layout-flow\">\n<figure class=\"wp-block-image size-full\"><img fetchpriority=\"high\" decoding=\"async\" width=\"1000\" height=\"1000\" src=\"https:\/\/www.ceramicbasin.com\/wp-content\/uploads\/2025\/02\/Luxury-Washroom-Black-Oval-Ceramic-Sink-Countertop-Art-Vanity-Wash-Basin-5.webp\" alt=\"Fregaderos de Porcelana a Medida, Lavabo de Arte Ovalado Negro al por Mayor-1\" class=\"wp-image-6241\" srcset=\"https:\/\/www.ceramicbasin.com\/wp-content\/uploads\/2025\/02\/Luxury-Washroom-Black-Oval-Ceramic-Sink-Countertop-Art-Vanity-Wash-Basin-5.webp 1000w, https:\/\/www.ceramicbasin.com\/wp-content\/uploads\/2025\/02\/Luxury-Washroom-Black-Oval-Ceramic-Sink-Countertop-Art-Vanity-Wash-Basin-5-300x300.webp 300w, https:\/\/www.ceramicbasin.com\/wp-content\/uploads\/2025\/02\/Luxury-Washroom-Black-Oval-Ceramic-Sink-Countertop-Art-Vanity-Wash-Basin-5-150x150.webp 150w, https:\/\/www.ceramicbasin.com\/wp-content\/uploads\/2025\/02\/Luxury-Washroom-Black-Oval-Ceramic-Sink-Countertop-Art-Vanity-Wash-Basin-5-768x768.webp 768w, https:\/\/www.ceramicbasin.com\/wp-content\/uploads\/2025\/02\/Luxury-Washroom-Black-Oval-Ceramic-Sink-Countertop-Art-Vanity-Wash-Basin-5-12x12.webp 12w, https:\/\/www.ceramicbasin.com\/wp-content\/uploads\/2025\/02\/Luxury-Washroom-Black-Oval-Ceramic-Sink-Countertop-Art-Vanity-Wash-Basin-5-285x285.webp 285w, https:\/\/www.ceramicbasin.com\/wp-content\/uploads\/2025\/02\/Luxury-Washroom-Black-Oval-Ceramic-Sink-Countertop-Art-Vanity-Wash-Basin-5-270x270.webp 270w, https:\/\/www.ceramicbasin.com\/wp-content\/uploads\/2025\/02\/Luxury-Washroom-Black-Oval-Ceramic-Sink-Countertop-Art-Vanity-Wash-Basin-5-540x540.webp 540w, https:\/\/www.ceramicbasin.com\/wp-content\/uploads\/2025\/02\/Luxury-Washroom-Black-Oval-Ceramic-Sink-Countertop-Art-Vanity-Wash-Basin-5-660x660.webp 660w\" sizes=\"(max-width: 1000px) 100vw, 1000px\" \/><\/figure>\n<\/div>\n<\/div>\n\n\n\n<p><\/p>","protected":false},"excerpt":{"rendered":"<p>Bienvenido a comprar lavabos de porcelana a medida. Este lavabo de arte ovalado negro al por mayor adopta la tecnolog\u00eda avanzada de impresi\u00f3n por transferencia de agua, presentando una textura negra profunda y elegante, con una forma ovalada suave, adecuada para una variedad de estilos de espacio. Apoyar los servicios personalizados.<\/p>\n<table style=\"border-collapse: collapse; width: 311.02pt;\" border=\"0\" width=\"311\" cellspacing=\"0\" cellpadding=\"0\">\n<tbody>\n<tr style=\"height: 17.60pt;\">\n<td class=\"et3\" style=\"height: 17.60pt; width: 108.35pt;\" width=\"108\" height=\"17\">Fabricante<\/td>\n<td class=\"et3\" style=\"width: 202.95pt;\" width=\"202\">HanYu<\/td>\n<\/tr>\n<tr style=\"height: 17.60pt;\">\n<td class=\"et3\" style=\"height: 17.60pt;\" height=\"17\">N\u00ba de modelo<\/td>\n<td class=\"et4\">HY8010D95<\/td>\n<\/tr>\n<tr style=\"height: 17.60pt;\">\n<td class=\"et3\" style=\"height: 17.60pt;\" height=\"17\">Tipo<\/td>\n<td class=\"et3\">Lavabo sobre encimera<\/td>\n<\/tr>\n<tr style=\"height: 17.60pt;\">\n<td class=\"et3\" style=\"height: 17.60pt;\" height=\"17\">Forma<\/td>\n<td class=\"et2\">Forma ovalada<\/td>\n<\/tr>\n<tr style=\"height: 17.60pt;\">\n<td class=\"et4\" style=\"height: 17.60pt;\" height=\"17\">Color<\/td>\n<td class=\"et3\">Negro<\/td>\n<\/tr>\n<tr style=\"height: 18.00pt;\">\n<td class=\"et3\" style=\"height: 18.00pt;\" height=\"18\">Dimensi\u00f3n<\/td>\n<td class=\"et5\" style=\"width: 202.95pt;\" width=\"202\">65*44*16<\/td>\n<\/tr>\n<tr style=\"height: 17.60pt;\">\n<td class=\"et3\" style=\"height: 17.60pt;\" height=\"17\">N.W \/SET<\/td>\n<td class=\"et3\">12KGS\/PCS<\/td>\n<\/tr>\n<tr style=\"height: 17.60pt;\">\n<td class=\"et3\" style=\"height: 17.60pt;\" height=\"17\">MOQ<\/td>\n<td class=\"et3\">20 piezas<\/td>\n<\/tr>\n<tr style=\"height: 17.60pt;\">\n<td class=\"et3\" style=\"height: 17.60pt;\" height=\"17\">Opci\u00f3n personalizada<\/td>\n<td class=\"et3\">Color\/Patr\u00f3n\/Tama\u00f1o\/Logotipo\/Embalaje<\/td>\n<\/tr>\n<\/tbody>\n<\/table>","protected":false},"featured_media":6237,"comment_status":"closed","ping_status":"closed","template":"","meta":{"_acf_changed":false},"product_brand":[],"product_cat":[50,54],"product_tag":[],"class_list":{"0":"post-6236","1":"product","2":"type-product","3":"status-publish","4":"has-post-thumbnail","6":"product_cat-wholesale-countertop-sinks","7":"product_cat-wholesale-marble-sinks","9":"first","10":"instock","11":"shipping-taxable","12":"product-type-simple"},"acf":[],"_links":{"self":[{"href":"https:\/\/www.ceramicbasin.com\/es\/wp-json\/wp\/v2\/product\/6236","targetHints":{"allow":["GET"]}}],"collection":[{"href":"https:\/\/www.ceramicbasin.com\/es\/wp-json\/wp\/v2\/product"}],"about":[{"href":"https:\/\/www.ceramicbasin.com\/es\/wp-json\/wp\/v2\/types\/product"}],"replies":[{"embeddable":true,"href":"https:\/\/www.ceramicbasin.com\/es\/wp-json\/wp\/v2\/comments?post=6236"}],"wp:featuredmedia":[{"embeddable":true,"href":"https:\/\/www.ceramicbasin.com\/es\/wp-json\/wp\/v2\/media\/6237"}],"wp:attachment":[{"href":"https:\/\/www.ceramicbasin.com\/es\/wp-json\/wp\/v2\/media?parent=6236"}],"wp:term":[{"taxonomy":"product_brand","embeddable":true,"href":"https:\/\/www.ceramicbasin.com\/es\/wp-json\/wp\/v2\/product_brand?post=6236"},{"taxonomy":"product_cat","embeddable":true,"href":"https:\/\/www.ceramicbasin.com\/es\/wp-json\/wp\/v2\/product_cat?post=6236"},{"taxonomy":"product_tag","embeddable":true,"href":"https:\/\/www.ceramicbasin.com\/es\/wp-json\/wp\/v2\/product_tag?post=6236"}],"curies":[{"name":"wp","href":"https:\/\/api.w.org\/{rel}","templated":true}]}}