{"id":6323,"date":"2025-02-28T09:01:17","date_gmt":"2025-02-28T09:01:17","guid":{"rendered":"https:\/\/www.ceramicbasin.com\/?post_type=product&#038;p=6323"},"modified":"2025-02-28T09:01:19","modified_gmt":"2025-02-28T09:01:19","slug":"wholesale-ceramic-sinks","status":"publish","type":"product","link":"https:\/\/www.ceramicbasin.com\/es\/producto\/wholesale-ceramic-sinks\/","title":{"rendered":"Fregaderos de cer\u00e1mica al por mayor de f\u00e1brica, fregaderos cuadrados montados en la pared"},"content":{"rendered":"<div class=\"wp-block-columns is-layout-flex wp-container-core-columns-is-layout-9d6595d7 wp-block-columns-is-layout-flex\">\n<div class=\"wp-block-column is-layout-flow wp-block-column-is-layout-flow\">\n<h2 class=\"wp-block-heading\">Premium Fregaderos de cer\u00e1mica al por mayor Caracter\u00edsticas:<\/h2>\n\n\n\n<ul class=\"wp-block-list\">\n<li><strong>Sencillez y elegancia: <\/strong>Estos fregaderos de cer\u00e1mica cuadrados blancos montados en la pared al por mayor tienen un dise\u00f1o sencillo. Adem\u00e1s, el material cer\u00e1mico blanco es suave y delicado, y f\u00e1cil de limpiar.<\/li>\n\n\n\n<li><strong>Instalaci\u00f3n mural:<\/strong>\u00a0El dise\u00f1o montado en la pared de este lavabo de pared ahorra espacio en el suelo y mejora la amplitud visual general del cuarto de ba\u00f1o. Es cl\u00e1sico y minimalista, sin esfuerzo para montar, y ajustable a diferentes necesidades de altura, por lo que la zona de lavado de manos m\u00e1s funcional y de moda.<\/li>\n\n\n\n<li><strong>Descuento por compra al por mayor:<\/strong>\u00a0Como fabricante profesional de lavabos de cer\u00e1mica en China, , HanYu ofrece precios al por mayor de lavabos de cer\u00e1mica muy competitivos que son ideales para las necesidades de compra al por mayor de hoteles, escuelas, hospitales y lugares p\u00fablicos.<\/li>\n\n\n\n<li><strong>Selecci\u00f3n variada:\u00a0<\/strong>Ofrecemos varios lavabos de medio pedestal al por mayor estilos, tama\u00f1os y colores para los clientes para seleccionar, que atienden a diferentes estilos de decoraci\u00f3n de ba\u00f1o y se puede incorporar en diferentes dise\u00f1os de decoraci\u00f3n f\u00e1cilmente.<\/li>\n<\/ul>\n<\/div>\n\n\n\n<div class=\"wp-block-column is-layout-flow wp-block-column-is-layout-flow\">\n<figure class=\"wp-block-image size-full is-resized\"><img fetchpriority=\"high\" decoding=\"async\" width=\"980\" height=\"1432\" src=\"https:\/\/www.ceramicbasin.com\/wp-content\/uploads\/2025\/02\/Porcelain-basin-manufacturer-wall-hung-basin-sinks-6.webp\" alt=\"F\u00e1brica al por mayor de fregaderos de cer\u00e1mica, fregaderos cuadrados de pared-1\" class=\"wp-image-6314\" style=\"width:377px;height:auto\" srcset=\"https:\/\/www.ceramicbasin.com\/wp-content\/uploads\/2025\/02\/Porcelain-basin-manufacturer-wall-hung-basin-sinks-6.webp 980w, https:\/\/www.ceramicbasin.com\/wp-content\/uploads\/2025\/02\/Porcelain-basin-manufacturer-wall-hung-basin-sinks-6-205x300.webp 205w, https:\/\/www.ceramicbasin.com\/wp-content\/uploads\/2025\/02\/Porcelain-basin-manufacturer-wall-hung-basin-sinks-6-768x1122.webp 768w, https:\/\/www.ceramicbasin.com\/wp-content\/uploads\/2025\/02\/Porcelain-basin-manufacturer-wall-hung-basin-sinks-6-8x12.webp 8w, https:\/\/www.ceramicbasin.com\/wp-content\/uploads\/2025\/02\/Porcelain-basin-manufacturer-wall-hung-basin-sinks-6-285x416.webp 285w, https:\/\/www.ceramicbasin.com\/wp-content\/uploads\/2025\/02\/Porcelain-basin-manufacturer-wall-hung-basin-sinks-6-452x660.webp 452w, https:\/\/www.ceramicbasin.com\/wp-content\/uploads\/2025\/02\/Porcelain-basin-manufacturer-wall-hung-basin-sinks-6-103x150.webp 103w\" sizes=\"(max-width: 980px) 100vw, 980px\" \/><\/figure>\n<\/div>\n<\/div>","protected":false},"excerpt":{"rendered":"<p>Bienvenido a comprar fregaderos de cer\u00e1mica al por mayor. Esta forma cuadrada montado en la pared lavabo del ba\u00f1o al por mayor es sencillo en el estilo. La superficie de cer\u00e1mica blanca es delicada y suave, y f\u00e1cil de limpiar. Ofrecemos precios al por mayor muy favorables para lavabos colgantes de pared al por mayor, que son adecuados para la demanda de compra a gran escala de hoteles, escuelas, hospitales y \u00e1reas p\u00fablicas.<\/p>\n<table style=\"border-collapse: collapse; width: 358.52pt;\" border=\"0\" width=\"478\" cellspacing=\"0\" cellpadding=\"0\">\n<tbody>\n<tr style=\"height: 17.25pt;\">\n<td class=\"et3\" style=\"height: 17.25pt; width: 125.00pt;\" width=\"166\" height=\"23\">Fabricante<\/td>\n<td class=\"et3\" style=\"width: 234.15pt;\" width=\"312\">HanYu<\/td>\n<\/tr>\n<tr style=\"height: 17.25pt;\">\n<td class=\"et3\" style=\"height: 17.25pt;\" height=\"23\">N\u00ba de modelo<\/td>\n<td class=\"et4\">HY-3121<\/td>\n<\/tr>\n<tr style=\"height: 17.25pt;\">\n<td class=\"et3\" style=\"height: 17.25pt;\" height=\"23\">Tipo<\/td>\n<td class=\"et5\" style=\"width: 234.15pt;\" width=\"312\">Fregaderos murales<\/td>\n<\/tr>\n<tr style=\"height: 18.00pt;\">\n<td class=\"et3\" style=\"height: 18.00pt;\" height=\"24\">Forma<\/td>\n<td class=\"et3\">Forma cuadrada<\/td>\n<\/tr>\n<tr style=\"height: 34.50pt;\">\n<td class=\"et4\" style=\"height: 34.50pt;\" height=\"46\">Color<\/td>\n<td class=\"et5\" style=\"width: 234.15pt;\" width=\"312\">negro\/blanco\/azul\/gris\/rosa\/verde\/marr\u00f3n\/caqui<\/td>\n<\/tr>\n<tr style=\"height: 18.00pt;\">\n<td class=\"et3\" style=\"height: 18.00pt;\" height=\"24\">Dimensi\u00f3n<\/td>\n<td class=\"et5\" style=\"width: 234.15pt;\" width=\"312\">42.5*42.5*40<\/td>\n<\/tr>\n<tr style=\"height: 17.25pt;\">\n<td class=\"et3\" style=\"height: 17.25pt;\" height=\"23\">N.W \/SET<\/td>\n<td class=\"et3\">22KGS\/PCS<\/td>\n<\/tr>\n<tr style=\"height: 17.25pt;\">\n<td class=\"et3\" style=\"height: 17.25pt;\" height=\"23\">MOQ<\/td>\n<td class=\"et3\">20 piezas<\/td>\n<\/tr>\n<tr style=\"height: 17.25pt;\">\n<td class=\"et3\" style=\"height: 17.25pt;\" height=\"23\">Opci\u00f3n personalizada<\/td>\n<td class=\"et3\">Color\/Patr\u00f3n\/Tama\u00f1o\/Logotipo\/Embalaje<\/td>\n<\/tr>\n<\/tbody>\n<\/table>","protected":false},"featured_media":6313,"comment_status":"closed","ping_status":"closed","template":"","meta":{"_acf_changed":false},"product_brand":[],"product_cat":[57],"product_tag":[],"class_list":{"0":"post-6323","1":"product","2":"type-product","3":"status-publish","4":"has-post-thumbnail","6":"product_cat-wholesale-wall-mounted-sinks","8":"first","9":"instock","10":"shipping-taxable","11":"product-type-simple"},"acf":[],"_links":{"self":[{"href":"https:\/\/www.ceramicbasin.com\/es\/wp-json\/wp\/v2\/product\/6323","targetHints":{"allow":["GET"]}}],"collection":[{"href":"https:\/\/www.ceramicbasin.com\/es\/wp-json\/wp\/v2\/product"}],"about":[{"href":"https:\/\/www.ceramicbasin.com\/es\/wp-json\/wp\/v2\/types\/product"}],"replies":[{"embeddable":true,"href":"https:\/\/www.ceramicbasin.com\/es\/wp-json\/wp\/v2\/comments?post=6323"}],"wp:featuredmedia":[{"embeddable":true,"href":"https:\/\/www.ceramicbasin.com\/es\/wp-json\/wp\/v2\/media\/6313"}],"wp:attachment":[{"href":"https:\/\/www.ceramicbasin.com\/es\/wp-json\/wp\/v2\/media?parent=6323"}],"wp:term":[{"taxonomy":"product_brand","embeddable":true,"href":"https:\/\/www.ceramicbasin.com\/es\/wp-json\/wp\/v2\/product_brand?post=6323"},{"taxonomy":"product_cat","embeddable":true,"href":"https:\/\/www.ceramicbasin.com\/es\/wp-json\/wp\/v2\/product_cat?post=6323"},{"taxonomy":"product_tag","embeddable":true,"href":"https:\/\/www.ceramicbasin.com\/es\/wp-json\/wp\/v2\/product_tag?post=6323"}],"curies":[{"name":"wp","href":"https:\/\/api.w.org\/{rel}","templated":true}]}}