{"id":6345,"date":"2025-03-07T08:51:51","date_gmt":"2025-03-07T08:51:51","guid":{"rendered":"https:\/\/www.ceramicbasin.com\/?post_type=product&#038;p=6345"},"modified":"2025-03-08T08:31:43","modified_gmt":"2025-03-08T08:31:43","slug":"above-counter-vessel-sink-wholesale","status":"publish","type":"product","link":"https:\/\/www.ceramicbasin.com\/es\/producto\/above-counter-vessel-sink-wholesale\/","title":{"rendered":"Lavabo Sobre Encimera Al Por Mayor, Lavabo Lavanda P\u00farpura"},"content":{"rendered":"<div class=\"wp-block-columns is-layout-flex wp-container-core-columns-is-layout-9d6595d7 wp-block-columns-is-layout-flex\">\n<div class=\"wp-block-column is-layout-flow wp-block-column-is-layout-flow\">\n<h2 class=\"wp-block-heading\">Premium sobre el fregadero del recipiente del contador al por mayor Caracter\u00edsticas:<\/h2>\n\n\n\n<ul class=\"wp-block-list\">\n<li><strong>Fresco color p\u00farpura lavanda, que crea un ambiente confortable: <\/strong>Este lavabo sobre encimera al por mayor utiliza un suave esmalte mate de color p\u00farpura lavanda, que presenta un efecto visual fresco y natural, a\u00f1adiendo un toque de elegancia al espacio de ba\u00f1o comercial, creando un ambiente relajante y confortable, y es adecuado para dise\u00f1os de interior modernos, n\u00f3rdicos y minimalistas.<\/li>\n\n\n\n<li><strong>Textura mate, discreta y de alta gama: <\/strong>Este lavabo hecho a medida utiliza un tratamiento \u00fanico de esmalte mate, de tacto delicado y c\u00e1lido, que no refleja la luz, puede reducir eficazmente las huellas dactilares y las manchas de agua, y mantiene la limpieza y la belleza durante mucho tiempo, mostrando una textura discreta y lujosa.<\/li>\n\n\n\n<li><strong>Cer\u00e1mica de alta resistencia, antimanchas y duradera: <\/strong>Este fregadero sobre encimera est\u00e1 fabricado con material cer\u00e1mico de alta calidad y cocido a alta temperatura. Tiene una alta resistencia a las manchas y a los ara\u00f1azos. Puede ser utilizado en lugares comerciales con alta frecuencia de uso, tales como hoteles, restaurantes, edificios de oficinas, centros comerciales y otros ba\u00f1os p\u00fablicos, por lo que puede permanecer brillante y limpio despu\u00e9s de un uso prolongado.<\/li>\n\n\n\n<li><strong>Dise\u00f1o personalizable, adaptable a diversas necesidades comerciales: <\/strong>Nuestro lavabo a medida p\u00farpura mate admite soluciones personalizadas, como tama\u00f1o, forma, color, etc., y puede crear soluciones de ba\u00f1o individuales de acuerdo con las necesidades de diferentes sitios comerciales, combinando personalizaci\u00f3n y funcionalidad para satisfacer las necesidades de personalizaci\u00f3n de alta gama.<\/li>\n<\/ul>\n<\/div>\n\n\n\n<div class=\"wp-block-column is-layout-flow wp-block-column-is-layout-flow\">\n<figure class=\"wp-block-image size-full\"><img fetchpriority=\"high\" decoding=\"async\" width=\"827\" height=\"1225\" src=\"https:\/\/www.ceramicbasin.com\/wp-content\/uploads\/2025\/03\/Hot-sales-Matt-purple-round-sink-6.webp\" alt=\"Lavamanos Sobre Encimera Mate al por Mayor, Lavamanos Lavanda P\u00farpura-1\" class=\"wp-image-6353\" srcset=\"https:\/\/www.ceramicbasin.com\/wp-content\/uploads\/2025\/03\/Hot-sales-Matt-purple-round-sink-6.webp 827w, https:\/\/www.ceramicbasin.com\/wp-content\/uploads\/2025\/03\/Hot-sales-Matt-purple-round-sink-6-203x300.webp 203w, https:\/\/www.ceramicbasin.com\/wp-content\/uploads\/2025\/03\/Hot-sales-Matt-purple-round-sink-6-768x1138.webp 768w, https:\/\/www.ceramicbasin.com\/wp-content\/uploads\/2025\/03\/Hot-sales-Matt-purple-round-sink-6-8x12.webp 8w, https:\/\/www.ceramicbasin.com\/wp-content\/uploads\/2025\/03\/Hot-sales-Matt-purple-round-sink-6-285x422.webp 285w, https:\/\/www.ceramicbasin.com\/wp-content\/uploads\/2025\/03\/Hot-sales-Matt-purple-round-sink-6-446x660.webp 446w, https:\/\/www.ceramicbasin.com\/wp-content\/uploads\/2025\/03\/Hot-sales-Matt-purple-round-sink-6-101x150.webp 101w\" sizes=\"(max-width: 827px) 100vw, 827px\" \/><\/figure>\n<\/div>\n<\/div>","protected":false},"excerpt":{"rendered":"<p>Bienvenido a comprar lavabos a medida. Nuestro lavabo sobre encimera p\u00farpura mate al por mayor es fresco y elegante, adecuado para espacios comerciales modernos. Cer\u00e1mica de alta calidad son resistentes a las manchas y duradero, esmalte mate es discreto y avanzado, apoya el dise\u00f1o personalizado, y se adapta perfectamente a todo tipo de cuartos de ba\u00f1o.<\/p>\n<table style=\"border-collapse: collapse; width: 311.02pt;\" border=\"0\" width=\"311\" cellspacing=\"0\" cellpadding=\"0\">\n<tbody>\n<tr style=\"height: 17.60pt;\">\n<td class=\"et3\" style=\"height: 17.60pt; width: 108.35pt;\" width=\"108\" height=\"17\">Fabricante<\/td>\n<td class=\"et3\" style=\"width: 202.95pt;\" width=\"202\">HanYu<\/td>\n<\/tr>\n<tr style=\"height: 17.60pt;\">\n<td class=\"et3\" style=\"height: 17.60pt;\" height=\"17\">N\u00ba de modelo<\/td>\n<td class=\"et4\">HY-8069PP<\/td>\n<\/tr>\n<tr style=\"height: 17.60pt;\">\n<td class=\"et3\" style=\"height: 17.60pt;\" height=\"17\">Tipo<\/td>\n<td class=\"et3\">Lavabo de Encimera<\/td>\n<\/tr>\n<tr style=\"height: 17.60pt;\">\n<td class=\"et3\" style=\"height: 17.60pt;\" height=\"17\">Forma<\/td>\n<td class=\"et3\">Forma redonda<\/td>\n<\/tr>\n<tr style=\"height: 17.60pt;\">\n<td class=\"et4\" style=\"height: 17.60pt;\" height=\"17\">Color<\/td>\n<td class=\"et3\">Morado<\/td>\n<\/tr>\n<tr style=\"height: 18.00pt;\">\n<td class=\"et3\" style=\"height: 18.00pt;\" height=\"18\">Dimensi\u00f3n\u00a0<\/td>\n<td class=\"et5\" style=\"width: 202.95pt;\" width=\"202\">41.5*41.5*13.5<\/td>\n<\/tr>\n<tr style=\"height: 17.60pt;\">\n<td class=\"et3\" style=\"height: 17.60pt;\" height=\"17\">N.W \/SET<\/td>\n<td class=\"et3\">8KGS\/PCS<\/td>\n<\/tr>\n<tr style=\"height: 17.60pt;\">\n<td class=\"et3\" style=\"height: 17.60pt;\" height=\"17\">MOQ<\/td>\n<td class=\"et3\">20 piezas<\/td>\n<\/tr>\n<tr style=\"height: 17.60pt;\">\n<td class=\"et3\" style=\"height: 17.60pt;\" height=\"17\">Opci\u00f3n personalizada<\/td>\n<td class=\"et3\">Color\/Patr\u00f3n\/Tama\u00f1o\/Logotipo\/Embalaje<\/td>\n<\/tr>\n<\/tbody>\n<\/table>","protected":false},"featured_media":6355,"comment_status":"closed","ping_status":"closed","template":"","meta":{"_acf_changed":false},"product_brand":[],"product_cat":[50,55],"product_tag":[],"class_list":{"0":"post-6345","1":"product","2":"type-product","3":"status-publish","4":"has-post-thumbnail","6":"product_cat-wholesale-countertop-sinks","7":"product_cat-wholesale-matte-sinks","9":"first","10":"instock","11":"shipping-taxable","12":"product-type-simple"},"acf":[],"_links":{"self":[{"href":"https:\/\/www.ceramicbasin.com\/es\/wp-json\/wp\/v2\/product\/6345","targetHints":{"allow":["GET"]}}],"collection":[{"href":"https:\/\/www.ceramicbasin.com\/es\/wp-json\/wp\/v2\/product"}],"about":[{"href":"https:\/\/www.ceramicbasin.com\/es\/wp-json\/wp\/v2\/types\/product"}],"replies":[{"embeddable":true,"href":"https:\/\/www.ceramicbasin.com\/es\/wp-json\/wp\/v2\/comments?post=6345"}],"wp:featuredmedia":[{"embeddable":true,"href":"https:\/\/www.ceramicbasin.com\/es\/wp-json\/wp\/v2\/media\/6355"}],"wp:attachment":[{"href":"https:\/\/www.ceramicbasin.com\/es\/wp-json\/wp\/v2\/media?parent=6345"}],"wp:term":[{"taxonomy":"product_brand","embeddable":true,"href":"https:\/\/www.ceramicbasin.com\/es\/wp-json\/wp\/v2\/product_brand?post=6345"},{"taxonomy":"product_cat","embeddable":true,"href":"https:\/\/www.ceramicbasin.com\/es\/wp-json\/wp\/v2\/product_cat?post=6345"},{"taxonomy":"product_tag","embeddable":true,"href":"https:\/\/www.ceramicbasin.com\/es\/wp-json\/wp\/v2\/product_tag?post=6345"}],"curies":[{"name":"wp","href":"https:\/\/api.w.org\/{rel}","templated":true}]}}