{"id":6409,"date":"2025-03-12T08:25:53","date_gmt":"2025-03-12T08:25:53","guid":{"rendered":"https:\/\/www.ceramicbasin.com\/?post_type=product&#038;p=6409"},"modified":"2025-03-14T03:44:24","modified_gmt":"2025-03-14T03:44:24","slug":"wall-hung-sink-wholesale","status":"publish","type":"product","link":"https:\/\/www.ceramicbasin.com\/es\/producto\/wall-hung-sink-wholesale\/","title":{"rendered":"Fregadero de Cer\u00e1mica de Pared al por Mayor, Lavabos de Suministro de F\u00e1brica"},"content":{"rendered":"<div class=\"wp-block-columns is-layout-flex wp-container-core-columns-is-layout-9d6595d7 wp-block-columns-is-layout-flex\">\n<div class=\"wp-block-column is-layout-flow wp-block-column-is-layout-flow\">\n<h2 class=\"wp-block-heading\">Premium Fregadero de pared al por mayor Caracter\u00edsticas:<\/h2>\n\n\n\n<ul class=\"wp-block-list\">\n<li><strong>Dise\u00f1o cuadrado y sencillo: <\/strong>Este lavabo de cer\u00e1mica colgado de la pared al por mayor tiene un dise\u00f1o cuadrado simple con l\u00edneas limpias y forma de moda. Es muy f\u00e1cil de incorporar en cualquier dise\u00f1o de ba\u00f1o. Es ideal para su uso en casas residenciales, hoteles, apartamentos y construcciones comerciales para a\u00f1adir la belleza general del espacio.<\/li>\n\n\n\n<li><strong>Ahorra espacio: <\/strong>Con dise\u00f1o mural, estos lavabos de suministro de f\u00e1brica pueden instalarse en la pared sin ocupar espacio en el suelo. Ideal s\u00f3lo para cuartos de ba\u00f1o peque\u00f1os o con espacio limitado. Aunque es f\u00e1cil de limpiar, reduce los rincones muertos sanitarios.<\/li>\n\n\n\n<li><strong>Pr\u00e1ctica encimera de almacenamiento: <\/strong>Este lavabo de cer\u00e1mica colgado de la pared al por mayor est\u00e1 dise\u00f1ado con una encimera de almacenamiento que puede contener art\u00edculos de uso diario como desinfectante de manos y vasos para cepillos de dientes para aumentar la practicidad para que los ba\u00f1os con poco espacio tambi\u00e9n puedan permanecer ordenados y organizados para proporcionar a los usuarios una experiencia de uso m\u00e1s c\u00f3moda.<\/li>\n\n\n\n<li><strong>Duradera: <\/strong>Los lavabos que suministramos de f\u00e1brica est\u00e1n fabricados con cer\u00e1mica de alta calidad cocida a alta temperatura. La superficie es firme y lisa, no es f\u00e1cil de ensuciar y rayar, es antibacteriana y f\u00e1cil de limpiar. Puede permanecer limpio y brillante despu\u00e9s de a\u00f1os de servicio, manteniendo el ambiente del cuarto de ba\u00f1o limpio y elegante.<\/li>\n<\/ul>\n<\/div>\n\n\n\n<div class=\"wp-block-column is-layout-flow wp-block-column-is-layout-flow\">\n<figure class=\"wp-block-image size-full\"><img fetchpriority=\"high\" decoding=\"async\" width=\"800\" height=\"800\" src=\"https:\/\/www.ceramicbasin.com\/wp-content\/uploads\/2025\/03\/wall-mounted-sink-vanitywall-hung-basinwhite-sink-bathroom6.webp\" alt=\"Fregadero De Cer\u00e1mica Colgado De La Pared Al Por Mayor, Lavabos De Suministro De F\u00e1brica-1\" class=\"wp-image-6415\" srcset=\"https:\/\/www.ceramicbasin.com\/wp-content\/uploads\/2025\/03\/wall-mounted-sink-vanitywall-hung-basinwhite-sink-bathroom6.webp 800w, https:\/\/www.ceramicbasin.com\/wp-content\/uploads\/2025\/03\/wall-mounted-sink-vanitywall-hung-basinwhite-sink-bathroom6-300x300.webp 300w, https:\/\/www.ceramicbasin.com\/wp-content\/uploads\/2025\/03\/wall-mounted-sink-vanitywall-hung-basinwhite-sink-bathroom6-150x150.webp 150w, https:\/\/www.ceramicbasin.com\/wp-content\/uploads\/2025\/03\/wall-mounted-sink-vanitywall-hung-basinwhite-sink-bathroom6-768x768.webp 768w, https:\/\/www.ceramicbasin.com\/wp-content\/uploads\/2025\/03\/wall-mounted-sink-vanitywall-hung-basinwhite-sink-bathroom6-12x12.webp 12w, https:\/\/www.ceramicbasin.com\/wp-content\/uploads\/2025\/03\/wall-mounted-sink-vanitywall-hung-basinwhite-sink-bathroom6-285x285.webp 285w, https:\/\/www.ceramicbasin.com\/wp-content\/uploads\/2025\/03\/wall-mounted-sink-vanitywall-hung-basinwhite-sink-bathroom6-270x270.webp 270w, https:\/\/www.ceramicbasin.com\/wp-content\/uploads\/2025\/03\/wall-mounted-sink-vanitywall-hung-basinwhite-sink-bathroom6-540x540.webp 540w, https:\/\/www.ceramicbasin.com\/wp-content\/uploads\/2025\/03\/wall-mounted-sink-vanitywall-hung-basinwhite-sink-bathroom6-660x660.webp 660w\" sizes=\"(max-width: 800px) 100vw, 800px\" \/><\/figure>\n<\/div>\n<\/div>\n\n\n\n<p><\/p>","protected":false},"excerpt":{"rendered":"<p>Bienvenido a comprar lavabo de pared de cer\u00e1mica al por mayor. Nuestros lavabos de suministro de f\u00e1brica tienen un dise\u00f1o sencillo y moderno. La forma cuadrada y la encimera de almacenamiento funcional no s\u00f3lo ahorran espacio, sino que tambi\u00e9n proporcionan una funci\u00f3n de almacenamiento adicional, que es muy adecuado para peque\u00f1os cuartos de ba\u00f1o o proyectos comerciales.<\/p>\n<table style=\"border-collapse: collapse; width: 311.02pt;\" border=\"0\" width=\"311\" cellspacing=\"0\" cellpadding=\"0\">\n<tbody>\n<tr style=\"height: 17.60pt;\">\n<td class=\"et3\" style=\"height: 17.60pt; width: 108.35pt;\" width=\"108\" height=\"17\">Fabricante<\/td>\n<td class=\"et3\" style=\"width: 202.95pt;\" width=\"202\">HanYu<\/td>\n<\/tr>\n<tr style=\"height: 17.60pt;\">\n<td class=\"et3\" style=\"height: 17.60pt;\" height=\"17\">N\u00ba de modelo<\/td>\n<td class=\"et4\">HY-3130AL<\/td>\n<\/tr>\n<tr style=\"height: 17.60pt;\">\n<td class=\"et3\" style=\"height: 17.60pt;\" height=\"17\">Tipo<\/td>\n<td class=\"et3\">fregaderos murales<\/td>\n<\/tr>\n<tr style=\"height: 17.60pt;\">\n<td class=\"et3\" style=\"height: 17.60pt;\" height=\"17\">Forma<\/td>\n<td class=\"et3\">\u00a0Forma cuadrada<\/td>\n<\/tr>\n<tr style=\"height: 17.60pt;\">\n<td class=\"et4\" style=\"height: 17.60pt;\" height=\"17\">Color<\/td>\n<td class=\"et3\">Blanco<\/td>\n<\/tr>\n<tr style=\"height: 18.00pt;\">\n<td class=\"et3\" style=\"height: 18.00pt;\" height=\"18\">Dimensi\u00f3n<\/td>\n<td class=\"et6\" style=\"width: 202.95pt;\" width=\"202\">60*41.5*15<\/td>\n<\/tr>\n<tr style=\"height: 17.60pt;\">\n<td class=\"et3\" style=\"height: 17.60pt;\" height=\"17\">N.W \/SET<\/td>\n<td class=\"et3\">18KGS\/PCS<\/td>\n<\/tr>\n<tr style=\"height: 17.60pt;\">\n<td class=\"et3\" style=\"height: 17.60pt;\" height=\"17\">MOQ<\/td>\n<td class=\"et3\">20 piezas<\/td>\n<\/tr>\n<tr style=\"height: 17.60pt;\">\n<td class=\"et3\" style=\"height: 17.60pt;\" height=\"17\">Opci\u00f3n personalizada<\/td>\n<td class=\"et3\">Color\/Patr\u00f3n\/Tama\u00f1o\/Logotipo\/Embalaje<\/td>\n<\/tr>\n<\/tbody>\n<\/table>\n<p>&nbsp;<\/p>","protected":false},"featured_media":6413,"comment_status":"closed","ping_status":"closed","template":"","meta":{"_acf_changed":false},"product_brand":[],"product_cat":[57,56],"product_tag":[],"class_list":{"0":"post-6409","1":"product","2":"type-product","3":"status-publish","4":"has-post-thumbnail","6":"product_cat-wholesale-wall-mounted-sinks","7":"product_cat-wholesale-small-bathroom-sinks","9":"first","10":"instock","11":"shipping-taxable","12":"product-type-simple"},"acf":[],"_links":{"self":[{"href":"https:\/\/www.ceramicbasin.com\/es\/wp-json\/wp\/v2\/product\/6409","targetHints":{"allow":["GET"]}}],"collection":[{"href":"https:\/\/www.ceramicbasin.com\/es\/wp-json\/wp\/v2\/product"}],"about":[{"href":"https:\/\/www.ceramicbasin.com\/es\/wp-json\/wp\/v2\/types\/product"}],"replies":[{"embeddable":true,"href":"https:\/\/www.ceramicbasin.com\/es\/wp-json\/wp\/v2\/comments?post=6409"}],"wp:featuredmedia":[{"embeddable":true,"href":"https:\/\/www.ceramicbasin.com\/es\/wp-json\/wp\/v2\/media\/6413"}],"wp:attachment":[{"href":"https:\/\/www.ceramicbasin.com\/es\/wp-json\/wp\/v2\/media?parent=6409"}],"wp:term":[{"taxonomy":"product_brand","embeddable":true,"href":"https:\/\/www.ceramicbasin.com\/es\/wp-json\/wp\/v2\/product_brand?post=6409"},{"taxonomy":"product_cat","embeddable":true,"href":"https:\/\/www.ceramicbasin.com\/es\/wp-json\/wp\/v2\/product_cat?post=6409"},{"taxonomy":"product_tag","embeddable":true,"href":"https:\/\/www.ceramicbasin.com\/es\/wp-json\/wp\/v2\/product_tag?post=6409"}],"curies":[{"name":"wp","href":"https:\/\/api.w.org\/{rel}","templated":true}]}}