{"id":6418,"date":"2025-03-20T02:59:20","date_gmt":"2025-03-20T02:59:20","guid":{"rendered":"https:\/\/www.ceramicbasin.com\/?post_type=product&#038;p=6418"},"modified":"2025-03-20T02:59:23","modified_gmt":"2025-03-20T02:59:23","slug":"square-semi-recessed-basin-wholesale","status":"publish","type":"product","link":"https:\/\/www.ceramicbasin.com\/es\/producto\/square-semi-recessed-basin-wholesale\/","title":{"rendered":"Lavabo Cuadrado Semiencastrado Mayorista, Fregadero Porcelana Brillante"},"content":{"rendered":"<div class=\"wp-block-columns is-layout-flex wp-container-core-columns-is-layout-9d6595d7 wp-block-columns-is-layout-flex\">\n<div class=\"wp-block-column is-layout-flow wp-block-column-is-layout-flow\">\n<h2 class=\"wp-block-heading\">Lavabo Cuadrado Semiencastrado Premium al por mayor Caracter\u00edsticas:<\/h2>\n\n\n\n<ul class=\"wp-block-list\">\n<li><strong>Duradero y f\u00e1cil de limpiar: <\/strong>Nuestro lavabo cuadrado semi-encastrado al por mayor est\u00e1 hecho de material cer\u00e1mico duradero para que dure m\u00e1s tiempo y f\u00e1cil de limpiar con el fin de proporcionar siempre el nuevo aspecto.<\/li>\n\n\n\n<li><strong>Ventaja de la compra a granel: <\/strong>Como fabricante de lavabos de ba\u00f1o, Hanyu ofrece lavabos de porcelana al por mayor a precios asequibles para garantizar el valor de su dinero mediante el disfrute de las ventajas que conllevan las compras al por mayor.<\/li>\n\n\n\n<li><strong>Dise\u00f1o a la moda:\u00a0<\/strong>Este lavabo cuadrado semiencastrado al por mayor adopta una nueva moda de tendencia, combinando el estilo moderno con la practicidad realista para crear un efecto visual fresco para el cuarto de ba\u00f1o.<\/li>\n\n\n\n<li><strong>Suministro r\u00e1pido: <\/strong>Como fabricante experimentado de lavabos de cer\u00e1mica, HanYu tiene una gran capacidad de producci\u00f3n y puede suministrar grandes cantidades de lavabos de porcelana al por mayor con una excelente relaci\u00f3n calidad-precio para garantizar que el progreso de su proyecto no se vea afectado.<\/li>\n<\/ul>\n<\/div>\n\n\n\n<div class=\"wp-block-column is-layout-flow wp-block-column-is-layout-flow\">\n<figure class=\"wp-block-image size-full\"><img fetchpriority=\"high\" decoding=\"async\" width=\"1372\" height=\"1372\" src=\"https:\/\/www.ceramicbasin.com\/wp-content\/uploads\/2025\/03\/Semi-Recessed-SinksGlossy-White-Custom-Porcelain-Sink-5.webp\" alt=\"Lavabo Cuadrado Semiencastrado Mayorista, Lavabo Porcelana Brillante-1\" class=\"wp-image-6423\" srcset=\"https:\/\/www.ceramicbasin.com\/wp-content\/uploads\/2025\/03\/Semi-Recessed-SinksGlossy-White-Custom-Porcelain-Sink-5.webp 1372w, https:\/\/www.ceramicbasin.com\/wp-content\/uploads\/2025\/03\/Semi-Recessed-SinksGlossy-White-Custom-Porcelain-Sink-5-300x300.webp 300w, https:\/\/www.ceramicbasin.com\/wp-content\/uploads\/2025\/03\/Semi-Recessed-SinksGlossy-White-Custom-Porcelain-Sink-5-150x150.webp 150w, https:\/\/www.ceramicbasin.com\/wp-content\/uploads\/2025\/03\/Semi-Recessed-SinksGlossy-White-Custom-Porcelain-Sink-5-768x768.webp 768w, https:\/\/www.ceramicbasin.com\/wp-content\/uploads\/2025\/03\/Semi-Recessed-SinksGlossy-White-Custom-Porcelain-Sink-5-12x12.webp 12w, https:\/\/www.ceramicbasin.com\/wp-content\/uploads\/2025\/03\/Semi-Recessed-SinksGlossy-White-Custom-Porcelain-Sink-5-285x285.webp 285w, https:\/\/www.ceramicbasin.com\/wp-content\/uploads\/2025\/03\/Semi-Recessed-SinksGlossy-White-Custom-Porcelain-Sink-5-270x270.webp 270w, https:\/\/www.ceramicbasin.com\/wp-content\/uploads\/2025\/03\/Semi-Recessed-SinksGlossy-White-Custom-Porcelain-Sink-5-540x540.webp 540w, https:\/\/www.ceramicbasin.com\/wp-content\/uploads\/2025\/03\/Semi-Recessed-SinksGlossy-White-Custom-Porcelain-Sink-5-660x660.webp 660w\" sizes=\"(max-width: 1372px) 100vw, 1372px\" \/><\/figure>\n<\/div>\n<\/div>\n\n\n\n<p><\/p>","protected":false},"excerpt":{"rendered":"<p>Bienvenido a comprar lavabos de porcelana al por mayor. Este exquisito lavabo cuadrado semi-encastrado al por mayor est\u00e1 hecho de materiales cer\u00e1micos de alta calidad, por lo que es una opci\u00f3n ideal para la decoraci\u00f3n del ba\u00f1o. El dise\u00f1o de apariencia aerodin\u00e1mica y el tratamiento de borde redondeado muestran extraordinaria belleza art\u00edstica.<\/p>\n<table style=\"border-collapse: collapse; width: 358.52pt;\" border=\"0\" width=\"478\" cellspacing=\"0\" cellpadding=\"0\">\n<tbody>\n<tr style=\"height: 17.25pt;\">\n<td class=\"et3\" style=\"height: 17.25pt; width: 125.00pt;\" width=\"166\" height=\"23\">Fabricante<\/td>\n<td class=\"et3\" style=\"width: 234.15pt;\" width=\"312\">HanYu<\/td>\n<\/tr>\n<tr style=\"height: 17.25pt;\">\n<td class=\"et3\" style=\"height: 17.25pt;\" height=\"23\">N\u00ba de modelo<\/td>\n<td class=\"et4\">HY-5501<\/td>\n<\/tr>\n<tr style=\"height: 17.25pt;\">\n<td class=\"et3\" style=\"height: 17.25pt;\" height=\"23\">Tipo<\/td>\n<td class=\"et5\" style=\"width: 234.15pt;\" width=\"312\">Fregaderos semiempotrados<\/td>\n<\/tr>\n<tr style=\"height: 18.00pt;\">\n<td class=\"et3\" style=\"height: 18.00pt;\" height=\"24\">Forma<\/td>\n<td class=\"et3\">Forma rectangular<\/td>\n<\/tr>\n<tr style=\"height: 34.50pt;\">\n<td class=\"et4\" style=\"height: 34.50pt;\" height=\"46\">Color<\/td>\n<td class=\"et5\" style=\"width: 234.15pt;\" width=\"312\">negro\/blanco\/azul\/gris\/rosa\/verde\/marr\u00f3n\/caqui<\/td>\n<\/tr>\n<tr style=\"height: 18.00pt;\">\n<td class=\"et3\" style=\"height: 18.00pt;\" height=\"24\">Dimensi\u00f3n<\/td>\n<td class=\"et5\" style=\"width: 234.15pt;\" width=\"312\">51*46*16<\/td>\n<\/tr>\n<tr style=\"height: 17.25pt;\">\n<td class=\"et3\" style=\"height: 17.25pt;\" height=\"23\">N.W \/SET<\/td>\n<td class=\"et3\">18KGS\/PCS<\/td>\n<\/tr>\n<tr style=\"height: 17.25pt;\">\n<td class=\"et3\" style=\"height: 17.25pt;\" height=\"23\">MOQ<\/td>\n<td class=\"et3\">20 piezas<\/td>\n<\/tr>\n<tr style=\"height: 17.25pt;\">\n<td class=\"et3\" style=\"height: 17.25pt;\" height=\"23\">Opci\u00f3n personalizada<\/td>\n<td class=\"et3\">Color\/Patr\u00f3n\/Tama\u00f1o\/Logotipo\/Embalaje<\/td>\n<\/tr>\n<\/tbody>\n<\/table>","protected":false},"featured_media":6422,"comment_status":"closed","ping_status":"closed","template":"","meta":{"_acf_changed":false},"product_brand":[],"product_cat":[58],"product_tag":[],"class_list":{"0":"post-6418","1":"product","2":"type-product","3":"status-publish","4":"has-post-thumbnail","6":"product_cat-wholesale-semi-recessed-sinks","8":"first","9":"instock","10":"shipping-taxable","11":"product-type-simple"},"acf":[],"_links":{"self":[{"href":"https:\/\/www.ceramicbasin.com\/es\/wp-json\/wp\/v2\/product\/6418","targetHints":{"allow":["GET"]}}],"collection":[{"href":"https:\/\/www.ceramicbasin.com\/es\/wp-json\/wp\/v2\/product"}],"about":[{"href":"https:\/\/www.ceramicbasin.com\/es\/wp-json\/wp\/v2\/types\/product"}],"replies":[{"embeddable":true,"href":"https:\/\/www.ceramicbasin.com\/es\/wp-json\/wp\/v2\/comments?post=6418"}],"wp:featuredmedia":[{"embeddable":true,"href":"https:\/\/www.ceramicbasin.com\/es\/wp-json\/wp\/v2\/media\/6422"}],"wp:attachment":[{"href":"https:\/\/www.ceramicbasin.com\/es\/wp-json\/wp\/v2\/media?parent=6418"}],"wp:term":[{"taxonomy":"product_brand","embeddable":true,"href":"https:\/\/www.ceramicbasin.com\/es\/wp-json\/wp\/v2\/product_brand?post=6418"},{"taxonomy":"product_cat","embeddable":true,"href":"https:\/\/www.ceramicbasin.com\/es\/wp-json\/wp\/v2\/product_cat?post=6418"},{"taxonomy":"product_tag","embeddable":true,"href":"https:\/\/www.ceramicbasin.com\/es\/wp-json\/wp\/v2\/product_tag?post=6418"}],"curies":[{"name":"wp","href":"https:\/\/api.w.org\/{rel}","templated":true}]}}