{"id":6425,"date":"2025-03-20T03:14:11","date_gmt":"2025-03-20T03:14:11","guid":{"rendered":"https:\/\/www.ceramicbasin.com\/?post_type=product&#038;p=6425"},"modified":"2025-10-23T09:50:46","modified_gmt":"2025-10-23T09:50:46","slug":"small-semi-recessed-basin-wholesale","status":"publish","type":"product","link":"https:\/\/www.ceramicbasin.com\/es\/producto\/small-semi-recessed-basin-wholesale\/","title":{"rendered":"Lavabo Peque\u00f1o Semiencastrado Mayorista, Lavabo Peque\u00f1o Blanco Brillante"},"content":{"rendered":"<div class=\"wp-block-columns is-layout-flex wp-container-core-columns-is-layout-9d6595d7 wp-block-columns-is-layout-flex\">\n<div class=\"wp-block-column is-layout-flow wp-block-column-is-layout-flow\">\n<h2 class=\"wp-block-heading\">Premium Peque\u00f1o Lavabo Semiencastrado al por mayor Caracter\u00edsticas:<\/h2>\n\n\n\n<ul class=\"wp-block-list\">\n<li><strong>Esmalte de alto brillo, luminosidad duradera:<\/strong> Nuestros fregaderos de cer\u00e1mica al por mayor utilizan una avanzada tecnolog\u00eda de esmaltado a alta temperatura, la superficie es lisa y fr\u00e1gil, anti-manchas, y f\u00e1cil de limpiar, incluso despu\u00e9s de a\u00f1os de uso se mantiene brillante como nuevo.<\/li>\n\n\n\n<li><strong>Ahorre espacio y ad\u00e1ptese a una gran variedad de encimeras: <\/strong>Adem\u00e1s de ahorrar espacio en la encimera, nuestro lavabo semi-encastrado peque\u00f1o al por mayor tambi\u00e9n ofrece un amplio espacio para lavarse, y es adecuado para el dise\u00f1o de ba\u00f1os peque\u00f1os y cuartos de ba\u00f1o peque\u00f1os.<\/li>\n\n\n\n<li><strong>Dise\u00f1o sencillo, adecuado para una gran variedad de estilos: <\/strong>Este peque\u00f1o lavabo semi-encastrado al por mayor viene en dise\u00f1os simples y de moda, que puede ser armoniosamente emparejado con varios tipos de encimeras de ba\u00f1o diferentes, as\u00ed como dise\u00f1os para mejorar la textura general de la habitaci\u00f3n.<\/li>\n\n\n\n<li><strong>Cer\u00e1mica duradera, fuerte y resistente a las grietas: <\/strong>Estos fregaderos de cer\u00e1mica al por mayor se componen de materiales cer\u00e1micos superiores, que poseen una estructura s\u00f3lida, resistencia al desgaste y dureza, y resistencia al impacto y al agua, y se pueden utilizar durante un largo per\u00edodo de tiempo en un estado estable.<\/li>\n<\/ul>\n<\/div>\n\n\n\n<div class=\"wp-block-column is-layout-flow wp-block-column-is-layout-flow\">\n<figure class=\"wp-block-image size-full\"><img fetchpriority=\"high\" decoding=\"async\" width=\"1800\" height=\"1800\" src=\"https:\/\/www.ceramicbasin.com\/wp-content\/uploads\/2025\/03\/Wholesale-Semi-recessed-Basin-Glossy-White-Vessel-Sinks-5.webp\" alt=\"Lavabo Semi-encastrado Peque\u00f1o al por mayor, Fregaderos de tocador brillantes-1\" class=\"wp-image-6430\" srcset=\"https:\/\/www.ceramicbasin.com\/wp-content\/uploads\/2025\/03\/Wholesale-Semi-recessed-Basin-Glossy-White-Vessel-Sinks-5.webp 1800w, https:\/\/www.ceramicbasin.com\/wp-content\/uploads\/2025\/03\/Wholesale-Semi-recessed-Basin-Glossy-White-Vessel-Sinks-5-300x300.webp 300w, https:\/\/www.ceramicbasin.com\/wp-content\/uploads\/2025\/03\/Wholesale-Semi-recessed-Basin-Glossy-White-Vessel-Sinks-5-150x150.webp 150w, https:\/\/www.ceramicbasin.com\/wp-content\/uploads\/2025\/03\/Wholesale-Semi-recessed-Basin-Glossy-White-Vessel-Sinks-5-768x768.webp 768w, https:\/\/www.ceramicbasin.com\/wp-content\/uploads\/2025\/03\/Wholesale-Semi-recessed-Basin-Glossy-White-Vessel-Sinks-5-12x12.webp 12w, https:\/\/www.ceramicbasin.com\/wp-content\/uploads\/2025\/03\/Wholesale-Semi-recessed-Basin-Glossy-White-Vessel-Sinks-5-285x285.webp 285w, https:\/\/www.ceramicbasin.com\/wp-content\/uploads\/2025\/03\/Wholesale-Semi-recessed-Basin-Glossy-White-Vessel-Sinks-5-1600x1600.webp 1600w, https:\/\/www.ceramicbasin.com\/wp-content\/uploads\/2025\/03\/Wholesale-Semi-recessed-Basin-Glossy-White-Vessel-Sinks-5-270x270.webp 270w, https:\/\/www.ceramicbasin.com\/wp-content\/uploads\/2025\/03\/Wholesale-Semi-recessed-Basin-Glossy-White-Vessel-Sinks-5-540x540.webp 540w, https:\/\/www.ceramicbasin.com\/wp-content\/uploads\/2025\/03\/Wholesale-Semi-recessed-Basin-Glossy-White-Vessel-Sinks-5-660x660.webp 660w\" sizes=\"(max-width: 1800px) 100vw, 1800px\" \/><\/figure>\n<\/div>\n<\/div>","protected":false},"excerpt":{"rendered":"<p>Bienvenido a la compra al por mayor de lavabos peque\u00f1os para ba\u00f1o. Nuestro lavabo peque\u00f1o semi-encastrado al por mayor adopta un dise\u00f1o de esmalte de alto brillo, que ahorra espacio y realza la belleza del cuarto de ba\u00f1o. Su forma suave y su pr\u00e1ctico m\u00e9todo de instalaci\u00f3n semiempotrada lo convierten en una opci\u00f3n ideal para cuartos de ba\u00f1o modernos, adecuada para el hogar, hoteles y espacios comerciales.<\/p>\n<table style=\"border-collapse: collapse; width: 358.52pt;\" border=\"0\" width=\"478\" cellspacing=\"0\" cellpadding=\"0\">\n<tbody>\n<tr style=\"height: 17.25pt;\">\n<td class=\"et3\" style=\"height: 17.25pt; width: 125.00pt;\" width=\"166\" height=\"23\">Fabricante<\/td>\n<td class=\"et3\" style=\"width: 234.15pt;\" width=\"312\">HanYu<\/td>\n<\/tr>\n<tr style=\"height: 17.25pt;\">\n<td class=\"et3\" style=\"height: 17.25pt;\" height=\"23\">N\u00ba de modelo<\/td>\n<td class=\"et4\">HY-8228A<\/td>\n<\/tr>\n<tr style=\"height: 17.25pt;\">\n<td class=\"et3\" style=\"height: 17.25pt;\" height=\"23\">Tipo<\/td>\n<td class=\"et5\" style=\"width: 234.15pt;\" width=\"312\">Fregaderos semiempotrados<\/td>\n<\/tr>\n<tr style=\"height: 18.00pt;\">\n<td class=\"et3\" style=\"height: 18.00pt;\" height=\"24\">Forma<\/td>\n<td class=\"et3\">Forma cuadrada<\/td>\n<\/tr>\n<tr style=\"height: 34.50pt;\">\n<td class=\"et4\" style=\"height: 34.50pt;\" height=\"46\">Color<\/td>\n<td class=\"et5\" style=\"width: 234.15pt;\" width=\"312\">negro\/blanco\/azul\/gris\/rosa\/verde\/marr\u00f3n\/caqui<\/td>\n<\/tr>\n<tr style=\"height: 18.00pt;\">\n<td class=\"et3\" style=\"height: 18.00pt;\" height=\"24\">Dimensi\u00f3n<\/td>\n<td class=\"et5\" style=\"width: 234.15pt;\" width=\"312\">42.5*42.5*13<\/td>\n<\/tr>\n<tr style=\"height: 17.25pt;\">\n<td class=\"et3\" style=\"height: 17.25pt;\" height=\"23\">N.W \/SET<\/td>\n<td class=\"et3\">12KGS\/PCS<\/td>\n<\/tr>\n<tr style=\"height: 17.25pt;\">\n<td class=\"et3\" style=\"height: 17.25pt;\" height=\"23\">MOQ<\/td>\n<td class=\"et3\">20 piezas<\/td>\n<\/tr>\n<tr style=\"height: 17.25pt;\">\n<td class=\"et3\" style=\"height: 17.25pt;\" height=\"23\">Opci\u00f3n personalizada<\/td>\n<td class=\"et3\">Color\/Patr\u00f3n\/Tama\u00f1o\/Logotipo\/Embalaje<\/td>\n<\/tr>\n<\/tbody>\n<\/table>","protected":false},"featured_media":6426,"comment_status":"closed","ping_status":"closed","template":"","meta":{"_acf_changed":false},"product_brand":[],"product_cat":[58],"product_tag":[],"class_list":{"0":"post-6425","1":"product","2":"type-product","3":"status-publish","4":"has-post-thumbnail","6":"product_cat-wholesale-semi-recessed-sinks","8":"first","9":"instock","10":"shipping-taxable","11":"product-type-simple"},"acf":[],"_links":{"self":[{"href":"https:\/\/www.ceramicbasin.com\/es\/wp-json\/wp\/v2\/product\/6425","targetHints":{"allow":["GET"]}}],"collection":[{"href":"https:\/\/www.ceramicbasin.com\/es\/wp-json\/wp\/v2\/product"}],"about":[{"href":"https:\/\/www.ceramicbasin.com\/es\/wp-json\/wp\/v2\/types\/product"}],"replies":[{"embeddable":true,"href":"https:\/\/www.ceramicbasin.com\/es\/wp-json\/wp\/v2\/comments?post=6425"}],"wp:featuredmedia":[{"embeddable":true,"href":"https:\/\/www.ceramicbasin.com\/es\/wp-json\/wp\/v2\/media\/6426"}],"wp:attachment":[{"href":"https:\/\/www.ceramicbasin.com\/es\/wp-json\/wp\/v2\/media?parent=6425"}],"wp:term":[{"taxonomy":"product_brand","embeddable":true,"href":"https:\/\/www.ceramicbasin.com\/es\/wp-json\/wp\/v2\/product_brand?post=6425"},{"taxonomy":"product_cat","embeddable":true,"href":"https:\/\/www.ceramicbasin.com\/es\/wp-json\/wp\/v2\/product_cat?post=6425"},{"taxonomy":"product_tag","embeddable":true,"href":"https:\/\/www.ceramicbasin.com\/es\/wp-json\/wp\/v2\/product_tag?post=6425"}],"curies":[{"name":"wp","href":"https:\/\/api.w.org\/{rel}","templated":true}]}}