{"id":6431,"date":"2025-03-20T02:38:52","date_gmt":"2025-03-20T02:38:52","guid":{"rendered":"https:\/\/www.ceramicbasin.com\/?post_type=product&#038;p=6431"},"modified":"2025-03-20T02:38:55","modified_gmt":"2025-03-20T02:38:55","slug":"semi-recessed-basins-wholesale-2","status":"publish","type":"product","link":"https:\/\/www.ceramicbasin.com\/es\/producto\/semi-recessed-basins-wholesale-2\/","title":{"rendered":"Suministro de f\u00e1brica Lavabos semi-encastrados Venta al por mayor y personalizaci\u00f3n"},"content":{"rendered":"<div class=\"wp-block-columns is-layout-flex wp-container-core-columns-is-layout-9d6595d7 wp-block-columns-is-layout-flex\">\n<div class=\"wp-block-column is-layout-flow wp-block-column-is-layout-flow\">\n<h2 class=\"wp-block-heading\">Lavabos Semiencastrados Premium al por mayor Caracter\u00edsticas:<\/h2>\n\n\n\n<ul class=\"wp-block-list\">\n<li><strong>Venta directa de f\u00e1brica:\u00a0<\/strong>HanYu semi lavabos empotrados al por mayor se venden directamente de la f\u00e1brica, sin diferencia de precio en el intermediario y la compra a granel lavabos de ba\u00f1o le asegura la compra de lavabos de ba\u00f1o de alta calidad al por mayor al precio m\u00e1s bajo.<\/li>\n\n\n\n<li><strong>Material cer\u00e1mico de alta calidad:\u00a0<\/strong>Los lavabos de ba\u00f1o al por mayor de HanYu est\u00e1n fabricados con materias primas cer\u00e1micas de alta calidad, cocidos a alta temperatura, de textura s\u00f3lida y superficie lisa, y pueden evitar que la suciedad se adhiera a ellos.<\/li>\n\n\n\n<li><strong>Selecci\u00f3n variada:\u00a0<\/strong>Tenemos varios estilos, tama\u00f1os y colores de lavabos semi-encastrados al por mayor para satisfacer sus necesidades, que son compatibles con varios estilos de ba\u00f1o y se pueden integrar f\u00e1cilmente en cualquier plan de decoraci\u00f3n.<\/li>\n\n\n\n<li><strong>Descuento por compra al por mayor:\u00a0<\/strong>Proporcionamos descuentos al por mayor para los fregaderos del recipiente para los totes del cuarto de ba\u00f1o para los requisitos comerciales del edificio, o la decoraci\u00f3n residencial al por mayor.<\/li>\n<\/ul>\n<\/div>\n\n\n\n<div class=\"wp-block-column is-layout-flow wp-block-column-is-layout-flow\">\n<figure class=\"wp-block-image size-full\"><img fetchpriority=\"high\" decoding=\"async\" width=\"1348\" height=\"1348\" src=\"https:\/\/www.ceramicbasin.com\/wp-content\/uploads\/2025\/03\/Factory-Supply-Ceramic-Vanity-Sinks-For-Bathroom-Semi-recessed-Basin-5.webp\" alt=\"Suministro de f\u00e1brica Semi Lavabos empotrados Venta al por mayor y personalizaci\u00f3n-1\" class=\"wp-image-6436\" srcset=\"https:\/\/www.ceramicbasin.com\/wp-content\/uploads\/2025\/03\/Factory-Supply-Ceramic-Vanity-Sinks-For-Bathroom-Semi-recessed-Basin-5.webp 1348w, https:\/\/www.ceramicbasin.com\/wp-content\/uploads\/2025\/03\/Factory-Supply-Ceramic-Vanity-Sinks-For-Bathroom-Semi-recessed-Basin-5-300x300.webp 300w, https:\/\/www.ceramicbasin.com\/wp-content\/uploads\/2025\/03\/Factory-Supply-Ceramic-Vanity-Sinks-For-Bathroom-Semi-recessed-Basin-5-150x150.webp 150w, https:\/\/www.ceramicbasin.com\/wp-content\/uploads\/2025\/03\/Factory-Supply-Ceramic-Vanity-Sinks-For-Bathroom-Semi-recessed-Basin-5-768x768.webp 768w, https:\/\/www.ceramicbasin.com\/wp-content\/uploads\/2025\/03\/Factory-Supply-Ceramic-Vanity-Sinks-For-Bathroom-Semi-recessed-Basin-5-12x12.webp 12w, https:\/\/www.ceramicbasin.com\/wp-content\/uploads\/2025\/03\/Factory-Supply-Ceramic-Vanity-Sinks-For-Bathroom-Semi-recessed-Basin-5-285x285.webp 285w, https:\/\/www.ceramicbasin.com\/wp-content\/uploads\/2025\/03\/Factory-Supply-Ceramic-Vanity-Sinks-For-Bathroom-Semi-recessed-Basin-5-270x270.webp 270w, https:\/\/www.ceramicbasin.com\/wp-content\/uploads\/2025\/03\/Factory-Supply-Ceramic-Vanity-Sinks-For-Bathroom-Semi-recessed-Basin-5-540x540.webp 540w, https:\/\/www.ceramicbasin.com\/wp-content\/uploads\/2025\/03\/Factory-Supply-Ceramic-Vanity-Sinks-For-Bathroom-Semi-recessed-Basin-5-660x660.webp 660w\" sizes=\"(max-width: 1348px) 100vw, 1348px\" \/><\/figure>\n<\/div>\n<\/div>","protected":false},"excerpt":{"rendered":"<p>Bienvenido a la compra al por mayor de lavabos para ba\u00f1o. Nuestros lavabos semi-encastrados al por mayor destacan por su exquisito dise\u00f1o y sus materiales cer\u00e1micos de alta calidad, lo que los convierte en una opci\u00f3n ideal para la decoraci\u00f3n de cuartos de ba\u00f1o. El dise\u00f1o de apariencia aerodin\u00e1mica y el tratamiento de bordes redondeados muestran una extraordinaria belleza art\u00edstica. Las compras al por mayor permiten disfrutar de una mejor relaci\u00f3n calidad-precio.<\/p>\n<table style=\"border-collapse: collapse; width: 358.52pt;\" border=\"0\" width=\"478\" cellspacing=\"0\" cellpadding=\"0\">\n<tbody>\n<tr style=\"height: 17.25pt;\">\n<td class=\"et3\" style=\"height: 17.25pt; width: 125.00pt;\" width=\"166\" height=\"23\">Fabricante<\/td>\n<td class=\"et3\" style=\"width: 234.15pt;\" width=\"312\">HanYu<\/td>\n<\/tr>\n<tr style=\"height: 17.25pt;\">\n<td class=\"et3\" style=\"height: 17.25pt;\" height=\"23\">N\u00ba de modelo<\/td>\n<td class=\"et4\">HY-8229A<\/td>\n<\/tr>\n<tr style=\"height: 17.25pt;\">\n<td class=\"et3\" style=\"height: 17.25pt;\" height=\"23\">Tipo<\/td>\n<td class=\"et5\" style=\"width: 234.15pt;\" width=\"312\">Fregaderos semiempotrados<\/td>\n<\/tr>\n<tr style=\"height: 18.00pt;\">\n<td class=\"et3\" style=\"height: 18.00pt;\" height=\"24\">Forma<\/td>\n<td class=\"et3\">Forma rectangular<\/td>\n<\/tr>\n<tr style=\"height: 34.50pt;\">\n<td class=\"et4\" style=\"height: 34.50pt;\" height=\"46\">Color<\/td>\n<td class=\"et5\" style=\"width: 234.15pt;\" width=\"312\">negro\/blanco\/azul\/gris\/rosa\/verde\/marr\u00f3n\/caqui<\/td>\n<\/tr>\n<tr style=\"height: 18.00pt;\">\n<td class=\"et3\" style=\"height: 18.00pt;\" height=\"24\">Dimensi\u00f3n<\/td>\n<td class=\"et5\" style=\"width: 234.15pt;\" width=\"312\">50.5*42*13<\/td>\n<\/tr>\n<tr style=\"height: 17.25pt;\">\n<td class=\"et3\" style=\"height: 17.25pt;\" height=\"23\">N.W \/SET<\/td>\n<td class=\"et3\">13.5KGS\/PCS<\/td>\n<\/tr>\n<tr style=\"height: 17.25pt;\">\n<td class=\"et3\" style=\"height: 17.25pt;\" height=\"23\">MOQ<\/td>\n<td class=\"et3\">20 piezas<\/td>\n<\/tr>\n<tr style=\"height: 17.25pt;\">\n<td class=\"et3\" style=\"height: 17.25pt;\" height=\"23\">Opci\u00f3n personalizada<\/td>\n<td class=\"et3\">Color\/Patr\u00f3n\/Tama\u00f1o\/Logotipo\/Embalaje<\/td>\n<\/tr>\n<\/tbody>\n<\/table>","protected":false},"featured_media":6435,"comment_status":"closed","ping_status":"closed","template":"","meta":{"_acf_changed":false},"product_brand":[],"product_cat":[58],"product_tag":[],"class_list":{"0":"post-6431","1":"product","2":"type-product","3":"status-publish","4":"has-post-thumbnail","6":"product_cat-wholesale-semi-recessed-sinks","8":"first","9":"instock","10":"shipping-taxable","11":"product-type-simple"},"acf":[],"_links":{"self":[{"href":"https:\/\/www.ceramicbasin.com\/es\/wp-json\/wp\/v2\/product\/6431","targetHints":{"allow":["GET"]}}],"collection":[{"href":"https:\/\/www.ceramicbasin.com\/es\/wp-json\/wp\/v2\/product"}],"about":[{"href":"https:\/\/www.ceramicbasin.com\/es\/wp-json\/wp\/v2\/types\/product"}],"replies":[{"embeddable":true,"href":"https:\/\/www.ceramicbasin.com\/es\/wp-json\/wp\/v2\/comments?post=6431"}],"wp:featuredmedia":[{"embeddable":true,"href":"https:\/\/www.ceramicbasin.com\/es\/wp-json\/wp\/v2\/media\/6435"}],"wp:attachment":[{"href":"https:\/\/www.ceramicbasin.com\/es\/wp-json\/wp\/v2\/media?parent=6431"}],"wp:term":[{"taxonomy":"product_brand","embeddable":true,"href":"https:\/\/www.ceramicbasin.com\/es\/wp-json\/wp\/v2\/product_brand?post=6431"},{"taxonomy":"product_cat","embeddable":true,"href":"https:\/\/www.ceramicbasin.com\/es\/wp-json\/wp\/v2\/product_cat?post=6431"},{"taxonomy":"product_tag","embeddable":true,"href":"https:\/\/www.ceramicbasin.com\/es\/wp-json\/wp\/v2\/product_tag?post=6431"}],"curies":[{"name":"wp","href":"https:\/\/api.w.org\/{rel}","templated":true}]}}