{"id":6437,"date":"2025-03-20T02:28:48","date_gmt":"2025-03-20T02:28:48","guid":{"rendered":"https:\/\/www.ceramicbasin.com\/?post_type=product&#038;p=6437"},"modified":"2025-03-20T02:28:50","modified_gmt":"2025-03-20T02:28:50","slug":"semi-recessed-basin-wholesale","status":"publish","type":"product","link":"https:\/\/www.ceramicbasin.com\/es\/producto\/semi-recessed-basin-wholesale\/","title":{"rendered":"Lavabo Semiencastrado Cuadrado al por mayor, Lavabo de Ba\u00f1o Blanco Brillante"},"content":{"rendered":"<div class=\"wp-block-columns is-layout-flex wp-container-core-columns-is-layout-9d6595d7 wp-block-columns-is-layout-flex\">\n<div class=\"wp-block-column is-layout-flow wp-block-column-is-layout-flow\">\n<h2 class=\"wp-block-heading\">Lavabo Semiencastrado Premium al por mayor Caracter\u00edsticas:<\/h2>\n\n\n\n<ul class=\"wp-block-list\">\n<li><strong>Ampliamente adaptable:<\/strong>\u00a0Disponemos de varios tama\u00f1os y colores para nuestro lavabo semiencastrado al por mayor, que pueden adaptarse a las necesidades de decoraci\u00f3n de cuartos de ba\u00f1o de diferentes estilos. Tanto si se trata de un ba\u00f1o de estilo minimalista moderno como de un ba\u00f1o de estilo art\u00edstico, este lavabo puede integrarse perfectamente.<\/li>\n\n\n\n<li><strong>Cer\u00e1mica de alta calidad: <\/strong>La sinterizaci\u00f3n a alta temperatura de materias primas cer\u00e1micas seleccionadas es lo que confiere a nuestros lavabos de porcelana al por mayor una construcci\u00f3n s\u00f3lida como una roca, una suave suavidad en su superficie, facilidad de lavado y su duraci\u00f3n como nuevos.<\/li>\n\n\n\n<li><strong>Dise\u00f1o a la moda:\u00a0<\/strong>Este lavabo semi-encastrado al por mayor es hermoso y adopta un nuevo dise\u00f1o de moda, combinando la est\u00e9tica moderna con funciones pr\u00e1cticas para a\u00f1adir un efecto visual \u00fanico al cuarto de ba\u00f1o....<\/li>\n\n\n\n<li><strong>Precio favorable: <\/strong>HanYu ofrece un precio al por mayor de lavabos de ba\u00f1o de porcelana muy asequible, lo que le permite experimentar lavabos de cer\u00e1mica de alta calidad manteniendo los costes dentro de un rango razonable.<\/li>\n<\/ul>\n<\/div>\n\n\n\n<div class=\"wp-block-column is-layout-flow wp-block-column-is-layout-flow\">\n<figure class=\"wp-block-image size-full\"><img fetchpriority=\"high\" decoding=\"async\" width=\"1232\" height=\"1232\" src=\"https:\/\/www.ceramicbasin.com\/wp-content\/uploads\/2025\/03\/Square-Ceramic-Washbasin-Semi-Recessed-Sinks-5.webp\" alt=\"Lavabo Semi-encastrado al por mayor, Lavabo de ba\u00f1o cuadrado blanco-1\" class=\"wp-image-6447\" srcset=\"https:\/\/www.ceramicbasin.com\/wp-content\/uploads\/2025\/03\/Square-Ceramic-Washbasin-Semi-Recessed-Sinks-5.webp 1232w, https:\/\/www.ceramicbasin.com\/wp-content\/uploads\/2025\/03\/Square-Ceramic-Washbasin-Semi-Recessed-Sinks-5-300x300.webp 300w, https:\/\/www.ceramicbasin.com\/wp-content\/uploads\/2025\/03\/Square-Ceramic-Washbasin-Semi-Recessed-Sinks-5-150x150.webp 150w, https:\/\/www.ceramicbasin.com\/wp-content\/uploads\/2025\/03\/Square-Ceramic-Washbasin-Semi-Recessed-Sinks-5-768x768.webp 768w, https:\/\/www.ceramicbasin.com\/wp-content\/uploads\/2025\/03\/Square-Ceramic-Washbasin-Semi-Recessed-Sinks-5-12x12.webp 12w, https:\/\/www.ceramicbasin.com\/wp-content\/uploads\/2025\/03\/Square-Ceramic-Washbasin-Semi-Recessed-Sinks-5-285x285.webp 285w, https:\/\/www.ceramicbasin.com\/wp-content\/uploads\/2025\/03\/Square-Ceramic-Washbasin-Semi-Recessed-Sinks-5-270x270.webp 270w, https:\/\/www.ceramicbasin.com\/wp-content\/uploads\/2025\/03\/Square-Ceramic-Washbasin-Semi-Recessed-Sinks-5-540x540.webp 540w, https:\/\/www.ceramicbasin.com\/wp-content\/uploads\/2025\/03\/Square-Ceramic-Washbasin-Semi-Recessed-Sinks-5-660x660.webp 660w\" sizes=\"(max-width: 1232px) 100vw, 1232px\" \/><\/figure>\n<\/div>\n<\/div>","protected":false},"excerpt":{"rendered":"<p>Bienvenido a comprar lavabos de ba\u00f1o de porcelana. Tenemos una gran cantidad de semi lavabo empotrado preparaci\u00f3n de inventario al por mayor, servicio de entrega r\u00e1pida, para satisfacer las necesidades urgentes del proyecto. Tambi\u00e9n ofrecemos servicios personalizados para que pueda ajustar los detalles del producto de acuerdo a las necesidades del proyecto para lograr una combinaci\u00f3n perfecta en el dise\u00f1o.<\/p>\n<table style=\"border-collapse: collapse; width: 358.52pt;\" border=\"0\" width=\"478\" cellspacing=\"0\" cellpadding=\"0\">\n<tbody>\n<tr style=\"height: 17.25pt;\">\n<td class=\"et3\" style=\"height: 17.25pt; width: 125.00pt;\" width=\"166\" height=\"23\">Fabricante<\/td>\n<td class=\"et3\" style=\"width: 234.15pt;\" width=\"312\">HanYu<\/td>\n<\/tr>\n<tr style=\"height: 17.25pt;\">\n<td class=\"et3\" style=\"height: 17.25pt;\" height=\"23\">N\u00ba de modelo<\/td>\n<td class=\"et4\">HY-8229B<\/td>\n<\/tr>\n<tr style=\"height: 17.25pt;\">\n<td class=\"et3\" style=\"height: 17.25pt;\" height=\"23\">Tipo<\/td>\n<td class=\"et5\" style=\"width: 234.15pt;\" width=\"312\">Fregaderos semiempotrados<\/td>\n<\/tr>\n<tr style=\"height: 18.00pt;\">\n<td class=\"et3\" style=\"height: 18.00pt;\" height=\"24\">Forma<\/td>\n<td class=\"et3\">Forma rectangular<\/td>\n<\/tr>\n<tr style=\"height: 34.50pt;\">\n<td class=\"et4\" style=\"height: 34.50pt;\" height=\"46\">Color<\/td>\n<td class=\"et5\" style=\"width: 234.15pt;\" width=\"312\">negro\/blanco\/azul\/gris\/rosa\/verde\/marr\u00f3n\/caqui<\/td>\n<\/tr>\n<tr style=\"height: 18.00pt;\">\n<td class=\"et3\" style=\"height: 18.00pt;\" height=\"24\">Dimensi\u00f3n<\/td>\n<td class=\"et5\" style=\"width: 234.15pt;\" width=\"312\">61*43*13<\/td>\n<\/tr>\n<tr style=\"height: 17.25pt;\">\n<td class=\"et3\" style=\"height: 17.25pt;\" height=\"23\">N.W \/SET<\/td>\n<td class=\"et3\">15KGS\/PCS<\/td>\n<\/tr>\n<tr style=\"height: 17.25pt;\">\n<td class=\"et3\" style=\"height: 17.25pt;\" height=\"23\">MOQ<\/td>\n<td class=\"et3\">20 piezas<\/td>\n<\/tr>\n<tr style=\"height: 17.25pt;\">\n<td class=\"et3\" style=\"height: 17.25pt;\" height=\"23\">Opci\u00f3n personalizada<\/td>\n<td class=\"et3\">Color\/Patr\u00f3n\/Tama\u00f1o\/Logotipo\/Embalaje<\/td>\n<\/tr>\n<\/tbody>\n<\/table>","protected":false},"featured_media":6446,"comment_status":"closed","ping_status":"closed","template":"","meta":{"_acf_changed":false},"product_brand":[],"product_cat":[58],"product_tag":[],"class_list":{"0":"post-6437","1":"product","2":"type-product","3":"status-publish","4":"has-post-thumbnail","6":"product_cat-wholesale-semi-recessed-sinks","8":"first","9":"instock","10":"shipping-taxable","11":"product-type-simple"},"acf":[],"_links":{"self":[{"href":"https:\/\/www.ceramicbasin.com\/es\/wp-json\/wp\/v2\/product\/6437","targetHints":{"allow":["GET"]}}],"collection":[{"href":"https:\/\/www.ceramicbasin.com\/es\/wp-json\/wp\/v2\/product"}],"about":[{"href":"https:\/\/www.ceramicbasin.com\/es\/wp-json\/wp\/v2\/types\/product"}],"replies":[{"embeddable":true,"href":"https:\/\/www.ceramicbasin.com\/es\/wp-json\/wp\/v2\/comments?post=6437"}],"wp:featuredmedia":[{"embeddable":true,"href":"https:\/\/www.ceramicbasin.com\/es\/wp-json\/wp\/v2\/media\/6446"}],"wp:attachment":[{"href":"https:\/\/www.ceramicbasin.com\/es\/wp-json\/wp\/v2\/media?parent=6437"}],"wp:term":[{"taxonomy":"product_brand","embeddable":true,"href":"https:\/\/www.ceramicbasin.com\/es\/wp-json\/wp\/v2\/product_brand?post=6437"},{"taxonomy":"product_cat","embeddable":true,"href":"https:\/\/www.ceramicbasin.com\/es\/wp-json\/wp\/v2\/product_cat?post=6437"},{"taxonomy":"product_tag","embeddable":true,"href":"https:\/\/www.ceramicbasin.com\/es\/wp-json\/wp\/v2\/product_tag?post=6437"}],"curies":[{"name":"wp","href":"https:\/\/api.w.org\/{rel}","templated":true}]}}