{"id":6504,"date":"2025-04-03T10:00:49","date_gmt":"2025-04-03T10:00:49","guid":{"rendered":"https:\/\/www.ceramicbasin.com\/?post_type=product&#038;p=6504"},"modified":"2025-11-05T06:05:23","modified_gmt":"2025-11-05T06:05:23","slug":"wall-hung-ceramic-sink-wholesale","status":"publish","type":"product","link":"https:\/\/www.ceramicbasin.com\/es\/producto\/wall-hung-ceramic-sink-wholesale\/","title":{"rendered":"Fregadero De Cer\u00e1mica Colgado De La Pared Al Por Mayor, Lavabos Integrados De Gran Tama\u00f1o"},"content":{"rendered":"<div class=\"wp-block-columns is-layout-flex wp-container-core-columns-is-layout-9d6595d7 wp-block-columns-is-layout-flex\">\n<div class=\"wp-block-column is-layout-flow wp-block-column-is-layout-flow\">\n<h2 class=\"wp-block-heading\">Premium Wall Hung Fregadero de cer\u00e1mica al por mayor Caracter\u00edsticas:<\/h2>\n\n\n\n<ul class=\"wp-block-list\">\n<li><strong>Est\u00e9tica moderna y sencilla:<\/strong> Este lavabo de cer\u00e1mica colgado de la pared al por mayor puede encajar f\u00e1cilmente en muchos estilos de ba\u00f1o diferentes sin parecer que quita nada a la decoraci\u00f3n general de la habitaci\u00f3n.<\/li>\n\n\n\n<li><strong>Pr\u00e1ctica encimera de almacenamiento:<\/strong>\u00a0Estos lavabos murales a medida est\u00e1n dise\u00f1ados con una encimera de almacenamiento funcional para mantener al alcance de la mano art\u00edculos comunes como desinfectante de manos y portacepillos de dientes para a\u00f1adir m\u00e1s funcionalidad de forma que los ba\u00f1os con menos espacio tambi\u00e9n puedan mantenerse limpios y organizados para ofrecer a los usuarios una experiencia de uso m\u00e1s c\u00f3moda.<\/li>\n\n\n\n<li><strong>Instalaci\u00f3n mural:<\/strong> Nuestros lavabos murales a medida no s\u00f3lo ahorran espacio, sino que tambi\u00e9n facilitan la limpieza del suelo, mantienen el cuarto de ba\u00f1o impecable y ofrecen un lugar fresco.<\/li>\n\n\n\n<li><strong>Ahorro en costes de compra a granel:<\/strong> Como fabricante mayorista de lavabos murales de cer\u00e1mica, HanYu puede ofrecerle precios razonables para la compra de lavabos de ba\u00f1o para ayudarle a controlar eficazmente los costes de decoraci\u00f3n sin sacrificar la calidad.<\/li>\n<\/ul>\n<\/div>\n\n\n\n<div class=\"wp-block-column is-layout-flow wp-block-column-is-layout-flow\">\n<figure class=\"wp-block-image size-full\"><img fetchpriority=\"high\" decoding=\"async\" width=\"760\" height=\"943\" src=\"https:\/\/www.ceramicbasin.com\/wp-content\/uploads\/2025\/03\/Ceramic-wall-hung-basinbig-size-wall-hung-sinks-6.webp\" alt=\"fregadero cer\u00e1mico mural - mayorista - fregadero mural personalizado - 1\" class=\"wp-image-6503\" srcset=\"https:\/\/www.ceramicbasin.com\/wp-content\/uploads\/2025\/03\/Ceramic-wall-hung-basinbig-size-wall-hung-sinks-6.webp 760w, https:\/\/www.ceramicbasin.com\/wp-content\/uploads\/2025\/03\/Ceramic-wall-hung-basinbig-size-wall-hung-sinks-6-242x300.webp 242w, https:\/\/www.ceramicbasin.com\/wp-content\/uploads\/2025\/03\/Ceramic-wall-hung-basinbig-size-wall-hung-sinks-6-10x12.webp 10w, https:\/\/www.ceramicbasin.com\/wp-content\/uploads\/2025\/03\/Ceramic-wall-hung-basinbig-size-wall-hung-sinks-6-285x354.webp 285w, https:\/\/www.ceramicbasin.com\/wp-content\/uploads\/2025\/03\/Ceramic-wall-hung-basinbig-size-wall-hung-sinks-6-532x660.webp 532w, https:\/\/www.ceramicbasin.com\/wp-content\/uploads\/2025\/03\/Ceramic-wall-hung-basinbig-size-wall-hung-sinks-6-121x150.webp 121w\" sizes=\"(max-width: 760px) 100vw, 760px\" \/><\/figure>\n<\/div>\n<\/div>","protected":false},"excerpt":{"rendered":"<p>Bienvenido a pedir fregaderos personalizados montados en la pared. Este fregadero de cer\u00e1mica colgado de la pared al por mayor est\u00e1 dise\u00f1ado con una encimera de almacenamiento que puede contener art\u00edculos de uso diario como desinfectante de manos y tazas de cepillo de dientes para aumentar la practicidad. Como fabricante de lavabos de cer\u00e1mica al por mayor, HanYu puede ofrecerle precios competitivos para la compra de lavabos de ba\u00f1o.<\/p>\n<table style=\"border-collapse: collapse; width: 358.52pt;\" border=\"0\" width=\"478\" cellspacing=\"0\" cellpadding=\"0\">\n<tbody>\n<tr style=\"height: 17.25pt;\">\n<td class=\"et3\" style=\"height: 17.25pt; width: 125.00pt;\" width=\"166\" height=\"23\">Fabricante<\/td>\n<td class=\"et3\" style=\"width: 234.15pt;\" width=\"312\">HanYu<\/td>\n<\/tr>\n<tr style=\"height: 17.25pt;\">\n<td class=\"et3\" style=\"height: 17.25pt;\" height=\"23\">N\u00ba de modelo<\/td>\n<td class=\"et4\">HY-454<\/td>\n<\/tr>\n<tr style=\"height: 17.25pt;\">\n<td class=\"et3\" style=\"height: 17.25pt;\" height=\"23\">Tipo<\/td>\n<td class=\"et5\" style=\"width: 234.15pt;\" width=\"312\">Fregaderos murales<\/td>\n<\/tr>\n<tr style=\"height: 18.00pt;\">\n<td class=\"et3\" style=\"height: 18.00pt;\" height=\"24\">Forma<\/td>\n<td class=\"et3\">Forma rectangular<\/td>\n<\/tr>\n<tr style=\"height: 34.50pt;\">\n<td class=\"et4\" style=\"height: 34.50pt;\" height=\"46\">Color<\/td>\n<td class=\"et5\" style=\"width: 234.15pt;\" width=\"312\">negro\/blanco\/azul\/gris\/rosa\/verde\/marr\u00f3n\/caqui<\/td>\n<\/tr>\n<tr style=\"height: 18.00pt;\">\n<td class=\"et3\" style=\"height: 18.00pt;\" height=\"24\">Dimensi\u00f3n<\/td>\n<td class=\"et5\" style=\"width: 234.15pt;\" width=\"312\">75*45*13<\/td>\n<\/tr>\n<tr style=\"height: 17.25pt;\">\n<td class=\"et3\" style=\"height: 17.25pt;\" height=\"23\">N.W \/SET<\/td>\n<td class=\"et3\">15KGS\/PCS<\/td>\n<\/tr>\n<tr style=\"height: 17.25pt;\">\n<td class=\"et3\" style=\"height: 17.25pt;\" height=\"23\">MOQ<\/td>\n<td class=\"et3\">20 piezas<\/td>\n<\/tr>\n<tr style=\"height: 17.25pt;\">\n<td class=\"et3\" style=\"height: 17.25pt;\" height=\"23\">Opci\u00f3n personalizada<\/td>\n<td class=\"et3\">Color\/Patr\u00f3n\/Tama\u00f1o\/Logotipo\/Embalaje<\/td>\n<\/tr>\n<\/tbody>\n<\/table>","protected":false},"featured_media":6499,"comment_status":"closed","ping_status":"closed","template":"","meta":{"_acf_changed":false},"product_brand":[],"product_cat":[57],"product_tag":[],"class_list":{"0":"post-6504","1":"product","2":"type-product","3":"status-publish","4":"has-post-thumbnail","6":"product_cat-wholesale-wall-mounted-sinks","8":"first","9":"instock","10":"shipping-taxable","11":"product-type-simple"},"acf":[],"_links":{"self":[{"href":"https:\/\/www.ceramicbasin.com\/es\/wp-json\/wp\/v2\/product\/6504","targetHints":{"allow":["GET"]}}],"collection":[{"href":"https:\/\/www.ceramicbasin.com\/es\/wp-json\/wp\/v2\/product"}],"about":[{"href":"https:\/\/www.ceramicbasin.com\/es\/wp-json\/wp\/v2\/types\/product"}],"replies":[{"embeddable":true,"href":"https:\/\/www.ceramicbasin.com\/es\/wp-json\/wp\/v2\/comments?post=6504"}],"wp:featuredmedia":[{"embeddable":true,"href":"https:\/\/www.ceramicbasin.com\/es\/wp-json\/wp\/v2\/media\/6499"}],"wp:attachment":[{"href":"https:\/\/www.ceramicbasin.com\/es\/wp-json\/wp\/v2\/media?parent=6504"}],"wp:term":[{"taxonomy":"product_brand","embeddable":true,"href":"https:\/\/www.ceramicbasin.com\/es\/wp-json\/wp\/v2\/product_brand?post=6504"},{"taxonomy":"product_cat","embeddable":true,"href":"https:\/\/www.ceramicbasin.com\/es\/wp-json\/wp\/v2\/product_cat?post=6504"},{"taxonomy":"product_tag","embeddable":true,"href":"https:\/\/www.ceramicbasin.com\/es\/wp-json\/wp\/v2\/product_tag?post=6504"}],"curies":[{"name":"wp","href":"https:\/\/api.w.org\/{rel}","templated":true}]}}