{"id":6505,"date":"2025-04-03T08:34:11","date_gmt":"2025-04-03T08:34:11","guid":{"rendered":"https:\/\/www.ceramicbasin.com\/?post_type=product&#038;p=6505"},"modified":"2025-04-03T08:34:13","modified_gmt":"2025-04-03T08:34:13","slug":"china-wall-hung-bathroom-sink","status":"publish","type":"product","link":"https:\/\/www.ceramicbasin.com\/es\/producto\/china-wall-hung-bathroom-sink\/","title":{"rendered":"China Lavabo de ba\u00f1o de pared Proveedor, Lavabo de pared a medida"},"content":{"rendered":"<div class=\"wp-block-columns is-layout-flex wp-container-core-columns-is-layout-9d6595d7 wp-block-columns-is-layout-flex\">\n<div class=\"wp-block-column is-layout-flow wp-block-column-is-layout-flow\">\n<h2 class=\"wp-block-heading\">Premium China Wall Hung Lavabo de ba\u00f1o Caracter\u00edsticas:<\/h2>\n\n\n\n<ul class=\"wp-block-list\">\n<li><strong>Material cer\u00e1mico de alta calidad:<\/strong> Nuestro fregadero mural a medida est\u00e1 fabricado en cer\u00e1mica cocida a alta temperatura. El resultado es una superficie lisa y f\u00e1cil de limpiar, resistente a las manchas y duradera para mantener su belleza incluso tras un uso prolongado.<\/li>\n\n\n\n<li><strong>Est\u00e9tica moderna y sencilla:<\/strong> El dise\u00f1o aerodin\u00e1mico y el aspecto elegante de este lavabo de ba\u00f1o colgado de la pared de porcelana al por mayor se puede integrar f\u00e1cilmente en una variedad de estilos de ba\u00f1o para mejorar el estilo general del espacio.<\/li>\n\n\n\n<li><strong>Duradera:<\/strong> Nuestros lavabos murales de porcelana est\u00e1n hechos de cer\u00e1mica de alta calidad cocida a alta temperatura. La superficie es firme y lisa, no es f\u00e1cil de ensuciar y rayar, antibacteriano y f\u00e1cil de limpiar. Puede permanecer limpio y brillante despu\u00e9s de a\u00f1os de servicio, manteniendo el ambiente del ba\u00f1o limpio y elegante.<\/li>\n\n\n\n<li><strong>Servicios de venta al por mayor y personalizaci\u00f3n:<\/strong>\u00a0Proporcionamos opciones de suministro a granel y personalizaci\u00f3n para fregaderos murales personalizados, que admiten la impresi\u00f3n del logotipo de la marca, la selecci\u00f3n de tama\u00f1os y colores para satisfacer proyectos comerciales y necesidades minoristas.<\/li>\n<\/ul>\n<\/div>\n\n\n\n<div class=\"wp-block-column is-layout-flow wp-block-column-is-layout-flow\">\n<figure class=\"wp-block-image size-full\"><img fetchpriority=\"high\" decoding=\"async\" width=\"723\" height=\"861\" src=\"https:\/\/www.ceramicbasin.com\/wp-content\/uploads\/2025\/03\/Wall-mounted-wash-basin-supplierbathroom-wall-hung-sink-1.webp\" alt=\"lavabo de pared a medida-china-lavabo de ba\u00f1o suspendido-proveedor-1\" class=\"wp-image-6493\" srcset=\"https:\/\/www.ceramicbasin.com\/wp-content\/uploads\/2025\/03\/Wall-mounted-wash-basin-supplierbathroom-wall-hung-sink-1.webp 723w, https:\/\/www.ceramicbasin.com\/wp-content\/uploads\/2025\/03\/Wall-mounted-wash-basin-supplierbathroom-wall-hung-sink-1-252x300.webp 252w, https:\/\/www.ceramicbasin.com\/wp-content\/uploads\/2025\/03\/Wall-mounted-wash-basin-supplierbathroom-wall-hung-sink-1-10x12.webp 10w, https:\/\/www.ceramicbasin.com\/wp-content\/uploads\/2025\/03\/Wall-mounted-wash-basin-supplierbathroom-wall-hung-sink-1-285x339.webp 285w, https:\/\/www.ceramicbasin.com\/wp-content\/uploads\/2025\/03\/Wall-mounted-wash-basin-supplierbathroom-wall-hung-sink-1-554x660.webp 554w, https:\/\/www.ceramicbasin.com\/wp-content\/uploads\/2025\/03\/Wall-mounted-wash-basin-supplierbathroom-wall-hung-sink-1-126x150.webp 126w\" sizes=\"(max-width: 723px) 100vw, 723px\" \/><\/figure>\n<\/div>\n<\/div>","protected":false},"excerpt":{"rendered":"<p>Bienvenido a Hanyu, China lavabo de ba\u00f1o colgado de la pared proveedor de dise\u00f1o aerodin\u00e1mico y elegante apariencia de esta costumbre lavabo montado en la pared se puede integrar f\u00e1cilmente en una variedad de estilos de ba\u00f1o para mejorar el estilo general del espacio. Ofrecemos suministro a granel y las opciones de personalizaci\u00f3n para la costumbre peque\u00f1os lavabos, el apoyo a la impresi\u00f3n del logotipo de la marca, el tama\u00f1o y la selecci\u00f3n de color para satisfacer los proyectos comerciales y las necesidades de venta al por menor.<\/p>\n<table style=\"border-collapse: collapse; width: 358.52pt;\" border=\"0\" width=\"478\" cellspacing=\"0\" cellpadding=\"0\">\n<tbody>\n<tr style=\"height: 17.25pt;\">\n<td class=\"et3\" style=\"height: 17.25pt; width: 125.00pt;\" width=\"166\" height=\"23\">Fabricante<\/td>\n<td class=\"et3\" style=\"width: 234.15pt;\" width=\"312\">HanYu<\/td>\n<\/tr>\n<tr style=\"height: 17.25pt;\">\n<td class=\"et3\" style=\"height: 17.25pt;\" height=\"23\">N\u00ba de modelo<\/td>\n<td class=\"et4\">HY-457<\/td>\n<\/tr>\n<tr style=\"height: 17.25pt;\">\n<td class=\"et3\" style=\"height: 17.25pt;\" height=\"23\">Tipo<\/td>\n<td class=\"et5\" style=\"width: 234.15pt;\" width=\"312\">Fregaderos murales<\/td>\n<\/tr>\n<tr style=\"height: 18.00pt;\">\n<td class=\"et3\" style=\"height: 18.00pt;\" height=\"24\">Forma<\/td>\n<td class=\"et3\">Forma rectangular<\/td>\n<\/tr>\n<tr style=\"height: 34.50pt;\">\n<td class=\"et4\" style=\"height: 34.50pt;\" height=\"46\">Color<\/td>\n<td class=\"et5\" style=\"width: 234.15pt;\" width=\"312\">negro\/blanco\/azul\/gris\/rosa\/verde\/marr\u00f3n\/caqui<\/td>\n<\/tr>\n<tr style=\"height: 18.00pt;\">\n<td class=\"et3\" style=\"height: 18.00pt;\" height=\"24\">Dimensi\u00f3n<\/td>\n<td class=\"et5\" style=\"width: 234.15pt;\" width=\"312\">86*38.5*11<\/td>\n<\/tr>\n<tr style=\"height: 17.25pt;\">\n<td class=\"et3\" style=\"height: 17.25pt;\" height=\"23\">N.W \/SET<\/td>\n<td class=\"et3\">18KGS\/PCS<\/td>\n<\/tr>\n<tr style=\"height: 17.25pt;\">\n<td class=\"et3\" style=\"height: 17.25pt;\" height=\"23\">MOQ<\/td>\n<td class=\"et3\">20 piezas<\/td>\n<\/tr>\n<tr style=\"height: 17.25pt;\">\n<td class=\"et3\" style=\"height: 17.25pt;\" height=\"23\">Opci\u00f3n personalizada<\/td>\n<td class=\"et3\">Color\/Patr\u00f3n\/Tama\u00f1o\/Logotipo\/Embalaje<\/td>\n<\/tr>\n<\/tbody>\n<\/table>","protected":false},"featured_media":6494,"comment_status":"closed","ping_status":"closed","template":"","meta":{"_acf_changed":false},"product_brand":[],"product_cat":[57],"product_tag":[],"class_list":{"0":"post-6505","1":"product","2":"type-product","3":"status-publish","4":"has-post-thumbnail","6":"product_cat-wholesale-wall-mounted-sinks","8":"first","9":"instock","10":"shipping-taxable","11":"product-type-simple"},"acf":[],"_links":{"self":[{"href":"https:\/\/www.ceramicbasin.com\/es\/wp-json\/wp\/v2\/product\/6505","targetHints":{"allow":["GET"]}}],"collection":[{"href":"https:\/\/www.ceramicbasin.com\/es\/wp-json\/wp\/v2\/product"}],"about":[{"href":"https:\/\/www.ceramicbasin.com\/es\/wp-json\/wp\/v2\/types\/product"}],"replies":[{"embeddable":true,"href":"https:\/\/www.ceramicbasin.com\/es\/wp-json\/wp\/v2\/comments?post=6505"}],"wp:featuredmedia":[{"embeddable":true,"href":"https:\/\/www.ceramicbasin.com\/es\/wp-json\/wp\/v2\/media\/6494"}],"wp:attachment":[{"href":"https:\/\/www.ceramicbasin.com\/es\/wp-json\/wp\/v2\/media?parent=6505"}],"wp:term":[{"taxonomy":"product_brand","embeddable":true,"href":"https:\/\/www.ceramicbasin.com\/es\/wp-json\/wp\/v2\/product_brand?post=6505"},{"taxonomy":"product_cat","embeddable":true,"href":"https:\/\/www.ceramicbasin.com\/es\/wp-json\/wp\/v2\/product_cat?post=6505"},{"taxonomy":"product_tag","embeddable":true,"href":"https:\/\/www.ceramicbasin.com\/es\/wp-json\/wp\/v2\/product_tag?post=6505"}],"curies":[{"name":"wp","href":"https:\/\/api.w.org\/{rel}","templated":true}]}}