{"id":6514,"date":"2025-04-03T02:56:23","date_gmt":"2025-04-03T02:56:23","guid":{"rendered":"https:\/\/www.ceramicbasin.com\/?post_type=product&#038;p=6514"},"modified":"2025-11-05T06:15:25","modified_gmt":"2025-11-05T06:15:25","slug":"square-semi-recessed-basins-wholesale","status":"publish","type":"product","link":"https:\/\/www.ceramicbasin.com\/es\/producto\/square-semi-recessed-basins-wholesale\/","title":{"rendered":"Lavabos cuadrados semiencastrados al por mayor con servicio personalizado"},"content":{"rendered":"<div class=\"wp-block-columns is-layout-flex wp-container-core-columns-is-layout-9d6595d7 wp-block-columns-is-layout-flex\">\n<div class=\"wp-block-column is-layout-flow wp-block-column-is-layout-flow\">\n<h2 class=\"wp-block-heading\">Premium Lavabos Semiencastrados Cuadrados al por mayor Caracter\u00edsticas:<\/h2>\n\n\n\n<ul class=\"wp-block-list\">\n<li><strong>Esmalte de alto brillo, luminosidad duradera: <\/strong>Nuestros lavabos cuadrados semiempotrados al por mayor utilizan una avanzada tecnolog\u00eda de esmaltado a alta temperatura, la superficie es lisa y fr\u00e1gil, antimanchas y f\u00e1cil de limpiar, incluso despu\u00e9s de a\u00f1os de uso sigue brillando como nueva.<\/li>\n\n\n\n<li><strong>Dise\u00f1o cuadrado semiincrustado:<\/strong> a la vez moderno y pr\u00e1ctico, ahorro de espacio, nuestra costumbre lavabos de cer\u00e1mica tambi\u00e9n ofrecen un amplio espacio para el lavado, y es adecuado para el dise\u00f1o peque\u00f1o cuarto de ba\u00f1o y cuartos de ba\u00f1o peque\u00f1os.<\/li>\n\n\n\n<li><strong>Dise\u00f1o elegante:<\/strong> Nuestros lavabos de cer\u00e1mica a medida incluyen un toque de elegancia y contemporaneidad a cualquier cuarto de ba\u00f1o, convirti\u00e9ndolos en una pieza central chic.<\/li>\n\n\n\n<li><strong>Venta directa de f\u00e1brica:<\/strong>\u00a0Los lavabos semi-encastrados cuadrados al por mayor de HanYu son vendidos directamente por la f\u00e1brica, eliminando la diferencia de precio de los intermediarios, y la compra al por mayor de lavabos de ba\u00f1o le garantiza la compra al por mayor de lavabos de ba\u00f1o de alta calidad al menor coste.<\/li>\n<\/ul>\n<\/div>\n\n\n\n<div class=\"wp-block-column is-layout-flow wp-block-column-is-layout-flow\">\n<figure class=\"wp-block-image size-full\"><img fetchpriority=\"high\" decoding=\"async\" width=\"800\" height=\"800\" src=\"https:\/\/www.ceramicbasin.com\/wp-content\/uploads\/2025\/04\/semi-recessed-basins\uff0cbathroom-vanity-sinks\uff0cvessel-sink6.webp\" alt=\"lavabos cuadrados-semi-encastrados-mayoristas-lavabos ceramicos-personalizados-1\" class=\"wp-image-6520\" srcset=\"https:\/\/www.ceramicbasin.com\/wp-content\/uploads\/2025\/04\/semi-recessed-basins\uff0cbathroom-vanity-sinks\uff0cvessel-sink6.webp 800w, https:\/\/www.ceramicbasin.com\/wp-content\/uploads\/2025\/04\/semi-recessed-basins\uff0cbathroom-vanity-sinks\uff0cvessel-sink6-300x300.webp 300w, https:\/\/www.ceramicbasin.com\/wp-content\/uploads\/2025\/04\/semi-recessed-basins\uff0cbathroom-vanity-sinks\uff0cvessel-sink6-150x150.webp 150w, https:\/\/www.ceramicbasin.com\/wp-content\/uploads\/2025\/04\/semi-recessed-basins\uff0cbathroom-vanity-sinks\uff0cvessel-sink6-768x768.webp 768w, https:\/\/www.ceramicbasin.com\/wp-content\/uploads\/2025\/04\/semi-recessed-basins\uff0cbathroom-vanity-sinks\uff0cvessel-sink6-12x12.webp 12w, https:\/\/www.ceramicbasin.com\/wp-content\/uploads\/2025\/04\/semi-recessed-basins\uff0cbathroom-vanity-sinks\uff0cvessel-sink6-285x285.webp 285w, https:\/\/www.ceramicbasin.com\/wp-content\/uploads\/2025\/04\/semi-recessed-basins\uff0cbathroom-vanity-sinks\uff0cvessel-sink6-270x270.webp 270w, https:\/\/www.ceramicbasin.com\/wp-content\/uploads\/2025\/04\/semi-recessed-basins\uff0cbathroom-vanity-sinks\uff0cvessel-sink6-540x540.webp 540w, https:\/\/www.ceramicbasin.com\/wp-content\/uploads\/2025\/04\/semi-recessed-basins\uff0cbathroom-vanity-sinks\uff0cvessel-sink6-660x660.webp 660w\" sizes=\"(max-width: 800px) 100vw, 800px\" \/><\/figure>\n<\/div>\n<\/div>","protected":false},"excerpt":{"rendered":"<p>Bienvenido a comprar nuestros lavabos cuadrados semi empotrados al por mayor. Nuestros lavabos de cer\u00e1mica a medida incluyen un toque de elegancia y contemporaneidad a cualquier cuarto de ba\u00f1o, por lo que una pieza central elegante. Su perfil delgado y f\u00e1cil de instalar semi empotrada lo convierten en una gran opci\u00f3n para cuartos de ba\u00f1o contempor\u00e1neos, que pueden ser utilizados para aplicaciones residenciales, hoteleras y comerciales.<\/p>\n<table style=\"border-collapse: collapse; width: 358.52pt;\" border=\"0\" width=\"478\" cellspacing=\"0\" cellpadding=\"0\">\n<tbody>\n<tr style=\"height: 17.25pt;\">\n<td class=\"et3\" style=\"height: 17.25pt; width: 125.00pt;\" width=\"166\" height=\"23\">Fabricante<\/td>\n<td class=\"et3\" style=\"width: 234.15pt;\" width=\"312\">HanYu<\/td>\n<\/tr>\n<tr style=\"height: 17.25pt;\">\n<td class=\"et3\" style=\"height: 17.25pt;\" height=\"23\">N\u00ba de modelo<\/td>\n<td class=\"et4\">HY-5307A<\/td>\n<\/tr>\n<tr style=\"height: 17.25pt;\">\n<td class=\"et3\" style=\"height: 17.25pt;\" height=\"23\">Tipo<\/td>\n<td class=\"et5\" style=\"width: 234.15pt;\" width=\"312\">Fregaderos semiempotrados<\/td>\n<\/tr>\n<tr style=\"height: 18.00pt;\">\n<td class=\"et3\" style=\"height: 18.00pt;\" height=\"24\">Forma<\/td>\n<td class=\"et3\">Forma cuadrada<\/td>\n<\/tr>\n<tr style=\"height: 34.50pt;\">\n<td class=\"et4\" style=\"height: 34.50pt;\" height=\"46\">Color<\/td>\n<td class=\"et5\" style=\"width: 234.15pt;\" width=\"312\">negro\/blanco\/azul\/gris\/rosa\/verde\/marr\u00f3n\/caqui<\/td>\n<\/tr>\n<tr style=\"height: 18.00pt;\">\n<td class=\"et3\" style=\"height: 18.00pt;\" height=\"24\">Dimensi\u00f3n<\/td>\n<td class=\"et5\" style=\"width: 234.15pt;\" width=\"312\">45.5*45.5*16.5<\/td>\n<\/tr>\n<tr style=\"height: 17.25pt;\">\n<td class=\"et3\" style=\"height: 17.25pt;\" height=\"23\">N.W \/SET<\/td>\n<td class=\"et3\">16KGS\/PCS<\/td>\n<\/tr>\n<tr style=\"height: 17.25pt;\">\n<td class=\"et3\" style=\"height: 17.25pt;\" height=\"23\">MOQ<\/td>\n<td class=\"et3\">20 piezas<\/td>\n<\/tr>\n<tr style=\"height: 17.25pt;\">\n<td class=\"et3\" style=\"height: 17.25pt;\" height=\"23\">Opci\u00f3n personalizada<\/td>\n<td class=\"et3\">Color\/Patr\u00f3n\/Tama\u00f1o\/Logotipo\/Embalaje<\/td>\n<\/tr>\n<\/tbody>\n<\/table>","protected":false},"featured_media":6516,"comment_status":"closed","ping_status":"closed","template":"","meta":{"_acf_changed":false},"product_brand":[],"product_cat":[58],"product_tag":[],"class_list":{"0":"post-6514","1":"product","2":"type-product","3":"status-publish","4":"has-post-thumbnail","6":"product_cat-wholesale-semi-recessed-sinks","8":"first","9":"instock","10":"shipping-taxable","11":"product-type-simple"},"acf":[],"_links":{"self":[{"href":"https:\/\/www.ceramicbasin.com\/es\/wp-json\/wp\/v2\/product\/6514","targetHints":{"allow":["GET"]}}],"collection":[{"href":"https:\/\/www.ceramicbasin.com\/es\/wp-json\/wp\/v2\/product"}],"about":[{"href":"https:\/\/www.ceramicbasin.com\/es\/wp-json\/wp\/v2\/types\/product"}],"replies":[{"embeddable":true,"href":"https:\/\/www.ceramicbasin.com\/es\/wp-json\/wp\/v2\/comments?post=6514"}],"wp:featuredmedia":[{"embeddable":true,"href":"https:\/\/www.ceramicbasin.com\/es\/wp-json\/wp\/v2\/media\/6516"}],"wp:attachment":[{"href":"https:\/\/www.ceramicbasin.com\/es\/wp-json\/wp\/v2\/media?parent=6514"}],"wp:term":[{"taxonomy":"product_brand","embeddable":true,"href":"https:\/\/www.ceramicbasin.com\/es\/wp-json\/wp\/v2\/product_brand?post=6514"},{"taxonomy":"product_cat","embeddable":true,"href":"https:\/\/www.ceramicbasin.com\/es\/wp-json\/wp\/v2\/product_cat?post=6514"},{"taxonomy":"product_tag","embeddable":true,"href":"https:\/\/www.ceramicbasin.com\/es\/wp-json\/wp\/v2\/product_tag?post=6514"}],"curies":[{"name":"wp","href":"https:\/\/api.w.org\/{rel}","templated":true}]}}