{"id":6521,"date":"2025-04-03T03:13:02","date_gmt":"2025-04-03T03:13:02","guid":{"rendered":"https:\/\/www.ceramicbasin.com\/?post_type=product&#038;p=6521"},"modified":"2025-11-05T06:13:56","modified_gmt":"2025-11-05T06:13:56","slug":"drop-in-wash-basin-wholesale","status":"publish","type":"product","link":"https:\/\/www.ceramicbasin.com\/es\/producto\/drop-in-wash-basin-wholesale\/","title":{"rendered":"Lavamanos de cer\u00e1mica al por mayor, fregaderos de cer\u00e1mica al por mayor"},"content":{"rendered":"<div class=\"wp-block-columns is-layout-flex wp-container-core-columns-is-layout-9d6595d7 wp-block-columns-is-layout-flex\">\n<div class=\"wp-block-column is-layout-flow wp-block-column-is-layout-flow\">\n<h2 class=\"wp-block-heading\">Premium Drop In Lavabo al por mayor Caracter\u00edsticas:<\/h2>\n\n\n\n<ul class=\"wp-block-list\">\n<li><strong>Opciones personalizadas: <\/strong>El lavabo rectangular de ca\u00edda al por mayor est\u00e1 disponible en varios colores, tratamientos de superficie y embalajes personalizados para que pueda personalizar el producto seg\u00fan su propia marca y las necesidades del mercado.<\/li>\n\n\n\n<li><strong>Material cer\u00e1mico de alta calidad, duradero y de bajo mantenimiento:<\/strong> Estos lavabos a medida se fabrican con materias primas cer\u00e1micas de alta calidad y cocci\u00f3n a alta temperatura. La superficie es lisa y dura, resistente a ara\u00f1azos y grietas. El esmalte posee un excelente efecto antiincrustante; la cal y las manchas apenas se adhieren.<\/li>\n\n\n\n<li><strong>Dise\u00f1o de instalaci\u00f3n empotrado, proceso de construcci\u00f3n simplificado:<\/strong> El exclusivo m\u00e9todo de instalaci\u00f3n empotrada no s\u00f3lo ahorra espacio en la encimera, sino que tambi\u00e9n garantiza la estabilidad y practicidad de estos lavabos a medida. Su sencilla estructura y f\u00e1cil manejo reducen en gran medida la dificultad de instalaci\u00f3n, por lo que es una opci\u00f3n ideal para la decoraci\u00f3n del hogar y proyectos comerciales.<\/li>\n\n\n\n<li><strong>Descuento por compra al por mayor:<\/strong>\u00a0Ofrecemos descuentos al por mayor para lavabos drop in al por mayor para satisfacer las necesidades de proyectos comerciales o de decoraci\u00f3n residencial a gran escala.<\/li>\n<\/ul>\n<\/div>\n\n\n\n<div class=\"wp-block-column is-layout-flow wp-block-column-is-layout-flow\">\n<figure class=\"wp-block-image size-full\"><img fetchpriority=\"high\" decoding=\"async\" width=\"800\" height=\"800\" src=\"https:\/\/www.ceramicbasin.com\/wp-content\/uploads\/2025\/04\/custom-made-drop-in-sinks\uff0cWholesale-Commercial-Drop-In-Sinks\uff0cwholesale-sink-suppliers6.webp\" alt=\"hot-selling-rectangular-drop-in-wash-basin-wholesale-durable-custom-wash-basin-1\" class=\"wp-image-6527\" srcset=\"https:\/\/www.ceramicbasin.com\/wp-content\/uploads\/2025\/04\/custom-made-drop-in-sinks\uff0cWholesale-Commercial-Drop-In-Sinks\uff0cwholesale-sink-suppliers6.webp 800w, https:\/\/www.ceramicbasin.com\/wp-content\/uploads\/2025\/04\/custom-made-drop-in-sinks\uff0cWholesale-Commercial-Drop-In-Sinks\uff0cwholesale-sink-suppliers6-300x300.webp 300w, https:\/\/www.ceramicbasin.com\/wp-content\/uploads\/2025\/04\/custom-made-drop-in-sinks\uff0cWholesale-Commercial-Drop-In-Sinks\uff0cwholesale-sink-suppliers6-150x150.webp 150w, https:\/\/www.ceramicbasin.com\/wp-content\/uploads\/2025\/04\/custom-made-drop-in-sinks\uff0cWholesale-Commercial-Drop-In-Sinks\uff0cwholesale-sink-suppliers6-768x768.webp 768w, https:\/\/www.ceramicbasin.com\/wp-content\/uploads\/2025\/04\/custom-made-drop-in-sinks\uff0cWholesale-Commercial-Drop-In-Sinks\uff0cwholesale-sink-suppliers6-12x12.webp 12w, https:\/\/www.ceramicbasin.com\/wp-content\/uploads\/2025\/04\/custom-made-drop-in-sinks\uff0cWholesale-Commercial-Drop-In-Sinks\uff0cwholesale-sink-suppliers6-285x285.webp 285w, https:\/\/www.ceramicbasin.com\/wp-content\/uploads\/2025\/04\/custom-made-drop-in-sinks\uff0cWholesale-Commercial-Drop-In-Sinks\uff0cwholesale-sink-suppliers6-270x270.webp 270w, https:\/\/www.ceramicbasin.com\/wp-content\/uploads\/2025\/04\/custom-made-drop-in-sinks\uff0cWholesale-Commercial-Drop-In-Sinks\uff0cwholesale-sink-suppliers6-540x540.webp 540w, https:\/\/www.ceramicbasin.com\/wp-content\/uploads\/2025\/04\/custom-made-drop-in-sinks\uff0cWholesale-Commercial-Drop-In-Sinks\uff0cwholesale-sink-suppliers6-660x660.webp 660w\" sizes=\"(max-width: 800px) 100vw, 800px\" \/><\/figure>\n<\/div>\n<\/div>","protected":false},"excerpt":{"rendered":"<p>Bienvenido a comprar lavabos personalizados HanYu. El lavabo rectangular al por mayor est\u00e1 disponible en una gran variedad de colores y texturas de superficie, y el embalaje puede personalizarse, para que pueda fabricar el producto seg\u00fan su propia marca y la demanda del mercado. El esmalte posee una mejor funci\u00f3n antiincrustante; las manchas y el sarro no se adhieren f\u00e1cilmente. Basta con limpiarlo suavemente para que parezca nuevo, y la limpieza diaria ser\u00e1 m\u00e1s f\u00e1cil y sin complicaciones.<\/p>\n<table style=\"border-collapse: collapse; width: 311.02pt;\" border=\"0\" width=\"311\" cellspacing=\"0\" cellpadding=\"0\">\n<tbody>\n<tr style=\"height: 17.60pt;\">\n<td class=\"et3\" style=\"height: 17.60pt; width: 108.35pt;\" width=\"108\" height=\"17\">Fabricante<\/td>\n<td class=\"et3\" style=\"width: 202.95pt;\" width=\"202\">HanYu<\/td>\n<\/tr>\n<tr style=\"height: 17.60pt;\">\n<td class=\"et3\" style=\"height: 17.60pt;\" height=\"17\">N\u00ba de modelo<\/td>\n<td class=\"et4\">HY-5403<\/td>\n<\/tr>\n<tr style=\"height: 18.00pt;\">\n<td class=\"et3\" style=\"height: 18.00pt;\" height=\"18\">Tipo<\/td>\n<td class=\"et5\" style=\"width: 202.95pt;\" width=\"202\">Cubeta de ca\u00edda<\/td>\n<\/tr>\n<tr style=\"height: 17.60pt;\">\n<td class=\"et3\" style=\"height: 17.60pt;\" height=\"17\">Forma<\/td>\n<td class=\"et3\">Forma rectangular<\/td>\n<\/tr>\n<tr style=\"height: 18.00pt;\">\n<td class=\"et4\" style=\"height: 18.00pt;\" height=\"18\">Color<\/td>\n<td class=\"et5\" style=\"width: 202.95pt;\" width=\"202\">Blanco<\/td>\n<\/tr>\n<tr style=\"height: 18.00pt;\">\n<td class=\"et3\" style=\"height: 18.00pt;\" height=\"18\">Dimensi\u00f3n<\/td>\n<td class=\"et5\" style=\"width: 202.95pt;\" width=\"202\">61*47*21<\/td>\n<\/tr>\n<tr style=\"height: 17.60pt;\">\n<td class=\"et3\" style=\"height: 17.60pt;\" height=\"17\">N.W \/SET<\/td>\n<td class=\"et3\">\u00a018KGS\/PCS<\/td>\n<\/tr>\n<tr style=\"height: 17.60pt;\">\n<td class=\"et3\" style=\"height: 17.60pt;\" height=\"17\">MOQ<\/td>\n<td class=\"et3\">20 piezas<\/td>\n<\/tr>\n<tr style=\"height: 17.60pt;\">\n<td class=\"et3\" style=\"height: 17.60pt;\" height=\"17\">Opci\u00f3n personalizada<\/td>\n<td class=\"et3\">Color\/Patr\u00f3n\/Tama\u00f1o\/Logotipo\/Embalaje<\/td>\n<\/tr>\n<\/tbody>\n<\/table>","protected":false},"featured_media":6525,"comment_status":"closed","ping_status":"closed","template":"","meta":{"_acf_changed":false},"product_brand":[],"product_cat":[51],"product_tag":[],"class_list":{"0":"post-6521","1":"product","2":"type-product","3":"status-publish","4":"has-post-thumbnail","6":"product_cat-wholesale-drop-in-sinks","8":"first","9":"instock","10":"shipping-taxable","11":"product-type-simple"},"acf":[],"_links":{"self":[{"href":"https:\/\/www.ceramicbasin.com\/es\/wp-json\/wp\/v2\/product\/6521","targetHints":{"allow":["GET"]}}],"collection":[{"href":"https:\/\/www.ceramicbasin.com\/es\/wp-json\/wp\/v2\/product"}],"about":[{"href":"https:\/\/www.ceramicbasin.com\/es\/wp-json\/wp\/v2\/types\/product"}],"replies":[{"embeddable":true,"href":"https:\/\/www.ceramicbasin.com\/es\/wp-json\/wp\/v2\/comments?post=6521"}],"wp:featuredmedia":[{"embeddable":true,"href":"https:\/\/www.ceramicbasin.com\/es\/wp-json\/wp\/v2\/media\/6525"}],"wp:attachment":[{"href":"https:\/\/www.ceramicbasin.com\/es\/wp-json\/wp\/v2\/media?parent=6521"}],"wp:term":[{"taxonomy":"product_brand","embeddable":true,"href":"https:\/\/www.ceramicbasin.com\/es\/wp-json\/wp\/v2\/product_brand?post=6521"},{"taxonomy":"product_cat","embeddable":true,"href":"https:\/\/www.ceramicbasin.com\/es\/wp-json\/wp\/v2\/product_cat?post=6521"},{"taxonomy":"product_tag","embeddable":true,"href":"https:\/\/www.ceramicbasin.com\/es\/wp-json\/wp\/v2\/product_tag?post=6521"}],"curies":[{"name":"wp","href":"https:\/\/api.w.org\/{rel}","templated":true}]}}