{"id":6529,"date":"2025-04-03T06:22:55","date_gmt":"2025-04-03T06:22:55","guid":{"rendered":"https:\/\/www.ceramicbasin.com\/?post_type=product&#038;p=6529"},"modified":"2025-11-05T06:11:05","modified_gmt":"2025-11-05T06:11:05","slug":"custom-drop-in-sink","status":"publish","type":"product","link":"https:\/\/www.ceramicbasin.com\/es\/producto\/custom-drop-in-sink\/","title":{"rendered":"Fregadero a granel, lavabo rectangular al por mayor"},"content":{"rendered":"<div class=\"wp-block-columns is-layout-flex wp-container-core-columns-is-layout-9d6595d7 wp-block-columns-is-layout-flex\">\n<div class=\"wp-block-column is-layout-flow wp-block-column-is-layout-flow\">\n<h2 class=\"wp-block-heading\">Premium Custom Drop In Fregadero Caracter\u00edsticas:<\/h2>\n\n\n\n<ul class=\"wp-block-list\">\n<li><strong>Ventas calientes:<\/strong> Este lavabo de cer\u00e1mica al por mayor es bien recibido por el mercado debido a su durabilidad, color uniforme, f\u00e1cil limpieza y mantenimiento, y alto rendimiento de costes.<\/li>\n\n\n\n<li><strong>Material cer\u00e1mico de alta calidad, duradero y f\u00e1cil de limpiar:<\/strong> Estos fregaderos a medida est\u00e1n fabricados con materias primas cer\u00e1micas de alta calidad y cocidos a altas temperaturas. La superficie es s\u00f3lida y lisa, resistente a los ara\u00f1azos y no se agrieta f\u00e1cilmente. El esmalte tiene un excelente rendimiento antiincrustante; las manchas y el sarro no se adhieren f\u00e1cilmente a \u00e9l. Basta con pasar un pa\u00f1o suave para mantenerla como nueva, lo que facilita la limpieza diaria y la libera de preocupaciones.<\/li>\n\n\n\n<li><strong>Amplio campo de aplicaci\u00f3n:<\/strong> La b\u00fasqueda por parte de la gente de una calidad de vida cada vez mayor, as\u00ed como de un servicio cada vez mejor en los lugares p\u00fablicos. Productos de lavabo ya no s\u00f3lo son adecuados para su cuarto de ba\u00f1o, nuestro lavabo de m\u00e1rmol al por mayor tambi\u00e9n es adecuado para las estaciones de tren de alta velocidad, estaciones de metro, as\u00ed como centros comerciales, ba\u00f1os de restaurantes, hospitales y otros lugares.<\/li>\n\n\n\n<li><strong>Servicio de suministro directo de f\u00e1brica, rentable y compatible con la personalizaci\u00f3n:<\/strong> Estos lavabos a medida son suministrados directamente por fabricantes profesionales de lavabos de ba\u00f1o de cer\u00e1mica, de esta forma se reducen los eslabones intermedios con competitividad en los precios del mercado. Podemos proporcionar servicios personalizados diversificados de acuerdo a las necesidades de los clientes, ya sea el tama\u00f1o o el color o el dise\u00f1o detallado, y siempre podemos satisfacer las necesidades de todos los diferentes mercados y proyectos.<\/li>\n<\/ul>\n<\/div>\n\n\n\n<div class=\"wp-block-column is-layout-flow wp-block-column-is-layout-flow\">\n<figure class=\"wp-block-image size-full\"><img fetchpriority=\"high\" decoding=\"async\" width=\"800\" height=\"800\" src=\"https:\/\/www.ceramicbasin.com\/wp-content\/uploads\/2025\/04\/bathroom-sink-factory\uff0cwholesale-wash-basin\uff0cDrop-In-Sinks-Wholesale6.webp\" alt=\"lavabo cer\u00e1mico rectangular a medida al por mayor-1\" class=\"wp-image-6535\" srcset=\"https:\/\/www.ceramicbasin.com\/wp-content\/uploads\/2025\/04\/bathroom-sink-factory\uff0cwholesale-wash-basin\uff0cDrop-In-Sinks-Wholesale6.webp 800w, https:\/\/www.ceramicbasin.com\/wp-content\/uploads\/2025\/04\/bathroom-sink-factory\uff0cwholesale-wash-basin\uff0cDrop-In-Sinks-Wholesale6-300x300.webp 300w, https:\/\/www.ceramicbasin.com\/wp-content\/uploads\/2025\/04\/bathroom-sink-factory\uff0cwholesale-wash-basin\uff0cDrop-In-Sinks-Wholesale6-150x150.webp 150w, https:\/\/www.ceramicbasin.com\/wp-content\/uploads\/2025\/04\/bathroom-sink-factory\uff0cwholesale-wash-basin\uff0cDrop-In-Sinks-Wholesale6-768x768.webp 768w, https:\/\/www.ceramicbasin.com\/wp-content\/uploads\/2025\/04\/bathroom-sink-factory\uff0cwholesale-wash-basin\uff0cDrop-In-Sinks-Wholesale6-12x12.webp 12w, https:\/\/www.ceramicbasin.com\/wp-content\/uploads\/2025\/04\/bathroom-sink-factory\uff0cwholesale-wash-basin\uff0cDrop-In-Sinks-Wholesale6-285x285.webp 285w, https:\/\/www.ceramicbasin.com\/wp-content\/uploads\/2025\/04\/bathroom-sink-factory\uff0cwholesale-wash-basin\uff0cDrop-In-Sinks-Wholesale6-270x270.webp 270w, https:\/\/www.ceramicbasin.com\/wp-content\/uploads\/2025\/04\/bathroom-sink-factory\uff0cwholesale-wash-basin\uff0cDrop-In-Sinks-Wholesale6-540x540.webp 540w, https:\/\/www.ceramicbasin.com\/wp-content\/uploads\/2025\/04\/bathroom-sink-factory\uff0cwholesale-wash-basin\uff0cDrop-In-Sinks-Wholesale6-660x660.webp 660w\" sizes=\"(max-width: 800px) 100vw, 800px\" \/><\/figure>\n<\/div>\n<\/div>","protected":false},"excerpt":{"rendered":"<p>Bienvenido a comprar nuestro lavabo de cer\u00e1mica al por mayor. Estos lavabos a medida ya no s\u00f3lo son adecuados para su propio cuarto de ba\u00f1o, nuestros lavabos de m\u00e1rmol al por mayor tambi\u00e9n son adecuados para estaciones de tren de alta velocidad, estaciones de metro, as\u00ed como centros comerciales, ba\u00f1os de restaurantes, hospitales y otros lugares. Disponibles en varios colores, acabados superficiales y embalajes personalizables, le permiten adaptar el producto a las necesidades espec\u00edficas de su marca y mercado.<\/p>\n<table style=\"border-collapse: collapse; width: 311.02pt;\" border=\"0\" width=\"311\" cellspacing=\"0\" cellpadding=\"0\">\n<tbody>\n<tr style=\"height: 17.60pt;\">\n<td class=\"et3\" style=\"height: 17.60pt; width: 108.35pt;\" width=\"108\" height=\"17\">Fabricante<\/td>\n<td class=\"et3\" style=\"width: 202.95pt;\" width=\"202\">HanYu<\/td>\n<\/tr>\n<tr style=\"height: 17.60pt;\">\n<td class=\"et3\" style=\"height: 17.60pt;\" height=\"17\">N\u00ba de modelo<\/td>\n<td class=\"et4\">HY-8066<\/td>\n<\/tr>\n<tr style=\"height: 18.00pt;\">\n<td class=\"et3\" style=\"height: 18.00pt;\" height=\"18\">Tipo<\/td>\n<td class=\"et5\" style=\"width: 202.95pt;\" width=\"202\">Cubeta de ca\u00edda<\/td>\n<\/tr>\n<tr style=\"height: 17.60pt;\">\n<td class=\"et3\" style=\"height: 17.60pt;\" height=\"17\">Forma<\/td>\n<td class=\"et3\">Forma rectangular<\/td>\n<\/tr>\n<tr style=\"height: 18.00pt;\">\n<td class=\"et4\" style=\"height: 18.00pt;\" height=\"18\">Color<\/td>\n<td class=\"et5\" style=\"width: 202.95pt;\" width=\"202\">Blanco<\/td>\n<\/tr>\n<tr style=\"height: 18.00pt;\">\n<td class=\"et3\" style=\"height: 18.00pt;\" height=\"18\">Dimensi\u00f3n<\/td>\n<td class=\"et5\" style=\"width: 202.95pt;\" width=\"202\">40.5*30.5*13<\/td>\n<\/tr>\n<tr style=\"height: 17.60pt;\">\n<td class=\"et3\" style=\"height: 17.60pt;\" height=\"17\">N.W \/SET<\/td>\n<td class=\"et3\">12 KGS\/PCS<\/td>\n<\/tr>\n<tr style=\"height: 17.60pt;\">\n<td class=\"et3\" style=\"height: 17.60pt;\" height=\"17\">MOQ<\/td>\n<td class=\"et3\">20 piezas<\/td>\n<\/tr>\n<tr style=\"height: 17.60pt;\">\n<td class=\"et3\" style=\"height: 17.60pt;\" height=\"17\">Opci\u00f3n personalizada<\/td>\n<td class=\"et3\">Color\/Patr\u00f3n\/Tama\u00f1o\/Logotipo\/Embalaje<\/td>\n<\/tr>\n<\/tbody>\n<\/table>","protected":false},"featured_media":6530,"comment_status":"closed","ping_status":"closed","template":"","meta":{"_acf_changed":false},"product_brand":[],"product_cat":[51],"product_tag":[],"class_list":{"0":"post-6529","1":"product","2":"type-product","3":"status-publish","4":"has-post-thumbnail","6":"product_cat-wholesale-drop-in-sinks","8":"first","9":"instock","10":"shipping-taxable","11":"product-type-simple"},"acf":[],"_links":{"self":[{"href":"https:\/\/www.ceramicbasin.com\/es\/wp-json\/wp\/v2\/product\/6529","targetHints":{"allow":["GET"]}}],"collection":[{"href":"https:\/\/www.ceramicbasin.com\/es\/wp-json\/wp\/v2\/product"}],"about":[{"href":"https:\/\/www.ceramicbasin.com\/es\/wp-json\/wp\/v2\/types\/product"}],"replies":[{"embeddable":true,"href":"https:\/\/www.ceramicbasin.com\/es\/wp-json\/wp\/v2\/comments?post=6529"}],"wp:featuredmedia":[{"embeddable":true,"href":"https:\/\/www.ceramicbasin.com\/es\/wp-json\/wp\/v2\/media\/6530"}],"wp:attachment":[{"href":"https:\/\/www.ceramicbasin.com\/es\/wp-json\/wp\/v2\/media?parent=6529"}],"wp:term":[{"taxonomy":"product_brand","embeddable":true,"href":"https:\/\/www.ceramicbasin.com\/es\/wp-json\/wp\/v2\/product_brand?post=6529"},{"taxonomy":"product_cat","embeddable":true,"href":"https:\/\/www.ceramicbasin.com\/es\/wp-json\/wp\/v2\/product_cat?post=6529"},{"taxonomy":"product_tag","embeddable":true,"href":"https:\/\/www.ceramicbasin.com\/es\/wp-json\/wp\/v2\/product_tag?post=6529"}],"curies":[{"name":"wp","href":"https:\/\/api.w.org\/{rel}","templated":true}]}}