{"id":6536,"date":"2025-04-03T06:46:48","date_gmt":"2025-04-03T06:46:48","guid":{"rendered":"https:\/\/www.ceramicbasin.com\/?post_type=product&#038;p=6536"},"modified":"2025-11-05T06:08:32","modified_gmt":"2025-11-05T06:08:32","slug":"custom-bath-vanity-top","status":"publish","type":"product","link":"https:\/\/www.ceramicbasin.com\/es\/producto\/custom-bath-vanity-top\/","title":{"rendered":"Lavabos de ba\u00f1o a medida montados sobre encimera azul mate al por mayor"},"content":{"rendered":"<div class=\"wp-block-columns is-layout-flex wp-container-core-columns-is-layout-9d6595d7 wp-block-columns-is-layout-flex\">\n<div class=\"wp-block-column is-layout-flow wp-block-column-is-layout-flow\">\n<h2 class=\"wp-block-heading\">Premium Custom Ba\u00f1o Vanidad Top Mounted Lavabos Caracter\u00edsticas:<\/h2>\n\n\n\n<ul class=\"wp-block-list\">\n<li><strong>Azul menta fresco, que crea un ambiente confortable:<\/strong> Este lavabo sobre encimera de ba\u00f1o a medida utiliza un suave esmalte mate azul menta, presentando un efecto visual fresco y natural, a\u00f1adiendo un toque de elegancia al espacio de ba\u00f1o comercial, creando un ambiente relajante y confortable, y es adecuado para dise\u00f1os de interior modernos, n\u00f3rdicos y minimalistas.<\/li>\n\n\n\n<li><strong>Textura mate, discreta y de alta gama:<\/strong> Este lavabo de encimera de ba\u00f1o a medida utiliza un tratamiento \u00fanico de esmalte mate, que se siente delicado y c\u00e1lido, no refleja la luz, puede reducir eficazmente las huellas dactilares y las manchas de agua, y mantiene la limpieza y la belleza durante mucho tiempo, mostrando una textura discreta y lujosa.<\/li>\n\n\n\n<li><strong>Dise\u00f1o montado en la parte superior: <\/strong>El lavabo mate con el exclusivo m\u00e9todo de montaje sobre encimera es estable y fiable, lo que no s\u00f3lo ahorra espacio, sino que a\u00f1ade un toque moderno al cuarto de ba\u00f1o y se adapta a diversos estilos de decoraci\u00f3n.<\/li>\n\n\n\n<li><strong>Colorido:<\/strong> El color del m\u00e1rmol se basa en un lavabo blanco brillante ordinario, que es hermoso y duradero. Ofrecemos m\u00e1s de 100 colores y patrones para elegir, y todos los modelos de lavabo mate a granel se pueden personalizar en color y textura.<\/li>\n<\/ul>\n<\/div>\n\n\n\n<div class=\"wp-block-column is-layout-flow wp-block-column-is-layout-flow\">\n<figure class=\"wp-block-image size-full\"><img fetchpriority=\"high\" decoding=\"async\" width=\"800\" height=\"800\" src=\"https:\/\/www.ceramicbasin.com\/wp-content\/uploads\/2025\/04\/Matte-Basin-Wholesale\uff0cMatte-Vessel-Sink-\uff0ccustom-ceramic-vessel-sinks6.webp\" alt=\"lavabo-ba\u00f1era-top-hotel-redondo-lujo-esmaltado-azul-mate-en-bultos-1\" class=\"wp-image-6542\" srcset=\"https:\/\/www.ceramicbasin.com\/wp-content\/uploads\/2025\/04\/Matte-Basin-Wholesale\uff0cMatte-Vessel-Sink-\uff0ccustom-ceramic-vessel-sinks6.webp 800w, https:\/\/www.ceramicbasin.com\/wp-content\/uploads\/2025\/04\/Matte-Basin-Wholesale\uff0cMatte-Vessel-Sink-\uff0ccustom-ceramic-vessel-sinks6-300x300.webp 300w, https:\/\/www.ceramicbasin.com\/wp-content\/uploads\/2025\/04\/Matte-Basin-Wholesale\uff0cMatte-Vessel-Sink-\uff0ccustom-ceramic-vessel-sinks6-150x150.webp 150w, https:\/\/www.ceramicbasin.com\/wp-content\/uploads\/2025\/04\/Matte-Basin-Wholesale\uff0cMatte-Vessel-Sink-\uff0ccustom-ceramic-vessel-sinks6-768x768.webp 768w, https:\/\/www.ceramicbasin.com\/wp-content\/uploads\/2025\/04\/Matte-Basin-Wholesale\uff0cMatte-Vessel-Sink-\uff0ccustom-ceramic-vessel-sinks6-12x12.webp 12w, https:\/\/www.ceramicbasin.com\/wp-content\/uploads\/2025\/04\/Matte-Basin-Wholesale\uff0cMatte-Vessel-Sink-\uff0ccustom-ceramic-vessel-sinks6-285x285.webp 285w, https:\/\/www.ceramicbasin.com\/wp-content\/uploads\/2025\/04\/Matte-Basin-Wholesale\uff0cMatte-Vessel-Sink-\uff0ccustom-ceramic-vessel-sinks6-270x270.webp 270w, https:\/\/www.ceramicbasin.com\/wp-content\/uploads\/2025\/04\/Matte-Basin-Wholesale\uff0cMatte-Vessel-Sink-\uff0ccustom-ceramic-vessel-sinks6-540x540.webp 540w, https:\/\/www.ceramicbasin.com\/wp-content\/uploads\/2025\/04\/Matte-Basin-Wholesale\uff0cMatte-Vessel-Sink-\uff0ccustom-ceramic-vessel-sinks6-660x660.webp 660w\" sizes=\"(max-width: 800px) 100vw, 800px\" \/><\/figure>\n<\/div>\n<\/div>","protected":false},"excerpt":{"rendered":"<p>Bienvenido a lavabos de ba\u00f1o a medida. Nuestro lavabo azul mate al por mayor es fresco y elegante, adecuado para espacios comerciales modernos. La superficie de este lavabo de ba\u00f1o comercial al por mayor adopta una tecnolog\u00eda especial de esmalte f\u00e1cil de limpiar, que es suave y delicada; las manchas no son f\u00e1ciles de adherir y son f\u00e1ciles de limpiar.<\/p>\n<table style=\"border-collapse: collapse; width: 311.02pt;\" border=\"0\" width=\"311\" cellspacing=\"0\" cellpadding=\"0\">\n<tbody>\n<tr style=\"height: 17.60pt;\">\n<td class=\"et3\" style=\"height: 17.60pt; width: 108.35pt;\" width=\"108\" height=\"17\">Fabricante<\/td>\n<td class=\"et3\" style=\"width: 202.95pt;\" width=\"202\">HanYu<\/td>\n<\/tr>\n<tr style=\"height: 17.60pt;\">\n<td class=\"et3\" style=\"height: 17.60pt;\" height=\"17\">N\u00ba de modelo<\/td>\n<td class=\"et4\">HY-8069PB1<\/td>\n<\/tr>\n<tr style=\"height: 17.60pt;\">\n<td class=\"et3\" style=\"height: 17.60pt;\" height=\"17\">Tipo<\/td>\n<td class=\"et3\">Lavabo de Encimera<\/td>\n<\/tr>\n<tr style=\"height: 17.60pt;\">\n<td class=\"et3\" style=\"height: 17.60pt;\" height=\"17\">Forma<\/td>\n<td class=\"et3\">Forma redonda<\/td>\n<\/tr>\n<tr style=\"height: 17.60pt;\">\n<td class=\"et4\" style=\"height: 17.60pt;\" height=\"17\">Color<\/td>\n<td class=\"et3\">Azul<\/td>\n<\/tr>\n<tr style=\"height: 18.00pt;\">\n<td class=\"et3\" style=\"height: 18.00pt;\" height=\"18\">Dimensi\u00f3n\u00a0<\/td>\n<td class=\"et5\" style=\"width: 202.95pt;\" width=\"202\">41.5*41.5*13.5<\/td>\n<\/tr>\n<tr style=\"height: 17.60pt;\">\n<td class=\"et3\" style=\"height: 17.60pt;\" height=\"17\">N.W \/SET<\/td>\n<td class=\"et3\">8KGS\/PCS<\/td>\n<\/tr>\n<tr style=\"height: 17.60pt;\">\n<td class=\"et3\" style=\"height: 17.60pt;\" height=\"17\">MOQ<\/td>\n<td class=\"et3\">20 piezas<\/td>\n<\/tr>\n<tr style=\"height: 17.60pt;\">\n<td class=\"et3\" style=\"height: 17.60pt;\" height=\"17\">Opci\u00f3n personalizada<\/td>\n<td class=\"et3\">Color\/Patr\u00f3n\/Tama\u00f1o\/Logotipo\/Embalaje<\/td>\n<\/tr>\n<\/tbody>\n<\/table>","protected":false},"featured_media":6540,"comment_status":"closed","ping_status":"closed","template":"","meta":{"_acf_changed":false},"product_brand":[],"product_cat":[50,55],"product_tag":[],"class_list":{"0":"post-6536","1":"product","2":"type-product","3":"status-publish","4":"has-post-thumbnail","6":"product_cat-wholesale-countertop-sinks","7":"product_cat-wholesale-matte-sinks","9":"first","10":"instock","11":"shipping-taxable","12":"product-type-simple"},"acf":[],"_links":{"self":[{"href":"https:\/\/www.ceramicbasin.com\/es\/wp-json\/wp\/v2\/product\/6536","targetHints":{"allow":["GET"]}}],"collection":[{"href":"https:\/\/www.ceramicbasin.com\/es\/wp-json\/wp\/v2\/product"}],"about":[{"href":"https:\/\/www.ceramicbasin.com\/es\/wp-json\/wp\/v2\/types\/product"}],"replies":[{"embeddable":true,"href":"https:\/\/www.ceramicbasin.com\/es\/wp-json\/wp\/v2\/comments?post=6536"}],"wp:featuredmedia":[{"embeddable":true,"href":"https:\/\/www.ceramicbasin.com\/es\/wp-json\/wp\/v2\/media\/6540"}],"wp:attachment":[{"href":"https:\/\/www.ceramicbasin.com\/es\/wp-json\/wp\/v2\/media?parent=6536"}],"wp:term":[{"taxonomy":"product_brand","embeddable":true,"href":"https:\/\/www.ceramicbasin.com\/es\/wp-json\/wp\/v2\/product_brand?post=6536"},{"taxonomy":"product_cat","embeddable":true,"href":"https:\/\/www.ceramicbasin.com\/es\/wp-json\/wp\/v2\/product_cat?post=6536"},{"taxonomy":"product_tag","embeddable":true,"href":"https:\/\/www.ceramicbasin.com\/es\/wp-json\/wp\/v2\/product_tag?post=6536"}],"curies":[{"name":"wp","href":"https:\/\/api.w.org\/{rel}","templated":true}]}}