{"id":6612,"date":"2025-04-18T07:28:19","date_gmt":"2025-04-18T07:28:19","guid":{"rendered":"https:\/\/www.ceramicbasin.com\/?post_type=product&#038;p=6612"},"modified":"2025-11-05T03:39:09","modified_gmt":"2025-11-05T03:39:09","slug":"custom-sink-countertops","status":"publish","type":"product","link":"https:\/\/www.ceramicbasin.com\/es\/producto\/custom-sink-countertops\/","title":{"rendered":"Encimeras de fregadero personalizadas Lavabos al por mayor con impresi\u00f3n OEM"},"content":{"rendered":"<div class=\"wp-block-columns is-layout-flex wp-container-core-columns-is-layout-9d6595d7 wp-block-columns-is-layout-flex\">\n<div class=\"wp-block-column is-layout-flow wp-block-column-is-layout-flow\">\n<h2 class=\"wp-block-heading\">Premium Custom Fregadero Encimeras Caracter\u00edsticas:<\/h2>\n\n\n\n<ul class=\"wp-block-list\">\n<li><strong>Tecnolog\u00eda exclusiva de transferencia de agua para crear una textura negra de alta calidad: <\/strong>Nuestras encimeras de lavabo a medida utilizan una t\u00e9cnica de transferencia de agua de \u00faltima generaci\u00f3n, y la superficie del lavabo de cer\u00e1mica presenta un brillo negro intenso y multicapa, una textura fina y uniforme, y una gran suavidad.<\/li>\n\n\n\n<li><strong>Elegante dise\u00f1o ovalado, adecuado para una variedad de estilos de espacio:<\/strong> Este lavabo art mate a granel presenta un dise\u00f1o cl\u00e1sico ovalado de l\u00edneas suaves y finas, siendo a la vez moderno y art\u00edstico. Independientemente del estilo de simplicidad moderna, estilo industrial o estilo retro de lujo, este lavabo de cer\u00e1mica art puede incorporarse f\u00e1cilmente.<\/li>\n\n\n\n<li><strong>Material cer\u00e1mico de alta calidad, duradero y f\u00e1cil de limpiar: <\/strong>Para fabricar estas encimeras de lavabo a medida se utilizan materias primas cer\u00e1micas de alta calidad, que se cuecen a altas temperaturas. El cuerpo del lavabo es duro y resistente, con resistencia a las manchas y a los ara\u00f1azos. La superficie es suave y lisa, y es dif\u00edcil que queden manchas de agua y suciedad. La limpieza diaria puede devolverle el brillo.<\/li>\n\n\n\n<li><strong>Apoyar servicios a medida para satisfacer necesidades personalizadas: <\/strong>Ofrecemos una gama completa de servicios personalizados para lavabo arte mate a granel. Los clientes pueden elegir el tama\u00f1o, el color y el patr\u00f3n de acuerdo a sus necesidades para crear un arte \u00fanico ba\u00f1o.<\/li>\n<\/ul>\n<\/div>\n\n\n\n<div class=\"wp-block-column is-layout-flow wp-block-column-is-layout-flow\">\n<figure class=\"wp-block-image size-full\"><img fetchpriority=\"high\" decoding=\"async\" width=\"916\" height=\"1211\" src=\"https:\/\/www.ceramicbasin.com\/wp-content\/uploads\/2025\/04\/Water-Transfer-Printing-Ceramic-Hand-Wash-Basin-6.jpg\" alt=\"beautiful-custom-sink-countertops-water-transfer-printing-1\" class=\"wp-image-6613\" srcset=\"https:\/\/www.ceramicbasin.com\/wp-content\/uploads\/2025\/04\/Water-Transfer-Printing-Ceramic-Hand-Wash-Basin-6.jpg 916w, https:\/\/www.ceramicbasin.com\/wp-content\/uploads\/2025\/04\/Water-Transfer-Printing-Ceramic-Hand-Wash-Basin-6-227x300.jpg 227w, https:\/\/www.ceramicbasin.com\/wp-content\/uploads\/2025\/04\/Water-Transfer-Printing-Ceramic-Hand-Wash-Basin-6-768x1015.jpg 768w, https:\/\/www.ceramicbasin.com\/wp-content\/uploads\/2025\/04\/Water-Transfer-Printing-Ceramic-Hand-Wash-Basin-6-9x12.jpg 9w, https:\/\/www.ceramicbasin.com\/wp-content\/uploads\/2025\/04\/Water-Transfer-Printing-Ceramic-Hand-Wash-Basin-6-285x377.jpg 285w, https:\/\/www.ceramicbasin.com\/wp-content\/uploads\/2025\/04\/Water-Transfer-Printing-Ceramic-Hand-Wash-Basin-6-499x660.jpg 499w, https:\/\/www.ceramicbasin.com\/wp-content\/uploads\/2025\/04\/Water-Transfer-Printing-Ceramic-Hand-Wash-Basin-6-113x150.jpg 113w\" sizes=\"(max-width: 916px) 100vw, 916px\" \/><\/figure>\n<\/div>\n<\/div>\n\n\n\n<p><\/p>","protected":false},"excerpt":{"rendered":"<p>Bienvenido a comprar encimeras de lavabo a medida. Este lavabo negro ovalado arte mate a granel adopta la tecnolog\u00eda avanzada de impresi\u00f3n por transferencia de agua, presentando una textura negra profunda y elegante, con una forma ovalada suave, adecuado para una variedad de estilos de espacio.<\/p>\n<table style=\"border-collapse: collapse; width: 311.02pt;\" border=\"0\" width=\"311\" cellspacing=\"0\" cellpadding=\"0\">\n<tbody>\n<tr style=\"height: 17.60pt;\">\n<td class=\"et3\" style=\"height: 17.60pt; width: 108.35pt;\" width=\"108\" height=\"17\">Fabricante<\/td>\n<td class=\"et3\" style=\"width: 202.95pt;\" width=\"202\">HanYu<\/td>\n<\/tr>\n<tr style=\"height: 17.60pt;\">\n<td class=\"et3\" style=\"height: 17.60pt;\" height=\"17\">N\u00ba de modelo<\/td>\n<td class=\"et4\">HY-8024D114<\/td>\n<\/tr>\n<tr style=\"height: 17.60pt;\">\n<td class=\"et3\" style=\"height: 17.60pt;\" height=\"17\">Tipo<\/td>\n<td class=\"et3\">Lavabo sobre encimera<\/td>\n<\/tr>\n<tr style=\"height: 17.60pt;\">\n<td class=\"et3\" style=\"height: 17.60pt;\" height=\"17\">Forma\u00a0\u00a0<\/td>\n<td class=\"et2\">Forma rectangular<\/td>\n<\/tr>\n<tr style=\"height: 17.60pt;\">\n<td class=\"et4\" style=\"height: 17.60pt;\" height=\"17\">Color<\/td>\n<td class=\"et3\">Negro<\/td>\n<\/tr>\n<tr style=\"height: 18.00pt;\">\n<td class=\"et3\" style=\"height: 18.00pt;\" height=\"18\">Dimensi\u00f3n<\/td>\n<td class=\"et5\" style=\"width: 202.95pt;\" width=\"202\">50*38.5*13<\/td>\n<\/tr>\n<tr style=\"height: 17.60pt;\">\n<td class=\"et3\" style=\"height: 17.60pt;\" height=\"17\">N.W \/SET<\/td>\n<td class=\"et3\">12KGS\/PCS<\/td>\n<\/tr>\n<tr style=\"height: 17.60pt;\">\n<td class=\"et3\" style=\"height: 17.60pt;\" height=\"17\">MOQ<\/td>\n<td class=\"et3\">20 piezas<\/td>\n<\/tr>\n<tr style=\"height: 17.60pt;\">\n<td class=\"et3\" style=\"height: 17.60pt;\" height=\"17\">Opci\u00f3n personalizada<\/td>\n<td class=\"et3\">Color\/Patr\u00f3n\/Tama\u00f1o\/Logotipo\/Embalaje<\/td>\n<\/tr>\n<\/tbody>\n<\/table>","protected":false},"featured_media":6614,"comment_status":"closed","ping_status":"closed","template":"","meta":{"_acf_changed":false},"product_brand":[],"product_cat":[50,54],"product_tag":[],"class_list":{"0":"post-6612","1":"product","2":"type-product","3":"status-publish","4":"has-post-thumbnail","6":"product_cat-wholesale-countertop-sinks","7":"product_cat-wholesale-marble-sinks","9":"first","10":"instock","11":"shipping-taxable","12":"product-type-simple"},"acf":[],"_links":{"self":[{"href":"https:\/\/www.ceramicbasin.com\/es\/wp-json\/wp\/v2\/product\/6612","targetHints":{"allow":["GET"]}}],"collection":[{"href":"https:\/\/www.ceramicbasin.com\/es\/wp-json\/wp\/v2\/product"}],"about":[{"href":"https:\/\/www.ceramicbasin.com\/es\/wp-json\/wp\/v2\/types\/product"}],"replies":[{"embeddable":true,"href":"https:\/\/www.ceramicbasin.com\/es\/wp-json\/wp\/v2\/comments?post=6612"}],"wp:featuredmedia":[{"embeddable":true,"href":"https:\/\/www.ceramicbasin.com\/es\/wp-json\/wp\/v2\/media\/6614"}],"wp:attachment":[{"href":"https:\/\/www.ceramicbasin.com\/es\/wp-json\/wp\/v2\/media?parent=6612"}],"wp:term":[{"taxonomy":"product_brand","embeddable":true,"href":"https:\/\/www.ceramicbasin.com\/es\/wp-json\/wp\/v2\/product_brand?post=6612"},{"taxonomy":"product_cat","embeddable":true,"href":"https:\/\/www.ceramicbasin.com\/es\/wp-json\/wp\/v2\/product_cat?post=6612"},{"taxonomy":"product_tag","embeddable":true,"href":"https:\/\/www.ceramicbasin.com\/es\/wp-json\/wp\/v2\/product_tag?post=6612"}],"curies":[{"name":"wp","href":"https:\/\/api.w.org\/{rel}","templated":true}]}}