{"id":6665,"date":"2025-04-25T03:43:12","date_gmt":"2025-04-25T03:43:12","guid":{"rendered":"https:\/\/www.ceramicbasin.com\/?post_type=product&#038;p=6665"},"modified":"2025-04-25T03:43:29","modified_gmt":"2025-04-25T03:43:29","slug":"custom-made-vanity-basins","status":"publish","type":"product","link":"https:\/\/www.ceramicbasin.com\/es\/producto\/custom-made-vanity-basins\/","title":{"rendered":"Lavabos de Tocador a Medida, Fregadero de Tocador de Color Mate al por Mayor"},"content":{"rendered":"<div class=\"wp-block-columns is-layout-flex wp-container-core-columns-is-layout-9d6595d7 wp-block-columns-is-layout-flex\">\n<div class=\"wp-block-column is-layout-flow wp-block-column-is-layout-flow\">\n<h2 class=\"wp-block-heading\">Lavabos a medida de primera calidad Caracter\u00edsticas:<\/h2>\n\n\n\n<ul class=\"wp-block-list\">\n<li><strong>Dise\u00f1o de moda:<\/strong>\u00a0Nuestros lavabos a medida tienen un dise\u00f1o moderno y actual de l\u00edneas suaves, se adaptan a distintas distribuciones de cuartos de ba\u00f1o y realzan la belleza general y la categor\u00eda del espacio.<\/li>\n\n\n\n<li><strong>Material cer\u00e1mico de alta calidad:\u00a0<\/strong>Este fregadero recipiente al por mayor est\u00e1 hecho de vidrio de alta calidad con alta transparencia y textura delicada, que tiene excelentes efectos visuales y un sentido moderno, garantizando la durabilidad y la belleza del producto.<\/li>\n\n\n\n<li><strong>Colorido:\u00a0<\/strong>El color m\u00e1rmol de nuestros lavabos de tocador a medida se realiza mediante impresi\u00f3n por transferencia de agua b\u00e1sica sobre lavabos de cer\u00e1mica normales. Buen aspecto y elegante. Tenemos m\u00e1s de 100 opciones de color. Se puede hacer en todos los modelos que tenemos.<\/li>\n\n\n\n<li><strong>Optimizaci\u00f3n de costes:\u00a0<\/strong>Como fabricante de lavabos de ba\u00f1o, nuestra venta al por mayor de lavabos de vasija procede directamente de f\u00e1brica, lo que garantiza que pueda disfrutar de productos de alta calidad manteniendo el presupuesto del proyecto y maximizando la rentabilidad.<\/li>\n<\/ul>\n<\/div>\n\n\n\n<div class=\"wp-block-column is-layout-flow wp-block-column-is-layout-flow\">\n<figure class=\"wp-block-image size-full\"><img fetchpriority=\"high\" decoding=\"async\" width=\"800\" height=\"1068\" src=\"https:\/\/www.ceramicbasin.com\/wp-content\/uploads\/2025\/04\/Wholesale-basin-factory-Counter-top-marble-color-sinks-5.webp\" alt=\"Lavabos de Tocador a Medida, Fregadero de Tocador de Color Mate al por Mayor-1\" class=\"wp-image-6664\" srcset=\"https:\/\/www.ceramicbasin.com\/wp-content\/uploads\/2025\/04\/Wholesale-basin-factory-Counter-top-marble-color-sinks-5.webp 800w, https:\/\/www.ceramicbasin.com\/wp-content\/uploads\/2025\/04\/Wholesale-basin-factory-Counter-top-marble-color-sinks-5-225x300.webp 225w, https:\/\/www.ceramicbasin.com\/wp-content\/uploads\/2025\/04\/Wholesale-basin-factory-Counter-top-marble-color-sinks-5-768x1025.webp 768w, https:\/\/www.ceramicbasin.com\/wp-content\/uploads\/2025\/04\/Wholesale-basin-factory-Counter-top-marble-color-sinks-5-9x12.webp 9w, https:\/\/www.ceramicbasin.com\/wp-content\/uploads\/2025\/04\/Wholesale-basin-factory-Counter-top-marble-color-sinks-5-285x380.webp 285w, https:\/\/www.ceramicbasin.com\/wp-content\/uploads\/2025\/04\/Wholesale-basin-factory-Counter-top-marble-color-sinks-5-494x660.webp 494w, https:\/\/www.ceramicbasin.com\/wp-content\/uploads\/2025\/04\/Wholesale-basin-factory-Counter-top-marble-color-sinks-5-112x150.webp 112w\" sizes=\"(max-width: 800px) 100vw, 800px\" \/><\/figure>\n<\/div>\n<\/div>\n\n\n\n<p><\/p>","protected":false},"excerpt":{"rendered":"<p>Bienvenido a comprar lavabos a medida. Nuestro color mate fregadero del recipiente al por mayor tiene un dise\u00f1o moderno y de moda con l\u00edneas suaves, es adecuado para diversos dise\u00f1os de ba\u00f1o, y mejora la belleza general y el grado del espacio. Tenemos m\u00e1s de 100 opciones de color. Se puede hacer en todos los modelos que tenemos.<\/p>\n<table style=\"border-collapse: collapse; width: 358.52pt;\" border=\"0\" width=\"478\" cellspacing=\"0\" cellpadding=\"0\">\n<tbody>\n<tr style=\"height: 17.25pt;\">\n<td class=\"et3\" style=\"height: 17.25pt; width: 125.00pt;\" width=\"166\" height=\"23\">Fabricante<\/td>\n<td class=\"et3\" style=\"width: 234.15pt;\" width=\"312\">HanYu<\/td>\n<\/tr>\n<tr style=\"height: 17.25pt;\">\n<td class=\"et3\" style=\"height: 17.25pt;\" height=\"23\">N\u00ba de modelo<\/td>\n<td class=\"et4\">HY-8064-45D110<\/td>\n<\/tr>\n<tr style=\"height: 17.25pt;\">\n<td class=\"et3\" style=\"height: 17.25pt;\" height=\"23\">Tipo<\/td>\n<td class=\"et5\" style=\"width: 234.15pt;\" width=\"312\">Fregaderos de m\u00e1rmol<\/td>\n<\/tr>\n<tr style=\"height: 18.00pt;\">\n<td class=\"et3\" style=\"height: 18.00pt;\" height=\"24\">Forma<\/td>\n<td class=\"et3\">Forma rectangular<\/td>\n<\/tr>\n<tr style=\"height: 34.50pt;\">\n<td class=\"et4\" style=\"height: 34.50pt;\" height=\"46\">Color<\/td>\n<td class=\"et5\" style=\"width: 234.15pt;\" width=\"312\">negro\/blanco\/azul\/gris\/rosa\/verde\/marr\u00f3n\/caqui<\/td>\n<\/tr>\n<tr style=\"height: 18.00pt;\">\n<td class=\"et3\" style=\"height: 18.00pt;\" height=\"24\">Dimensi\u00f3n<\/td>\n<td class=\"et5\" style=\"width: 234.15pt;\" width=\"312\">45*38*11<\/td>\n<\/tr>\n<tr style=\"height: 17.25pt;\">\n<td class=\"et3\" style=\"height: 17.25pt;\" height=\"23\">N.W \/SET<\/td>\n<td class=\"et3\">8KGS\/PCS<\/td>\n<\/tr>\n<tr style=\"height: 17.25pt;\">\n<td class=\"et3\" style=\"height: 17.25pt;\" height=\"23\">MOQ<\/td>\n<td class=\"et3\">20 piezas<\/td>\n<\/tr>\n<tr style=\"height: 17.25pt;\">\n<td class=\"et3\" style=\"height: 17.25pt;\" height=\"23\">Opci\u00f3n personalizada<\/td>\n<td class=\"et3\">Color\/Patr\u00f3n\/Tama\u00f1o\/Logotipo\/Embalaje<\/td>\n<\/tr>\n<\/tbody>\n<\/table>","protected":false},"featured_media":6660,"comment_status":"closed","ping_status":"closed","template":"","meta":{"_acf_changed":false},"product_brand":[],"product_cat":[55,50,53],"product_tag":[],"class_list":{"0":"post-6665","1":"product","2":"type-product","3":"status-publish","4":"has-post-thumbnail","6":"product_cat-wholesale-matte-sinks","7":"product_cat-wholesale-countertop-sinks","8":"product_cat-electroplated-bathroom-sinks","10":"first","11":"instock","12":"shipping-taxable","13":"product-type-simple"},"acf":[],"_links":{"self":[{"href":"https:\/\/www.ceramicbasin.com\/es\/wp-json\/wp\/v2\/product\/6665","targetHints":{"allow":["GET"]}}],"collection":[{"href":"https:\/\/www.ceramicbasin.com\/es\/wp-json\/wp\/v2\/product"}],"about":[{"href":"https:\/\/www.ceramicbasin.com\/es\/wp-json\/wp\/v2\/types\/product"}],"replies":[{"embeddable":true,"href":"https:\/\/www.ceramicbasin.com\/es\/wp-json\/wp\/v2\/comments?post=6665"}],"wp:featuredmedia":[{"embeddable":true,"href":"https:\/\/www.ceramicbasin.com\/es\/wp-json\/wp\/v2\/media\/6660"}],"wp:attachment":[{"href":"https:\/\/www.ceramicbasin.com\/es\/wp-json\/wp\/v2\/media?parent=6665"}],"wp:term":[{"taxonomy":"product_brand","embeddable":true,"href":"https:\/\/www.ceramicbasin.com\/es\/wp-json\/wp\/v2\/product_brand?post=6665"},{"taxonomy":"product_cat","embeddable":true,"href":"https:\/\/www.ceramicbasin.com\/es\/wp-json\/wp\/v2\/product_cat?post=6665"},{"taxonomy":"product_tag","embeddable":true,"href":"https:\/\/www.ceramicbasin.com\/es\/wp-json\/wp\/v2\/product_tag?post=6665"}],"curies":[{"name":"wp","href":"https:\/\/api.w.org\/{rel}","templated":true}]}}