{"id":6666,"date":"2025-04-25T03:51:45","date_gmt":"2025-04-25T03:51:45","guid":{"rendered":"https:\/\/www.ceramicbasin.com\/?post_type=product&#038;p=6666"},"modified":"2025-09-26T07:22:45","modified_gmt":"2025-09-26T07:22:45","slug":"manufactured-home-bathroom-sinks","status":"publish","type":"product","link":"https:\/\/www.ceramicbasin.com\/es\/producto\/manufactured-home-bathroom-sinks\/","title":{"rendered":"Lavabos de ba\u00f1o para casas prefabricadas, Lavabos de color al por mayor"},"content":{"rendered":"<div class=\"wp-block-columns is-layout-flex wp-container-core-columns-is-layout-9d6595d7 wp-block-columns-is-layout-flex\">\n<div class=\"wp-block-column is-layout-flow wp-block-column-is-layout-flow\">\n<h2 class=\"wp-block-heading\">Premium Fabricado Inicio Lavabos Caracter\u00edsticas:<\/h2>\n\n\n\n<ul class=\"wp-block-list\">\n<li><strong>Dibujo de m\u00e1rmol realista:&nbsp;<\/strong>Estos lavabos de m\u00e1rmol de venta al p\u00fablico utilizan una avanzada tecnolog\u00eda de transferencia de agua para reproducir fielmente la textura y el color naturales del m\u00e1rmol, lo que confiere al lavabo un atractivo visual especial.<\/li>\n\n\n\n<li><strong>Antiincrustante y f\u00e1cil de limpiar:<\/strong> La superficie de nuestros lavabos de color al por mayor es densa y lisa, lo que dificulta la penetraci\u00f3n de agua o suciedad, otra raz\u00f3n por la que el lavabo de cer\u00e1mica es f\u00e1cil de limpiar. Por lo general, s\u00f3lo tiene que limpiar con detergente regular para hacer el fregadero limpio y brillante para la comodidad de uso.<\/li>\n\n\n\n<li><strong>Materiales de primera calidad:<\/strong> Nuestros lavabos de m\u00e1rmol para casas prefabricadas se fabrican con materiales cer\u00e1micos de primera calidad para garantizar que el lavabo tenga una estructura estable, una superficie lisa f\u00e1cil de limpiar y una belleza duradera.<\/li>\n\n\n\n<li><strong>Opciones personalizables:<\/strong> Nuestros lavabos de colores al por mayor vienen en colores surtidos, tienen tratamientos de superficie surtidos y tienen envases personalizados para que el producto se adapte a su marca y mercados particulares.<\/li>\n<\/ul>\n<\/div>\n\n\n\n<div class=\"wp-block-column is-layout-flow wp-block-column-is-layout-flow\">\n<figure class=\"wp-block-image size-full\"><img fetchpriority=\"high\" decoding=\"async\" width=\"714\" height=\"1005\" src=\"https:\/\/www.ceramicbasin.com\/wp-content\/uploads\/2025\/04\/Hot-sale-wash-basin-supplier-marble-color-hand-washing-basin-5.webp\" alt=\"Lavabos de ba\u00f1o para casas prefabricadas, Lavabos de color al por mayor-1\" class=\"wp-image-6659\" srcset=\"https:\/\/www.ceramicbasin.com\/wp-content\/uploads\/2025\/04\/Hot-sale-wash-basin-supplier-marble-color-hand-washing-basin-5.webp 714w, https:\/\/www.ceramicbasin.com\/wp-content\/uploads\/2025\/04\/Hot-sale-wash-basin-supplier-marble-color-hand-washing-basin-5-213x300.webp 213w, https:\/\/www.ceramicbasin.com\/wp-content\/uploads\/2025\/04\/Hot-sale-wash-basin-supplier-marble-color-hand-washing-basin-5-9x12.webp 9w, https:\/\/www.ceramicbasin.com\/wp-content\/uploads\/2025\/04\/Hot-sale-wash-basin-supplier-marble-color-hand-washing-basin-5-285x401.webp 285w, https:\/\/www.ceramicbasin.com\/wp-content\/uploads\/2025\/04\/Hot-sale-wash-basin-supplier-marble-color-hand-washing-basin-5-469x660.webp 469w, https:\/\/www.ceramicbasin.com\/wp-content\/uploads\/2025\/04\/Hot-sale-wash-basin-supplier-marble-color-hand-washing-basin-5-107x150.webp 107w\" sizes=\"(max-width: 714px) 100vw, 714px\" \/><\/figure>\n<\/div>\n<\/div>","protected":false},"excerpt":{"rendered":"<p>Le invitamos a comprar al por mayor lavabos de color. Nuestro color de m\u00e1rmol m\u00e1s vendido fabricado lavabos de ba\u00f1o en casa utilizan la tecnolog\u00eda de transferencia de agua para duplicar perfectamente la textura natural y el color del m\u00e1rmol real para crear una emoci\u00f3n visual \u00fanica en su cuenca.<\/p>\n<table style=\"border-collapse: collapse; width: 358.52pt;\" border=\"0\" width=\"478\" cellspacing=\"0\" cellpadding=\"0\">\n<tbody>\n<tr style=\"height: 17.25pt;\">\n<td class=\"et3\" style=\"height: 17.25pt; width: 125.00pt;\" width=\"166\" height=\"23\">Fabricante<\/td>\n<td class=\"et3\" style=\"width: 234.15pt;\" width=\"312\">HanYu<\/td>\n<\/tr>\n<tr style=\"height: 17.25pt;\">\n<td class=\"et3\" style=\"height: 17.25pt;\" height=\"23\">N\u00ba de modelo<\/td>\n<td class=\"et4\">HY-8064-55D103<\/td>\n<\/tr>\n<tr style=\"height: 17.25pt;\">\n<td class=\"et3\" style=\"height: 17.25pt;\" height=\"23\">Tipo<\/td>\n<td class=\"et5\" style=\"width: 234.15pt;\" width=\"312\">Fregaderos de m\u00e1rmol<\/td>\n<\/tr>\n<tr style=\"height: 18.00pt;\">\n<td class=\"et3\" style=\"height: 18.00pt;\" height=\"24\">Forma<\/td>\n<td class=\"et3\">Forma rectangular<\/td>\n<\/tr>\n<tr style=\"height: 34.50pt;\">\n<td class=\"et4\" style=\"height: 34.50pt;\" height=\"46\">Color<\/td>\n<td class=\"et5\" style=\"width: 234.15pt;\" width=\"312\">negro\/blanco\/azul\/gris\/rosa\/verde\/marr\u00f3n\/caqui<\/td>\n<\/tr>\n<tr style=\"height: 18.00pt;\">\n<td class=\"et3\" style=\"height: 18.00pt;\" height=\"24\">Dimensi\u00f3n<\/td>\n<td class=\"et5\" style=\"width: 234.15pt;\" width=\"312\">55*38*11<\/td>\n<\/tr>\n<tr style=\"height: 17.25pt;\">\n<td class=\"et3\" style=\"height: 17.25pt;\" height=\"23\">N.W \/SET<\/td>\n<td class=\"et3\">9KGS\/PCS<\/td>\n<\/tr>\n<tr style=\"height: 17.25pt;\">\n<td class=\"et3\" style=\"height: 17.25pt;\" height=\"23\">MOQ<\/td>\n<td class=\"et3\">20 piezas<\/td>\n<\/tr>\n<tr style=\"height: 17.25pt;\">\n<td class=\"et3\" style=\"height: 17.25pt;\" height=\"23\">Opci\u00f3n personalizada<\/td>\n<td class=\"et3\">Color\/Patr\u00f3n\/Tama\u00f1o\/Logotipo\/Embalaje<\/td>\n<\/tr>\n<\/tbody>\n<\/table>","protected":false},"featured_media":6655,"comment_status":"closed","ping_status":"closed","template":"","meta":{"_acf_changed":false},"product_brand":[],"product_cat":[54,50],"product_tag":[],"class_list":{"0":"post-6666","1":"product","2":"type-product","3":"status-publish","4":"has-post-thumbnail","6":"product_cat-wholesale-marble-sinks","7":"product_cat-wholesale-countertop-sinks","9":"first","10":"instock","11":"shipping-taxable","12":"product-type-simple"},"acf":[],"_links":{"self":[{"href":"https:\/\/www.ceramicbasin.com\/es\/wp-json\/wp\/v2\/product\/6666","targetHints":{"allow":["GET"]}}],"collection":[{"href":"https:\/\/www.ceramicbasin.com\/es\/wp-json\/wp\/v2\/product"}],"about":[{"href":"https:\/\/www.ceramicbasin.com\/es\/wp-json\/wp\/v2\/types\/product"}],"replies":[{"embeddable":true,"href":"https:\/\/www.ceramicbasin.com\/es\/wp-json\/wp\/v2\/comments?post=6666"}],"wp:featuredmedia":[{"embeddable":true,"href":"https:\/\/www.ceramicbasin.com\/es\/wp-json\/wp\/v2\/media\/6655"}],"wp:attachment":[{"href":"https:\/\/www.ceramicbasin.com\/es\/wp-json\/wp\/v2\/media?parent=6666"}],"wp:term":[{"taxonomy":"product_brand","embeddable":true,"href":"https:\/\/www.ceramicbasin.com\/es\/wp-json\/wp\/v2\/product_brand?post=6666"},{"taxonomy":"product_cat","embeddable":true,"href":"https:\/\/www.ceramicbasin.com\/es\/wp-json\/wp\/v2\/product_cat?post=6666"},{"taxonomy":"product_tag","embeddable":true,"href":"https:\/\/www.ceramicbasin.com\/es\/wp-json\/wp\/v2\/product_tag?post=6666"}],"curies":[{"name":"wp","href":"https:\/\/api.w.org\/{rel}","templated":true}]}}