{"id":6667,"date":"2025-04-25T03:37:04","date_gmt":"2025-04-25T03:37:04","guid":{"rendered":"https:\/\/www.ceramicbasin.com\/?post_type=product&#038;p=6667"},"modified":"2025-04-25T03:37:07","modified_gmt":"2025-04-25T03:37:07","slug":"custom-made-vessel-sink","status":"publish","type":"product","link":"https:\/\/www.ceramicbasin.com\/es\/producto\/custom-made-vessel-sink\/","title":{"rendered":"Fregaderos de m\u00e1rmol a medida, fregaderos de lavabo al por mayor"},"content":{"rendered":"<div class=\"wp-block-columns is-layout-flex wp-container-core-columns-is-layout-9d6595d7 wp-block-columns-is-layout-flex\">\n<div class=\"wp-block-column is-layout-flow wp-block-column-is-layout-flow\">\n<h2 class=\"wp-block-heading\">Fregadero a medida Premium Caracter\u00edsticas:<\/h2>\n\n\n\n<ul class=\"wp-block-list\">\n<li><strong>Imitaci\u00f3n de la textura de la piedra natural:<\/strong>\u00a0Nuestros fregaderos de cuba hechos a medida al por mayor utilizan tecnolog\u00eda de transferencia de agua para reproducir con precisi\u00f3n la textura y el color naturales del m\u00e1rmol, de modo que cada lavabo muestra una belleza p\u00e9trea \u00fanica.<\/li>\n\n\n\n<li><strong>Antiincrustante y f\u00e1cil de limpiar:<\/strong>\u00a0Estos fregaderos de vanidad al por mayor son suaves y densos en la superficie. Por lo tanto, no es f\u00e1cil de absorber mucha agua o suciedad, que es tambi\u00e9n la raz\u00f3n por la que el fregadero de cer\u00e1mica es f\u00e1cil de limpiar en el uso diario. Normalmente, s\u00f3lo tiene que limpiar suavemente con detergente ordinario para mantener el fregadero limpio y brillante para facilitar su comodidad de uso.<\/li>\n\n\n\n<li><strong>Tecnolog\u00eda de impresi\u00f3n por transferencia de agua:\u00a0<\/strong>Utilizando la \u00faltima tecnolog\u00eda de impresi\u00f3n por transferencia de agua, este lavabo de recipiente hecho a medida al por mayor utiliza la \u00faltima tecnolog\u00eda de impresi\u00f3n por transferencia de agua para asegurarse de que el patr\u00f3n de la superficie de cada lavabo sea delicado y uniforme y muestre un efecto de textura esbelta, ofreciendo nuevas sensaciones art\u00edsticas al cuarto de ba\u00f1o.<\/li>\n\n\n\n<li><strong>Optimizaci\u00f3n de costes:<\/strong>\u00a0Nuestros fregaderos de lavabo al por mayor se venden directamente desde nuestra f\u00e1brica, lo que garantiza que pueda disfrutar de productos de alta calidad manteniendo el presupuesto del proyecto y maximizando la rentabilidad.<\/li>\n<\/ul>\n<\/div>\n\n\n\n<div class=\"wp-block-column is-layout-flow wp-block-column-is-layout-flow\">\n<figure class=\"wp-block-image size-full\"><img fetchpriority=\"high\" decoding=\"async\" width=\"800\" height=\"1061\" src=\"https:\/\/www.ceramicbasin.com\/wp-content\/uploads\/2025\/04\/Ceramic-Basin-Manufacturer-Marble-color-washbasin-sinks-5.webp\" alt=\"Fregaderos de M\u00e1rmol a Medida, Fregaderos de Tocador al por Mayor-1\" class=\"wp-image-6654\" srcset=\"https:\/\/www.ceramicbasin.com\/wp-content\/uploads\/2025\/04\/Ceramic-Basin-Manufacturer-Marble-color-washbasin-sinks-5.webp 800w, https:\/\/www.ceramicbasin.com\/wp-content\/uploads\/2025\/04\/Ceramic-Basin-Manufacturer-Marble-color-washbasin-sinks-5-226x300.webp 226w, https:\/\/www.ceramicbasin.com\/wp-content\/uploads\/2025\/04\/Ceramic-Basin-Manufacturer-Marble-color-washbasin-sinks-5-768x1019.webp 768w, https:\/\/www.ceramicbasin.com\/wp-content\/uploads\/2025\/04\/Ceramic-Basin-Manufacturer-Marble-color-washbasin-sinks-5-9x12.webp 9w, https:\/\/www.ceramicbasin.com\/wp-content\/uploads\/2025\/04\/Ceramic-Basin-Manufacturer-Marble-color-washbasin-sinks-5-285x378.webp 285w, https:\/\/www.ceramicbasin.com\/wp-content\/uploads\/2025\/04\/Ceramic-Basin-Manufacturer-Marble-color-washbasin-sinks-5-498x660.webp 498w, https:\/\/www.ceramicbasin.com\/wp-content\/uploads\/2025\/04\/Ceramic-Basin-Manufacturer-Marble-color-washbasin-sinks-5-113x150.webp 113w\" sizes=\"(max-width: 800px) 100vw, 800px\" \/><\/figure>\n<\/div>\n<\/div>","protected":false},"excerpt":{"rendered":"<p>Bienvenido a comprar lavabos de cubeta a medida. Nuestros fregaderos de m\u00e1rmol al por mayor utilizan la tecnolog\u00eda de transferencia de agua para reproducir con precisi\u00f3n la textura natural y el color del m\u00e1rmol, por lo que cada lavabo muestra una belleza de piedra \u00fanica. Normalmente, s\u00f3lo tiene que limpiar suavemente con detergente ordinario para mantener el fregadero limpio y brillante para facilitar su comodidad de uso.<\/p>\n<table style=\"border-collapse: collapse; width: 358.52pt;\" border=\"0\" width=\"478\" cellspacing=\"0\" cellpadding=\"0\">\n<tbody>\n<tr style=\"height: 17.25pt;\">\n<td class=\"et3\" style=\"height: 17.25pt; width: 125.00pt;\" width=\"166\" height=\"23\">Fabricante<\/td>\n<td class=\"et3\" style=\"width: 234.15pt;\" width=\"312\">HanYu<\/td>\n<\/tr>\n<tr style=\"height: 17.25pt;\">\n<td class=\"et3\" style=\"height: 17.25pt;\" height=\"23\">N\u00ba de modelo<\/td>\n<td class=\"et4\">HY-8064-55D104<\/td>\n<\/tr>\n<tr style=\"height: 17.25pt;\">\n<td class=\"et3\" style=\"height: 17.25pt;\" height=\"23\">Tipo<\/td>\n<td class=\"et5\" style=\"width: 234.15pt;\" width=\"312\">Fregaderos de m\u00e1rmol<\/td>\n<\/tr>\n<tr style=\"height: 18.00pt;\">\n<td class=\"et3\" style=\"height: 18.00pt;\" height=\"24\">Forma<\/td>\n<td class=\"et3\">Forma rectangular<\/td>\n<\/tr>\n<tr style=\"height: 34.50pt;\">\n<td class=\"et4\" style=\"height: 34.50pt;\" height=\"46\">Color<\/td>\n<td class=\"et5\" style=\"width: 234.15pt;\" width=\"312\">negro\/blanco\/azul\/gris\/rosa\/verde\/marr\u00f3n\/caqui<\/td>\n<\/tr>\n<tr style=\"height: 18.00pt;\">\n<td class=\"et3\" style=\"height: 18.00pt;\" height=\"24\">Dimensi\u00f3n<\/td>\n<td class=\"et5\" style=\"width: 234.15pt;\" width=\"312\">55*38*11<\/td>\n<\/tr>\n<tr style=\"height: 17.25pt;\">\n<td class=\"et3\" style=\"height: 17.25pt;\" height=\"23\">N.W \/SET<\/td>\n<td class=\"et3\">9KGS\/PCS<\/td>\n<\/tr>\n<tr style=\"height: 17.25pt;\">\n<td class=\"et3\" style=\"height: 17.25pt;\" height=\"23\">MOQ<\/td>\n<td class=\"et3\">20 piezas<\/td>\n<\/tr>\n<tr style=\"height: 17.25pt;\">\n<td class=\"et3\" style=\"height: 17.25pt;\" height=\"23\">Opci\u00f3n personalizada<\/td>\n<td class=\"et3\">Color\/Patr\u00f3n\/Tama\u00f1o\/Logotipo\/Embalaje<\/td>\n<\/tr>\n<\/tbody>\n<\/table>","protected":false},"featured_media":6653,"comment_status":"closed","ping_status":"closed","template":"","meta":{"_acf_changed":false},"product_brand":[],"product_cat":[54,50],"product_tag":[],"class_list":{"0":"post-6667","1":"product","2":"type-product","3":"status-publish","4":"has-post-thumbnail","6":"product_cat-wholesale-marble-sinks","7":"product_cat-wholesale-countertop-sinks","9":"first","10":"instock","11":"shipping-taxable","12":"product-type-simple"},"acf":[],"_links":{"self":[{"href":"https:\/\/www.ceramicbasin.com\/es\/wp-json\/wp\/v2\/product\/6667","targetHints":{"allow":["GET"]}}],"collection":[{"href":"https:\/\/www.ceramicbasin.com\/es\/wp-json\/wp\/v2\/product"}],"about":[{"href":"https:\/\/www.ceramicbasin.com\/es\/wp-json\/wp\/v2\/types\/product"}],"replies":[{"embeddable":true,"href":"https:\/\/www.ceramicbasin.com\/es\/wp-json\/wp\/v2\/comments?post=6667"}],"wp:featuredmedia":[{"embeddable":true,"href":"https:\/\/www.ceramicbasin.com\/es\/wp-json\/wp\/v2\/media\/6653"}],"wp:attachment":[{"href":"https:\/\/www.ceramicbasin.com\/es\/wp-json\/wp\/v2\/media?parent=6667"}],"wp:term":[{"taxonomy":"product_brand","embeddable":true,"href":"https:\/\/www.ceramicbasin.com\/es\/wp-json\/wp\/v2\/product_brand?post=6667"},{"taxonomy":"product_cat","embeddable":true,"href":"https:\/\/www.ceramicbasin.com\/es\/wp-json\/wp\/v2\/product_cat?post=6667"},{"taxonomy":"product_tag","embeddable":true,"href":"https:\/\/www.ceramicbasin.com\/es\/wp-json\/wp\/v2\/product_tag?post=6667"}],"curies":[{"name":"wp","href":"https:\/\/api.w.org\/{rel}","templated":true}]}}