{"id":6668,"date":"2025-04-25T03:28:12","date_gmt":"2025-04-25T03:28:12","guid":{"rendered":"https:\/\/www.ceramicbasin.com\/?post_type=product&#038;p=6668"},"modified":"2025-04-25T03:28:14","modified_gmt":"2025-04-25T03:28:14","slug":"wholesale-counter-top-basin","status":"publish","type":"product","link":"https:\/\/www.ceramicbasin.com\/es\/producto\/wholesale-counter-top-basin\/","title":{"rendered":"Mayorista Lavabos de Encimera, Lavabos de Ba\u00f1o Modernos a Medida"},"content":{"rendered":"<div class=\"wp-block-columns is-layout-flex wp-container-core-columns-is-layout-9d6595d7 wp-block-columns-is-layout-flex\">\n<div class=\"wp-block-column is-layout-flow wp-block-column-is-layout-flow\">\n<h2 class=\"wp-block-heading\">Lavabo de Encimera Premium al por mayor Caracter\u00edsticas:<\/h2>\n\n\n\n<ul class=\"wp-block-list\">\n<li><strong>Opciones personalizables:\u00a0<\/strong>Nuestros lavabos de encimera al por mayor est\u00e1n disponibles en distintos colores, acabados de superficie y envases personalizables para que pueda adaptar el producto a su marca y necesidades de mercado espec\u00edficas.<\/li>\n\n\n\n<li><strong>Colorido:\u00a0<\/strong>El color de nuestros lavabos de ba\u00f1o a medida se realiza mediante el m\u00e9todo de transferencia de agua a partir de un lavabo blanco brillante normal y es extremadamente bonito y duradero. Tenemos m\u00e1s de 100 colores y patrones disponibles para que usted seleccione. Y todos los dise\u00f1os de lavabos al por mayor se pueden personalizar con color y textura.<\/li>\n\n\n\n<li><strong>Duradera:\u00a0<\/strong>Nuestros lavabos de encimera al por mayor utilizan materiales cer\u00e1micos de alta calidad para garantizar que el lavabo sea muy resistente a la corrosi\u00f3n y al desgaste y que sea duradero.<\/li>\n\n\n\n<li><strong>Dise\u00f1o innovador:\u00a0<\/strong>El dise\u00f1o \u00fanico de este lavabo de ba\u00f1o a medida no s\u00f3lo parece impresionante, sino que tambi\u00e9n va junto con varios tipos de decoraciones de ba\u00f1o armoniosamente, lo que aumenta significativamente el estilo de la ubicaci\u00f3n.<\/li>\n<\/ul>\n<\/div>\n\n\n\n<div class=\"wp-block-column is-layout-flow wp-block-column-is-layout-flow\">\n<figure class=\"wp-block-image size-full is-resized\"><img fetchpriority=\"high\" decoding=\"async\" width=\"800\" height=\"1142\" src=\"https:\/\/www.ceramicbasin.com\/wp-content\/uploads\/2025\/04\/Countertop-basin-wholesale-price-marble-design-wash-basin-with-tap-hole-5.webp\" alt=\"Mayorista Lavabos de Encimera, Lavabos de Ba\u00f1o Modernos a Medida-1\" class=\"wp-image-6649\" style=\"width:348px;height:auto\" srcset=\"https:\/\/www.ceramicbasin.com\/wp-content\/uploads\/2025\/04\/Countertop-basin-wholesale-price-marble-design-wash-basin-with-tap-hole-5.webp 800w, https:\/\/www.ceramicbasin.com\/wp-content\/uploads\/2025\/04\/Countertop-basin-wholesale-price-marble-design-wash-basin-with-tap-hole-5-210x300.webp 210w, https:\/\/www.ceramicbasin.com\/wp-content\/uploads\/2025\/04\/Countertop-basin-wholesale-price-marble-design-wash-basin-with-tap-hole-5-768x1096.webp 768w, https:\/\/www.ceramicbasin.com\/wp-content\/uploads\/2025\/04\/Countertop-basin-wholesale-price-marble-design-wash-basin-with-tap-hole-5-8x12.webp 8w, https:\/\/www.ceramicbasin.com\/wp-content\/uploads\/2025\/04\/Countertop-basin-wholesale-price-marble-design-wash-basin-with-tap-hole-5-285x407.webp 285w, https:\/\/www.ceramicbasin.com\/wp-content\/uploads\/2025\/04\/Countertop-basin-wholesale-price-marble-design-wash-basin-with-tap-hole-5-462x660.webp 462w, https:\/\/www.ceramicbasin.com\/wp-content\/uploads\/2025\/04\/Countertop-basin-wholesale-price-marble-design-wash-basin-with-tap-hole-5-105x150.webp 105w\" sizes=\"(max-width: 800px) 100vw, 800px\" \/><\/figure>\n<\/div>\n<\/div>","protected":false},"excerpt":{"rendered":"<p>Bienvenido a lavabos de ba\u00f1o a medida al por mayor. Nuestros lavabos de encimera al por mayor est\u00e1n disponibles en varios colores, tenemos m\u00e1s de 100 colores y patrones para seleccionar. Y todos los modelos de lavabo al por mayor se pueden personalizar en color y textura.<\/p>\n<table style=\"border-collapse: collapse; width: 358.52pt;\" border=\"0\" width=\"478\" cellspacing=\"0\" cellpadding=\"0\">\n<tbody>\n<tr style=\"height: 17.25pt;\">\n<td class=\"et3\" style=\"height: 17.25pt; width: 125.00pt;\" width=\"166\" height=\"23\">Fabricante<\/td>\n<td class=\"et3\" style=\"width: 234.15pt;\" width=\"312\">HanYu<\/td>\n<\/tr>\n<tr style=\"height: 17.25pt;\">\n<td class=\"et3\" style=\"height: 17.25pt;\" height=\"23\">N\u00ba de modelo<\/td>\n<td class=\"et4\">HY-8065-55D112<\/td>\n<\/tr>\n<tr style=\"height: 17.25pt;\">\n<td class=\"et3\" style=\"height: 17.25pt;\" height=\"23\">Tipo<\/td>\n<td class=\"et5\" style=\"width: 234.15pt;\" width=\"312\">Fregaderos de m\u00e1rmol<\/td>\n<\/tr>\n<tr style=\"height: 18.00pt;\">\n<td class=\"et3\" style=\"height: 18.00pt;\" height=\"24\">Forma<\/td>\n<td class=\"et3\">Forma rectangular<\/td>\n<\/tr>\n<tr style=\"height: 34.50pt;\">\n<td class=\"et4\" style=\"height: 34.50pt;\" height=\"46\">Color<\/td>\n<td class=\"et5\" style=\"width: 234.15pt;\" width=\"312\">negro\/blanco\/azul\/gris\/rosa\/verde\/marr\u00f3n\/caqui<\/td>\n<\/tr>\n<tr style=\"height: 18.00pt;\">\n<td class=\"et3\" style=\"height: 18.00pt;\" height=\"24\">Dimensi\u00f3n<\/td>\n<td class=\"et5\" style=\"width: 234.15pt;\" width=\"312\">55*45*11<\/td>\n<\/tr>\n<tr style=\"height: 17.25pt;\">\n<td class=\"et3\" style=\"height: 17.25pt;\" height=\"23\">N.W \/SET<\/td>\n<td class=\"et3\">10KGS\/PCS<\/td>\n<\/tr>\n<tr style=\"height: 17.25pt;\">\n<td class=\"et3\" style=\"height: 17.25pt;\" height=\"23\">MOQ<\/td>\n<td class=\"et3\">20 piezas<\/td>\n<\/tr>\n<tr style=\"height: 17.25pt;\">\n<td class=\"et3\" style=\"height: 17.25pt;\" height=\"23\">Opci\u00f3n personalizada<\/td>\n<td class=\"et3\">Color\/Patr\u00f3n\/Tama\u00f1o\/Logotipo\/Embalaje<\/td>\n<\/tr>\n<\/tbody>\n<\/table>","protected":false},"featured_media":6648,"comment_status":"closed","ping_status":"closed","template":"","meta":{"_acf_changed":false},"product_brand":[],"product_cat":[50,55],"product_tag":[],"class_list":{"0":"post-6668","1":"product","2":"type-product","3":"status-publish","4":"has-post-thumbnail","6":"product_cat-wholesale-countertop-sinks","7":"product_cat-wholesale-matte-sinks","9":"first","10":"instock","11":"shipping-taxable","12":"product-type-simple"},"acf":[],"_links":{"self":[{"href":"https:\/\/www.ceramicbasin.com\/es\/wp-json\/wp\/v2\/product\/6668","targetHints":{"allow":["GET"]}}],"collection":[{"href":"https:\/\/www.ceramicbasin.com\/es\/wp-json\/wp\/v2\/product"}],"about":[{"href":"https:\/\/www.ceramicbasin.com\/es\/wp-json\/wp\/v2\/types\/product"}],"replies":[{"embeddable":true,"href":"https:\/\/www.ceramicbasin.com\/es\/wp-json\/wp\/v2\/comments?post=6668"}],"wp:featuredmedia":[{"embeddable":true,"href":"https:\/\/www.ceramicbasin.com\/es\/wp-json\/wp\/v2\/media\/6648"}],"wp:attachment":[{"href":"https:\/\/www.ceramicbasin.com\/es\/wp-json\/wp\/v2\/media?parent=6668"}],"wp:term":[{"taxonomy":"product_brand","embeddable":true,"href":"https:\/\/www.ceramicbasin.com\/es\/wp-json\/wp\/v2\/product_brand?post=6668"},{"taxonomy":"product_cat","embeddable":true,"href":"https:\/\/www.ceramicbasin.com\/es\/wp-json\/wp\/v2\/product_cat?post=6668"},{"taxonomy":"product_tag","embeddable":true,"href":"https:\/\/www.ceramicbasin.com\/es\/wp-json\/wp\/v2\/product_tag?post=6668"}],"curies":[{"name":"wp","href":"https:\/\/api.w.org\/{rel}","templated":true}]}}