{"id":6696,"date":"2025-05-02T09:07:49","date_gmt":"2025-05-02T09:07:49","guid":{"rendered":"https:\/\/www.ceramicbasin.com\/?post_type=product&#038;p=6696"},"modified":"2025-09-26T07:17:17","modified_gmt":"2025-09-26T07:17:17","slug":"bathroom-countertops-custom","status":"publish","type":"product","link":"https:\/\/www.ceramicbasin.com\/es\/producto\/bathroom-countertops-custom\/","title":{"rendered":"Encimeras de Ba\u00f1o Ovaladas Blancas Custom, Lavabo al por mayor"},"content":{"rendered":"<div class=\"wp-block-columns is-layout-flex wp-container-core-columns-is-layout-9d6595d7 wp-block-columns-is-layout-flex\">\n<div class=\"wp-block-column is-layout-flow wp-block-column-is-layout-flow\">\n<h2 class=\"wp-block-heading\">Encimeras de ba\u00f1o Premium Custom Features:<\/h2>\n\n\n\n<ul class=\"wp-block-list\">\n<li><strong>F\u00e1cil instalaci\u00f3n:<\/strong> Dise\u00f1ados para su montaje sobre encimera, estos lavabos al por mayor son f\u00e1ciles de instalar, por lo que ofrecen una soluci\u00f3n sin complicaciones tanto para nuevas construcciones como para renovaciones de cuartos de ba\u00f1o.<\/li>\n\n\n\n<li><strong>Suave y delicado:<\/strong> Nuestras encimeras de ba\u00f1o a medida tienen una superficie suave y delicada, f\u00e1cil de limpiar y capaz de resistir el desgaste y las manchas del uso diario, manteni\u00e9ndose como nuevas durante mucho tiempo.<\/li>\n\n\n\n<li><strong>Suministro r\u00e1pido:\u00a0<\/strong>Como proveedor de fregaderos de cer\u00e1mica, contamos con una cadena de suministro de respuesta r\u00e1pida que puede procesar r\u00e1pidamente los pedidos y garantizar la entrega puntual de lavabos de cer\u00e1mica de acabado dorado fabricados para el hogar al por mayor.<\/li>\n\n\n\n<li><strong>Gran capacidad de producci\u00f3n: <\/strong>Nuestro gran almac\u00e9n contiene varios tipos de venta al por mayor encimeras de ba\u00f1o personalizado. Elija los art\u00edculos que est\u00e1n en producci\u00f3n, tenemos suficientes lavabos blancos para hacer lavabos de color m\u00e1rmol, el tiempo de env\u00edo ser\u00eda m\u00e1s corto mucho.<\/li>\n<\/ul>\n<\/div>\n\n\n\n<div class=\"wp-block-column is-layout-flow wp-block-column-is-layout-flow\">\n<figure class=\"wp-block-image size-full\"><img fetchpriority=\"high\" decoding=\"async\" width=\"800\" height=\"800\" src=\"https:\/\/www.ceramicbasin.com\/wp-content\/uploads\/2025\/05\/counter-top-bathroom-sinks\uff0cvanity-basin-\uff0cwhite-ceramic-sink6.png\" alt=\"\" class=\"wp-image-6702\" srcset=\"https:\/\/www.ceramicbasin.com\/wp-content\/uploads\/2025\/05\/counter-top-bathroom-sinks\uff0cvanity-basin-\uff0cwhite-ceramic-sink6.png 800w, https:\/\/www.ceramicbasin.com\/wp-content\/uploads\/2025\/05\/counter-top-bathroom-sinks\uff0cvanity-basin-\uff0cwhite-ceramic-sink6-300x300.png 300w, https:\/\/www.ceramicbasin.com\/wp-content\/uploads\/2025\/05\/counter-top-bathroom-sinks\uff0cvanity-basin-\uff0cwhite-ceramic-sink6-150x150.png 150w, https:\/\/www.ceramicbasin.com\/wp-content\/uploads\/2025\/05\/counter-top-bathroom-sinks\uff0cvanity-basin-\uff0cwhite-ceramic-sink6-768x768.png 768w, https:\/\/www.ceramicbasin.com\/wp-content\/uploads\/2025\/05\/counter-top-bathroom-sinks\uff0cvanity-basin-\uff0cwhite-ceramic-sink6-12x12.png 12w, https:\/\/www.ceramicbasin.com\/wp-content\/uploads\/2025\/05\/counter-top-bathroom-sinks\uff0cvanity-basin-\uff0cwhite-ceramic-sink6-285x285.png 285w, https:\/\/www.ceramicbasin.com\/wp-content\/uploads\/2025\/05\/counter-top-bathroom-sinks\uff0cvanity-basin-\uff0cwhite-ceramic-sink6-270x270.png 270w, https:\/\/www.ceramicbasin.com\/wp-content\/uploads\/2025\/05\/counter-top-bathroom-sinks\uff0cvanity-basin-\uff0cwhite-ceramic-sink6-540x540.png 540w, https:\/\/www.ceramicbasin.com\/wp-content\/uploads\/2025\/05\/counter-top-bathroom-sinks\uff0cvanity-basin-\uff0cwhite-ceramic-sink6-660x660.png 660w\" sizes=\"(max-width: 800px) 100vw, 800px\" \/><\/figure>\n<\/div>\n<\/div>\n\n\n\n<p><\/p>","protected":false},"excerpt":{"rendered":"<p>Bienvenido a comprar nuestras encimeras de ba\u00f1o a medida. Estos grandes almacenes contienen varios tipos de lavabos al por mayor. Elija los art\u00edculos que est\u00e1n en producci\u00f3n, tenemos suficientes lavabos blancos para hacer lavabos de color m\u00e1rmol, el tiempo de env\u00edo ser\u00eda m\u00e1s corto mucho.<\/p>\n<table style=\"border-collapse: collapse; width: 358.52pt;\" border=\"0\" width=\"478\" cellspacing=\"0\" cellpadding=\"0\">\n<tbody>\n<tr style=\"height: 17.25pt;\">\n<td class=\"et3\" style=\"height: 17.25pt; width: 125.00pt;\" width=\"166\" height=\"23\">Fabricante<\/td>\n<td class=\"et3\" style=\"width: 234.15pt;\" width=\"312\">HanYu<\/td>\n<\/tr>\n<tr style=\"height: 17.25pt;\">\n<td class=\"et3\" style=\"height: 17.25pt;\" height=\"23\">N\u00ba de modelo<\/td>\n<td class=\"et4\">HY-8206A<\/td>\n<\/tr>\n<tr style=\"height: 17.25pt;\">\n<td class=\"et3\" style=\"height: 17.25pt;\" height=\"23\">Tipo<\/td>\n<td class=\"et5\" style=\"width: 234.15pt;\" width=\"312\">Fregaderos de encimera<\/td>\n<\/tr>\n<tr style=\"height: 18.00pt;\">\n<td class=\"et3\" style=\"height: 18.00pt;\" height=\"24\">Forma<\/td>\n<td class=\"et3\">Forma ovalada<\/td>\n<\/tr>\n<tr style=\"height: 34.50pt;\">\n<td class=\"et4\" style=\"height: 34.50pt;\" height=\"46\">Color<\/td>\n<td class=\"et5\" style=\"width: 234.15pt;\" width=\"312\">negro\/blanco\/azul\/gris\/rosa\/verde\/marr\u00f3n\/caqui<\/td>\n<\/tr>\n<tr style=\"height: 18.00pt;\">\n<td class=\"et3\" style=\"height: 18.00pt;\" height=\"24\">Dimensi\u00f3n<\/td>\n<td class=\"et5\" style=\"width: 234.15pt;\" width=\"312\">61*34.5*13<\/td>\n<\/tr>\n<tr style=\"height: 17.25pt;\">\n<td class=\"et3\" style=\"height: 17.25pt;\" height=\"23\">N.W \/SET<\/td>\n<td class=\"et3\">15KGS\/PCS<\/td>\n<\/tr>\n<tr style=\"height: 17.25pt;\">\n<td class=\"et3\" style=\"height: 17.25pt;\" height=\"23\">MOQ<\/td>\n<td class=\"et3\">20 piezas<\/td>\n<\/tr>\n<tr style=\"height: 17.25pt;\">\n<td class=\"et3\" style=\"height: 17.25pt;\" height=\"23\">Opci\u00f3n personalizada<\/td>\n<td class=\"et3\">Color\/Patr\u00f3n\/Tama\u00f1o\/Logotipo\/Embalaje<\/td>\n<\/tr>\n<\/tbody>\n<\/table>","protected":false},"featured_media":6700,"comment_status":"closed","ping_status":"closed","template":"","meta":{"_acf_changed":false},"product_brand":[],"product_cat":[50],"product_tag":[],"class_list":{"0":"post-6696","1":"product","2":"type-product","3":"status-publish","4":"has-post-thumbnail","6":"product_cat-wholesale-countertop-sinks","8":"first","9":"instock","10":"shipping-taxable","11":"product-type-simple"},"acf":[],"_links":{"self":[{"href":"https:\/\/www.ceramicbasin.com\/es\/wp-json\/wp\/v2\/product\/6696","targetHints":{"allow":["GET"]}}],"collection":[{"href":"https:\/\/www.ceramicbasin.com\/es\/wp-json\/wp\/v2\/product"}],"about":[{"href":"https:\/\/www.ceramicbasin.com\/es\/wp-json\/wp\/v2\/types\/product"}],"replies":[{"embeddable":true,"href":"https:\/\/www.ceramicbasin.com\/es\/wp-json\/wp\/v2\/comments?post=6696"}],"wp:featuredmedia":[{"embeddable":true,"href":"https:\/\/www.ceramicbasin.com\/es\/wp-json\/wp\/v2\/media\/6700"}],"wp:attachment":[{"href":"https:\/\/www.ceramicbasin.com\/es\/wp-json\/wp\/v2\/media?parent=6696"}],"wp:term":[{"taxonomy":"product_brand","embeddable":true,"href":"https:\/\/www.ceramicbasin.com\/es\/wp-json\/wp\/v2\/product_brand?post=6696"},{"taxonomy":"product_cat","embeddable":true,"href":"https:\/\/www.ceramicbasin.com\/es\/wp-json\/wp\/v2\/product_cat?post=6696"},{"taxonomy":"product_tag","embeddable":true,"href":"https:\/\/www.ceramicbasin.com\/es\/wp-json\/wp\/v2\/product_tag?post=6696"}],"curies":[{"name":"wp","href":"https:\/\/api.w.org\/{rel}","templated":true}]}}