{"id":6703,"date":"2025-05-02T09:33:54","date_gmt":"2025-05-02T09:33:54","guid":{"rendered":"https:\/\/www.ceramicbasin.com\/?post_type=product&#038;p=6703"},"modified":"2025-11-05T03:34:16","modified_gmt":"2025-11-05T03:34:16","slug":"custom-porcelain-bathroom-sinks","status":"publish","type":"product","link":"https:\/\/www.ceramicbasin.com\/es\/producto\/custom-porcelain-bathroom-sinks\/","title":{"rendered":"Lavabos de Porcelana a Medida, Lavabo de Encimera al por Mayor"},"content":{"rendered":"<div class=\"wp-block-columns is-layout-flex wp-container-core-columns-is-layout-9d6595d7 wp-block-columns-is-layout-flex\">\n<div class=\"wp-block-column is-layout-flow wp-block-column-is-layout-flow\">\n<h2 class=\"wp-block-heading\">Premium Custom Porcelana Lavabos Caracter\u00edsticas:<\/h2>\n\n\n\n<ul class=\"wp-block-list\">\n<li><strong>Tratamiento de esmalte f\u00e1cil de limpiar:\u00a0<\/strong>La superficie de estos fregaderos de encimera a granel adopta una tecnolog\u00eda especial de esmalte f\u00e1cil de limpiar, que es suave y delicada, las manchas no se adhieren f\u00e1cilmente y son f\u00e1ciles de limpiar.<\/li>\n\n\n\n<li><strong>Ventas calientes: <\/strong>Estos lavabos de porcelana a medida son bien recibidos por el mercado porque son duraderos, tienen un color uniforme, son f\u00e1ciles de limpiar y mantener, y ofrecen una elevada relaci\u00f3n rendimiento-precio.<\/li>\n\n\n\n<li><strong>Dise\u00f1o elegante: <\/strong>Nuestros lavabos sobre encimera en cubetas para lavabos de ba\u00f1o a granel aportan elegancia y modernidad a cualquier cuarto de ba\u00f1o, convirti\u00e9ndose en una elegante pieza central.<\/li>\n\n\n\n<li><strong>Rentable:<\/strong>\u00a0Ofrecemos precios m\u00e1s favorables para grandes pedidos de lavabos de porcelana a medida, lo que significa alta calidad pero a un precio razonable para ayudarle a ahorrar costes en grandes proyectos.<\/li>\n<\/ul>\n<\/div>\n\n\n\n<div class=\"wp-block-column is-layout-flow wp-block-column-is-layout-flow\">\n<figure class=\"wp-block-image size-full\"><img fetchpriority=\"high\" decoding=\"async\" width=\"800\" height=\"800\" src=\"https:\/\/www.ceramicbasin.com\/wp-content\/uploads\/2025\/05\/vessel-sinks-bathroom\uff0cwashroom-sink\uff0cbathroom-sink-above-counter6.png\" alt=\"hot-sale-fregaderos-de-ba\u00f1o-de-porcelana-de-forma-oval-blanca-fregaderos-encimera-a-bultos-1\" class=\"wp-image-6709\" srcset=\"https:\/\/www.ceramicbasin.com\/wp-content\/uploads\/2025\/05\/vessel-sinks-bathroom\uff0cwashroom-sink\uff0cbathroom-sink-above-counter6.png 800w, https:\/\/www.ceramicbasin.com\/wp-content\/uploads\/2025\/05\/vessel-sinks-bathroom\uff0cwashroom-sink\uff0cbathroom-sink-above-counter6-300x300.png 300w, https:\/\/www.ceramicbasin.com\/wp-content\/uploads\/2025\/05\/vessel-sinks-bathroom\uff0cwashroom-sink\uff0cbathroom-sink-above-counter6-150x150.png 150w, https:\/\/www.ceramicbasin.com\/wp-content\/uploads\/2025\/05\/vessel-sinks-bathroom\uff0cwashroom-sink\uff0cbathroom-sink-above-counter6-768x768.png 768w, https:\/\/www.ceramicbasin.com\/wp-content\/uploads\/2025\/05\/vessel-sinks-bathroom\uff0cwashroom-sink\uff0cbathroom-sink-above-counter6-12x12.png 12w, https:\/\/www.ceramicbasin.com\/wp-content\/uploads\/2025\/05\/vessel-sinks-bathroom\uff0cwashroom-sink\uff0cbathroom-sink-above-counter6-285x285.png 285w, https:\/\/www.ceramicbasin.com\/wp-content\/uploads\/2025\/05\/vessel-sinks-bathroom\uff0cwashroom-sink\uff0cbathroom-sink-above-counter6-270x270.png 270w, https:\/\/www.ceramicbasin.com\/wp-content\/uploads\/2025\/05\/vessel-sinks-bathroom\uff0cwashroom-sink\uff0cbathroom-sink-above-counter6-540x540.png 540w, https:\/\/www.ceramicbasin.com\/wp-content\/uploads\/2025\/05\/vessel-sinks-bathroom\uff0cwashroom-sink\uff0cbathroom-sink-above-counter6-660x660.png 660w\" sizes=\"(max-width: 800px) 100vw, 800px\" \/><\/figure>\n<\/div>\n<\/div>\n\n\n\n<p><\/p>","protected":false},"excerpt":{"rendered":"<p>Bienvenido a comprar nuestros lavabos de encimera al por mayor. Estos lavabos de ba\u00f1o de porcelana personalizados son muy apreciados en el mercado porque son duraderos, tienen un color estable, son f\u00e1ciles de limpiar y mantener, y ofrecen una gran relaci\u00f3n calidad-precio. Al ser un proveedor de fregaderos de cer\u00e1mica, tenemos una cadena de suministro con una respuesta r\u00e1pida que puede procesar los pedidos r\u00e1pidamente y enviar al por mayor lavabo de acabado de oro a tiempo.<\/p>\n<table style=\"border-collapse: collapse; width: 358.52pt;\" border=\"0\" width=\"478\" cellspacing=\"0\" cellpadding=\"0\">\n<tbody>\n<tr style=\"height: 17.25pt;\">\n<td class=\"et3\" style=\"height: 17.25pt; width: 125.00pt;\" width=\"166\" height=\"23\">Fabricante<\/td>\n<td class=\"et3\" style=\"width: 234.15pt;\" width=\"312\">HanYu<\/td>\n<\/tr>\n<tr style=\"height: 17.25pt;\">\n<td class=\"et3\" style=\"height: 17.25pt;\" height=\"23\">N\u00ba de modelo<\/td>\n<td class=\"et4\">HY-8246<\/td>\n<\/tr>\n<tr style=\"height: 17.25pt;\">\n<td class=\"et3\" style=\"height: 17.25pt;\" height=\"23\">Tipo<\/td>\n<td class=\"et5\" style=\"width: 234.15pt;\" width=\"312\">Fregaderos de encimera<\/td>\n<\/tr>\n<tr style=\"height: 18.00pt;\">\n<td class=\"et3\" style=\"height: 18.00pt;\" height=\"24\">Forma<\/td>\n<td class=\"et3\">Forma ovalada<\/td>\n<\/tr>\n<tr style=\"height: 34.50pt;\">\n<td class=\"et4\" style=\"height: 34.50pt;\" height=\"46\">Color<\/td>\n<td class=\"et5\" style=\"width: 234.15pt;\" width=\"312\">negro\/blanco\/azul\/gris\/rosa\/verde\/marr\u00f3n\/caqui<\/td>\n<\/tr>\n<tr style=\"height: 18.00pt;\">\n<td class=\"et3\" style=\"height: 18.00pt;\" height=\"24\">Dimensi\u00f3n<\/td>\n<td class=\"et5\" style=\"width: 234.15pt;\" width=\"312\">51*39*20<\/td>\n<\/tr>\n<tr style=\"height: 17.25pt;\">\n<td class=\"et3\" style=\"height: 17.25pt;\" height=\"23\">N.W \/SET<\/td>\n<td class=\"et3\">12KGS\/PCS<\/td>\n<\/tr>\n<tr style=\"height: 17.25pt;\">\n<td class=\"et3\" style=\"height: 17.25pt;\" height=\"23\">MOQ<\/td>\n<td class=\"et3\">20 piezas<\/td>\n<\/tr>\n<tr style=\"height: 17.25pt;\">\n<td class=\"et3\" style=\"height: 17.25pt;\" height=\"23\">Opci\u00f3n personalizada<\/td>\n<td class=\"et3\">Color\/Patr\u00f3n\/Tama\u00f1o\/Logotipo\/Embalaje<\/td>\n<\/tr>\n<\/tbody>\n<\/table>","protected":false},"featured_media":6707,"comment_status":"closed","ping_status":"closed","template":"","meta":{"_acf_changed":false},"product_brand":[],"product_cat":[50],"product_tag":[],"class_list":{"0":"post-6703","1":"product","2":"type-product","3":"status-publish","4":"has-post-thumbnail","6":"product_cat-wholesale-countertop-sinks","8":"first","9":"instock","10":"shipping-taxable","11":"product-type-simple"},"acf":[],"_links":{"self":[{"href":"https:\/\/www.ceramicbasin.com\/es\/wp-json\/wp\/v2\/product\/6703","targetHints":{"allow":["GET"]}}],"collection":[{"href":"https:\/\/www.ceramicbasin.com\/es\/wp-json\/wp\/v2\/product"}],"about":[{"href":"https:\/\/www.ceramicbasin.com\/es\/wp-json\/wp\/v2\/types\/product"}],"replies":[{"embeddable":true,"href":"https:\/\/www.ceramicbasin.com\/es\/wp-json\/wp\/v2\/comments?post=6703"}],"wp:featuredmedia":[{"embeddable":true,"href":"https:\/\/www.ceramicbasin.com\/es\/wp-json\/wp\/v2\/media\/6707"}],"wp:attachment":[{"href":"https:\/\/www.ceramicbasin.com\/es\/wp-json\/wp\/v2\/media?parent=6703"}],"wp:term":[{"taxonomy":"product_brand","embeddable":true,"href":"https:\/\/www.ceramicbasin.com\/es\/wp-json\/wp\/v2\/product_brand?post=6703"},{"taxonomy":"product_cat","embeddable":true,"href":"https:\/\/www.ceramicbasin.com\/es\/wp-json\/wp\/v2\/product_cat?post=6703"},{"taxonomy":"product_tag","embeddable":true,"href":"https:\/\/www.ceramicbasin.com\/es\/wp-json\/wp\/v2\/product_tag?post=6703"}],"curies":[{"name":"wp","href":"https:\/\/api.w.org\/{rel}","templated":true}]}}