{"id":6742,"date":"2025-05-09T09:53:19","date_gmt":"2025-05-09T09:53:19","guid":{"rendered":"https:\/\/www.ceramicbasin.com\/?post_type=product&#038;p=6742"},"modified":"2025-05-09T09:53:22","modified_gmt":"2025-05-09T09:53:22","slug":"wholesale-ceramic-sink","status":"publish","type":"product","link":"https:\/\/www.ceramicbasin.com\/es\/producto\/wholesale-ceramic-sink\/","title":{"rendered":"Silver Brushed Wholesale Fregaderos de Cer\u00e1mica, Fregaderos de Vasija de Mostrador"},"content":{"rendered":"<div class=\"wp-block-columns is-layout-flex wp-container-core-columns-is-layout-9d6595d7 wp-block-columns-is-layout-flex\">\n<div class=\"wp-block-column is-layout-flow wp-block-column-is-layout-flow\">\n<h2 class=\"wp-block-heading\">Fregadero de cer\u00e1mica al por mayor de plata Premium Caracter\u00edsticas:<\/h2>\n\n\n\n<ul class=\"wp-block-list\">\n<li><strong>Artesan\u00eda en plata cepillada, textura de alta gama: <\/strong>La superficie de este fregadero de cer\u00e1mica al por mayor est\u00e1 tratada con un efecto cepillado met\u00e1lico, con un nuevo brillo gris plateado, con gran aprecio por el estilo moderno, siendo adecuado para espacios de ba\u00f1o de lujo.<\/li>\n\n\n\n<li><strong>Material cer\u00e1mico, resistente a las manchas y f\u00e1cil de limpiar: <\/strong>Nuestros fregaderos para recipientes al por mayor est\u00e1n hechos de cer\u00e1mica cocida a alta temperatura, con una superficie densa y uniforme, no susceptible de ensuciarse y f\u00e1cil de limpiar a diario.<\/li>\n\n\n\n<li><strong>Dise\u00f1o de encimera, f\u00e1cil instalaci\u00f3n: <\/strong>El lavabo sobre encimera de este fregadero de cer\u00e1mica al por mayor tiene una estructura sencilla y una instalaci\u00f3n flexible, adecuada para una gran variedad de encimeras de ba\u00f1o y distribuciones de espacio.<\/li>\n\n\n\n<li><strong>Disponemos de una gran variedad de tama\u00f1os que permiten la personalizaci\u00f3n: <\/strong>Ofrecemos fregaderos de recipiente al por mayor con diferentes especificaciones y tama\u00f1os para satisfacer los requisitos del proyecto, y puede ser personalizado por OEM \/ ODM de acuerdo a las necesidades del cliente.<\/li>\n<\/ul>\n<\/div>\n\n\n\n<div class=\"wp-block-column is-layout-flow wp-block-column-is-layout-flow\">\n<figure class=\"wp-block-image size-full\"><img fetchpriority=\"high\" decoding=\"async\" width=\"1024\" height=\"1024\" src=\"https:\/\/www.ceramicbasin.com\/wp-content\/uploads\/2025\/05\/Electroplated-Silver-Brushed-Hand-Washbasin-Sink-Supplier-5.webp\" alt=\"Silver Brushed Wholesale Fregadero de Cer\u00e1mica, Fregadero de Vasija de Mostrador-1\" class=\"wp-image-6747\" srcset=\"https:\/\/www.ceramicbasin.com\/wp-content\/uploads\/2025\/05\/Electroplated-Silver-Brushed-Hand-Washbasin-Sink-Supplier-5.webp 1024w, https:\/\/www.ceramicbasin.com\/wp-content\/uploads\/2025\/05\/Electroplated-Silver-Brushed-Hand-Washbasin-Sink-Supplier-5-300x300.webp 300w, https:\/\/www.ceramicbasin.com\/wp-content\/uploads\/2025\/05\/Electroplated-Silver-Brushed-Hand-Washbasin-Sink-Supplier-5-150x150.webp 150w, https:\/\/www.ceramicbasin.com\/wp-content\/uploads\/2025\/05\/Electroplated-Silver-Brushed-Hand-Washbasin-Sink-Supplier-5-768x768.webp 768w, https:\/\/www.ceramicbasin.com\/wp-content\/uploads\/2025\/05\/Electroplated-Silver-Brushed-Hand-Washbasin-Sink-Supplier-5-12x12.webp 12w, https:\/\/www.ceramicbasin.com\/wp-content\/uploads\/2025\/05\/Electroplated-Silver-Brushed-Hand-Washbasin-Sink-Supplier-5-285x285.webp 285w, https:\/\/www.ceramicbasin.com\/wp-content\/uploads\/2025\/05\/Electroplated-Silver-Brushed-Hand-Washbasin-Sink-Supplier-5-270x270.webp 270w, https:\/\/www.ceramicbasin.com\/wp-content\/uploads\/2025\/05\/Electroplated-Silver-Brushed-Hand-Washbasin-Sink-Supplier-5-540x540.webp 540w, https:\/\/www.ceramicbasin.com\/wp-content\/uploads\/2025\/05\/Electroplated-Silver-Brushed-Hand-Washbasin-Sink-Supplier-5-660x660.webp 660w\" sizes=\"(max-width: 1024px) 100vw, 1024px\" \/><\/figure>\n<\/div>\n<\/div>","protected":false},"excerpt":{"rendered":"<p>Bienvenido a comprar al por mayor fregaderos de recipiente. Este lavabo de cer\u00e1mica cepillado de plata al por mayor a\u00f1ade belleza exquisita al espacio del cuarto de ba\u00f1o con su dise\u00f1o moderno y textura cepillada de gama alta. El material es duradero y f\u00e1cil de cuidar, adecuado para compras al por mayor de diversos proyectos comerciales y dom\u00e9sticos.<\/p>\n<table style=\"border-collapse: collapse; width: 311.02pt;\" border=\"0\" width=\"311\" cellspacing=\"0\" cellpadding=\"0\">\n<tbody>\n<tr style=\"height: 17.60pt;\">\n<td class=\"et3\" style=\"height: 17.60pt; width: 108.35pt;\" width=\"108\" height=\"17\">Fabricante<\/td>\n<td class=\"et3\" style=\"width: 202.95pt;\" width=\"202\">HanYu<\/td>\n<\/tr>\n<tr style=\"height: 17.60pt;\">\n<td class=\"et3\" style=\"height: 17.60pt;\" height=\"17\">N\u00ba de modelo<\/td>\n<td class=\"et4\">HY-8020SS<\/td>\n<\/tr>\n<tr style=\"height: 36.00pt;\">\n<td class=\"et3\" style=\"height: 36.00pt;\" height=\"36\">Tipo<\/td>\n<td class=\"et5\" style=\"width: 202.95pt;\" width=\"202\">Lavabo Electrochapado, Lavabo de Encimera<\/td>\n<\/tr>\n<tr style=\"height: 17.60pt;\">\n<td class=\"et3\" style=\"height: 17.60pt;\" height=\"17\">Forma<\/td>\n<td class=\"et3\">Forma cuadrada<\/td>\n<\/tr>\n<tr style=\"height: 18.00pt;\">\n<td class=\"et4\" style=\"height: 18.00pt;\" height=\"18\">Color<\/td>\n<td class=\"et5\" style=\"width: 202.95pt;\" width=\"202\">Blanco + plata cepillada<\/td>\n<\/tr>\n<tr style=\"height: 18.00pt;\">\n<td class=\"et3\" style=\"height: 18.00pt;\" height=\"18\">Dimensi\u00f3n<\/td>\n<td class=\"et5\" style=\"width: 202.95pt;\" width=\"202\">42*42*14<\/td>\n<\/tr>\n<tr style=\"height: 17.60pt;\">\n<td class=\"et3\" style=\"height: 17.60pt;\" height=\"17\">N.W \/SET<\/td>\n<td class=\"et3\">8KGS\/PCS<\/td>\n<\/tr>\n<tr style=\"height: 17.60pt;\">\n<td class=\"et3\" style=\"height: 17.60pt;\" height=\"17\">MOQ<\/td>\n<td class=\"et3\">20 piezas<\/td>\n<\/tr>\n<tr style=\"height: 17.60pt;\">\n<td class=\"et3\" style=\"height: 17.60pt;\" height=\"17\">Opci\u00f3n personalizada<\/td>\n<td class=\"et3\">Color\/Patr\u00f3n\/Tama\u00f1o\/Logotipo\/Embalaje<\/td>\n<\/tr>\n<\/tbody>\n<\/table>","protected":false},"featured_media":6746,"comment_status":"closed","ping_status":"closed","template":"","meta":{"_acf_changed":false},"product_brand":[],"product_cat":[50,53],"product_tag":[],"class_list":{"0":"post-6742","1":"product","2":"type-product","3":"status-publish","4":"has-post-thumbnail","6":"product_cat-wholesale-countertop-sinks","7":"product_cat-electroplated-bathroom-sinks","9":"first","10":"instock","11":"shipping-taxable","12":"product-type-simple"},"acf":[],"_links":{"self":[{"href":"https:\/\/www.ceramicbasin.com\/es\/wp-json\/wp\/v2\/product\/6742","targetHints":{"allow":["GET"]}}],"collection":[{"href":"https:\/\/www.ceramicbasin.com\/es\/wp-json\/wp\/v2\/product"}],"about":[{"href":"https:\/\/www.ceramicbasin.com\/es\/wp-json\/wp\/v2\/types\/product"}],"replies":[{"embeddable":true,"href":"https:\/\/www.ceramicbasin.com\/es\/wp-json\/wp\/v2\/comments?post=6742"}],"wp:featuredmedia":[{"embeddable":true,"href":"https:\/\/www.ceramicbasin.com\/es\/wp-json\/wp\/v2\/media\/6746"}],"wp:attachment":[{"href":"https:\/\/www.ceramicbasin.com\/es\/wp-json\/wp\/v2\/media?parent=6742"}],"wp:term":[{"taxonomy":"product_brand","embeddable":true,"href":"https:\/\/www.ceramicbasin.com\/es\/wp-json\/wp\/v2\/product_brand?post=6742"},{"taxonomy":"product_cat","embeddable":true,"href":"https:\/\/www.ceramicbasin.com\/es\/wp-json\/wp\/v2\/product_cat?post=6742"},{"taxonomy":"product_tag","embeddable":true,"href":"https:\/\/www.ceramicbasin.com\/es\/wp-json\/wp\/v2\/product_tag?post=6742"}],"curies":[{"name":"wp","href":"https:\/\/api.w.org\/{rel}","templated":true}]}}