{"id":6749,"date":"2025-05-09T10:10:29","date_gmt":"2025-05-09T10:10:29","guid":{"rendered":"https:\/\/www.ceramicbasin.com\/?post_type=product&#038;p=6749"},"modified":"2025-05-09T10:10:31","modified_gmt":"2025-05-09T10:10:31","slug":"wholesale-ceramic-vessel-sinks","status":"publish","type":"product","link":"https:\/\/www.ceramicbasin.com\/es\/producto\/wholesale-ceramic-vessel-sinks\/","title":{"rendered":"Gold Wholesale Fregaderos de Cer\u00e1mica, Lavabos Cuadrados a Medida"},"content":{"rendered":"<div class=\"wp-block-columns is-layout-flex wp-container-core-columns-is-layout-9d6595d7 wp-block-columns-is-layout-flex\">\n<div class=\"wp-block-column is-layout-flow wp-block-column-is-layout-flow\">\n<h2 class=\"wp-block-heading\">Premium Gold al por mayor de cer\u00e1mica Vessel Fregaderos Caracter\u00edsticas:<\/h2>\n\n\n\n<ul class=\"wp-block-list\">\n<li><strong>Esmalte dorado de alto brillo, lujo visual: <\/strong>La superficie de estos lavabos de cer\u00e1mica al por mayor est\u00e1 tratada con esmalte dorado de alta temperatura o galvanoplastia, con un fuerte brillo, mostrando el temperamento de alta gama y \u00fanico del espacio de ba\u00f1o.<\/li>\n\n\n\n<li><strong>Dise\u00f1o cuadrado, l\u00edneas depuradas: <\/strong>Este lavabo de cer\u00e1mica a medida tiene una forma cuadrada moderna y sencilla, una estructura estable, adecuada para una gran variedad de encimeras y estilos de decoraci\u00f3n del hogar, y es a la vez bonito y pr\u00e1ctico.<\/li>\n\n\n\n<li><strong>Apoyo a la personalizaci\u00f3n para satisfacer necesidades personalizadas: <\/strong>Nuestros fregaderos de cer\u00e1mica al por mayor ofrecen servicios personalizados como tama\u00f1o, color y logotipo, adecuados para proyectos de ingenier\u00eda, personalizaci\u00f3n de marcas, venta al por mayor comercial y otros fines.<\/li>\n\n\n\n<li><strong>Material cer\u00e1mico, resistente al desgaste y f\u00e1cil de limpiar: <\/strong>Nuestros lavabos de cer\u00e1mica a medida est\u00e1n fabricados con cer\u00e1mica de alta calidad cocida a alta temperatura, con un esmalte denso y suave, que no se ensucia f\u00e1cilmente, resistente a los ara\u00f1azos y al desgaste, y de f\u00e1cil mantenimiento.<\/li>\n<\/ul>\n<\/div>\n\n\n\n<div class=\"wp-block-column is-layout-flow wp-block-column-is-layout-flow\">\n<figure class=\"wp-block-image size-full\"><img fetchpriority=\"high\" decoding=\"async\" width=\"1024\" height=\"1024\" src=\"https:\/\/www.ceramicbasin.com\/wp-content\/uploads\/2025\/05\/Countertop-White-Basin-With-Gold-Decoration-Hand-Washing-Basin-Wholesale-5.webp\" alt=\"Gold Wholesale Fregaderos de Cer\u00e1mica, Lavabos Cuadrados Personalizados-1\" class=\"wp-image-6754\" srcset=\"https:\/\/www.ceramicbasin.com\/wp-content\/uploads\/2025\/05\/Countertop-White-Basin-With-Gold-Decoration-Hand-Washing-Basin-Wholesale-5.webp 1024w, https:\/\/www.ceramicbasin.com\/wp-content\/uploads\/2025\/05\/Countertop-White-Basin-With-Gold-Decoration-Hand-Washing-Basin-Wholesale-5-300x300.webp 300w, https:\/\/www.ceramicbasin.com\/wp-content\/uploads\/2025\/05\/Countertop-White-Basin-With-Gold-Decoration-Hand-Washing-Basin-Wholesale-5-150x150.webp 150w, https:\/\/www.ceramicbasin.com\/wp-content\/uploads\/2025\/05\/Countertop-White-Basin-With-Gold-Decoration-Hand-Washing-Basin-Wholesale-5-768x768.webp 768w, https:\/\/www.ceramicbasin.com\/wp-content\/uploads\/2025\/05\/Countertop-White-Basin-With-Gold-Decoration-Hand-Washing-Basin-Wholesale-5-12x12.webp 12w, https:\/\/www.ceramicbasin.com\/wp-content\/uploads\/2025\/05\/Countertop-White-Basin-With-Gold-Decoration-Hand-Washing-Basin-Wholesale-5-285x285.webp 285w, https:\/\/www.ceramicbasin.com\/wp-content\/uploads\/2025\/05\/Countertop-White-Basin-With-Gold-Decoration-Hand-Washing-Basin-Wholesale-5-270x270.webp 270w, https:\/\/www.ceramicbasin.com\/wp-content\/uploads\/2025\/05\/Countertop-White-Basin-With-Gold-Decoration-Hand-Washing-Basin-Wholesale-5-540x540.webp 540w, https:\/\/www.ceramicbasin.com\/wp-content\/uploads\/2025\/05\/Countertop-White-Basin-With-Gold-Decoration-Hand-Washing-Basin-Wholesale-5-660x660.webp 660w\" sizes=\"(max-width: 1024px) 100vw, 1024px\" \/><\/figure>\n<\/div>\n<\/div>","protected":false},"excerpt":{"rendered":"<p>Bienvenido a comprar lavabos de cer\u00e1mica al por mayor. Este lavabo de cer\u00e1mica a medida cuadrado dorado, con su forma simple y lujoso esmalte dorado, crea un espacio de ba\u00f1o \u00fanico, adecuado para la personalizaci\u00f3n de gama alta y las compras a gran escala.<\/p>\n<table style=\"border-collapse: collapse; width: 311.02pt;\" border=\"0\" width=\"311\" cellspacing=\"0\" cellpadding=\"0\">\n<tbody>\n<tr style=\"height: 17.60pt;\">\n<td class=\"et3\" style=\"height: 17.60pt; width: 108.35pt;\" width=\"108\" height=\"17\">Fabricante<\/td>\n<td class=\"et3\" style=\"width: 202.95pt;\" width=\"202\">HanYu<\/td>\n<\/tr>\n<tr style=\"height: 17.60pt;\">\n<td class=\"et3\" style=\"height: 17.60pt;\" height=\"17\">N\u00ba de modelo<\/td>\n<td class=\"et4\">HY-8025RGY<\/td>\n<\/tr>\n<tr style=\"height: 36.00pt;\">\n<td class=\"et3\" style=\"height: 36.00pt;\" height=\"36\">Tipo<\/td>\n<td class=\"et5\" style=\"width: 202.95pt;\" width=\"202\">Lavabo Electrochapado, Lavabo de Encimera<\/td>\n<\/tr>\n<tr style=\"height: 17.60pt;\">\n<td class=\"et3\" style=\"height: 17.60pt;\" height=\"17\">Forma<\/td>\n<td class=\"et3\">Forma cuadrada<\/td>\n<\/tr>\n<tr style=\"height: 18.00pt;\">\n<td class=\"et4\" style=\"height: 18.00pt;\" height=\"18\">Color<\/td>\n<td class=\"et5\" style=\"width: 202.95pt;\" width=\"202\">Decoraci\u00f3n blanca y dorada<\/td>\n<\/tr>\n<tr style=\"height: 18.00pt;\">\n<td class=\"et3\" style=\"height: 18.00pt;\" height=\"18\">Dimensi\u00f3n<\/td>\n<td class=\"et5\" style=\"width: 202.95pt;\" width=\"202\">39.5*39.5*14<\/td>\n<\/tr>\n<tr style=\"height: 17.60pt;\">\n<td class=\"et3\" style=\"height: 17.60pt;\" height=\"17\">N.W \/SET<\/td>\n<td class=\"et3\">7KGS\/PCS<\/td>\n<\/tr>\n<tr style=\"height: 17.60pt;\">\n<td class=\"et3\" style=\"height: 17.60pt;\" height=\"17\">MOQ<\/td>\n<td class=\"et3\">20 piezas<\/td>\n<\/tr>\n<tr style=\"height: 17.60pt;\">\n<td class=\"et3\" style=\"height: 17.60pt;\" height=\"17\">Opci\u00f3n personalizada<\/td>\n<td class=\"et3\">Color\/Patr\u00f3n\/Tama\u00f1o\/Logotipo\/Embalaje<\/td>\n<\/tr>\n<\/tbody>\n<\/table>","protected":false},"featured_media":6750,"comment_status":"closed","ping_status":"closed","template":"","meta":{"_acf_changed":false},"product_brand":[],"product_cat":[50,53],"product_tag":[],"class_list":{"0":"post-6749","1":"product","2":"type-product","3":"status-publish","4":"has-post-thumbnail","6":"product_cat-wholesale-countertop-sinks","7":"product_cat-electroplated-bathroom-sinks","9":"first","10":"instock","11":"shipping-taxable","12":"product-type-simple"},"acf":[],"_links":{"self":[{"href":"https:\/\/www.ceramicbasin.com\/es\/wp-json\/wp\/v2\/product\/6749","targetHints":{"allow":["GET"]}}],"collection":[{"href":"https:\/\/www.ceramicbasin.com\/es\/wp-json\/wp\/v2\/product"}],"about":[{"href":"https:\/\/www.ceramicbasin.com\/es\/wp-json\/wp\/v2\/types\/product"}],"replies":[{"embeddable":true,"href":"https:\/\/www.ceramicbasin.com\/es\/wp-json\/wp\/v2\/comments?post=6749"}],"wp:featuredmedia":[{"embeddable":true,"href":"https:\/\/www.ceramicbasin.com\/es\/wp-json\/wp\/v2\/media\/6750"}],"wp:attachment":[{"href":"https:\/\/www.ceramicbasin.com\/es\/wp-json\/wp\/v2\/media?parent=6749"}],"wp:term":[{"taxonomy":"product_brand","embeddable":true,"href":"https:\/\/www.ceramicbasin.com\/es\/wp-json\/wp\/v2\/product_brand?post=6749"},{"taxonomy":"product_cat","embeddable":true,"href":"https:\/\/www.ceramicbasin.com\/es\/wp-json\/wp\/v2\/product_cat?post=6749"},{"taxonomy":"product_tag","embeddable":true,"href":"https:\/\/www.ceramicbasin.com\/es\/wp-json\/wp\/v2\/product_tag?post=6749"}],"curies":[{"name":"wp","href":"https:\/\/api.w.org\/{rel}","templated":true}]}}