{"id":6755,"date":"2025-05-09T10:04:08","date_gmt":"2025-05-09T10:04:08","guid":{"rendered":"https:\/\/www.ceramicbasin.com\/?post_type=product&#038;p=6755"},"modified":"2025-05-09T10:04:12","modified_gmt":"2025-05-09T10:04:12","slug":"custom-made-porcelain-sink","status":"publish","type":"product","link":"https:\/\/www.ceramicbasin.com\/es\/producto\/custom-made-porcelain-sink\/","title":{"rendered":"Fregadero de Porcelana a Medida Oro Rosa, Lavabos al por mayor"},"content":{"rendered":"<div class=\"wp-block-columns is-layout-flex wp-container-core-columns-is-layout-9d6595d7 wp-block-columns-is-layout-flex\">\n<div class=\"wp-block-column is-layout-flow wp-block-column-is-layout-flow\">\n<h2 class=\"wp-block-heading\">Fregadero de Porcelana Premium Rose Gold Hecho a Medida <strong>Caracter\u00edsticas:<\/strong><\/h2>\n\n\n\n<ul class=\"wp-block-list\">\n<li><strong>Esmalte de oro rosa, lleno de sensaci\u00f3n de alta gama:<\/strong> La superficie de este lavabo de porcelana a medida adopta la tecnolog\u00eda de galvanoplastia o esmaltado en oro rosa, el color es c\u00e1lido y elegante, a\u00f1adiendo moda y un ambiente exquisito al espacio del cuarto de ba\u00f1o.<\/li>\n\n\n\n<li><strong>Apoyo a la personalizaci\u00f3n para satisfacer diversas necesidades: <\/strong>Ofrecemos servicios personalizados como tama\u00f1o, forma, color, logotipo, etc. para lavabos al por mayor, que son adecuados para la cooperaci\u00f3n de marca, proyectos de ingenier\u00eda y adquisiciones personalizadas.<\/li>\n\n\n\n<li><strong>Cocci\u00f3n cer\u00e1mica a alta temperatura, duradera y resistente a las manchas: <\/strong>Este fregadero de porcelana a medida utiliza materias primas cer\u00e1micas de alta calidad, cocci\u00f3n a alta temperatura, esmalte denso y suave, no se ensucia f\u00e1cilmente y es f\u00e1cil de limpiar a diario.<\/li>\n\n\n\n<li><strong>Adecuado para una variedad de estilos de espacio: <\/strong>Estos lavabos al por mayor tienen un estilo minimalista y de aspecto aerodin\u00e1mico, que es adecuado para el estilo moderno de lujo ligero y diversas escenas de decoraci\u00f3n como hoteles boutique y espacios comerciales.<\/li>\n<\/ul>\n<\/div>\n\n\n\n<div class=\"wp-block-column is-layout-flow wp-block-column-is-layout-flow\">\n<figure class=\"wp-block-image size-full\"><img fetchpriority=\"high\" decoding=\"async\" width=\"1024\" height=\"1024\" src=\"https:\/\/www.ceramicbasin.com\/wp-content\/uploads\/2025\/05\/Round-Shape-Rose-Gold-Color-Wholesale-Countertop-Sinks-5.webp\" alt=\"Fregadero de porcelana de oro rosa hecho a medida, lavabos al por mayor-1\" class=\"wp-image-6760\" srcset=\"https:\/\/www.ceramicbasin.com\/wp-content\/uploads\/2025\/05\/Round-Shape-Rose-Gold-Color-Wholesale-Countertop-Sinks-5.webp 1024w, https:\/\/www.ceramicbasin.com\/wp-content\/uploads\/2025\/05\/Round-Shape-Rose-Gold-Color-Wholesale-Countertop-Sinks-5-300x300.webp 300w, https:\/\/www.ceramicbasin.com\/wp-content\/uploads\/2025\/05\/Round-Shape-Rose-Gold-Color-Wholesale-Countertop-Sinks-5-150x150.webp 150w, https:\/\/www.ceramicbasin.com\/wp-content\/uploads\/2025\/05\/Round-Shape-Rose-Gold-Color-Wholesale-Countertop-Sinks-5-768x768.webp 768w, https:\/\/www.ceramicbasin.com\/wp-content\/uploads\/2025\/05\/Round-Shape-Rose-Gold-Color-Wholesale-Countertop-Sinks-5-12x12.webp 12w, https:\/\/www.ceramicbasin.com\/wp-content\/uploads\/2025\/05\/Round-Shape-Rose-Gold-Color-Wholesale-Countertop-Sinks-5-285x285.webp 285w, https:\/\/www.ceramicbasin.com\/wp-content\/uploads\/2025\/05\/Round-Shape-Rose-Gold-Color-Wholesale-Countertop-Sinks-5-270x270.webp 270w, https:\/\/www.ceramicbasin.com\/wp-content\/uploads\/2025\/05\/Round-Shape-Rose-Gold-Color-Wholesale-Countertop-Sinks-5-540x540.webp 540w, https:\/\/www.ceramicbasin.com\/wp-content\/uploads\/2025\/05\/Round-Shape-Rose-Gold-Color-Wholesale-Countertop-Sinks-5-660x660.webp 660w\" sizes=\"(max-width: 1024px) 100vw, 1024px\" \/><\/figure>\n<\/div>\n<\/div>\n\n\n\n<p><\/p>","protected":false},"excerpt":{"rendered":"<p>Bienvenido a comprar lavabos de porcelana a medida. Nuestros lavabos de cer\u00e1mica de oro rosa al por mayor combinan colores \u00fanicos con formas modernas para mostrar una textura de alta gama, admiten m\u00faltiples personalizaciones y son los productos preferidos tanto para la belleza como para la practicidad del espacio de ba\u00f1o.<\/p>\n<table style=\"border-collapse: collapse; width: 311.02pt;\" border=\"0\" width=\"311\" cellspacing=\"0\" cellpadding=\"0\">\n<tbody>\n<tr style=\"height: 17.60pt;\">\n<td class=\"et3\" style=\"height: 17.60pt; width: 108.35pt;\" width=\"108\" height=\"17\">Fabricante<\/td>\n<td class=\"et3\" style=\"width: 202.95pt;\" width=\"202\">HanYu<\/td>\n<\/tr>\n<tr style=\"height: 17.60pt;\">\n<td class=\"et3\" style=\"height: 17.60pt;\" height=\"17\">N\u00ba de modelo<\/td>\n<td class=\"et4\">HY-8070RGS<\/td>\n<\/tr>\n<tr style=\"height: 36.00pt;\">\n<td class=\"et3\" style=\"height: 36.00pt;\" height=\"36\">Tipo<\/td>\n<td class=\"et5\" style=\"width: 202.95pt;\" width=\"202\">Lavabo Electrochapado, Lavabo de Encimera<\/td>\n<\/tr>\n<tr style=\"height: 17.60pt;\">\n<td class=\"et3\" style=\"height: 17.60pt;\" height=\"17\">Forma<\/td>\n<td class=\"et3\">Forma redonda<\/td>\n<\/tr>\n<tr style=\"height: 18.00pt;\">\n<td class=\"et4\" style=\"height: 18.00pt;\" height=\"18\">Color<\/td>\n<td class=\"et5\" style=\"width: 202.95pt;\" width=\"202\">Blanco + Oro cepillado<\/td>\n<\/tr>\n<tr style=\"height: 18.00pt;\">\n<td class=\"et3\" style=\"height: 18.00pt;\" height=\"18\">Dimensi\u00f3n<\/td>\n<td class=\"et5\" style=\"width: 202.95pt;\" width=\"202\">36*36*12<\/td>\n<\/tr>\n<tr style=\"height: 17.60pt;\">\n<td class=\"et3\" style=\"height: 17.60pt;\" height=\"17\">N.W \/SET<\/td>\n<td class=\"et3\">7KGS\/PCS<\/td>\n<\/tr>\n<tr style=\"height: 17.60pt;\">\n<td class=\"et3\" style=\"height: 17.60pt;\" height=\"17\">MOQ<\/td>\n<td class=\"et3\">20 piezas<\/td>\n<\/tr>\n<tr style=\"height: 17.60pt;\">\n<td class=\"et3\" style=\"height: 17.60pt;\" height=\"17\">Opci\u00f3n personalizada<\/td>\n<td class=\"et3\">Color\/Patr\u00f3n\/Tama\u00f1o\/Logotipo\/Embalaje<\/td>\n<\/tr>\n<\/tbody>\n<\/table>","protected":false},"featured_media":6759,"comment_status":"closed","ping_status":"closed","template":"","meta":{"_acf_changed":false},"product_brand":[],"product_cat":[50,53],"product_tag":[],"class_list":{"0":"post-6755","1":"product","2":"type-product","3":"status-publish","4":"has-post-thumbnail","6":"product_cat-wholesale-countertop-sinks","7":"product_cat-electroplated-bathroom-sinks","9":"first","10":"instock","11":"shipping-taxable","12":"product-type-simple"},"acf":[],"_links":{"self":[{"href":"https:\/\/www.ceramicbasin.com\/es\/wp-json\/wp\/v2\/product\/6755","targetHints":{"allow":["GET"]}}],"collection":[{"href":"https:\/\/www.ceramicbasin.com\/es\/wp-json\/wp\/v2\/product"}],"about":[{"href":"https:\/\/www.ceramicbasin.com\/es\/wp-json\/wp\/v2\/types\/product"}],"replies":[{"embeddable":true,"href":"https:\/\/www.ceramicbasin.com\/es\/wp-json\/wp\/v2\/comments?post=6755"}],"wp:featuredmedia":[{"embeddable":true,"href":"https:\/\/www.ceramicbasin.com\/es\/wp-json\/wp\/v2\/media\/6759"}],"wp:attachment":[{"href":"https:\/\/www.ceramicbasin.com\/es\/wp-json\/wp\/v2\/media?parent=6755"}],"wp:term":[{"taxonomy":"product_brand","embeddable":true,"href":"https:\/\/www.ceramicbasin.com\/es\/wp-json\/wp\/v2\/product_brand?post=6755"},{"taxonomy":"product_cat","embeddable":true,"href":"https:\/\/www.ceramicbasin.com\/es\/wp-json\/wp\/v2\/product_cat?post=6755"},{"taxonomy":"product_tag","embeddable":true,"href":"https:\/\/www.ceramicbasin.com\/es\/wp-json\/wp\/v2\/product_tag?post=6755"}],"curies":[{"name":"wp","href":"https:\/\/api.w.org\/{rel}","templated":true}]}}