{"id":6761,"date":"2025-05-09T09:59:04","date_gmt":"2025-05-09T09:59:04","guid":{"rendered":"https:\/\/www.ceramicbasin.com\/?post_type=product&#038;p=6761"},"modified":"2025-05-09T09:59:07","modified_gmt":"2025-05-09T09:59:07","slug":"wholesale-porcelain-basins","status":"publish","type":"product","link":"https:\/\/www.ceramicbasin.com\/es\/producto\/wholesale-porcelain-basins\/","title":{"rendered":"Gold Brushed Wholesale Lavabos de Porcelana, Fregaderos de cubeta redonda"},"content":{"rendered":"<div class=\"wp-block-columns is-layout-flex wp-container-core-columns-is-layout-9d6595d7 wp-block-columns-is-layout-flex\">\n<div class=\"wp-block-column is-layout-flow wp-block-column-is-layout-flow\">\n<h2 class=\"wp-block-heading\">Premium Oro Cepillado Lavabos de Porcelana al por mayor Caracter\u00edsticas:<\/h2>\n\n\n\n<ul class=\"wp-block-list\">\n<li><strong>La artesan\u00eda cepillada en oro y negro resalta la lujosa textura:<\/strong> La artesan\u00eda cepillada en oro y negro se extiende por la superficie de estos lavabos de porcelana al por mayor, con un fuerte impacto visual y creando un estilo de ba\u00f1o moderno de alta gama.<\/li>\n\n\n\n<li><strong>Porcelana de alta calidad, resistente y duradera: <\/strong>Nuestros fregaderos de oro al por mayor est\u00e1n hechos de arcilla de porcelana cocida a alta temperatura, con un esmalte denso y suave, no es f\u00e1cil de manchar, resistente a los ara\u00f1azos y al desgaste, y duradero.<\/li>\n\n\n\n<li><strong>Forma redonda, suave y lisa: <\/strong>Las l\u00edneas de dise\u00f1o redondeadas de estos lavabos de porcelana al por mayor son suaves, acordes con los h\u00e1bitos de uso humanos, y se adaptan a una gran variedad de encimeras y estilos de decoraci\u00f3n.<\/li>\n\n\n\n<li><strong>Admite m\u00faltiples tama\u00f1os y servicios personalizados: <\/strong>Ofrecemos una gran variedad de di\u00e1metros y profundidades para fregaderos de recipiente al por mayor, y podemos personalizar los colores, logotipos, etc. seg\u00fan las necesidades del cliente para satisfacer las necesidades personalizadas de ingenier\u00eda y marca.<\/li>\n<\/ul>\n<\/div>\n\n\n\n<div class=\"wp-block-column is-layout-flow wp-block-column-is-layout-flow\">\n<figure class=\"wp-block-image size-full\"><img fetchpriority=\"high\" decoding=\"async\" width=\"1024\" height=\"1024\" src=\"https:\/\/www.ceramicbasin.com\/wp-content\/uploads\/2025\/05\/Round-Shape-Gold-And-Grey-Brushed-Hand-Washing-Ceramic-Basin-5.webp\" alt=\"Gold Brushed Wholesale Lavabos de Porcelana, Fregaderos Redondos-1\" class=\"wp-image-6766\" srcset=\"https:\/\/www.ceramicbasin.com\/wp-content\/uploads\/2025\/05\/Round-Shape-Gold-And-Grey-Brushed-Hand-Washing-Ceramic-Basin-5.webp 1024w, https:\/\/www.ceramicbasin.com\/wp-content\/uploads\/2025\/05\/Round-Shape-Gold-And-Grey-Brushed-Hand-Washing-Ceramic-Basin-5-300x300.webp 300w, https:\/\/www.ceramicbasin.com\/wp-content\/uploads\/2025\/05\/Round-Shape-Gold-And-Grey-Brushed-Hand-Washing-Ceramic-Basin-5-150x150.webp 150w, https:\/\/www.ceramicbasin.com\/wp-content\/uploads\/2025\/05\/Round-Shape-Gold-And-Grey-Brushed-Hand-Washing-Ceramic-Basin-5-768x768.webp 768w, https:\/\/www.ceramicbasin.com\/wp-content\/uploads\/2025\/05\/Round-Shape-Gold-And-Grey-Brushed-Hand-Washing-Ceramic-Basin-5-12x12.webp 12w, https:\/\/www.ceramicbasin.com\/wp-content\/uploads\/2025\/05\/Round-Shape-Gold-And-Grey-Brushed-Hand-Washing-Ceramic-Basin-5-285x285.webp 285w, https:\/\/www.ceramicbasin.com\/wp-content\/uploads\/2025\/05\/Round-Shape-Gold-And-Grey-Brushed-Hand-Washing-Ceramic-Basin-5-270x270.webp 270w, https:\/\/www.ceramicbasin.com\/wp-content\/uploads\/2025\/05\/Round-Shape-Gold-And-Grey-Brushed-Hand-Washing-Ceramic-Basin-5-540x540.webp 540w, https:\/\/www.ceramicbasin.com\/wp-content\/uploads\/2025\/05\/Round-Shape-Gold-And-Grey-Brushed-Hand-Washing-Ceramic-Basin-5-660x660.webp 660w\" sizes=\"(max-width: 1024px) 100vw, 1024px\" \/><\/figure>\n<\/div>\n<\/div>","protected":false},"excerpt":{"rendered":"<p>Bienvenido a comprar lavabos de porcelana al por mayor. Este oro y negro cepillado lavabo recipiente redondo al por mayor combina colores lujosos y formas modernas. Es a la vez consciente del dise\u00f1o y pr\u00e1ctico y duradero, adecuado para espacios de ba\u00f1o residenciales y comerciales de gama alta.<\/p>\n<table style=\"border-collapse: collapse; width: 311.02pt;\" border=\"0\" width=\"311\" cellspacing=\"0\" cellpadding=\"0\">\n<tbody>\n<tr style=\"height: 17.60pt;\">\n<td class=\"et3\" style=\"height: 17.60pt; width: 108.35pt;\" width=\"108\" height=\"17\">Fabricante<\/td>\n<td class=\"et3\" style=\"width: 202.95pt;\" width=\"202\">HanYu<\/td>\n<\/tr>\n<tr style=\"height: 17.60pt;\">\n<td class=\"et3\" style=\"height: 17.60pt;\" height=\"17\">N\u00ba de modelo<\/td>\n<td class=\"et4\">HY-8253BG<\/td>\n<\/tr>\n<tr style=\"height: 36.00pt;\">\n<td class=\"et3\" style=\"height: 36.00pt;\" height=\"36\">Tipo<\/td>\n<td class=\"et5\" style=\"width: 202.95pt;\" width=\"202\">Lavabo Electrochapado, Lavabo de Encimera<\/td>\n<\/tr>\n<tr style=\"height: 17.60pt;\">\n<td class=\"et3\" style=\"height: 17.60pt;\" height=\"17\">Forma<\/td>\n<td class=\"et3\">Forma redonda<\/td>\n<\/tr>\n<tr style=\"height: 18.00pt;\">\n<td class=\"et4\" style=\"height: 18.00pt;\" height=\"18\">Color<\/td>\n<td class=\"et5\" style=\"width: 202.95pt;\" width=\"202\">Oro + Gris Cepillado<\/td>\n<\/tr>\n<tr style=\"height: 18.00pt;\">\n<td class=\"et3\" style=\"height: 18.00pt;\" height=\"18\">Dimensi\u00f3n<\/td>\n<td class=\"et5\" style=\"width: 202.95pt;\" width=\"202\">41*41*12<\/td>\n<\/tr>\n<tr style=\"height: 17.60pt;\">\n<td class=\"et3\" style=\"height: 17.60pt;\" height=\"17\">N.W \/SET<\/td>\n<td class=\"et3\">8KGS\/PCS<\/td>\n<\/tr>\n<tr style=\"height: 17.60pt;\">\n<td class=\"et3\" style=\"height: 17.60pt;\" height=\"17\">MOQ<\/td>\n<td class=\"et3\">20 piezas<\/td>\n<\/tr>\n<tr style=\"height: 17.60pt;\">\n<td class=\"et3\" style=\"height: 17.60pt;\" height=\"17\">Opci\u00f3n personalizada<\/td>\n<td class=\"et3\">Color\/Patr\u00f3n\/Tama\u00f1o\/Logotipo\/Embalaje<\/td>\n<\/tr>\n<\/tbody>\n<\/table>","protected":false},"featured_media":6765,"comment_status":"closed","ping_status":"closed","template":"","meta":{"_acf_changed":false},"product_brand":[],"product_cat":[50,53],"product_tag":[],"class_list":{"0":"post-6761","1":"product","2":"type-product","3":"status-publish","4":"has-post-thumbnail","6":"product_cat-wholesale-countertop-sinks","7":"product_cat-electroplated-bathroom-sinks","9":"first","10":"instock","11":"shipping-taxable","12":"product-type-simple"},"acf":[],"_links":{"self":[{"href":"https:\/\/www.ceramicbasin.com\/es\/wp-json\/wp\/v2\/product\/6761","targetHints":{"allow":["GET"]}}],"collection":[{"href":"https:\/\/www.ceramicbasin.com\/es\/wp-json\/wp\/v2\/product"}],"about":[{"href":"https:\/\/www.ceramicbasin.com\/es\/wp-json\/wp\/v2\/types\/product"}],"replies":[{"embeddable":true,"href":"https:\/\/www.ceramicbasin.com\/es\/wp-json\/wp\/v2\/comments?post=6761"}],"wp:featuredmedia":[{"embeddable":true,"href":"https:\/\/www.ceramicbasin.com\/es\/wp-json\/wp\/v2\/media\/6765"}],"wp:attachment":[{"href":"https:\/\/www.ceramicbasin.com\/es\/wp-json\/wp\/v2\/media?parent=6761"}],"wp:term":[{"taxonomy":"product_brand","embeddable":true,"href":"https:\/\/www.ceramicbasin.com\/es\/wp-json\/wp\/v2\/product_brand?post=6761"},{"taxonomy":"product_cat","embeddable":true,"href":"https:\/\/www.ceramicbasin.com\/es\/wp-json\/wp\/v2\/product_cat?post=6761"},{"taxonomy":"product_tag","embeddable":true,"href":"https:\/\/www.ceramicbasin.com\/es\/wp-json\/wp\/v2\/product_tag?post=6761"}],"curies":[{"name":"wp","href":"https:\/\/api.w.org\/{rel}","templated":true}]}}