{"id":6776,"date":"2025-05-15T06:40:52","date_gmt":"2025-05-15T06:40:52","guid":{"rendered":"https:\/\/www.ceramicbasin.com\/?post_type=product&#038;p=6776"},"modified":"2025-05-16T08:42:40","modified_gmt":"2025-05-16T08:42:40","slug":"wholesale-ceramic-sink-bowl","status":"publish","type":"product","link":"https:\/\/www.ceramicbasin.com\/es\/producto\/wholesale-ceramic-sink-bowl\/","title":{"rendered":"Lavabo de cer\u00e1mica redondo moderno al por mayor con el color de m\u00e1rmol"},"content":{"rendered":"<div class=\"wp-block-columns is-layout-flex wp-container-core-columns-is-layout-9d6595d7 wp-block-columns-is-layout-flex\">\n<div class=\"wp-block-column is-layout-flow wp-block-column-is-layout-flow\">\n<h2 class=\"wp-block-heading\">Premium al por mayor de cer\u00e1mica fregadero taz\u00f3n Caracter\u00edsticas:<\/h2>\n\n\n\n<ul class=\"wp-block-list\">\n<li><strong>Textura de m\u00e1rmol marr\u00f3n rojizo, textura \u00fanica:<\/strong> Este lavabo de cer\u00e1mica al por mayor tiene una textura de m\u00e1rmol que fluye naturalmente, un tono profundo y lleno, creando un estilo de ba\u00f1o tranquilo y de alta gama.<\/li>\n\n\n\n<li><strong>Dise\u00f1o redondo moderno, sencillo y atmosf\u00e9rico:<\/strong> Este lavabo de cer\u00e1mica al por mayor es redondeado y liso, lo que puede realzar m\u00e1s eficazmente el aspecto moderno y la belleza decorativa del espacio.<\/li>\n\n\n\n<li><strong>Cer\u00e1mica de alta calidad, resistente al desgaste y f\u00e1cil de limpiar: <\/strong>Nuestros fregaderos de cer\u00e1mica al por mayor se cuecen con arcilla de porcelana de alta calidad, con una superficie densa y lisa, que es m\u00e1s conveniente y sin problemas para la limpieza diaria.<\/li>\n\n\n\n<li><strong>Adecuado para ingenier\u00eda y personalizaci\u00f3n, entrega r\u00e1pida por lotes: <\/strong>Nuestro lavabo de cer\u00e1mica al por mayor admite OEM\/ODM, que puede satisfacer las diversas necesidades de los proyectos de ingenier\u00eda a gran escala, la adquisici\u00f3n de hoteles y la coincidencia de marcas.<\/li>\n<\/ul>\n<\/div>\n\n\n\n<div class=\"wp-block-column is-layout-flow wp-block-column-is-layout-flow\">\n<figure class=\"wp-block-image size-full\"><img fetchpriority=\"high\" decoding=\"async\" width=\"827\" height=\"1232\" src=\"https:\/\/www.ceramicbasin.com\/wp-content\/uploads\/2025\/05\/Modern-Round-Wholesale-Ceramic-Sink-Bowl-With-Marble-Color-6.webp\" alt=\"Lavabo de cer\u00e1mica redondo moderno al por mayor con el color de m\u00e1rmol-6\" class=\"wp-image-6834\" srcset=\"https:\/\/www.ceramicbasin.com\/wp-content\/uploads\/2025\/05\/Modern-Round-Wholesale-Ceramic-Sink-Bowl-With-Marble-Color-6.webp 827w, https:\/\/www.ceramicbasin.com\/wp-content\/uploads\/2025\/05\/Modern-Round-Wholesale-Ceramic-Sink-Bowl-With-Marble-Color-6-201x300.webp 201w, https:\/\/www.ceramicbasin.com\/wp-content\/uploads\/2025\/05\/Modern-Round-Wholesale-Ceramic-Sink-Bowl-With-Marble-Color-6-768x1144.webp 768w, https:\/\/www.ceramicbasin.com\/wp-content\/uploads\/2025\/05\/Modern-Round-Wholesale-Ceramic-Sink-Bowl-With-Marble-Color-6-8x12.webp 8w, https:\/\/www.ceramicbasin.com\/wp-content\/uploads\/2025\/05\/Modern-Round-Wholesale-Ceramic-Sink-Bowl-With-Marble-Color-6-285x425.webp 285w, https:\/\/www.ceramicbasin.com\/wp-content\/uploads\/2025\/05\/Modern-Round-Wholesale-Ceramic-Sink-Bowl-With-Marble-Color-6-443x660.webp 443w, https:\/\/www.ceramicbasin.com\/wp-content\/uploads\/2025\/05\/Modern-Round-Wholesale-Ceramic-Sink-Bowl-With-Marble-Color-6-101x150.webp 101w\" sizes=\"(max-width: 827px) 100vw, 827px\" \/><\/figure>\n<\/div>\n<\/div>\n\n\n\n<p><\/p>","protected":false},"excerpt":{"rendered":"<p>Bienvenido a comprar lavabos de cer\u00e1mica al por mayor. Este lavabo de cer\u00e1mica redonda moderna al por mayor adopta el dise\u00f1o de textura de m\u00e1rmol rojo-marr\u00f3n, color rico, textura \u00fanica, tanto la atm\u00f3sfera natural y la belleza moderna, adecuada para residencial de gama alta, cuarto de ba\u00f1o del hotel y el espacio comercial.<\/p>\n<table style=\"border-collapse: collapse; width: 311.02pt;\" border=\"0\" width=\"311\" cellspacing=\"0\" cellpadding=\"0\">\n<tbody>\n<tr style=\"height: 17.60pt;\">\n<td class=\"et3\" style=\"height: 17.60pt; width: 108.35pt;\" width=\"108\" height=\"17\">Fabricante<\/td>\n<td class=\"et3\" style=\"width: 202.95pt;\" width=\"202\">HanYu<\/td>\n<\/tr>\n<tr style=\"height: 17.60pt;\">\n<td class=\"et3\" style=\"height: 17.60pt;\" height=\"17\">N\u00ba de modelo<\/td>\n<td class=\"et4\">HY5004D63<\/td>\n<\/tr>\n<tr style=\"height: 17.60pt;\">\n<td class=\"et3\" style=\"height: 17.60pt;\" height=\"17\">Tipo<\/td>\n<td class=\"et3\">Lavabo sobre encimera<\/td>\n<\/tr>\n<tr style=\"height: 17.60pt;\">\n<td class=\"et3\" style=\"height: 17.60pt;\" height=\"17\">Forma<\/td>\n<td class=\"et2\">Forma redonda<\/td>\n<\/tr>\n<tr style=\"height: 17.60pt;\">\n<td class=\"et4\" style=\"height: 17.60pt;\" height=\"17\">Color<\/td>\n<td class=\"et3\">Color m\u00e1rmol<\/td>\n<\/tr>\n<tr style=\"height: 18.00pt;\">\n<td class=\"et3\" style=\"height: 18.00pt;\" height=\"18\">Dimensi\u00f3n<\/td>\n<td class=\"et5\" style=\"width: 202.95pt;\" width=\"202\">41*41*15.5<\/td>\n<\/tr>\n<tr style=\"height: 17.60pt;\">\n<td class=\"et3\" style=\"height: 17.60pt;\" height=\"17\">N.W \/SET<\/td>\n<td class=\"et3\">8KGS\/PCS<\/td>\n<\/tr>\n<tr style=\"height: 17.60pt;\">\n<td class=\"et3\" style=\"height: 17.60pt;\" height=\"17\">MOQ<\/td>\n<td class=\"et3\">20 piezas<\/td>\n<\/tr>\n<tr style=\"height: 17.60pt;\">\n<td class=\"et3\" style=\"height: 17.60pt;\" height=\"17\">Opci\u00f3n personalizada<\/td>\n<td class=\"et3\">Color\/Patr\u00f3n\/Tama\u00f1o\/Logotipo\/Embalaje<\/td>\n<\/tr>\n<\/tbody>\n<\/table>","protected":false},"featured_media":6829,"comment_status":"closed","ping_status":"closed","template":"","meta":{"_acf_changed":false},"product_brand":[],"product_cat":[50,54],"product_tag":[],"class_list":{"0":"post-6776","1":"product","2":"type-product","3":"status-publish","4":"has-post-thumbnail","6":"product_cat-wholesale-countertop-sinks","7":"product_cat-wholesale-marble-sinks","9":"first","10":"instock","11":"shipping-taxable","12":"product-type-simple"},"acf":[],"_links":{"self":[{"href":"https:\/\/www.ceramicbasin.com\/es\/wp-json\/wp\/v2\/product\/6776","targetHints":{"allow":["GET"]}}],"collection":[{"href":"https:\/\/www.ceramicbasin.com\/es\/wp-json\/wp\/v2\/product"}],"about":[{"href":"https:\/\/www.ceramicbasin.com\/es\/wp-json\/wp\/v2\/types\/product"}],"replies":[{"embeddable":true,"href":"https:\/\/www.ceramicbasin.com\/es\/wp-json\/wp\/v2\/comments?post=6776"}],"wp:featuredmedia":[{"embeddable":true,"href":"https:\/\/www.ceramicbasin.com\/es\/wp-json\/wp\/v2\/media\/6829"}],"wp:attachment":[{"href":"https:\/\/www.ceramicbasin.com\/es\/wp-json\/wp\/v2\/media?parent=6776"}],"wp:term":[{"taxonomy":"product_brand","embeddable":true,"href":"https:\/\/www.ceramicbasin.com\/es\/wp-json\/wp\/v2\/product_brand?post=6776"},{"taxonomy":"product_cat","embeddable":true,"href":"https:\/\/www.ceramicbasin.com\/es\/wp-json\/wp\/v2\/product_cat?post=6776"},{"taxonomy":"product_tag","embeddable":true,"href":"https:\/\/www.ceramicbasin.com\/es\/wp-json\/wp\/v2\/product_tag?post=6776"}],"curies":[{"name":"wp","href":"https:\/\/api.w.org\/{rel}","templated":true}]}}