{"id":6783,"date":"2025-05-15T06:46:06","date_gmt":"2025-05-15T06:46:06","guid":{"rendered":"https:\/\/www.ceramicbasin.com\/?post_type=product&#038;p=6783"},"modified":"2025-05-16T08:27:43","modified_gmt":"2025-05-16T08:27:43","slug":"custom-ceramic-sinks","status":"publish","type":"product","link":"https:\/\/www.ceramicbasin.com\/es\/producto\/custom-ceramic-sinks\/","title":{"rendered":"Fregaderos de Cer\u00e1mica con Aspecto de M\u00e1rmol, Fregaderos Ovalados al por mayor"},"content":{"rendered":"<div class=\"wp-block-columns is-layout-flex wp-container-core-columns-is-layout-9d6595d7 wp-block-columns-is-layout-flex\">\n<div class=\"wp-block-column is-layout-flow wp-block-column-is-layout-flow\">\n<h2 class=\"wp-block-heading\">Premium Custom Fregaderos de Cer\u00e1mica Caracter\u00edsticas:<\/h2>\n\n\n\n<ul class=\"wp-block-list\">\n<li><strong>Suave textura de m\u00e1rmol amarillo claro: <\/strong>Estos fregaderos de cer\u00e1mica a medida tienen tonos c\u00e1lidos y texturas naturales y suaves, que a\u00f1aden una textura visual tranquila y de alta gama al espacio.<\/li>\n\n\n\n<li><strong>Forma oval cl\u00e1sica, elegante y vers\u00e1til:<\/strong> Estos lavabos de ba\u00f1o al por mayor tienen un dise\u00f1o de apariencia ovalada con curvas suaves, adecuado para una variedad de encimeras de ba\u00f1o y estilos de decoraci\u00f3n.<\/li>\n\n\n\n<li><strong>La tecnolog\u00eda de transferencia de agua presenta un tacto de piedra natural:<\/strong> Estos fregaderos de cer\u00e1mica a medida utilizan la tecnolog\u00eda de transferencia de agua para que la textura del m\u00e1rmol sea clara y realista, con una textura delicada sin perder su brillo.<\/li>\n\n\n\n<li><strong>Suministro flexible para personalizaci\u00f3n y venta al por mayor: <\/strong>Nuestros lavabos de ba\u00f1o de cer\u00e1mica al por mayor admiten servicios OEM\/ODM para satisfacer diferentes necesidades de aprovisionamiento, como proyectos de ingenier\u00eda y venta al por menor de marca.<\/li>\n<\/ul>\n<\/div>\n\n\n\n<div class=\"wp-block-column is-layout-flow wp-block-column-is-layout-flow\">\n<figure class=\"wp-block-image size-full\"><img fetchpriority=\"high\" decoding=\"async\" width=\"1345\" height=\"1786\" src=\"https:\/\/www.ceramicbasin.com\/wp-content\/uploads\/2025\/05\/Marble-Look-Custom-Ceramic-Sinks-Oval-Sinks-Wholesale-6.webp\" alt=\"Fregaderos de Cer\u00e1mica con Aspecto de M\u00e1rmol, Fregaderos Ovalados al por mayor-6\" class=\"wp-image-6827\" srcset=\"https:\/\/www.ceramicbasin.com\/wp-content\/uploads\/2025\/05\/Marble-Look-Custom-Ceramic-Sinks-Oval-Sinks-Wholesale-6.webp 1345w, https:\/\/www.ceramicbasin.com\/wp-content\/uploads\/2025\/05\/Marble-Look-Custom-Ceramic-Sinks-Oval-Sinks-Wholesale-6-226x300.webp 226w, https:\/\/www.ceramicbasin.com\/wp-content\/uploads\/2025\/05\/Marble-Look-Custom-Ceramic-Sinks-Oval-Sinks-Wholesale-6-768x1020.webp 768w, https:\/\/www.ceramicbasin.com\/wp-content\/uploads\/2025\/05\/Marble-Look-Custom-Ceramic-Sinks-Oval-Sinks-Wholesale-6-9x12.webp 9w, https:\/\/www.ceramicbasin.com\/wp-content\/uploads\/2025\/05\/Marble-Look-Custom-Ceramic-Sinks-Oval-Sinks-Wholesale-6-285x378.webp 285w, https:\/\/www.ceramicbasin.com\/wp-content\/uploads\/2025\/05\/Marble-Look-Custom-Ceramic-Sinks-Oval-Sinks-Wholesale-6-497x660.webp 497w, https:\/\/www.ceramicbasin.com\/wp-content\/uploads\/2025\/05\/Marble-Look-Custom-Ceramic-Sinks-Oval-Sinks-Wholesale-6-113x150.webp 113w\" sizes=\"(max-width: 1345px) 100vw, 1345px\" \/><\/figure>\n<\/div>\n<\/div>\n\n\n\n<p><\/p>","protected":false},"excerpt":{"rendered":"<p>Bienvenido a comprar lavabos de ba\u00f1o al por mayor. Estos lavabos de cer\u00e1mica personalizados con textura de m\u00e1rmol amarillo claro crean una atm\u00f3sfera de espacio natural y confortable con tonos suaves y c\u00e1lidos. La forma ovalada cl\u00e1sica con textura de imitaci\u00f3n de piedra es elegante y vers\u00e1til, adecuado para proyectos de ba\u00f1o residenciales, hoteleros y comerciales.<\/p>\n<table style=\"border-collapse: collapse; width: 311.02pt;\" border=\"0\" width=\"311\" cellspacing=\"0\" cellpadding=\"0\">\n<tbody>\n<tr style=\"height: 17.60pt;\">\n<td class=\"et3\" style=\"height: 17.60pt; width: 108.35pt;\" width=\"108\" height=\"17\">Fabricante<\/td>\n<td class=\"et3\" style=\"width: 202.95pt;\" width=\"202\">HanYu<\/td>\n<\/tr>\n<tr style=\"height: 17.60pt;\">\n<td class=\"et3\" style=\"height: 17.60pt;\" height=\"17\">N\u00ba de modelo<\/td>\n<td class=\"et4\">HY-5038D53<\/td>\n<\/tr>\n<tr style=\"height: 17.60pt;\">\n<td class=\"et3\" style=\"height: 17.60pt;\" height=\"17\">Tipo<\/td>\n<td class=\"et3\">Lavabo sobre encimera<\/td>\n<\/tr>\n<tr style=\"height: 17.60pt;\">\n<td class=\"et3\" style=\"height: 17.60pt;\" height=\"17\">Forma<\/td>\n<td class=\"et2\">Forma ovalada<\/td>\n<\/tr>\n<tr style=\"height: 17.60pt;\">\n<td class=\"et4\" style=\"height: 17.60pt;\" height=\"17\">Color<\/td>\n<td class=\"et3\">\u00a0Color m\u00e1rmol<\/td>\n<\/tr>\n<tr style=\"height: 18.00pt;\">\n<td class=\"et3\" style=\"height: 18.00pt;\" height=\"18\">Dimensi\u00f3n<\/td>\n<td class=\"et5\" style=\"width: 202.95pt;\" width=\"202\">60*41.5*16<\/td>\n<\/tr>\n<tr style=\"height: 17.60pt;\">\n<td class=\"et3\" style=\"height: 17.60pt;\" height=\"17\">N.W \/SET<\/td>\n<td class=\"et3\">15KGS\/PCS<\/td>\n<\/tr>\n<tr style=\"height: 17.60pt;\">\n<td class=\"et3\" style=\"height: 17.60pt;\" height=\"17\">MOQ<\/td>\n<td class=\"et3\">20 piezas<\/td>\n<\/tr>\n<tr style=\"height: 17.60pt;\">\n<td class=\"et3\" style=\"height: 17.60pt;\" height=\"17\">Opci\u00f3n personalizada<\/td>\n<td class=\"et3\">Color\/Patr\u00f3n\/Tama\u00f1o\/Logotipo\/Embalaje<\/td>\n<\/tr>\n<\/tbody>\n<\/table>","protected":false},"featured_media":6822,"comment_status":"closed","ping_status":"closed","template":"","meta":{"_acf_changed":false},"product_brand":[],"product_cat":[50,54],"product_tag":[],"class_list":{"0":"post-6783","1":"product","2":"type-product","3":"status-publish","4":"has-post-thumbnail","6":"product_cat-wholesale-countertop-sinks","7":"product_cat-wholesale-marble-sinks","9":"first","10":"instock","11":"shipping-taxable","12":"product-type-simple"},"acf":[],"_links":{"self":[{"href":"https:\/\/www.ceramicbasin.com\/es\/wp-json\/wp\/v2\/product\/6783","targetHints":{"allow":["GET"]}}],"collection":[{"href":"https:\/\/www.ceramicbasin.com\/es\/wp-json\/wp\/v2\/product"}],"about":[{"href":"https:\/\/www.ceramicbasin.com\/es\/wp-json\/wp\/v2\/types\/product"}],"replies":[{"embeddable":true,"href":"https:\/\/www.ceramicbasin.com\/es\/wp-json\/wp\/v2\/comments?post=6783"}],"wp:featuredmedia":[{"embeddable":true,"href":"https:\/\/www.ceramicbasin.com\/es\/wp-json\/wp\/v2\/media\/6822"}],"wp:attachment":[{"href":"https:\/\/www.ceramicbasin.com\/es\/wp-json\/wp\/v2\/media?parent=6783"}],"wp:term":[{"taxonomy":"product_brand","embeddable":true,"href":"https:\/\/www.ceramicbasin.com\/es\/wp-json\/wp\/v2\/product_brand?post=6783"},{"taxonomy":"product_cat","embeddable":true,"href":"https:\/\/www.ceramicbasin.com\/es\/wp-json\/wp\/v2\/product_cat?post=6783"},{"taxonomy":"product_tag","embeddable":true,"href":"https:\/\/www.ceramicbasin.com\/es\/wp-json\/wp\/v2\/product_tag?post=6783"}],"curies":[{"name":"wp","href":"https:\/\/api.w.org\/{rel}","templated":true}]}}