{"id":6790,"date":"2025-05-15T08:16:34","date_gmt":"2025-05-15T08:16:34","guid":{"rendered":"https:\/\/www.ceramicbasin.com\/?post_type=product&#038;p=6790"},"modified":"2025-05-16T08:18:50","modified_gmt":"2025-05-16T08:18:50","slug":"wholesale-porcelain-basin","status":"publish","type":"product","link":"https:\/\/www.ceramicbasin.com\/es\/producto\/wholesale-porcelain-basin\/","title":{"rendered":"Elegante Lavabo de Porcelana al por mayor, Faux Marble Bathroom Sinks"},"content":{"rendered":"<div class=\"wp-block-columns is-layout-flex wp-container-core-columns-is-layout-9d6595d7 wp-block-columns-is-layout-flex\">\n<div class=\"wp-block-column is-layout-flow wp-block-column-is-layout-flow\">\n<h2 class=\"wp-block-heading\">Lavabo de porcelana de primera calidad al por mayor Caracter\u00edsticas:<\/h2>\n\n\n\n<ul class=\"wp-block-list\">\n<li><strong>C\u00e1lida textura de m\u00e1rmol marr\u00f3n:<\/strong> Nuestro lavabo de porcelana al por mayor combina la calidez terrosa y la fluidez del m\u00e1rmol aut\u00e9ntico para introducir un toque de elegancia y textura en el ambiente del cuarto de ba\u00f1o.<\/li>\n\n\n\n<li><strong>Proceso de transferencia de agua de alta simulaci\u00f3n:<\/strong> Nuestros lavabos de imitaci\u00f3n de m\u00e1rmol al por mayor utilizan tecnolog\u00eda avanzada para introducir un mayor grado de realismo en la textura, as\u00ed como brillo en el acabado de porcelana, proporcionando una combinaci\u00f3n perfecta de piedra y cer\u00e1mica.<\/li>\n\n\n\n<li><strong>Porcelana de alta calidad, duradera y f\u00e1cil de limpiar: <\/strong>Nuestro lavabo de porcelana al por mayor tiene un tacto suave y delicado, es resistente a las manchas y a los ara\u00f1azos, y su limpieza diaria es f\u00e1cil y r\u00e1pida.<\/li>\n\n\n\n<li><strong>Apoyo a la personalizaci\u00f3n y venta al por mayor, entrega r\u00e1pida:<\/strong> Estos lavabos de m\u00e1rmol de imitaci\u00f3n de ba\u00f1o al por mayor podr\u00eda ser utilizado para proyectos de construcci\u00f3n de ingenier\u00eda o las necesidades de marca a juego con la entrega de lotes estable y tiempo de entrega garantizado.<\/li>\n<\/ul>\n<\/div>\n\n\n\n<div class=\"wp-block-column is-layout-flow wp-block-column-is-layout-flow\">\n<figure class=\"wp-block-image size-full\"><img fetchpriority=\"high\" decoding=\"async\" width=\"1345\" height=\"1787\" src=\"https:\/\/www.ceramicbasin.com\/wp-content\/uploads\/2025\/05\/Elegant-Wholesale-Porcelain-Basin-Faux-Marble-Bathroom-Sinks-5.webp\" alt=\"Elegante Lavabo de Porcelana al por mayor, Faux Marble Bathroom Sinks-5\" class=\"wp-image-6818\" srcset=\"https:\/\/www.ceramicbasin.com\/wp-content\/uploads\/2025\/05\/Elegant-Wholesale-Porcelain-Basin-Faux-Marble-Bathroom-Sinks-5.webp 1345w, https:\/\/www.ceramicbasin.com\/wp-content\/uploads\/2025\/05\/Elegant-Wholesale-Porcelain-Basin-Faux-Marble-Bathroom-Sinks-5-226x300.webp 226w, https:\/\/www.ceramicbasin.com\/wp-content\/uploads\/2025\/05\/Elegant-Wholesale-Porcelain-Basin-Faux-Marble-Bathroom-Sinks-5-768x1020.webp 768w, https:\/\/www.ceramicbasin.com\/wp-content\/uploads\/2025\/05\/Elegant-Wholesale-Porcelain-Basin-Faux-Marble-Bathroom-Sinks-5-9x12.webp 9w, https:\/\/www.ceramicbasin.com\/wp-content\/uploads\/2025\/05\/Elegant-Wholesale-Porcelain-Basin-Faux-Marble-Bathroom-Sinks-5-285x379.webp 285w, https:\/\/www.ceramicbasin.com\/wp-content\/uploads\/2025\/05\/Elegant-Wholesale-Porcelain-Basin-Faux-Marble-Bathroom-Sinks-5-497x660.webp 497w, https:\/\/www.ceramicbasin.com\/wp-content\/uploads\/2025\/05\/Elegant-Wholesale-Porcelain-Basin-Faux-Marble-Bathroom-Sinks-5-113x150.webp 113w\" sizes=\"(max-width: 1345px) 100vw, 1345px\" \/><\/figure>\n<\/div>\n<\/div>\n\n\n\n<p><\/p>","protected":false},"excerpt":{"rendered":"<p>Bienvenido a comprar lavabos de ba\u00f1o de imitaci\u00f3n de m\u00e1rmol al por mayor. Este elegante lavabo de porcelana al por mayor adopta un dise\u00f1o de textura de m\u00e1rmol marr\u00f3n, presentando la belleza natural y c\u00e1lida de la piedra. A trav\u00e9s del proceso de transferencia de agua fina, la textura es rica y realista.<\/p>\n<table style=\"border-collapse: collapse; width: 311.02pt;\" border=\"0\" width=\"311\" cellspacing=\"0\" cellpadding=\"0\">\n<tbody>\n<tr style=\"height: 17.60pt;\">\n<td class=\"et3\" style=\"height: 17.60pt; width: 108.35pt;\" width=\"108\" height=\"17\">Fabricante<\/td>\n<td class=\"et3\" style=\"width: 202.95pt;\" width=\"202\">HanYu<\/td>\n<\/tr>\n<tr style=\"height: 17.60pt;\">\n<td class=\"et3\" style=\"height: 17.60pt;\" height=\"17\">N\u00ba de modelo<\/td>\n<td class=\"et4\">HY-5104D56<\/td>\n<\/tr>\n<tr style=\"height: 36.00pt;\">\n<td class=\"et3\" style=\"height: 36.00pt;\" height=\"36\">Tipo<\/td>\n<td class=\"et5\" style=\"width: 202.95pt;\" width=\"202\">Lavabo Color M\u00e1rmol, Lavabo Encimera<\/td>\n<\/tr>\n<tr style=\"height: 17.60pt;\">\n<td class=\"et3\" style=\"height: 17.60pt;\" height=\"17\">Forma<\/td>\n<td class=\"et3\">Forma rectangular<\/td>\n<\/tr>\n<tr style=\"height: 18.00pt;\">\n<td class=\"et4\" style=\"height: 18.00pt;\" height=\"18\">Color<\/td>\n<td class=\"et5\" style=\"width: 202.95pt;\" width=\"202\">Blanco y negro<\/td>\n<\/tr>\n<tr style=\"height: 18.00pt;\">\n<td class=\"et3\" style=\"height: 18.00pt;\" height=\"18\">Dimensi\u00f3n<\/td>\n<td class=\"et5\" style=\"width: 202.95pt;\" width=\"202\">45*40*14.5<\/td>\n<\/tr>\n<tr style=\"height: 17.60pt;\">\n<td class=\"et3\" style=\"height: 17.60pt;\" height=\"17\">N.W \/SET<\/td>\n<td class=\"et3\">10 KGS\/PCS<\/td>\n<\/tr>\n<tr style=\"height: 17.60pt;\">\n<td class=\"et3\" style=\"height: 17.60pt;\" height=\"17\">MOQ<\/td>\n<td class=\"et3\">20 piezas<\/td>\n<\/tr>\n<tr style=\"height: 17.60pt;\">\n<td class=\"et3\" style=\"height: 17.60pt;\" height=\"17\">Opci\u00f3n personalizada<\/td>\n<td class=\"et3\">Color\/Patr\u00f3n\/Tama\u00f1o\/Logotipo\/Embalaje<\/td>\n<\/tr>\n<\/tbody>\n<\/table>","protected":false},"featured_media":6819,"comment_status":"closed","ping_status":"closed","template":"","meta":{"_acf_changed":false},"product_brand":[],"product_cat":[54,50],"product_tag":[],"class_list":{"0":"post-6790","1":"product","2":"type-product","3":"status-publish","4":"has-post-thumbnail","6":"product_cat-wholesale-marble-sinks","7":"product_cat-wholesale-countertop-sinks","9":"first","10":"instock","11":"shipping-taxable","12":"product-type-simple"},"acf":[],"_links":{"self":[{"href":"https:\/\/www.ceramicbasin.com\/es\/wp-json\/wp\/v2\/product\/6790","targetHints":{"allow":["GET"]}}],"collection":[{"href":"https:\/\/www.ceramicbasin.com\/es\/wp-json\/wp\/v2\/product"}],"about":[{"href":"https:\/\/www.ceramicbasin.com\/es\/wp-json\/wp\/v2\/types\/product"}],"replies":[{"embeddable":true,"href":"https:\/\/www.ceramicbasin.com\/es\/wp-json\/wp\/v2\/comments?post=6790"}],"wp:featuredmedia":[{"embeddable":true,"href":"https:\/\/www.ceramicbasin.com\/es\/wp-json\/wp\/v2\/media\/6819"}],"wp:attachment":[{"href":"https:\/\/www.ceramicbasin.com\/es\/wp-json\/wp\/v2\/media?parent=6790"}],"wp:term":[{"taxonomy":"product_brand","embeddable":true,"href":"https:\/\/www.ceramicbasin.com\/es\/wp-json\/wp\/v2\/product_brand?post=6790"},{"taxonomy":"product_cat","embeddable":true,"href":"https:\/\/www.ceramicbasin.com\/es\/wp-json\/wp\/v2\/product_cat?post=6790"},{"taxonomy":"product_tag","embeddable":true,"href":"https:\/\/www.ceramicbasin.com\/es\/wp-json\/wp\/v2\/product_tag?post=6790"}],"curies":[{"name":"wp","href":"https:\/\/api.w.org\/{rel}","templated":true}]}}