{"id":6798,"date":"2025-05-15T08:57:35","date_gmt":"2025-05-15T08:57:35","guid":{"rendered":"https:\/\/www.ceramicbasin.com\/?post_type=product&#038;p=6798"},"modified":"2025-05-16T08:11:22","modified_gmt":"2025-05-16T08:11:22","slug":"wholesale-ceramic-sink-bowls","status":"publish","type":"product","link":"https:\/\/www.ceramicbasin.com\/es\/producto\/wholesale-ceramic-sink-bowls\/","title":{"rendered":"Lavabos de Cer\u00e1mica de Lujo con Aspecto de M\u00e1rmol al por Mayor para Ba\u00f1o"},"content":{"rendered":"<div class=\"wp-block-columns is-layout-flex wp-container-core-columns-is-layout-9d6595d7 wp-block-columns-is-layout-flex\">\n<div class=\"wp-block-column is-layout-flow wp-block-column-is-layout-flow\">\n<h2 class=\"wp-block-heading\">Premium al por mayor de cer\u00e1mica fregadero cuencos Caracter\u00edsticas:<\/h2>\n\n\n\n<ul class=\"wp-block-list\">\n<li><strong>Textura de simulaci\u00f3n de m\u00e1rmol: <\/strong>Estos lavabos de cer\u00e1mica al por mayor adoptan un dise\u00f1o de textura de m\u00e1rmol blanco y negro, elegante y natural, que crea un ambiente de ba\u00f1o de alta gama.<\/li>\n\n\n\n<li><strong>Exquisita restauraci\u00f3n de la tecnolog\u00eda de transferencia de agua: <\/strong>Nuestro lavabo de cer\u00e1mica sobre encimera personalizado con textura de m\u00e1rmol utiliza tecnolog\u00eda de transferencia de agua de alta calidad para que la textura sea clara y tridimensional, con gran realismo, y tanto belleza como durabilidad.<\/li>\n\n\n\n<li><strong>Dise\u00f1o de lavabo sobre encimera, f\u00e1cil instalaci\u00f3n: <\/strong>Estos fregaderos de cer\u00e1mica al por mayor tienen una estructura de encimera sencilla, adecuada para una gran variedad de encimeras, y mejoran la sensaci\u00f3n general de espacio.<\/li>\n\n\n\n<li><strong>Entrega r\u00e1pida, optimizaci\u00f3n de la ingenier\u00eda: <\/strong>Nuestros lavabos de cer\u00e1mica sobre encimera personalizados pueden suministrarse de forma estable y entregarse r\u00e1pidamente para satisfacer las eficientes necesidades de los proyectos de ingenier\u00eda y los propietarios de marcas.<\/li>\n<\/ul>\n<\/div>\n\n\n\n<div class=\"wp-block-column is-layout-flow wp-block-column-is-layout-flow\">\n<figure class=\"wp-block-image size-full\"><img fetchpriority=\"high\" decoding=\"async\" width=\"980\" height=\"1352\" src=\"https:\/\/www.ceramicbasin.com\/wp-content\/uploads\/2025\/05\/Luxury-Marble-Look-Wholesale-Ceramic-Sink-Bowls-For-Bathroom-6.webp\" alt=\"Lavabos de Cer\u00e1mica de Lujo con Aspecto de M\u00e1rmol al por Mayor para Ba\u00f1o-6\" class=\"wp-image-6812\" srcset=\"https:\/\/www.ceramicbasin.com\/wp-content\/uploads\/2025\/05\/Luxury-Marble-Look-Wholesale-Ceramic-Sink-Bowls-For-Bathroom-6.webp 980w, https:\/\/www.ceramicbasin.com\/wp-content\/uploads\/2025\/05\/Luxury-Marble-Look-Wholesale-Ceramic-Sink-Bowls-For-Bathroom-6-217x300.webp 217w, https:\/\/www.ceramicbasin.com\/wp-content\/uploads\/2025\/05\/Luxury-Marble-Look-Wholesale-Ceramic-Sink-Bowls-For-Bathroom-6-768x1060.webp 768w, https:\/\/www.ceramicbasin.com\/wp-content\/uploads\/2025\/05\/Luxury-Marble-Look-Wholesale-Ceramic-Sink-Bowls-For-Bathroom-6-9x12.webp 9w, https:\/\/www.ceramicbasin.com\/wp-content\/uploads\/2025\/05\/Luxury-Marble-Look-Wholesale-Ceramic-Sink-Bowls-For-Bathroom-6-285x393.webp 285w, https:\/\/www.ceramicbasin.com\/wp-content\/uploads\/2025\/05\/Luxury-Marble-Look-Wholesale-Ceramic-Sink-Bowls-For-Bathroom-6-478x660.webp 478w, https:\/\/www.ceramicbasin.com\/wp-content\/uploads\/2025\/05\/Luxury-Marble-Look-Wholesale-Ceramic-Sink-Bowls-For-Bathroom-6-109x150.webp 109w\" sizes=\"(max-width: 980px) 100vw, 980px\" \/><\/figure>\n<\/div>\n<\/div>","protected":false},"excerpt":{"rendered":"<p>Bienvenido a comprar lavabos de cer\u00e1mica al por mayor. Este lavabo de cer\u00e1mica de encimera personalizado presenta la belleza natural fluida de las texturas en blanco y negro a trav\u00e9s de la tecnolog\u00eda de impresi\u00f3n por transferencia de agua. Tiene tanto lujo moderno y f\u00e1cil mantenimiento, adecuado para diversos espacios de ba\u00f1o de gama alta.<\/p>\n<table style=\"border-collapse: collapse; width: 311.02pt;\" border=\"0\" width=\"311\" cellspacing=\"0\" cellpadding=\"0\">\n<tbody>\n<tr style=\"height: 17.60pt;\">\n<td class=\"et3\" style=\"height: 17.60pt; width: 108.35pt;\" width=\"108\" height=\"17\">Fabricante<\/td>\n<td class=\"et3\" style=\"width: 202.95pt;\" width=\"202\">HanYu<\/td>\n<\/tr>\n<tr style=\"height: 17.60pt;\">\n<td class=\"et3\" style=\"height: 17.60pt;\" height=\"17\">N\u00ba de modelo<\/td>\n<td class=\"et4\">HY-5105D120<\/td>\n<\/tr>\n<tr style=\"height: 17.60pt;\">\n<td class=\"et3\" style=\"height: 17.60pt;\" height=\"17\">Tipo<\/td>\n<td class=\"et3\">Lavabo sobre encimera<\/td>\n<\/tr>\n<tr style=\"height: 17.60pt;\">\n<td class=\"et3\" style=\"height: 17.60pt;\" height=\"17\">Forma<\/td>\n<td class=\"et2\">Forma rectangular<\/td>\n<\/tr>\n<tr style=\"height: 17.60pt;\">\n<td class=\"et4\" style=\"height: 17.60pt;\" height=\"17\">Color<\/td>\n<td class=\"et3\">Negro<\/td>\n<\/tr>\n<tr style=\"height: 18.00pt;\">\n<td class=\"et3\" style=\"height: 18.00pt;\" height=\"18\">Dimensi\u00f3n<\/td>\n<td class=\"et5\" style=\"width: 202.95pt;\" width=\"202\">56*42*14<\/td>\n<\/tr>\n<tr style=\"height: 17.60pt;\">\n<td class=\"et3\" style=\"height: 17.60pt;\" height=\"17\">N.W \/SET<\/td>\n<td class=\"et3\">12KGS\/PCS<\/td>\n<\/tr>\n<tr style=\"height: 17.60pt;\">\n<td class=\"et3\" style=\"height: 17.60pt;\" height=\"17\">MOQ<\/td>\n<td class=\"et3\">20 piezas<\/td>\n<\/tr>\n<tr style=\"height: 17.60pt;\">\n<td class=\"et3\" style=\"height: 17.60pt;\" height=\"17\">Opci\u00f3n personalizada<\/td>\n<td class=\"et3\">Color\/Patr\u00f3n\/Tama\u00f1o\/Logotipo\/Embalaje<\/td>\n<\/tr>\n<\/tbody>\n<\/table>","protected":false},"featured_media":6807,"comment_status":"closed","ping_status":"closed","template":"","meta":{"_acf_changed":false},"product_brand":[],"product_cat":[50,54],"product_tag":[],"class_list":{"0":"post-6798","1":"product","2":"type-product","3":"status-publish","4":"has-post-thumbnail","6":"product_cat-wholesale-countertop-sinks","7":"product_cat-wholesale-marble-sinks","9":"first","10":"instock","11":"shipping-taxable","12":"product-type-simple"},"acf":[],"_links":{"self":[{"href":"https:\/\/www.ceramicbasin.com\/es\/wp-json\/wp\/v2\/product\/6798","targetHints":{"allow":["GET"]}}],"collection":[{"href":"https:\/\/www.ceramicbasin.com\/es\/wp-json\/wp\/v2\/product"}],"about":[{"href":"https:\/\/www.ceramicbasin.com\/es\/wp-json\/wp\/v2\/types\/product"}],"replies":[{"embeddable":true,"href":"https:\/\/www.ceramicbasin.com\/es\/wp-json\/wp\/v2\/comments?post=6798"}],"wp:featuredmedia":[{"embeddable":true,"href":"https:\/\/www.ceramicbasin.com\/es\/wp-json\/wp\/v2\/media\/6807"}],"wp:attachment":[{"href":"https:\/\/www.ceramicbasin.com\/es\/wp-json\/wp\/v2\/media?parent=6798"}],"wp:term":[{"taxonomy":"product_brand","embeddable":true,"href":"https:\/\/www.ceramicbasin.com\/es\/wp-json\/wp\/v2\/product_brand?post=6798"},{"taxonomy":"product_cat","embeddable":true,"href":"https:\/\/www.ceramicbasin.com\/es\/wp-json\/wp\/v2\/product_cat?post=6798"},{"taxonomy":"product_tag","embeddable":true,"href":"https:\/\/www.ceramicbasin.com\/es\/wp-json\/wp\/v2\/product_tag?post=6798"}],"curies":[{"name":"wp","href":"https:\/\/api.w.org\/{rel}","templated":true}]}}