{"id":6865,"date":"2025-05-22T07:28:00","date_gmt":"2025-05-22T07:28:00","guid":{"rendered":"https:\/\/www.ceramicbasin.com\/?post_type=product&#038;p=6865"},"modified":"2025-05-22T07:28:03","modified_gmt":"2025-05-22T07:28:03","slug":"custom-bathroom-sink-countertops","status":"publish","type":"product","link":"https:\/\/www.ceramicbasin.com\/es\/producto\/custom-bathroom-sink-countertops\/","title":{"rendered":"Encimeras de lavabo ovaladas de m\u00e1rmol al por mayor"},"content":{"rendered":"<div class=\"wp-block-columns is-layout-flex wp-container-core-columns-is-layout-9d6595d7 wp-block-columns-is-layout-flex\">\n<div class=\"wp-block-column is-layout-flow wp-block-column-is-layout-flow\">\n<h2 class=\"wp-block-heading\">Premium Custom Ba\u00f1o Fregadero Encimeras Caracter\u00edsticas:<\/h2>\n\n\n\n<ul class=\"wp-block-list\">\n<li><strong>Dise\u00f1o ovalado, l\u00edneas suaves adecuadas para una gran variedad de encimeras: <\/strong>La forma redondeada de esta encimera de lavabo de ba\u00f1o a medida es m\u00e1s elegante y suave, lo que no s\u00f3lo ahorra espacio, sino que tambi\u00e9n realza la belleza visual del ba\u00f1o en general.<\/li>\n\n\n\n<li><strong>Apariencia de color m\u00e1rmol, textura natural muestra una sensaci\u00f3n de lujo:<\/strong> Nuestros lavabos de cer\u00e1mica al por mayor adoptan la tecnolog\u00eda de imitaci\u00f3n de m\u00e1rmol de color a juego y textura, presentando una textura natural \u00fanica, que se adapta a la luz moderna de lujo y decoraci\u00f3n de estilo natural.<\/li>\n\n\n\n<li><strong>Material cer\u00e1mico de alta calidad, resistente al desgaste y a los ara\u00f1azos, f\u00e1cil de limpiar: <\/strong>Nuestras encimeras personalizadas para lavabo de ba\u00f1o adoptan tecnolog\u00eda de cocci\u00f3n a alta temperatura, la superficie es lisa y no absorbente, fuerte capacidad antiincrustante, y sigue siendo brillante y limpia despu\u00e9s de un uso prolongado.<\/li>\n\n\n\n<li><strong>Apoyar servicios a medida para satisfacer las necesidades de proyectos personalizados: <\/strong>Podemos personalizar el tama\u00f1o, color, textura y LOGO de la marca de lavabos de cer\u00e1mica al por mayor de acuerdo a las necesidades del cliente, con MOQ flexible y adecuado para la cooperaci\u00f3n OEM \/ ODM.<\/li>\n<\/ul>\n<\/div>\n\n\n\n<div class=\"wp-block-column is-layout-flow wp-block-column-is-layout-flow\">\n<figure class=\"wp-block-image size-full\"><img fetchpriority=\"high\" decoding=\"async\" width=\"721\" height=\"890\" src=\"https:\/\/www.ceramicbasin.com\/wp-content\/uploads\/2025\/05\/Oval-shape-color-ceramic-basin-factory-cabinet-washbasin-wholesale-1.webp\" alt=\"Encimeras de lavabo de m\u00e1rmol al por mayor-1\" class=\"wp-image-6860\" srcset=\"https:\/\/www.ceramicbasin.com\/wp-content\/uploads\/2025\/05\/Oval-shape-color-ceramic-basin-factory-cabinet-washbasin-wholesale-1.webp 721w, https:\/\/www.ceramicbasin.com\/wp-content\/uploads\/2025\/05\/Oval-shape-color-ceramic-basin-factory-cabinet-washbasin-wholesale-1-243x300.webp 243w, https:\/\/www.ceramicbasin.com\/wp-content\/uploads\/2025\/05\/Oval-shape-color-ceramic-basin-factory-cabinet-washbasin-wholesale-1-10x12.webp 10w, https:\/\/www.ceramicbasin.com\/wp-content\/uploads\/2025\/05\/Oval-shape-color-ceramic-basin-factory-cabinet-washbasin-wholesale-1-285x352.webp 285w, https:\/\/www.ceramicbasin.com\/wp-content\/uploads\/2025\/05\/Oval-shape-color-ceramic-basin-factory-cabinet-washbasin-wholesale-1-535x660.webp 535w, https:\/\/www.ceramicbasin.com\/wp-content\/uploads\/2025\/05\/Oval-shape-color-ceramic-basin-factory-cabinet-washbasin-wholesale-1-122x150.webp 122w\" sizes=\"(max-width: 721px) 100vw, 721px\" \/><\/figure>\n<\/div>\n<\/div>","protected":false},"excerpt":{"rendered":"<p>Bienvenido a comprar lavabos de cer\u00e1mica al por mayor. Esta encimera ovalada de lavabo de ba\u00f1o a medida adopta un elegante dise\u00f1o de color m\u00e1rmol y materiales cer\u00e1micos de alta calidad. Es a la vez hermoso y pr\u00e1ctico, adecuado para una variedad de espacios de ba\u00f1o.<\/p>\n<table style=\"border-collapse: collapse; width: 358.52pt;\" border=\"0\" width=\"478\" cellspacing=\"0\" cellpadding=\"0\">\n<tbody>\n<tr style=\"height: 17.25pt;\">\n<td class=\"et3\" style=\"height: 17.25pt; width: 125.00pt;\" width=\"166\" height=\"23\">Fabricante<\/td>\n<td class=\"et3\" style=\"width: 234.15pt;\" width=\"312\">HanYu<\/td>\n<\/tr>\n<tr style=\"height: 17.25pt;\">\n<td class=\"et3\" style=\"height: 17.25pt;\" height=\"23\">N\u00ba de modelo<\/td>\n<td class=\"et4\">HY-5056D26<\/td>\n<\/tr>\n<tr style=\"height: 17.25pt;\">\n<td class=\"et3\" style=\"height: 17.25pt;\" height=\"23\">Tipo<\/td>\n<td class=\"et5\" style=\"width: 234.15pt;\" width=\"312\">Fregaderos de m\u00e1rmol<\/td>\n<\/tr>\n<tr style=\"height: 18.00pt;\">\n<td class=\"et3\" style=\"height: 18.00pt;\" height=\"24\">Forma<\/td>\n<td class=\"et3\">Forma ovalada<\/td>\n<\/tr>\n<tr style=\"height: 34.50pt;\">\n<td class=\"et4\" style=\"height: 34.50pt;\" height=\"46\">Color<\/td>\n<td class=\"et5\" style=\"width: 234.15pt;\" width=\"312\">negro\/blanco\/azul\/gris\/rosa\/verde\/marr\u00f3n\/caqui<\/td>\n<\/tr>\n<tr style=\"height: 18.00pt;\">\n<td class=\"et3\" style=\"height: 18.00pt;\" height=\"24\">Dimensi\u00f3n<\/td>\n<td class=\"et5\" style=\"width: 234.15pt;\" width=\"312\">60*41.5*11.5<\/td>\n<\/tr>\n<tr style=\"height: 17.25pt;\">\n<td class=\"et3\" style=\"height: 17.25pt;\" height=\"23\">N.W \/SET<\/td>\n<td class=\"et3\">10KGS\/PCS<\/td>\n<\/tr>\n<tr style=\"height: 17.25pt;\">\n<td class=\"et3\" style=\"height: 17.25pt;\" height=\"23\">MOQ<\/td>\n<td class=\"et3\">20 piezas<\/td>\n<\/tr>\n<tr style=\"height: 17.25pt;\">\n<td class=\"et3\" style=\"height: 17.25pt;\" height=\"23\">Opci\u00f3n personalizada<\/td>\n<td class=\"et3\">Color\/Patr\u00f3n\/Tama\u00f1o\/Logotipo\/Embalaje<\/td>\n<\/tr>\n<\/tbody>\n<\/table>","protected":false},"featured_media":6863,"comment_status":"closed","ping_status":"closed","template":"","meta":{"_acf_changed":false},"product_brand":[],"product_cat":[54,50],"product_tag":[],"class_list":{"0":"post-6865","1":"product","2":"type-product","3":"status-publish","4":"has-post-thumbnail","6":"product_cat-wholesale-marble-sinks","7":"product_cat-wholesale-countertop-sinks","9":"first","10":"instock","11":"shipping-taxable","12":"product-type-simple"},"acf":[],"_links":{"self":[{"href":"https:\/\/www.ceramicbasin.com\/es\/wp-json\/wp\/v2\/product\/6865","targetHints":{"allow":["GET"]}}],"collection":[{"href":"https:\/\/www.ceramicbasin.com\/es\/wp-json\/wp\/v2\/product"}],"about":[{"href":"https:\/\/www.ceramicbasin.com\/es\/wp-json\/wp\/v2\/types\/product"}],"replies":[{"embeddable":true,"href":"https:\/\/www.ceramicbasin.com\/es\/wp-json\/wp\/v2\/comments?post=6865"}],"wp:featuredmedia":[{"embeddable":true,"href":"https:\/\/www.ceramicbasin.com\/es\/wp-json\/wp\/v2\/media\/6863"}],"wp:attachment":[{"href":"https:\/\/www.ceramicbasin.com\/es\/wp-json\/wp\/v2\/media?parent=6865"}],"wp:term":[{"taxonomy":"product_brand","embeddable":true,"href":"https:\/\/www.ceramicbasin.com\/es\/wp-json\/wp\/v2\/product_brand?post=6865"},{"taxonomy":"product_cat","embeddable":true,"href":"https:\/\/www.ceramicbasin.com\/es\/wp-json\/wp\/v2\/product_cat?post=6865"},{"taxonomy":"product_tag","embeddable":true,"href":"https:\/\/www.ceramicbasin.com\/es\/wp-json\/wp\/v2\/product_tag?post=6865"}],"curies":[{"name":"wp","href":"https:\/\/api.w.org\/{rel}","templated":true}]}}