{"id":6866,"date":"2025-05-22T07:21:26","date_gmt":"2025-05-22T07:21:26","guid":{"rendered":"https:\/\/www.ceramicbasin.com\/?post_type=product&#038;p=6866"},"modified":"2025-05-22T07:21:29","modified_gmt":"2025-05-22T07:21:29","slug":"custom-ceramic-bathroom-sinks","status":"publish","type":"product","link":"https:\/\/www.ceramicbasin.com\/es\/producto\/custom-ceramic-bathroom-sinks\/","title":{"rendered":"Fregaderos de Ba\u00f1o de Cer\u00e1mica al por Mayor con Aspecto de M\u00e1rmol Poco Profundo"},"content":{"rendered":"<div class=\"wp-block-columns is-layout-flex wp-container-core-columns-is-layout-9d6595d7 wp-block-columns-is-layout-flex\">\n<div class=\"wp-block-column is-layout-flow wp-block-column-is-layout-flow\">\n<h2 class=\"wp-block-heading\">Premium Custom Lavabos de Cer\u00e1mica Caracter\u00edsticas:<\/h2>\n\n\n\n<ul class=\"wp-block-list\">\n<li><strong>Dise\u00f1o poco profundo, ahorra espacio y es sencillo y ordenado: <\/strong>El dise\u00f1o bajo de estos lavabos de ba\u00f1o de cer\u00e1mica a medida es adecuado para ba\u00f1os peque\u00f1os y espacios multifuncionales, visualmente ligeros, m\u00e1s flexibles para combinar y satisfacer la est\u00e9tica del hogar moderno.<\/li>\n\n\n\n<li><strong>Textura imitaci\u00f3n m\u00e1rmol, que presenta una textura natural de alta gama: <\/strong>La superficie de estos lavabos de ba\u00f1o al por mayor se procesa con tecnolog\u00eda de veteado de piedra realista, combinada con el delicado brillo de la cer\u00e1mica, lo que crea una atm\u00f3sfera de alta gama similar al m\u00e1rmol y realza el grado del espacio.<\/li>\n\n\n\n<li><strong>Cocci\u00f3n cer\u00e1mica a alta temperatura, suave, resistente a las manchas y f\u00e1cil de cuidar: <\/strong>Nuestros lavabos de ba\u00f1o de cer\u00e1mica a medida son resistentes y duraderos, y la superficie no es f\u00e1cil de dejar manchas de agua y suciedad, f\u00e1cil de limpiar, y adecuado para el uso diario de alta frecuencia.<\/li>\n\n\n\n<li><strong>Ofrezca servicios personalizados y ad\u00e1ptese a diversas necesidades empresariales: <\/strong>Nuestros lavabos de ba\u00f1o al por mayor tienen una cantidad m\u00ednima de pedido flexible, y se pueden personalizar en color, tama\u00f1o, textura y logotipo de la marca, especialmente adecuados para la ingenier\u00eda de proyectos, la cooperaci\u00f3n OEM y los vendedores transfronterizos.<\/li>\n<\/ul>\n<\/div>\n\n\n\n<div class=\"wp-block-column is-layout-flow wp-block-column-is-layout-flow\">\n<figure class=\"wp-block-image size-full\"><img fetchpriority=\"high\" decoding=\"async\" width=\"709\" height=\"791\" src=\"https:\/\/www.ceramicbasin.com\/wp-content\/uploads\/2025\/05\/Custom-ceramic-sink-manufacturer-large-size-top-counter-washbasin-1.webp\" alt=\"Fregaderos De Cer\u00e1mica De Ba\u00f1o Al Por Mayor-1\" class=\"wp-image-6854\" srcset=\"https:\/\/www.ceramicbasin.com\/wp-content\/uploads\/2025\/05\/Custom-ceramic-sink-manufacturer-large-size-top-counter-washbasin-1.webp 709w, https:\/\/www.ceramicbasin.com\/wp-content\/uploads\/2025\/05\/Custom-ceramic-sink-manufacturer-large-size-top-counter-washbasin-1-269x300.webp 269w, https:\/\/www.ceramicbasin.com\/wp-content\/uploads\/2025\/05\/Custom-ceramic-sink-manufacturer-large-size-top-counter-washbasin-1-11x12.webp 11w, https:\/\/www.ceramicbasin.com\/wp-content\/uploads\/2025\/05\/Custom-ceramic-sink-manufacturer-large-size-top-counter-washbasin-1-285x318.webp 285w, https:\/\/www.ceramicbasin.com\/wp-content\/uploads\/2025\/05\/Custom-ceramic-sink-manufacturer-large-size-top-counter-washbasin-1-592x660.webp 592w, https:\/\/www.ceramicbasin.com\/wp-content\/uploads\/2025\/05\/Custom-ceramic-sink-manufacturer-large-size-top-counter-washbasin-1-134x150.webp 134w\" sizes=\"(max-width: 709px) 100vw, 709px\" \/><\/figure>\n<\/div>\n<\/div>","protected":false},"excerpt":{"rendered":"<p>Bienvenido a comprar lavabos de ba\u00f1o de cer\u00e1mica personalizados. Este lavabo de ba\u00f1o poco profundo al por mayor adopta un dise\u00f1o realista textura de m\u00e1rmol, con aspecto natural y elegante, adecuado para el espacio de ba\u00f1o de lujo moderno simple y ligero. Apoyar la personalizaci\u00f3n, ampliamente utilizado en el espacio residencial, comercial y canales mayoristas y minoristas.<\/p>\n<table style=\"border-collapse: collapse; width: 358.52pt;\" border=\"0\" width=\"478\" cellspacing=\"0\" cellpadding=\"0\">\n<tbody>\n<tr style=\"height: 17.25pt;\">\n<td class=\"et3\" style=\"height: 17.25pt; width: 125.00pt;\" width=\"166\" height=\"23\">Fabricante<\/td>\n<td class=\"et3\" style=\"width: 234.15pt;\" width=\"312\">HanYu<\/td>\n<\/tr>\n<tr style=\"height: 17.25pt;\">\n<td class=\"et3\" style=\"height: 17.25pt;\" height=\"23\">N\u00ba de modelo<\/td>\n<td class=\"et4\">HY-5057D54<\/td>\n<\/tr>\n<tr style=\"height: 17.25pt;\">\n<td class=\"et3\" style=\"height: 17.25pt;\" height=\"23\">Tipo<\/td>\n<td class=\"et5\" style=\"width: 234.15pt;\" width=\"312\">Fregaderos de m\u00e1rmol<\/td>\n<\/tr>\n<tr style=\"height: 18.00pt;\">\n<td class=\"et3\" style=\"height: 18.00pt;\" height=\"24\">Forma<\/td>\n<td class=\"et3\">Forma ovalada<\/td>\n<\/tr>\n<tr style=\"height: 34.50pt;\">\n<td class=\"et4\" style=\"height: 34.50pt;\" height=\"46\">Color<\/td>\n<td class=\"et5\" style=\"width: 234.15pt;\" width=\"312\">negro\/blanco\/azul\/gris\/rosa\/verde\/marr\u00f3n\/caqui<\/td>\n<\/tr>\n<tr style=\"height: 18.00pt;\">\n<td class=\"et3\" style=\"height: 18.00pt;\" height=\"24\">Dimensi\u00f3n<\/td>\n<td class=\"et5\" style=\"width: 234.15pt;\" width=\"312\">80*42.5*11.5<\/td>\n<\/tr>\n<tr style=\"height: 17.25pt;\">\n<td class=\"et3\" style=\"height: 17.25pt;\" height=\"23\">N.W \/SET<\/td>\n<td class=\"et3\">13KGS\/PCS<\/td>\n<\/tr>\n<tr style=\"height: 17.25pt;\">\n<td class=\"et3\" style=\"height: 17.25pt;\" height=\"23\">MOQ<\/td>\n<td class=\"et3\">20 piezas<\/td>\n<\/tr>\n<tr style=\"height: 17.25pt;\">\n<td class=\"et3\" style=\"height: 17.25pt;\" height=\"23\">Opci\u00f3n personalizada<\/td>\n<td class=\"et3\">Color\/Patr\u00f3n\/Tama\u00f1o\/Logotipo\/Embalaje<\/td>\n<\/tr>\n<\/tbody>\n<\/table>","protected":false},"featured_media":6858,"comment_status":"closed","ping_status":"closed","template":"","meta":{"_acf_changed":false},"product_brand":[],"product_cat":[54,50],"product_tag":[],"class_list":{"0":"post-6866","1":"product","2":"type-product","3":"status-publish","4":"has-post-thumbnail","6":"product_cat-wholesale-marble-sinks","7":"product_cat-wholesale-countertop-sinks","9":"first","10":"instock","11":"shipping-taxable","12":"product-type-simple"},"acf":[],"_links":{"self":[{"href":"https:\/\/www.ceramicbasin.com\/es\/wp-json\/wp\/v2\/product\/6866","targetHints":{"allow":["GET"]}}],"collection":[{"href":"https:\/\/www.ceramicbasin.com\/es\/wp-json\/wp\/v2\/product"}],"about":[{"href":"https:\/\/www.ceramicbasin.com\/es\/wp-json\/wp\/v2\/types\/product"}],"replies":[{"embeddable":true,"href":"https:\/\/www.ceramicbasin.com\/es\/wp-json\/wp\/v2\/comments?post=6866"}],"wp:featuredmedia":[{"embeddable":true,"href":"https:\/\/www.ceramicbasin.com\/es\/wp-json\/wp\/v2\/media\/6858"}],"wp:attachment":[{"href":"https:\/\/www.ceramicbasin.com\/es\/wp-json\/wp\/v2\/media?parent=6866"}],"wp:term":[{"taxonomy":"product_brand","embeddable":true,"href":"https:\/\/www.ceramicbasin.com\/es\/wp-json\/wp\/v2\/product_brand?post=6866"},{"taxonomy":"product_cat","embeddable":true,"href":"https:\/\/www.ceramicbasin.com\/es\/wp-json\/wp\/v2\/product_cat?post=6866"},{"taxonomy":"product_tag","embeddable":true,"href":"https:\/\/www.ceramicbasin.com\/es\/wp-json\/wp\/v2\/product_tag?post=6866"}],"curies":[{"name":"wp","href":"https:\/\/api.w.org\/{rel}","templated":true}]}}