{"id":6867,"date":"2025-05-22T07:16:16","date_gmt":"2025-05-22T07:16:16","guid":{"rendered":"https:\/\/www.ceramicbasin.com\/?post_type=product&#038;p=6867"},"modified":"2025-05-22T07:16:19","modified_gmt":"2025-05-22T07:16:19","slug":"wholesale-ceramic-vessel-sink","status":"publish","type":"product","link":"https:\/\/www.ceramicbasin.com\/es\/producto\/wholesale-ceramic-vessel-sink\/","title":{"rendered":"Textura de piedra al por mayor de cer\u00e1mica lavabo del recipiente de suministro de f\u00e1brica"},"content":{"rendered":"<div class=\"wp-block-columns is-layout-flex wp-container-core-columns-is-layout-9d6595d7 wp-block-columns-is-layout-flex\">\n<div class=\"wp-block-column is-layout-flow wp-block-column-is-layout-flow\">\n<h2 class=\"wp-block-heading\">Premium al por mayor de cer\u00e1mica del fregadero del recipiente Caracter\u00edstica:<\/h2>\n\n\n\n<ul class=\"wp-block-list\">\n<li><strong>Dise\u00f1o con textura de imitaci\u00f3n de piedra, que presenta la belleza natural y agreste: <\/strong>La textura de la superficie de este lavabo de cer\u00e1mica al por mayor imita la textura de la piedra natural, con efectos visuales reales y tacto delicado, realzando el ambiente natural y r\u00fastico general del cuarto de ba\u00f1o.<\/li>\n\n\n\n<li><strong>Material cer\u00e1mico de alta calidad, bonito y pr\u00e1ctico a la vez:<\/strong> Nuestros lavabos de ba\u00f1o al por mayor est\u00e1n hechos de cer\u00e1mica cocida a alta temperatura, con una superficie dura y densa, resistente a los ara\u00f1azos y al desgaste, de larga duraci\u00f3n como nuevos, adecuados para escenarios de uso diario de alta frecuencia.<\/li>\n\n\n\n<li><strong>Instalaci\u00f3n sobre encimera, f\u00e1cil instalaci\u00f3n y gran compatibilidad:<\/strong> Este fregadero de cer\u00e1mica al por mayor adopta un dise\u00f1o de estructura de encimera, que es f\u00e1cil de instalar y adecuado para encimeras de diversos materiales. Es adecuado para una amplia gama de aplicaciones en hoteles, proyectos residenciales y comerciales.<\/li>\n\n\n\n<li><strong>Suministro a granel, apoyo a la personalizaci\u00f3n y cooperaci\u00f3n OEM: <\/strong>Ofrecemos una gran variedad de tama\u00f1os y texturas para lavabos al por mayor, apoyamos la personalizaci\u00f3n al por mayor de soluciones de LOGO y embalaje, y satisfacemos las diversas necesidades de los propietarios de marcas y clientes de ingenier\u00eda.<\/li>\n<\/ul>\n<\/div>\n\n\n\n<div class=\"wp-block-column is-layout-flow wp-block-column-is-layout-flow\">\n<figure class=\"wp-block-image size-full\"><img fetchpriority=\"high\" decoding=\"async\" width=\"1346\" height=\"1787\" src=\"https:\/\/www.ceramicbasin.com\/wp-content\/uploads\/2025\/05\/Factory-supplier-washbasin-ceramic-color-face-washing-basin-5.webp\" alt=\"Fregadero de cer\u00e1mica al por mayor de la textura de la piedra de la f\u00e1brica Supply-1\" class=\"wp-image-6853\" srcset=\"https:\/\/www.ceramicbasin.com\/wp-content\/uploads\/2025\/05\/Factory-supplier-washbasin-ceramic-color-face-washing-basin-5.webp 1346w, https:\/\/www.ceramicbasin.com\/wp-content\/uploads\/2025\/05\/Factory-supplier-washbasin-ceramic-color-face-washing-basin-5-226x300.webp 226w, https:\/\/www.ceramicbasin.com\/wp-content\/uploads\/2025\/05\/Factory-supplier-washbasin-ceramic-color-face-washing-basin-5-768x1020.webp 768w, https:\/\/www.ceramicbasin.com\/wp-content\/uploads\/2025\/05\/Factory-supplier-washbasin-ceramic-color-face-washing-basin-5-9x12.webp 9w, https:\/\/www.ceramicbasin.com\/wp-content\/uploads\/2025\/05\/Factory-supplier-washbasin-ceramic-color-face-washing-basin-5-285x378.webp 285w, https:\/\/www.ceramicbasin.com\/wp-content\/uploads\/2025\/05\/Factory-supplier-washbasin-ceramic-color-face-washing-basin-5-497x660.webp 497w, https:\/\/www.ceramicbasin.com\/wp-content\/uploads\/2025\/05\/Factory-supplier-washbasin-ceramic-color-face-washing-basin-5-113x150.webp 113w\" sizes=\"(max-width: 1346px) 100vw, 1346px\" \/><\/figure>\n<\/div>\n<\/div>","protected":false},"excerpt":{"rendered":"<p>Bienvenido a comprar al por mayor lavabos de ba\u00f1o. Esta textura de piedra de imitaci\u00f3n al por mayor fregadero de cer\u00e1mica buque combina la textura natural con un proceso de transferencia de agua moderna, presentando una est\u00e9tica de dise\u00f1o simple y en capas. Suministro al por mayor, personalizaci\u00f3n de apoyo y entrega r\u00e1pida.<\/p>\n<table style=\"border-collapse: collapse; width: 358.52pt;\" border=\"0\" width=\"478\" cellspacing=\"0\" cellpadding=\"0\">\n<tbody>\n<tr style=\"height: 17.25pt;\">\n<td class=\"et3\" style=\"height: 17.25pt; width: 125.00pt;\" width=\"166\" height=\"23\">Fabricante<\/td>\n<td class=\"et3\" style=\"width: 234.15pt;\" width=\"312\">HanYu<\/td>\n<\/tr>\n<tr style=\"height: 17.25pt;\">\n<td class=\"et3\" style=\"height: 17.25pt;\" height=\"23\">N\u00ba de modelo<\/td>\n<td class=\"et4\">HY-8018AD57<\/td>\n<\/tr>\n<tr style=\"height: 17.25pt;\">\n<td class=\"et3\" style=\"height: 17.25pt;\" height=\"23\">Tipo<\/td>\n<td class=\"et5\" style=\"width: 234.15pt;\" width=\"312\">Fregaderos de m\u00e1rmol<\/td>\n<\/tr>\n<tr style=\"height: 18.00pt;\">\n<td class=\"et3\" style=\"height: 18.00pt;\" height=\"24\">Forma<\/td>\n<td class=\"et3\">Forma rectangular<\/td>\n<\/tr>\n<tr style=\"height: 34.50pt;\">\n<td class=\"et4\" style=\"height: 34.50pt;\" height=\"46\">Color<\/td>\n<td class=\"et5\" style=\"width: 234.15pt;\" width=\"312\">negro\/blanco\/azul\/gris\/rosa\/verde\/marr\u00f3n\/caqui<\/td>\n<\/tr>\n<tr style=\"height: 18.00pt;\">\n<td class=\"et3\" style=\"height: 18.00pt;\" height=\"24\">Dimensi\u00f3n<\/td>\n<td class=\"et5\" style=\"width: 234.15pt;\" width=\"312\">46*32*13.5<\/td>\n<\/tr>\n<tr style=\"height: 17.25pt;\">\n<td class=\"et3\" style=\"height: 17.25pt;\" height=\"23\">N.W \/SET<\/td>\n<td class=\"et3\">7KGS\/PCS<\/td>\n<\/tr>\n<tr style=\"height: 17.25pt;\">\n<td class=\"et3\" style=\"height: 17.25pt;\" height=\"23\">MOQ<\/td>\n<td class=\"et3\">20 piezas<\/td>\n<\/tr>\n<tr style=\"height: 17.25pt;\">\n<td class=\"et3\" style=\"height: 17.25pt;\" height=\"23\">Opci\u00f3n personalizada<\/td>\n<td class=\"et3\">Color\/Patr\u00f3n\/Tama\u00f1o\/Logotipo\/Embalaje<\/td>\n<\/tr>\n<\/tbody>\n<\/table>","protected":false},"featured_media":6851,"comment_status":"closed","ping_status":"closed","template":"","meta":{"_acf_changed":false},"product_brand":[],"product_cat":[54,50],"product_tag":[],"class_list":{"0":"post-6867","1":"product","2":"type-product","3":"status-publish","4":"has-post-thumbnail","6":"product_cat-wholesale-marble-sinks","7":"product_cat-wholesale-countertop-sinks","9":"first","10":"instock","11":"shipping-taxable","12":"product-type-simple"},"acf":[],"_links":{"self":[{"href":"https:\/\/www.ceramicbasin.com\/es\/wp-json\/wp\/v2\/product\/6867","targetHints":{"allow":["GET"]}}],"collection":[{"href":"https:\/\/www.ceramicbasin.com\/es\/wp-json\/wp\/v2\/product"}],"about":[{"href":"https:\/\/www.ceramicbasin.com\/es\/wp-json\/wp\/v2\/types\/product"}],"replies":[{"embeddable":true,"href":"https:\/\/www.ceramicbasin.com\/es\/wp-json\/wp\/v2\/comments?post=6867"}],"wp:featuredmedia":[{"embeddable":true,"href":"https:\/\/www.ceramicbasin.com\/es\/wp-json\/wp\/v2\/media\/6851"}],"wp:attachment":[{"href":"https:\/\/www.ceramicbasin.com\/es\/wp-json\/wp\/v2\/media?parent=6867"}],"wp:term":[{"taxonomy":"product_brand","embeddable":true,"href":"https:\/\/www.ceramicbasin.com\/es\/wp-json\/wp\/v2\/product_brand?post=6867"},{"taxonomy":"product_cat","embeddable":true,"href":"https:\/\/www.ceramicbasin.com\/es\/wp-json\/wp\/v2\/product_cat?post=6867"},{"taxonomy":"product_tag","embeddable":true,"href":"https:\/\/www.ceramicbasin.com\/es\/wp-json\/wp\/v2\/product_tag?post=6867"}],"curies":[{"name":"wp","href":"https:\/\/api.w.org\/{rel}","templated":true}]}}