{"id":6868,"date":"2025-05-22T07:06:46","date_gmt":"2025-05-22T07:06:46","guid":{"rendered":"https:\/\/www.ceramicbasin.com\/?post_type=product&#038;p=6868"},"modified":"2025-05-22T07:06:49","modified_gmt":"2025-05-22T07:06:49","slug":"wholesale-counter-top-basins","status":"publish","type":"product","link":"https:\/\/www.ceramicbasin.com\/es\/producto\/wholesale-counter-top-basins\/","title":{"rendered":"Imitacion Marmol Mayorista Encimera Lavabos Fregadero Ceramica"},"content":{"rendered":"<div class=\"wp-block-columns is-layout-flex wp-container-core-columns-is-layout-9d6595d7 wp-block-columns-is-layout-flex\">\n<div class=\"wp-block-column is-layout-flow wp-block-column-is-layout-flow\">\n<h2 class=\"wp-block-heading\">Lavabos de Encimera al por mayor de primera calidad Caracter\u00edsticas:<\/h2>\n\n\n\n<ul class=\"wp-block-list\">\n<li><strong>Textura de m\u00e1rmol simulado, estilo lujoso y natural: <\/strong>La superficie de este lavabo de encimera al por mayor est\u00e1 decorada con textura de m\u00e1rmol blanco y negro, con textura natural y suave, efecto visual realista, creando una atm\u00f3sfera de espacio de ba\u00f1o de alta gama.<\/li>\n\n\n\n<li><strong>Cocci\u00f3n cer\u00e1mica a alta temperatura, superficie lisa y f\u00e1cil de limpiar: <\/strong>Nuestros lavabos de ba\u00f1o de cer\u00e1mica al por mayor est\u00e1n hechos de cer\u00e1mica de alta calidad, que es resistente a altas temperaturas, manchas y ara\u00f1azos, f\u00e1cil de limpiar a diario, y todav\u00eda brillante y limpio despu\u00e9s de un uso prolongado.<\/li>\n\n\n\n<li><strong>Instalaci\u00f3n sobre encimera, adecuada para diversas encimeras y estilos de ba\u00f1o: <\/strong>Nuestros lavabos de encimera al por mayor son f\u00e1ciles de instalar y se adaptan a diversos estilos de decoraci\u00f3n de cuartos de ba\u00f1o, como la sencillez moderna, el lujo ligero, el estilo natural, etc.<\/li>\n\n\n\n<li><strong>Suministro al por mayor, soporte de personalizaci\u00f3n OEM y entrega r\u00e1pida: <\/strong>Estos lavabos de ba\u00f1o de cer\u00e1mica al por mayor tienen una cantidad m\u00ednima de pedido flexible, admiten la personalizaci\u00f3n del LOGO y el embalaje exclusivo, y proporcionan un servicio integral para los clientes de proyectos y marcas.<\/li>\n<\/ul>\n<\/div>\n\n\n\n<div class=\"wp-block-column is-layout-flow wp-block-column-is-layout-flow\">\n<figure class=\"wp-block-image size-full\"><img fetchpriority=\"high\" decoding=\"async\" width=\"1345\" height=\"1786\" src=\"https:\/\/www.ceramicbasin.com\/wp-content\/uploads\/2025\/05\/Ceramic-color-basin-supplier-marble-color-hand-washing-basin-with-wholesale-price-5.webp\" alt=\"Imitaci\u00f3n de m\u00e1rmol al por mayor encimera lavabos fregadero de cer\u00e1mica-1\" class=\"wp-image-6848\" srcset=\"https:\/\/www.ceramicbasin.com\/wp-content\/uploads\/2025\/05\/Ceramic-color-basin-supplier-marble-color-hand-washing-basin-with-wholesale-price-5.webp 1345w, https:\/\/www.ceramicbasin.com\/wp-content\/uploads\/2025\/05\/Ceramic-color-basin-supplier-marble-color-hand-washing-basin-with-wholesale-price-5-226x300.webp 226w, https:\/\/www.ceramicbasin.com\/wp-content\/uploads\/2025\/05\/Ceramic-color-basin-supplier-marble-color-hand-washing-basin-with-wholesale-price-5-768x1020.webp 768w, https:\/\/www.ceramicbasin.com\/wp-content\/uploads\/2025\/05\/Ceramic-color-basin-supplier-marble-color-hand-washing-basin-with-wholesale-price-5-9x12.webp 9w, https:\/\/www.ceramicbasin.com\/wp-content\/uploads\/2025\/05\/Ceramic-color-basin-supplier-marble-color-hand-washing-basin-with-wholesale-price-5-285x378.webp 285w, https:\/\/www.ceramicbasin.com\/wp-content\/uploads\/2025\/05\/Ceramic-color-basin-supplier-marble-color-hand-washing-basin-with-wholesale-price-5-497x660.webp 497w, https:\/\/www.ceramicbasin.com\/wp-content\/uploads\/2025\/05\/Ceramic-color-basin-supplier-marble-color-hand-washing-basin-with-wholesale-price-5-113x150.webp 113w\" sizes=\"(max-width: 1345px) 100vw, 1345px\" \/><\/figure>\n<\/div>\n<\/div>","protected":false},"excerpt":{"rendered":"<p>Bienvenido a la compra al por mayor de lavabos de ba\u00f1o de cer\u00e1mica. Nuestra imitaci\u00f3n de m\u00e1rmol al por mayor lavabos encimera presentan la textura de gama alta de la piedra natural con textura de m\u00e1rmol blanco y negro, combinado con forma moderna y sencilla, que es una opci\u00f3n ideal para los minoristas y proyectos de ingenier\u00eda.<\/p>\n<table style=\"border-collapse: collapse; width: 358.52pt;\" border=\"0\" width=\"478\" cellspacing=\"0\" cellpadding=\"0\">\n<tbody>\n<tr style=\"height: 17.25pt;\">\n<td class=\"et3\" style=\"height: 17.25pt; width: 125.00pt;\" width=\"166\" height=\"23\">Fabricante<\/td>\n<td class=\"et3\" style=\"width: 234.15pt;\" width=\"312\">HanYu<\/td>\n<\/tr>\n<tr style=\"height: 17.25pt;\">\n<td class=\"et3\" style=\"height: 17.25pt;\" height=\"23\">N\u00ba de modelo<\/td>\n<td class=\"et4\">HY-8069D66<\/td>\n<\/tr>\n<tr style=\"height: 17.25pt;\">\n<td class=\"et3\" style=\"height: 17.25pt;\" height=\"23\">Tipo<\/td>\n<td class=\"et5\" style=\"width: 234.15pt;\" width=\"312\">Fregaderos de m\u00e1rmol<\/td>\n<\/tr>\n<tr style=\"height: 18.00pt;\">\n<td class=\"et3\" style=\"height: 18.00pt;\" height=\"24\">Forma<\/td>\n<td class=\"et3\">Forma redonda<\/td>\n<\/tr>\n<tr style=\"height: 34.50pt;\">\n<td class=\"et4\" style=\"height: 34.50pt;\" height=\"46\">Color<\/td>\n<td class=\"et5\" style=\"width: 234.15pt;\" width=\"312\">negro\/blanco\/azul\/gris\/rosa\/verde\/marr\u00f3n\/caqui<\/td>\n<\/tr>\n<tr style=\"height: 18.00pt;\">\n<td class=\"et3\" style=\"height: 18.00pt;\" height=\"24\">Dimensi\u00f3n<\/td>\n<td class=\"et5\" style=\"width: 234.15pt;\" width=\"312\">41.5*41.5*13.5<\/td>\n<\/tr>\n<tr style=\"height: 17.25pt;\">\n<td class=\"et3\" style=\"height: 17.25pt;\" height=\"23\">N.W \/SET<\/td>\n<td class=\"et3\">7KGS\/PCS<\/td>\n<\/tr>\n<tr style=\"height: 17.25pt;\">\n<td class=\"et3\" style=\"height: 17.25pt;\" height=\"23\">MOQ<\/td>\n<td class=\"et3\">20 piezas<\/td>\n<\/tr>\n<tr style=\"height: 17.25pt;\">\n<td class=\"et3\" style=\"height: 17.25pt;\" height=\"23\">Opci\u00f3n personalizada<\/td>\n<td class=\"et3\">Color\/Patr\u00f3n\/Tama\u00f1o\/Logotipo\/Embalaje<\/td>\n<\/tr>\n<\/tbody>\n<\/table>","protected":false},"featured_media":6845,"comment_status":"closed","ping_status":"closed","template":"","meta":{"_acf_changed":false},"product_brand":[],"product_cat":[54,50],"product_tag":[],"class_list":{"0":"post-6868","1":"product","2":"type-product","3":"status-publish","4":"has-post-thumbnail","6":"product_cat-wholesale-marble-sinks","7":"product_cat-wholesale-countertop-sinks","9":"first","10":"instock","11":"shipping-taxable","12":"product-type-simple"},"acf":[],"_links":{"self":[{"href":"https:\/\/www.ceramicbasin.com\/es\/wp-json\/wp\/v2\/product\/6868","targetHints":{"allow":["GET"]}}],"collection":[{"href":"https:\/\/www.ceramicbasin.com\/es\/wp-json\/wp\/v2\/product"}],"about":[{"href":"https:\/\/www.ceramicbasin.com\/es\/wp-json\/wp\/v2\/types\/product"}],"replies":[{"embeddable":true,"href":"https:\/\/www.ceramicbasin.com\/es\/wp-json\/wp\/v2\/comments?post=6868"}],"wp:featuredmedia":[{"embeddable":true,"href":"https:\/\/www.ceramicbasin.com\/es\/wp-json\/wp\/v2\/media\/6845"}],"wp:attachment":[{"href":"https:\/\/www.ceramicbasin.com\/es\/wp-json\/wp\/v2\/media?parent=6868"}],"wp:term":[{"taxonomy":"product_brand","embeddable":true,"href":"https:\/\/www.ceramicbasin.com\/es\/wp-json\/wp\/v2\/product_brand?post=6868"},{"taxonomy":"product_cat","embeddable":true,"href":"https:\/\/www.ceramicbasin.com\/es\/wp-json\/wp\/v2\/product_cat?post=6868"},{"taxonomy":"product_tag","embeddable":true,"href":"https:\/\/www.ceramicbasin.com\/es\/wp-json\/wp\/v2\/product_tag?post=6868"}],"curies":[{"name":"wp","href":"https:\/\/api.w.org\/{rel}","templated":true}]}}