{"id":6887,"date":"2025-05-27T09:01:02","date_gmt":"2025-05-27T09:01:02","guid":{"rendered":"https:\/\/www.ceramicbasin.com\/?post_type=product&#038;p=6887"},"modified":"2025-06-04T02:03:32","modified_gmt":"2025-06-04T02:03:32","slug":"bathroom-sink-custom","status":"publish","type":"product","link":"https:\/\/www.ceramicbasin.com\/es\/producto\/bathroom-sink-custom\/","title":{"rendered":"Fregadero De Ba\u00f1o De Primera Calidad Personalizado, Lavabo Al Por Mayor"},"content":{"rendered":"<div class=\"wp-block-columns is-layout-flex wp-container-core-columns-is-layout-9d6595d7 wp-block-columns-is-layout-flex\">\n<div class=\"wp-block-column is-layout-flow wp-block-column-is-layout-flow\">\n<h2 class=\"wp-block-heading\">Fregadero de ba\u00f1o Premium Caracter\u00edsticas personalizadas:<\/h2>\n\n\n\n<ul class=\"wp-block-list\">\n<li><strong>Tratamiento de esmalte f\u00e1cil de limpiar:\u00a0<\/strong>La superficie de estos modelos personalizados de lavabo de ba\u00f1o adopta una tecnolog\u00eda especial de esmalte f\u00e1cil de limpiar, que es suave y delicada, lo que hace que las manchas se adhieran menos y sea m\u00e1s f\u00e1cil de limpiar.<\/li>\n\n\n\n<li><strong>Ventas calientes: <\/strong>Estos dise\u00f1os personalizados de lavabos de ba\u00f1o llaman mucho la atenci\u00f3n en el mercado. Duran mucho, mantienen su color uniforme, se limpian y ofrecen una gran relaci\u00f3n calidad-precio.<\/li>\n\n\n\n<li><strong>Look moderno:<\/strong> Nuestros lavabos al por mayor aportan una mezcla de clase y un aspecto fresco a cualquier cuarto de ba\u00f1o. Crean un elegante punto focal.<\/li>\n\n\n\n<li><strong>Embalaje seguro y personalizable: <\/strong>Nuestra venta al por mayor de lavabos ofrece m\u00faltiples opciones de embalaje, como cajas de cart\u00f3n, protecci\u00f3n interior de espuma o nido de abeja, y cajas con impresi\u00f3n personalizada para una entrega segura y con su marca.<\/li>\n<\/ul>\n<\/div>\n\n\n\n<div class=\"wp-block-column is-layout-flow wp-block-column-is-layout-flow\">\n<figure class=\"wp-block-image size-full\"><img fetchpriority=\"high\" decoding=\"async\" width=\"800\" height=\"800\" src=\"https:\/\/www.ceramicbasin.com\/wp-content\/uploads\/2025\/05\/white-basin-sink\uff0cceramic-laundry-basin\uff0cabove-counter-sink1.webp\" alt=\"fregadero-lavabo-personalizado-de-ba\u00f1o-de-calidad-primera-tarifa-mayorista-1\" class=\"wp-image-6888\" srcset=\"https:\/\/www.ceramicbasin.com\/wp-content\/uploads\/2025\/05\/white-basin-sink\uff0cceramic-laundry-basin\uff0cabove-counter-sink1.webp 800w, https:\/\/www.ceramicbasin.com\/wp-content\/uploads\/2025\/05\/white-basin-sink\uff0cceramic-laundry-basin\uff0cabove-counter-sink1-300x300.webp 300w, https:\/\/www.ceramicbasin.com\/wp-content\/uploads\/2025\/05\/white-basin-sink\uff0cceramic-laundry-basin\uff0cabove-counter-sink1-150x150.webp 150w, https:\/\/www.ceramicbasin.com\/wp-content\/uploads\/2025\/05\/white-basin-sink\uff0cceramic-laundry-basin\uff0cabove-counter-sink1-768x768.webp 768w, https:\/\/www.ceramicbasin.com\/wp-content\/uploads\/2025\/05\/white-basin-sink\uff0cceramic-laundry-basin\uff0cabove-counter-sink1-12x12.webp 12w, https:\/\/www.ceramicbasin.com\/wp-content\/uploads\/2025\/05\/white-basin-sink\uff0cceramic-laundry-basin\uff0cabove-counter-sink1-285x285.webp 285w, https:\/\/www.ceramicbasin.com\/wp-content\/uploads\/2025\/05\/white-basin-sink\uff0cceramic-laundry-basin\uff0cabove-counter-sink1-270x270.webp 270w, https:\/\/www.ceramicbasin.com\/wp-content\/uploads\/2025\/05\/white-basin-sink\uff0cceramic-laundry-basin\uff0cabove-counter-sink1-540x540.webp 540w, https:\/\/www.ceramicbasin.com\/wp-content\/uploads\/2025\/05\/white-basin-sink\uff0cceramic-laundry-basin\uff0cabove-counter-sink1-660x660.webp 660w\" sizes=\"(max-width: 800px) 100vw, 800px\" \/><\/figure>\n<\/div>\n<\/div>\n\n\n\n<p><\/p>","protected":false},"excerpt":{"rendered":"<p>Estas personalizaciones de lavabos de primera calidad son bien recibidas por el mercado porque son duraderas, tienen un color uniforme, son f\u00e1ciles de limpiar y mantener, y ofrecen una elevada relaci\u00f3n rendimiento-precio. Los productos lo tienen todo en cuenta, desde el material y el tama\u00f1o hasta la configuraci\u00f3n y el embalaje. Cada art\u00edculo est\u00e1 hecho para durar, tener un aspecto atractivo y satisfacer sus necesidades espec\u00edficas. Le invitamos a ponerse en contacto con Hanyu.<\/p>\n<table style=\"border-collapse: collapse; width: 358.52pt;\" border=\"0\" width=\"478\" cellspacing=\"0\" cellpadding=\"0\">\n<tbody>\n<tr style=\"height: 17.25pt;\">\n<td class=\"et3\" style=\"height: 17.25pt; width: 125.00pt;\" width=\"166\" height=\"23\">Fabricante<\/td>\n<td class=\"et3\" style=\"width: 234.15pt;\" width=\"312\">HanYu<\/td>\n<\/tr>\n<tr style=\"height: 17.25pt;\">\n<td class=\"et3\" style=\"height: 17.25pt;\" height=\"23\">N\u00ba de modelo<\/td>\n<td class=\"et4\">HY-8249<\/td>\n<\/tr>\n<tr style=\"height: 17.25pt;\">\n<td class=\"et3\" style=\"height: 17.25pt;\" height=\"23\">Tipo<\/td>\n<td class=\"et5\" style=\"width: 234.15pt;\" width=\"312\">Fregaderos de encimera<\/td>\n<\/tr>\n<tr style=\"height: 18.00pt;\">\n<td class=\"et3\" style=\"height: 18.00pt;\" height=\"24\">Forma<\/td>\n<td class=\"et3\">Forma ovalada<\/td>\n<\/tr>\n<tr style=\"height: 34.50pt;\">\n<td class=\"et4\" style=\"height: 34.50pt;\" height=\"46\">Color<\/td>\n<td class=\"et5\" style=\"width: 234.15pt;\" width=\"312\">negro\/blanco\/azul\/gris\/rosa\/verde\/marr\u00f3n\/caqui<\/td>\n<\/tr>\n<tr style=\"height: 18.00pt;\">\n<td class=\"et3\" style=\"height: 18.00pt;\" height=\"24\">Dimensi\u00f3n<\/td>\n<td class=\"et5\" style=\"width: 234.15pt;\" width=\"312\">47*34.5*15<\/td>\n<\/tr>\n<tr style=\"height: 17.25pt;\">\n<td class=\"et3\" style=\"height: 17.25pt;\" height=\"23\">N.W \/SET<\/td>\n<td class=\"et3\">15KGS\/PCS<\/td>\n<\/tr>\n<tr style=\"height: 17.25pt;\">\n<td class=\"et3\" style=\"height: 17.25pt;\" height=\"23\">MOQ<\/td>\n<td class=\"et3\">20 piezas<\/td>\n<\/tr>\n<tr style=\"height: 17.25pt;\">\n<td class=\"et3\" style=\"height: 17.25pt;\" height=\"23\">Opci\u00f3n personalizada<\/td>\n<td class=\"et3\">Color\/Patr\u00f3n\/Tama\u00f1o\/Logotipo\/Embalaje<\/td>\n<\/tr>\n<\/tbody>\n<\/table>","protected":false},"featured_media":6892,"comment_status":"closed","ping_status":"closed","template":"","meta":{"_acf_changed":false},"product_brand":[],"product_cat":[50],"product_tag":[],"class_list":{"0":"post-6887","1":"product","2":"type-product","3":"status-publish","4":"has-post-thumbnail","6":"product_cat-wholesale-countertop-sinks","8":"first","9":"instock","10":"shipping-taxable","11":"product-type-simple"},"acf":[],"_links":{"self":[{"href":"https:\/\/www.ceramicbasin.com\/es\/wp-json\/wp\/v2\/product\/6887","targetHints":{"allow":["GET"]}}],"collection":[{"href":"https:\/\/www.ceramicbasin.com\/es\/wp-json\/wp\/v2\/product"}],"about":[{"href":"https:\/\/www.ceramicbasin.com\/es\/wp-json\/wp\/v2\/types\/product"}],"replies":[{"embeddable":true,"href":"https:\/\/www.ceramicbasin.com\/es\/wp-json\/wp\/v2\/comments?post=6887"}],"wp:featuredmedia":[{"embeddable":true,"href":"https:\/\/www.ceramicbasin.com\/es\/wp-json\/wp\/v2\/media\/6892"}],"wp:attachment":[{"href":"https:\/\/www.ceramicbasin.com\/es\/wp-json\/wp\/v2\/media?parent=6887"}],"wp:term":[{"taxonomy":"product_brand","embeddable":true,"href":"https:\/\/www.ceramicbasin.com\/es\/wp-json\/wp\/v2\/product_brand?post=6887"},{"taxonomy":"product_cat","embeddable":true,"href":"https:\/\/www.ceramicbasin.com\/es\/wp-json\/wp\/v2\/product_cat?post=6887"},{"taxonomy":"product_tag","embeddable":true,"href":"https:\/\/www.ceramicbasin.com\/es\/wp-json\/wp\/v2\/product_tag?post=6887"}],"curies":[{"name":"wp","href":"https:\/\/api.w.org\/{rel}","templated":true}]}}